{"id":4870,"date":"2024-11-13T16:16:13","date_gmt":"2024-11-13T21:16:13","guid":{"rendered":"https:\/\/tresorcolombien.com\/producto\/guatape-helicopter-tour\/"},"modified":"2025-01-04T18:05:09","modified_gmt":"2025-01-04T23:05:09","slug":"guatape-helicopter-tour","status":"publish","type":"product","link":"https:\/\/tresorcolombien.com\/en\/producto\/guatape-helicopter-tour\/","title":{"rendered":"Guatap\u00e9 helicopter tour"},"content":{"rendered":"<p><span style=\"font-weight: 400;\">Enjoy an unforgettable experience, touring by helicopter the most representative areas of Antioquia, such as the Nutibara Hill, the beautiful city of Medellin, the municipalities of Bello, Copacabana and Girardota; to finally reach the colorful town of Guatap\u00e9, appreciating the majesty of its dam and the grandeur of the great stone of El Pe\u00f1ol. Once there we land to visit the picturesque town of Guatap\u00e9 and enjoy a delicious typical lunch. Overflight time 48 minutes &#8211; Time available to walk around the town, before taking off again 1h30.<br \/>\n <\/span><br \/>\nMinimum number of persons for take-off: 5 Persons<br \/>\nNote: Subject and available to quota and ideal weather conditions for flight.<\/p>\n","protected":false},"excerpt":{"rendered":"<p><strong>INCLUDES:  <\/strong><br \/>\n<span style=\"font-weight: 400;\">48 minutes flight Medellin &gt; Guatape<br \/>\n<\/span><span style=\"font-weight: 400;\">Visit to the town of Guatap\u00e9 (1h30 waiting time).<br \/>\n<\/span><span style=\"font-weight: 400;\">Transportation Hotel&gt;starting point&gt;Hotel (not private).<br \/>\n<\/span><span style=\"font-weight: 400;\">Spanish-speaking host pilot.<br \/>\n<\/span><span style=\"font-weight: 400;\">This activity is available for 5 people or more.<\/span><br \/>\n<strong>NOT INCLUDED:<\/strong><br \/>\n<span style=\"font-weight: 400;\">Expenses not specified in the program.<br \/>\n<\/span><span style=\"font-weight: 400;\">Gratuities for guide\/driver.<br \/>\n<\/span><span style=\"font-weight: 400;\">Lunch.<\/span><\/p>\n<p><strong>Note: Subject to availability. Maximum capacity for 5 people <\/strong><\/p>\n","protected":false},"featured_media":3060,"template":"","meta":{"_acf_changed":false,"site-sidebar-layout":"default","site-content-layout":"","ast-site-content-layout":"default","site-content-style":"default","site-sidebar-style":"default","ast-global-header-display":"","ast-banner-title-visibility":"","ast-main-header-display":"","ast-hfb-above-header-display":"","ast-hfb-below-header-display":"","ast-hfb-mobile-header-display":"","site-post-title":"","ast-breadcrumbs-content":"","ast-featured-img":"","footer-sml-layout":"","ast-disable-related-posts":"","theme-transparent-header-meta":"default","adv-header-id-meta":"","stick-header-meta":"","header-above-stick-meta":"","header-main-stick-meta":"","header-below-stick-meta":"","astra-migrate-meta-layouts":"default","ast-page-background-enabled":"default","ast-page-background-meta":{"desktop":{"background-color":"var(--ast-global-color-4)","background-image":"","background-repeat":"repeat","background-position":"center center","background-size":"auto","background-attachment":"scroll","background-type":"","background-media":"","overlay-type":"","overlay-color":"","overlay-opacity":"","overlay-gradient":""},"tablet":{"background-color":"","background-image":"","background-repeat":"repeat","background-position":"center center","background-size":"auto","background-attachment":"scroll","background-type":"","background-media":"","overlay-type":"","overlay-color":"","overlay-opacity":"","overlay-gradient":""},"mobile":{"background-color":"","background-image":"","background-repeat":"repeat","background-position":"center center","background-size":"auto","background-attachment":"scroll","background-type":"","background-media":"","overlay-type":"","overlay-color":"","overlay-opacity":"","overlay-gradient":""}},"ast-content-background-meta":{"desktop":{"background-color":"var(--ast-global-color-5)","background-image":"","background-repeat":"repeat","background-position":"center center","background-size":"auto","background-attachment":"scroll","background-type":"","background-media":"","overlay-type":"","overlay-color":"","overlay-opacity":"","overlay-gradient":""},"tablet":{"background-color":"var(--ast-global-color-5)","background-image":"","background-repeat":"repeat","background-position":"center center","background-size":"auto","background-attachment":"scroll","background-type":"","background-media":"","overlay-type":"","overlay-color":"","overlay-opacity":"","overlay-gradient":""},"mobile":{"background-color":"var(--ast-global-color-5)","background-image":"","background-repeat":"repeat","background-position":"center center","background-size":"auto","background-attachment":"scroll","background-type":"","background-media":"","overlay-type":"","overlay-color":"","overlay-opacity":"","overlay-gradient":""}},"_joinchat":[]},"product_brand":[],"product_cat":[228,224],"product_tag":[],"class_list":{"0":"post-4870","1":"product","2":"type-product","3":"status-publish","4":"has-post-thumbnail","6":"product_cat-guatape-air-tour","7":"product_cat-medellin-en","8":"desktop-align-left","9":"tablet-align-left","10":"mobile-align-left","12":"first","13":"instock","14":"shipping-taxable","15":"product-type-simple"},"acf":[],"_links":{"self":[{"href":"https:\/\/tresorcolombien.com\/en\/wp-json\/wp\/v2\/product\/4870","targetHints":{"allow":["GET"]}}],"collection":[{"href":"https:\/\/tresorcolombien.com\/en\/wp-json\/wp\/v2\/product"}],"about":[{"href":"https:\/\/tresorcolombien.com\/en\/wp-json\/wp\/v2\/types\/product"}],"version-history":[{"count":1,"href":"https:\/\/tresorcolombien.com\/en\/wp-json\/wp\/v2\/product\/4870\/revisions"}],"predecessor-version":[{"id":5200,"href":"https:\/\/tresorcolombien.com\/en\/wp-json\/wp\/v2\/product\/4870\/revisions\/5200"}],"wp:featuredmedia":[{"embeddable":true,"href":"https:\/\/tresorcolombien.com\/en\/wp-json\/wp\/v2\/media\/3060"}],"wp:attachment":[{"href":"https:\/\/tresorcolombien.com\/en\/wp-json\/wp\/v2\/media?parent=4870"}],"wp:term":[{"taxonomy":"product_brand","embeddable":true,"href":"https:\/\/tresorcolombien.com\/en\/wp-json\/wp\/v2\/product_brand?post=4870"},{"taxonomy":"product_cat","embeddable":true,"href":"https:\/\/tresorcolombien.com\/en\/wp-json\/wp\/v2\/product_cat?post=4870"},{"taxonomy":"product_tag","embeddable":true,"href":"https:\/\/tresorcolombien.com\/en\/wp-json\/wp\/v2\/product_tag?post=4870"}],"curies":[{"name":"wp","href":"https:\/\/api.w.org\/{rel}","templated":true}]}}