{"id":3634,"date":"2024-10-22T18:39:29","date_gmt":"2024-10-22T23:39:29","guid":{"rendered":"https:\/\/tresorcolombien.com\/durabilite\/"},"modified":"2025-01-30T04:13:06","modified_gmt":"2025-01-30T09:13:06","slug":"durabilite","status":"publish","type":"page","link":"https:\/\/tresorcolombien.com\/fr\/durabilite\/","title":{"rendered":"Solidaire"},"content":{"rendered":"\t\t<div data-elementor-type=\"wp-page\" data-elementor-id=\"3634\" class=\"elementor elementor-3634 elementor-38\" data-elementor-post-type=\"page\">\n\t\t\t\t<div class=\"elementor-element elementor-element-38cfe45a e-con-full e-flex e-con e-parent\" data-id=\"38cfe45a\" data-element_type=\"container\" data-e-type=\"container\" data-settings=\"{&quot;sticky&quot;:&quot;top&quot;,&quot;sticky_offset&quot;:90,&quot;background_background&quot;:&quot;classic&quot;,&quot;sticky_on&quot;:[&quot;desktop&quot;,&quot;tablet&quot;,&quot;mobile&quot;],&quot;sticky_effects_offset&quot;:0,&quot;sticky_anchor_link_offset&quot;:0}\">\n\t\t\t\t<div class=\"elementor-element elementor-element-acfcc3a elementor-hidden-desktop elementor-widget elementor-widget-spacer\" data-id=\"acfcc3a\" data-element_type=\"widget\" data-e-type=\"widget\" data-widget_type=\"spacer.default\">\n\t\t\t\t<div class=\"elementor-widget-container\">\n\t\t\t\t\t\t\t<div class=\"elementor-spacer\">\n\t\t\t<div class=\"elementor-spacer-inner\"><\/div>\n\t\t<\/div>\n\t\t\t\t\t\t<\/div>\n\t\t\t\t<\/div>\n\t\t\t\t<div class=\"elementor-element elementor-element-6c18c2b6 elementor-nav-menu__align-center elementor-nav-menu--dropdown-tablet elementor-nav-menu__text-align-aside elementor-nav-menu--toggle elementor-nav-menu--burger elementor-widget elementor-widget-nav-menu\" data-id=\"6c18c2b6\" data-element_type=\"widget\" data-e-type=\"widget\" data-settings=\"{&quot;sticky&quot;:&quot;top&quot;,&quot;sticky_offset&quot;:100,&quot;layout&quot;:&quot;horizontal&quot;,&quot;submenu_icon&quot;:{&quot;value&quot;:&quot;&lt;svg aria-hidden=\\&quot;true\\&quot; class=\\&quot;e-font-icon-svg e-fas-caret-down\\&quot; viewBox=\\&quot;0 0 320 512\\&quot; xmlns=\\&quot;http:\\\/\\\/www.w3.org\\\/2000\\\/svg\\&quot;&gt;&lt;path d=\\&quot;M31.3 192h257.3c17.8 0 26.7 21.5 14.1 34.1L174.1 354.8c-7.8 7.8-20.5 7.8-28.3 0L17.2 226.1C4.6 213.5 13.5 192 31.3 192z\\&quot;&gt;&lt;\\\/path&gt;&lt;\\\/svg&gt;&quot;,&quot;library&quot;:&quot;fa-solid&quot;},&quot;toggle&quot;:&quot;burger&quot;,&quot;sticky_on&quot;:[&quot;desktop&quot;,&quot;tablet&quot;,&quot;mobile&quot;],&quot;sticky_effects_offset&quot;:0,&quot;sticky_anchor_link_offset&quot;:0}\" data-widget_type=\"nav-menu.default\">\n\t\t\t\t<div class=\"elementor-widget-container\">\n\t\t\t\t\t\t\t\t<nav aria-label=\"Menu\" class=\"elementor-nav-menu--main elementor-nav-menu__container elementor-nav-menu--layout-horizontal e--pointer-none\">\n\t\t\t\t<ul id=\"menu-1-6c18c2b6\" class=\"elementor-nav-menu\"><li class=\"menu-item menu-item-type-post_type menu-item-object-page menu-item-4099\"><a href=\"https:\/\/tresorcolombien.com\/fr\/durabilite\/risques-sociaux\/\" class=\"elementor-item menu-link\">Risques sociaux<\/a><\/li>\n<li class=\"menu-item menu-item-type-post_type menu-item-object-page menu-item-4100\"><a href=\"https:\/\/tresorcolombien.com\/fr\/durabilite\/bonnes-pratiques\/\" class=\"elementor-item menu-link\">Bonnes pratiques<\/a><\/li>\n<li class=\"menu-item menu-item-type-post_type menu-item-object-page menu-item-4101\"><a href=\"https:\/\/tresorcolombien.com\/fr\/durabilite\/formalisation-du-tourisme\/\" class=\"elementor-item menu-link\">Formalisation du tourisme<\/a><\/li>\n<li class=\"menu-item menu-item-type-post_type menu-item-object-page menu-item-4102\"><a href=\"https:\/\/tresorcolombien.com\/fr\/durabilite\/touriste-responsable\/\" class=\"elementor-item menu-link\">Touriste responsable<\/a><\/li>\n<li class=\"menu-item menu-item-type-post_type menu-item-object-page menu-item-4103\"><a href=\"https:\/\/tresorcolombien.com\/fr\/durabilite\/patrimoine-culturel\/\" class=\"elementor-item menu-link\">Patrimoine culturel<\/a><\/li>\n<li class=\"menu-item menu-item-type-post_type menu-item-object-page menu-item-4104\"><a href=\"https:\/\/tresorcolombien.com\/fr\/durabilite\/biodiversite\/\" class=\"elementor-item menu-link\">Biodiversit\u00e9<\/a><\/li>\n<li class=\"menu-item menu-item-type-post_type menu-item-object-page menu-item-4105\"><a href=\"https:\/\/tresorcolombien.com\/fr\/durabilite\/biosecurite\/\" class=\"elementor-item menu-link\">Bios\u00e9curit\u00e9<\/a><\/li>\n<\/ul>\t\t\t<\/nav>\n\t\t\t\t\t<div class=\"elementor-menu-toggle\" role=\"button\" tabindex=\"0\" aria-label=\"Permuter le menu\" aria-expanded=\"false\">\n\t\t\t<svg aria-hidden=\"true\" role=\"presentation\" class=\"elementor-menu-toggle__icon--open e-font-icon-svg e-eicon-menu-bar\" viewBox=\"0 0 1000 1000\" xmlns=\"http:\/\/www.w3.org\/2000\/svg\"><path d=\"M104 333H896C929 333 958 304 958 271S929 208 896 208H104C71 208 42 237 42 271S71 333 104 333ZM104 583H896C929 583 958 554 958 521S929 458 896 458H104C71 458 42 487 42 521S71 583 104 583ZM104 833H896C929 833 958 804 958 771S929 708 896 708H104C71 708 42 737 42 771S71 833 104 833Z\"><\/path><\/svg><svg aria-hidden=\"true\" role=\"presentation\" class=\"elementor-menu-toggle__icon--close e-font-icon-svg e-eicon-close\" viewBox=\"0 0 1000 1000\" xmlns=\"http:\/\/www.w3.org\/2000\/svg\"><path d=\"M742 167L500 408 258 167C246 154 233 150 217 150 196 150 179 158 167 167 154 179 150 196 150 212 150 229 154 242 171 254L408 500 167 742C138 771 138 800 167 829 196 858 225 858 254 829L496 587 738 829C750 842 767 846 783 846 800 846 817 842 829 829 842 817 846 804 846 783 846 767 842 750 829 737L588 500 833 258C863 229 863 200 833 171 804 137 775 137 742 167Z\"><\/path><\/svg>\t\t<\/div>\n\t\t\t\t\t<nav class=\"elementor-nav-menu--dropdown elementor-nav-menu__container\" aria-hidden=\"true\">\n\t\t\t\t<ul id=\"menu-2-6c18c2b6\" class=\"elementor-nav-menu\"><li class=\"menu-item menu-item-type-post_type menu-item-object-page menu-item-4099\"><a href=\"https:\/\/tresorcolombien.com\/fr\/durabilite\/risques-sociaux\/\" class=\"elementor-item menu-link\" tabindex=\"-1\">Risques sociaux<\/a><\/li>\n<li class=\"menu-item menu-item-type-post_type menu-item-object-page menu-item-4100\"><a href=\"https:\/\/tresorcolombien.com\/fr\/durabilite\/bonnes-pratiques\/\" class=\"elementor-item menu-link\" tabindex=\"-1\">Bonnes pratiques<\/a><\/li>\n<li class=\"menu-item menu-item-type-post_type menu-item-object-page menu-item-4101\"><a href=\"https:\/\/tresorcolombien.com\/fr\/durabilite\/formalisation-du-tourisme\/\" class=\"elementor-item menu-link\" tabindex=\"-1\">Formalisation du tourisme<\/a><\/li>\n<li class=\"menu-item menu-item-type-post_type menu-item-object-page menu-item-4102\"><a href=\"https:\/\/tresorcolombien.com\/fr\/durabilite\/touriste-responsable\/\" class=\"elementor-item menu-link\" tabindex=\"-1\">Touriste responsable<\/a><\/li>\n<li class=\"menu-item menu-item-type-post_type menu-item-object-page menu-item-4103\"><a href=\"https:\/\/tresorcolombien.com\/fr\/durabilite\/patrimoine-culturel\/\" class=\"elementor-item menu-link\" tabindex=\"-1\">Patrimoine culturel<\/a><\/li>\n<li class=\"menu-item menu-item-type-post_type menu-item-object-page menu-item-4104\"><a href=\"https:\/\/tresorcolombien.com\/fr\/durabilite\/biodiversite\/\" class=\"elementor-item menu-link\" tabindex=\"-1\">Biodiversit\u00e9<\/a><\/li>\n<li class=\"menu-item menu-item-type-post_type menu-item-object-page menu-item-4105\"><a href=\"https:\/\/tresorcolombien.com\/fr\/durabilite\/biosecurite\/\" class=\"elementor-item menu-link\" tabindex=\"-1\">Bios\u00e9curit\u00e9<\/a><\/li>\n<\/ul>\t\t\t<\/nav>\n\t\t\t\t\t\t<\/div>\n\t\t\t\t<\/div>\n\t\t\t\t<\/div>\n\t\t<div class=\"elementor-element elementor-element-53d65f4d e-con-full e-flex e-con e-parent\" data-id=\"53d65f4d\" data-element_type=\"container\" data-e-type=\"container\" data-settings=\"{&quot;background_background&quot;:&quot;classic&quot;}\">\n\t\t\t\t<div class=\"elementor-element elementor-element-611b9545 elementor-widget elementor-widget-heading\" data-id=\"611b9545\" data-element_type=\"widget\" data-e-type=\"widget\" data-widget_type=\"heading.default\">\n\t\t\t\t<div class=\"elementor-widget-container\">\n\t\t\t\t\t<h2 class=\"elementor-heading-title elementor-size-default\">SOLIDARIT\u00c9<br>AGENCE TRESOR COLOMBIEN<\/h2>\t\t\t\t<\/div>\n\t\t\t\t<\/div>\n\t\t\t\t<\/div>\n\t\t<div class=\"elementor-element elementor-element-5955e836 e-con-full e-flex e-con e-parent\" data-id=\"5955e836\" data-element_type=\"container\" data-e-type=\"container\" data-settings=\"{&quot;background_background&quot;:&quot;classic&quot;}\">\n\t\t\t\t<div class=\"elementor-element elementor-element-4bbb33b3 elementor-widget elementor-widget-heading\" data-id=\"4bbb33b3\" data-element_type=\"widget\" data-e-type=\"widget\" data-widget_type=\"heading.default\">\n\t\t\t\t<div class=\"elementor-widget-container\">\n\t\t\t\t\t<h2 class=\"elementor-heading-title elementor-size-default\">POLITIQUE DE DURABILIT\u00c9 ET SOLIDARIT\u00c9<\/h2>\t\t\t\t<\/div>\n\t\t\t\t<\/div>\n\t\t\t\t<\/div>\n\t\t<div class=\"elementor-element elementor-element-7509494 e-flex e-con-boxed e-con e-parent\" data-id=\"7509494\" data-element_type=\"container\" data-e-type=\"container\">\n\t\t\t\t\t<div class=\"e-con-inner\">\n\t\t\t\t<div class=\"elementor-element elementor-element-46e3bd7b elementor-widget elementor-widget-text-editor\" data-id=\"46e3bd7b\" data-element_type=\"widget\" data-e-type=\"widget\" data-widget_type=\"text-editor.default\">\n\t\t\t\t<div class=\"elementor-widget-container\">\n\t\t\t\t\t\t\t\t\t<p dir=\"ltr\">Conscients de l\u2019importance de maintenir un d\u00e9veloppement touristique durable, et en ayant conscience de la politique touristique en vigueur, nous nous engageons \u00e0 mettre en \u0153uvre une gestion durable dans nos activit\u00e9s, \u00e0 travers la mise en \u0153uvre de processus visant \u00e0 \u00e9liminer, att\u00e9nuer et pr\u00e9venir les impacts n\u00e9gatifs sur l\u2019environnement et l\u2019environnement des destinations que nous commercialisons, leur culture et leur biodiversit\u00e9 naturelle ainsi que leurs communaut\u00e9s locales. afin que les processus de durabilit\u00e9 dans le domaine du tourisme soient optimis\u00e9s au sein de l\u2019agence, en diffusant nos programmes et notre politique de durabilit\u00e9 aupr\u00e8s des fournisseurs et des collaborateurs, ainsi que des campagnes et des codes de conduite et de pr\u00e9vention contre l\u2019ECSE.<\/p>\n<p dir=\"ltr\">Dans le m\u00eame sens, nous avons adopt\u00e9 cette politique de tourisme solidaire, \u00e0 travers laquelle nous nous engageons \u00e0 respecter les exigences \u00e9tablies dans la norme technique sectorielle NTS-TS 003, qui comprend les exigences l\u00e9gales et la gestion et la mise en \u0153uvre de bonnes pratiques de tourisme durable. C\u2019est ainsi que nous nous engageons \u00e0 motiver et former notre personnel par des actions de formation et de sensibilisation sur les principes du tourisme durable, \u00e0 promouvoir les bonnes pratiques environnementales en mati\u00e8re d\u2019environnement, \u00e0 participer aux activit\u00e9s externes, et \u00e0 rendre compte des progr\u00e8s et des actions durables de l\u2019agence. <\/p>\n<p dir=\"ltr\">L\u2019un de nos principaux objectifs est d\u2019am\u00e9liorer la gestion durable et solidaire, en assumant les engagements d\u2019am\u00e9lioration continue dans tous les domaines de la durabilit\u00e9 : socio-culturel, \u00e9conomique et environnemental, ainsi que la satisfaction du client. Par cons\u00e9quent, elle agira selon des crit\u00e8res de durabilit\u00e9 et d\u2019efficacit\u00e9 dans l\u2019utilisation des ressources dans les diff\u00e9rentes activit\u00e9s et op\u00e9rations de l\u2019agence, ainsi que dans son si\u00e8ge d\u2019op\u00e9rations. <\/p>\n\t\t\t\t\t\t\t\t<\/div>\n\t\t\t\t<\/div>\n\t\t\t\t\t<\/div>\n\t\t\t\t<\/div>\n\t\t<div class=\"elementor-element elementor-element-3689bcc0 e-flex e-con-boxed e-con e-parent\" data-id=\"3689bcc0\" data-element_type=\"container\" data-e-type=\"container\" data-settings=\"{&quot;background_background&quot;:&quot;classic&quot;}\">\n\t\t\t\t\t<div class=\"e-con-inner\">\n\t\t\t\t<div class=\"elementor-element elementor-element-5cd24ab0 elementor-widget elementor-widget-heading\" data-id=\"5cd24ab0\" data-element_type=\"widget\" data-e-type=\"widget\" data-widget_type=\"heading.default\">\n\t\t\t\t<div class=\"elementor-widget-container\">\n\t\t\t\t\t<h2 class=\"elementor-heading-title elementor-size-default\">NOUS SOMMES MEMBRES DE L\u2019ASSOCIATION COLOMBIENNE DU TOURISME RESPONSABLE<\/h2>\t\t\t\t<\/div>\n\t\t\t\t<\/div>\n\t\t\t\t<div class=\"elementor-element elementor-element-53ec961f elementor-widget elementor-widget-image\" data-id=\"53ec961f\" data-element_type=\"widget\" data-e-type=\"widget\" data-widget_type=\"image.default\">\n\t\t\t\t<div class=\"elementor-widget-container\">\n\t\t\t\t\t\t\t\t\t\t\t\t\t\t\t\t<a href=\"https:\/\/www.acotur.co\/tresor-colombien\/\">\n\t\t\t\t\t\t\t<img fetchpriority=\"high\" decoding=\"async\" width=\"1024\" height=\"459\" src=\"https:\/\/tresorcolombien.com\/wp-content\/uploads\/2024\/11\/LogoAcotur-1024x459.png\" class=\"attachment-large size-large wp-image-2314\" alt=\"\" srcset=\"https:\/\/tresorcolombien.com\/wp-content\/uploads\/2024\/11\/LogoAcotur-1024x459.png 1024w, https:\/\/tresorcolombien.com\/wp-content\/uploads\/2024\/11\/LogoAcotur-600x269.png 600w, https:\/\/tresorcolombien.com\/wp-content\/uploads\/2024\/11\/LogoAcotur-300x135.png 300w, https:\/\/tresorcolombien.com\/wp-content\/uploads\/2024\/11\/LogoAcotur-768x345.png 768w, https:\/\/tresorcolombien.com\/wp-content\/uploads\/2024\/11\/LogoAcotur-1536x689.png 1536w, https:\/\/tresorcolombien.com\/wp-content\/uploads\/2024\/11\/LogoAcotur-2048x919.png 2048w\" sizes=\"(max-width: 1024px) 100vw, 1024px\" \/>\t\t\t\t\t\t\t\t<\/a>\n\t\t\t\t\t\t\t\t\t\t\t\t\t\t\t<\/div>\n\t\t\t\t<\/div>\n\t\t\t\t\t<\/div>\n\t\t\t\t<\/div>\n\t\t\t\t<\/div>\n\t\t","protected":false},"excerpt":{"rendered":"<p>SOLIDARIT\u00c9AGENCE TRESOR COLOMBIEN POLITIQUE DE DURABILIT\u00c9 ET SOLIDARIT\u00c9 Conscients de l\u2019importance de maintenir un d\u00e9veloppement touristique durable, et en ayant [&hellip;]<\/p>\n","protected":false},"author":1,"featured_media":0,"parent":0,"menu_order":0,"comment_status":"closed","ping_status":"closed","template":"","meta":{"_acf_changed":false,"site-sidebar-layout":"no-sidebar","site-content-layout":"","ast-site-content-layout":"full-width-container","site-content-style":"default","site-sidebar-style":"default","ast-global-header-display":"","ast-banner-title-visibility":"","ast-main-header-display":"","ast-hfb-above-header-display":"","ast-hfb-below-header-display":"","ast-hfb-mobile-header-display":"","site-post-title":"disabled","ast-breadcrumbs-content":"","ast-featured-img":"disabled","footer-sml-layout":"","ast-disable-related-posts":"","theme-transparent-header-meta":"","adv-header-id-meta":"","stick-header-meta":"","header-above-stick-meta":"","header-main-stick-meta":"","header-below-stick-meta":"","astra-migrate-meta-layouts":"default","ast-page-background-enabled":"default","ast-page-background-meta":{"desktop":{"background-color":"var(--ast-global-color-4)","background-image":"","background-repeat":"repeat","background-position":"center center","background-size":"auto","background-attachment":"scroll","background-type":"","background-media":"","overlay-type":"","overlay-color":"","overlay-opacity":"","overlay-gradient":""},"tablet":{"background-color":"","background-image":"","background-repeat":"repeat","background-position":"center center","background-size":"auto","background-attachment":"scroll","background-type":"","background-media":"","overlay-type":"","overlay-color":"","overlay-opacity":"","overlay-gradient":""},"mobile":{"background-color":"","background-image":"","background-repeat":"repeat","background-position":"center center","background-size":"auto","background-attachment":"scroll","background-type":"","background-media":"","overlay-type":"","overlay-color":"","overlay-opacity":"","overlay-gradient":""}},"ast-content-background-meta":{"desktop":{"background-color":"var(--ast-global-color-5)","background-image":"","background-repeat":"repeat","background-position":"center center","background-size":"auto","background-attachment":"scroll","background-type":"","background-media":"","overlay-type":"","overlay-color":"","overlay-opacity":"","overlay-gradient":""},"tablet":{"background-color":"var(--ast-global-color-5)","background-image":"","background-repeat":"repeat","background-position":"center center","background-size":"auto","background-attachment":"scroll","background-type":"","background-media":"","overlay-type":"","overlay-color":"","overlay-opacity":"","overlay-gradient":""},"mobile":{"background-color":"var(--ast-global-color-5)","background-image":"","background-repeat":"repeat","background-position":"center center","background-size":"auto","background-attachment":"scroll","background-type":"","background-media":"","overlay-type":"","overlay-color":"","overlay-opacity":"","overlay-gradient":""}},"_joinchat":[],"footnotes":""},"class_list":["post-3634","page","type-page","status-publish","hentry"],"acf":[],"_links":{"self":[{"href":"https:\/\/tresorcolombien.com\/fr\/wp-json\/wp\/v2\/pages\/3634","targetHints":{"allow":["GET"]}}],"collection":[{"href":"https:\/\/tresorcolombien.com\/fr\/wp-json\/wp\/v2\/pages"}],"about":[{"href":"https:\/\/tresorcolombien.com\/fr\/wp-json\/wp\/v2\/types\/page"}],"author":[{"embeddable":true,"href":"https:\/\/tresorcolombien.com\/fr\/wp-json\/wp\/v2\/users\/1"}],"replies":[{"embeddable":true,"href":"https:\/\/tresorcolombien.com\/fr\/wp-json\/wp\/v2\/comments?post=3634"}],"version-history":[{"count":11,"href":"https:\/\/tresorcolombien.com\/fr\/wp-json\/wp\/v2\/pages\/3634\/revisions"}],"predecessor-version":[{"id":5649,"href":"https:\/\/tresorcolombien.com\/fr\/wp-json\/wp\/v2\/pages\/3634\/revisions\/5649"}],"wp:attachment":[{"href":"https:\/\/tresorcolombien.com\/fr\/wp-json\/wp\/v2\/media?parent=3634"}],"curies":[{"name":"wp","href":"https:\/\/api.w.org\/{rel}","templated":true}]}}