{"id":3660,"date":"2024-10-22T18:54:28","date_gmt":"2024-10-22T23:54:28","guid":{"rendered":"https:\/\/tresorcolombien.com\/durabilite\/patrimoine-culturel\/"},"modified":"2025-01-30T04:28:05","modified_gmt":"2025-01-30T09:28:05","slug":"patrimoine-culturel","status":"publish","type":"page","link":"https:\/\/tresorcolombien.com\/fr\/durabilite\/patrimoine-culturel\/","title":{"rendered":"Patrimoine culturel"},"content":{"rendered":"\t\t<div data-elementor-type=\"wp-page\" data-elementor-id=\"3660\" class=\"elementor elementor-3660 elementor-45\" data-elementor-post-type=\"page\">\n\t\t\t\t<div class=\"elementor-element elementor-element-602f0723 e-con-full e-flex e-con e-parent\" data-id=\"602f0723\" data-element_type=\"container\" data-e-type=\"container\" data-settings=\"{&quot;sticky&quot;:&quot;top&quot;,&quot;sticky_offset&quot;:90,&quot;background_background&quot;:&quot;classic&quot;,&quot;sticky_offset_mobile&quot;:90,&quot;sticky_on&quot;:[&quot;desktop&quot;,&quot;tablet&quot;,&quot;mobile&quot;],&quot;sticky_effects_offset&quot;:0,&quot;sticky_anchor_link_offset&quot;:0}\">\n\t\t\t\t<div class=\"elementor-element elementor-element-3e1101e elementor-hidden-desktop elementor-widget elementor-widget-spacer\" data-id=\"3e1101e\" data-element_type=\"widget\" data-e-type=\"widget\" data-widget_type=\"spacer.default\">\n\t\t\t\t<div class=\"elementor-widget-container\">\n\t\t\t\t\t\t\t<div class=\"elementor-spacer\">\n\t\t\t<div class=\"elementor-spacer-inner\"><\/div>\n\t\t<\/div>\n\t\t\t\t\t\t<\/div>\n\t\t\t\t<\/div>\n\t\t\t\t<div class=\"elementor-element elementor-element-4075fc9a elementor-nav-menu__align-center elementor-nav-menu--dropdown-tablet elementor-nav-menu__text-align-aside elementor-nav-menu--toggle elementor-nav-menu--burger elementor-widget elementor-widget-nav-menu\" data-id=\"4075fc9a\" data-element_type=\"widget\" data-e-type=\"widget\" data-settings=\"{&quot;sticky&quot;:&quot;top&quot;,&quot;sticky_offset&quot;:100,&quot;layout&quot;:&quot;horizontal&quot;,&quot;submenu_icon&quot;:{&quot;value&quot;:&quot;&lt;svg aria-hidden=\\&quot;true\\&quot; class=\\&quot;e-font-icon-svg e-fas-caret-down\\&quot; viewBox=\\&quot;0 0 320 512\\&quot; xmlns=\\&quot;http:\\\/\\\/www.w3.org\\\/2000\\\/svg\\&quot;&gt;&lt;path d=\\&quot;M31.3 192h257.3c17.8 0 26.7 21.5 14.1 34.1L174.1 354.8c-7.8 7.8-20.5 7.8-28.3 0L17.2 226.1C4.6 213.5 13.5 192 31.3 192z\\&quot;&gt;&lt;\\\/path&gt;&lt;\\\/svg&gt;&quot;,&quot;library&quot;:&quot;fa-solid&quot;},&quot;toggle&quot;:&quot;burger&quot;,&quot;sticky_on&quot;:[&quot;desktop&quot;,&quot;tablet&quot;,&quot;mobile&quot;],&quot;sticky_effects_offset&quot;:0,&quot;sticky_anchor_link_offset&quot;:0}\" data-widget_type=\"nav-menu.default\">\n\t\t\t\t<div class=\"elementor-widget-container\">\n\t\t\t\t\t\t\t\t<nav aria-label=\"Menu\" class=\"elementor-nav-menu--main elementor-nav-menu__container elementor-nav-menu--layout-horizontal e--pointer-none\">\n\t\t\t\t<ul id=\"menu-1-4075fc9a\" class=\"elementor-nav-menu\"><li class=\"menu-item menu-item-type-post_type menu-item-object-page menu-item-4099\"><a href=\"https:\/\/tresorcolombien.com\/fr\/durabilite\/risques-sociaux\/\" class=\"elementor-item menu-link\">Risques sociaux<\/a><\/li>\n<li class=\"menu-item menu-item-type-post_type menu-item-object-page menu-item-4100\"><a href=\"https:\/\/tresorcolombien.com\/fr\/durabilite\/bonnes-pratiques\/\" class=\"elementor-item menu-link\">Bonnes pratiques<\/a><\/li>\n<li class=\"menu-item menu-item-type-post_type menu-item-object-page menu-item-4101\"><a href=\"https:\/\/tresorcolombien.com\/fr\/durabilite\/formalisation-du-tourisme\/\" class=\"elementor-item menu-link\">Formalisation du tourisme<\/a><\/li>\n<li class=\"menu-item menu-item-type-post_type menu-item-object-page menu-item-4102\"><a href=\"https:\/\/tresorcolombien.com\/fr\/durabilite\/touriste-responsable\/\" class=\"elementor-item menu-link\">Touriste responsable<\/a><\/li>\n<li class=\"menu-item menu-item-type-post_type menu-item-object-page menu-item-4103\"><a href=\"https:\/\/tresorcolombien.com\/fr\/durabilite\/patrimoine-culturel\/\" class=\"elementor-item menu-link\">Patrimoine culturel<\/a><\/li>\n<li class=\"menu-item menu-item-type-post_type menu-item-object-page menu-item-4104\"><a href=\"https:\/\/tresorcolombien.com\/fr\/durabilite\/biodiversite\/\" class=\"elementor-item menu-link\">Biodiversit\u00e9<\/a><\/li>\n<li class=\"menu-item menu-item-type-post_type menu-item-object-page menu-item-4105\"><a href=\"https:\/\/tresorcolombien.com\/fr\/durabilite\/biosecurite\/\" class=\"elementor-item menu-link\">Bios\u00e9curit\u00e9<\/a><\/li>\n<\/ul>\t\t\t<\/nav>\n\t\t\t\t\t<div class=\"elementor-menu-toggle\" role=\"button\" tabindex=\"0\" aria-label=\"Permuter le menu\" aria-expanded=\"false\">\n\t\t\t<svg aria-hidden=\"true\" role=\"presentation\" class=\"elementor-menu-toggle__icon--open e-font-icon-svg e-eicon-menu-bar\" viewBox=\"0 0 1000 1000\" xmlns=\"http:\/\/www.w3.org\/2000\/svg\"><path d=\"M104 333H896C929 333 958 304 958 271S929 208 896 208H104C71 208 42 237 42 271S71 333 104 333ZM104 583H896C929 583 958 554 958 521S929 458 896 458H104C71 458 42 487 42 521S71 583 104 583ZM104 833H896C929 833 958 804 958 771S929 708 896 708H104C71 708 42 737 42 771S71 833 104 833Z\"><\/path><\/svg><svg aria-hidden=\"true\" role=\"presentation\" class=\"elementor-menu-toggle__icon--close e-font-icon-svg e-eicon-close\" viewBox=\"0 0 1000 1000\" xmlns=\"http:\/\/www.w3.org\/2000\/svg\"><path d=\"M742 167L500 408 258 167C246 154 233 150 217 150 196 150 179 158 167 167 154 179 150 196 150 212 150 229 154 242 171 254L408 500 167 742C138 771 138 800 167 829 196 858 225 858 254 829L496 587 738 829C750 842 767 846 783 846 800 846 817 842 829 829 842 817 846 804 846 783 846 767 842 750 829 737L588 500 833 258C863 229 863 200 833 171 804 137 775 137 742 167Z\"><\/path><\/svg>\t\t<\/div>\n\t\t\t\t\t<nav class=\"elementor-nav-menu--dropdown elementor-nav-menu__container\" aria-hidden=\"true\">\n\t\t\t\t<ul id=\"menu-2-4075fc9a\" class=\"elementor-nav-menu\"><li class=\"menu-item menu-item-type-post_type menu-item-object-page menu-item-4099\"><a href=\"https:\/\/tresorcolombien.com\/fr\/durabilite\/risques-sociaux\/\" class=\"elementor-item menu-link\" tabindex=\"-1\">Risques sociaux<\/a><\/li>\n<li class=\"menu-item menu-item-type-post_type menu-item-object-page menu-item-4100\"><a href=\"https:\/\/tresorcolombien.com\/fr\/durabilite\/bonnes-pratiques\/\" class=\"elementor-item menu-link\" tabindex=\"-1\">Bonnes pratiques<\/a><\/li>\n<li class=\"menu-item menu-item-type-post_type menu-item-object-page menu-item-4101\"><a href=\"https:\/\/tresorcolombien.com\/fr\/durabilite\/formalisation-du-tourisme\/\" class=\"elementor-item menu-link\" tabindex=\"-1\">Formalisation du tourisme<\/a><\/li>\n<li class=\"menu-item menu-item-type-post_type menu-item-object-page menu-item-4102\"><a href=\"https:\/\/tresorcolombien.com\/fr\/durabilite\/touriste-responsable\/\" class=\"elementor-item menu-link\" tabindex=\"-1\">Touriste responsable<\/a><\/li>\n<li class=\"menu-item menu-item-type-post_type menu-item-object-page menu-item-4103\"><a href=\"https:\/\/tresorcolombien.com\/fr\/durabilite\/patrimoine-culturel\/\" class=\"elementor-item menu-link\" tabindex=\"-1\">Patrimoine culturel<\/a><\/li>\n<li class=\"menu-item menu-item-type-post_type menu-item-object-page menu-item-4104\"><a href=\"https:\/\/tresorcolombien.com\/fr\/durabilite\/biodiversite\/\" class=\"elementor-item menu-link\" tabindex=\"-1\">Biodiversit\u00e9<\/a><\/li>\n<li class=\"menu-item menu-item-type-post_type menu-item-object-page menu-item-4105\"><a href=\"https:\/\/tresorcolombien.com\/fr\/durabilite\/biosecurite\/\" class=\"elementor-item menu-link\" tabindex=\"-1\">Bios\u00e9curit\u00e9<\/a><\/li>\n<\/ul>\t\t\t<\/nav>\n\t\t\t\t\t\t<\/div>\n\t\t\t\t<\/div>\n\t\t\t\t<\/div>\n\t\t<div class=\"elementor-element elementor-element-6b31a2b4 e-flex e-con-boxed e-con e-parent\" data-id=\"6b31a2b4\" data-element_type=\"container\" data-e-type=\"container\" data-settings=\"{&quot;background_background&quot;:&quot;classic&quot;}\">\n\t\t\t\t\t<div class=\"e-con-inner\">\n\t\t\t\t<div class=\"elementor-element elementor-element-1e26dc85 elementor-widget elementor-widget-heading\" data-id=\"1e26dc85\" data-element_type=\"widget\" data-e-type=\"widget\" data-widget_type=\"heading.default\">\n\t\t\t\t<div class=\"elementor-widget-container\">\n\t\t\t\t\t<h2 class=\"elementor-heading-title elementor-size-default\">SAUVEGARDE DU PATRIMOINE CULTUREL\n<\/h2>\t\t\t\t<\/div>\n\t\t\t\t<\/div>\n\t\t\t\t\t<\/div>\n\t\t\t\t<\/div>\n\t\t<div class=\"elementor-element elementor-element-39b3bbe9 e-flex e-con-boxed e-con e-parent\" data-id=\"39b3bbe9\" data-element_type=\"container\" data-e-type=\"container\">\n\t\t\t\t\t<div class=\"e-con-inner\">\n\t\t<div class=\"elementor-element elementor-element-4ded4fcb e-con-full e-flex e-con e-child\" data-id=\"4ded4fcb\" data-element_type=\"container\" data-e-type=\"container\">\n\t\t\t\t<div class=\"elementor-element elementor-element-656d6792 elementor-widget elementor-widget-heading\" data-id=\"656d6792\" data-element_type=\"widget\" data-e-type=\"widget\" data-widget_type=\"heading.default\">\n\t\t\t\t<div class=\"elementor-widget-container\">\n\t\t\t\t\t<h2 class=\"elementor-heading-title elementor-size-default\">Qu\u2019est-ce que le trafic illicite du patrimoine culturel ?<\/h2>\t\t\t\t<\/div>\n\t\t\t\t<\/div>\n\t\t\t\t<div class=\"elementor-element elementor-element-2c73c780 elementor-widget elementor-widget-text-editor\" data-id=\"2c73c780\" data-element_type=\"widget\" data-e-type=\"widget\" data-widget_type=\"text-editor.default\">\n\t\t\t\t<div class=\"elementor-widget-container\">\n\t\t\t\t\t\t\t\t\t<p class=\"CDt4Ke zfr3Q\" dir=\"ltr\">Le trafic illicite de biens culturels est un probl\u00e8me qui affecte la Colombie depuis des d\u00e9cennies, la grande richesse culturelle que poss\u00e8de le pays est la cible de trafiquants de biens culturels qui cherchent \u00e0 les faire sortir du pays pour les commercialiser atravers de galeries, de maisons de vente aux ench\u00e8res ou pour \u00eatre vendus sur le march\u00e9 noir.<\/p>\n<p class=\"CDt4Ke zfr3Q\" dir=\"ltr\">Cette activit\u00e9 illicite met en p\u00e9ril la m\u00e9moire historique et prive les g\u00e9n\u00e9rations futures de la connaissance de leurs racines et de leurs expressions culturelles.<\/p>\n\t\t\t\t\t\t\t\t<\/div>\n\t\t\t\t<\/div>\n\t\t\t\t<div class=\"elementor-element elementor-element-6ab2aaad elementor-widget elementor-widget-image\" data-id=\"6ab2aaad\" data-element_type=\"widget\" data-e-type=\"widget\" data-widget_type=\"image.default\">\n\t\t\t\t<div class=\"elementor-widget-container\">\n\t\t\t\t\t\t\t\t\t\t\t\t\t\t\t\t<a href=\"https:\/\/www.mincultura.gov.co\/Paginas\/PageNotFoundError.aspx?requestUrl=https:\/\/www.mincultura.gov.co\/areas\/patrimonio\/prevencion-del-trafico-ilicito-del-patrimonio-cultural\/Paginas\/Campa%C3%B1a-para-la-prevenir-el-tr%C3%A1fico-il%C3%ADcito-del-patrimonio-cultural-.aspx\">\n\t\t\t\t\t\t\t<img fetchpriority=\"high\" decoding=\"async\" width=\"400\" height=\"267\" src=\"https:\/\/tresorcolombien.com\/wp-content\/uploads\/2024\/11\/Patrimonio.jpg\" class=\"attachment-large size-large wp-image-2413\" alt=\"\" srcset=\"https:\/\/tresorcolombien.com\/wp-content\/uploads\/2024\/11\/Patrimonio.jpg 400w, https:\/\/tresorcolombien.com\/wp-content\/uploads\/2024\/11\/Patrimonio-300x200.jpg 300w\" sizes=\"(max-width: 400px) 100vw, 400px\" \/>\t\t\t\t\t\t\t\t<\/a>\n\t\t\t\t\t\t\t\t\t\t\t\t\t\t\t<\/div>\n\t\t\t\t<\/div>\n\t\t\t\t<div class=\"elementor-element elementor-element-4810f57b elementor-widget elementor-widget-text-editor\" data-id=\"4810f57b\" data-element_type=\"widget\" data-e-type=\"widget\" data-widget_type=\"text-editor.default\">\n\t\t\t\t<div class=\"elementor-widget-container\">\n\t\t\t\t\t\t\t\t\t<p class=\"CDt4Ke zfr3Q\" dir=\"ltr\">Les sanctions seront impos\u00e9es conform\u00e9ment aux dispositions des articles 156, 239, 241-13, 265, 266-4 et 447 de la loi 599 de 2000 sur le Code p\u00e9nal, correspondant aux dispositions de la loi g\u00e9n\u00e9rale de la culture 397 de 1997 dans son article 15 \u00ab sur les infractions contre le patrimoine culturel de la nation \u00bb, ces sanctions vont de quarante-huit (48) \u00e0 cent quatre-vingts (180) mois,  et une amende de deux cent soixante-six virgule soixante-six (266,66) \u00e0 mille cinq cents (1500) salaires minimums mensuels l\u00e9gaux en vigueur.<\/p>\n\t\t\t\t\t\t\t\t<\/div>\n\t\t\t\t<\/div>\n\t\t\t\t<\/div>\n\t\t<div class=\"elementor-element elementor-element-47700a86 e-con-full e-flex e-con e-child\" data-id=\"47700a86\" data-element_type=\"container\" data-e-type=\"container\">\n\t\t\t\t<div class=\"elementor-element elementor-element-4fa12560 elementor-widget elementor-widget-heading\" data-id=\"4fa12560\" data-element_type=\"widget\" data-e-type=\"widget\" data-widget_type=\"heading.default\">\n\t\t\t\t<div class=\"elementor-widget-container\">\n\t\t\t\t\t<h2 class=\"elementor-heading-title elementor-size-default\">Le trafic illicite de biens culturels se manifeste de la mani\u00e8re suivante :<\/h2>\t\t\t\t<\/div>\n\t\t\t\t<\/div>\n\t\t\t\t<div class=\"elementor-element elementor-element-3c8891d8 elementor-widget elementor-widget-text-editor\" data-id=\"3c8891d8\" data-element_type=\"widget\" data-e-type=\"widget\" data-widget_type=\"text-editor.default\">\n\t\t\t\t<div class=\"elementor-widget-container\">\n\t\t\t\t\t\t\t\t\t<ul class=\"n8H08c UVNKR\">\n<li class=\"TYR86d zfr3Q\" dir=\"ltr\">\n<p class=\"CDt4Ke zfr3Q\" dir=\"ltr\">Fouilles ill\u00e9gales d\u2019objets arch\u00e9ologiques, y compris les fouilles sous-marines<\/p>\n<\/li>\n<li class=\"TYR86d zfr3Q\" dir=\"ltr\">\n<p class=\"CDt4Ke zfr3Q\" dir=\"ltr\">Exportation et importation illicites de biens culturels<\/p>\n<\/li>\n<li class=\"TYR86d zfr3Q\" dir=\"ltr\">\n<p class=\"CDt4Ke zfr3Q\" dir=\"ltr\">Transfert ill\u00e9gal de propri\u00e9t\u00e9 de biens culturels (vente, achat, prise en charge de dettes hypoth\u00e9caires, \u00e9change, donation ou legs)<\/p>\n<\/li>\n<li class=\"TYR86d zfr3Q\" dir=\"ltr\">\n<p class=\"CDt4Ke zfr3Q\" dir=\"ltr\">Vol dans les mus\u00e9es, monuments, sites religieux et autres lieux publics ou priv\u00e9s de pr\u00e9servation<\/p>\n<\/li>\n<li class=\"TYR86d zfr3Q\" dir=\"ltr\">\n<p class=\"CDt4Ke zfr3Q\" dir=\"ltr\">Vol de biens culturels en p\u00e9riode de conflit arm\u00e9 ou d\u2019occupation militaire<\/p>\n<\/li>\n<li class=\"TYR86d zfr3Q\" dir=\"ltr\">\n<p class=\"CDt4Ke zfr3Q\" dir=\"ltr\">Trafic de contrefa\u00e7on ou de biens culturels contrefaits<\/p>\n<\/li>\n<li class=\"TYR86d zfr3Q\" dir=\"ltr\">\n<p class=\"CDt4Ke zfr3Q\" dir=\"ltr\">Production, \u00e9change et utilisation de documents falsifi\u00e9s<\/p>\n<\/li>\n<\/ul>\n\t\t\t\t\t\t\t\t<\/div>\n\t\t\t\t<\/div>\n\t\t\t\t<div class=\"elementor-element elementor-element-7eabfe33 elementor-widget elementor-widget-image\" data-id=\"7eabfe33\" data-element_type=\"widget\" data-e-type=\"widget\" data-widget_type=\"image.default\">\n\t\t\t\t<div class=\"elementor-widget-container\">\n\t\t\t\t\t\t\t\t\t\t\t\t\t\t\t\t<a href=\"https:\/\/www.mincultura.gov.co\/Paginas\/PageNotFoundError.aspx?requestUrl=https:\/\/www.mincultura.gov.co\/areas\/patrimonio\/prevencion-del-trafico-ilicito-del-patrimonio-cultural\/Paginas\/Legislaci%C3%B3n-contra-el-tr%C3%A1fico-il%C3%ADcito-de-bienes-culturales.aspx\">\n\t\t\t\t\t\t\t<img decoding=\"async\" width=\"450\" height=\"297\" src=\"https:\/\/tresorcolombien.com\/wp-content\/uploads\/2024\/11\/San-agustin-parque.jpg\" class=\"attachment-large size-large wp-image-2416\" alt=\"\" srcset=\"https:\/\/tresorcolombien.com\/wp-content\/uploads\/2024\/11\/San-agustin-parque.jpg 450w, https:\/\/tresorcolombien.com\/wp-content\/uploads\/2024\/11\/San-agustin-parque-300x198.jpg 300w\" sizes=\"(max-width: 450px) 100vw, 450px\" \/>\t\t\t\t\t\t\t\t<\/a>\n\t\t\t\t\t\t\t\t\t\t\t\t\t\t\t<\/div>\n\t\t\t\t<\/div>\n\t\t\t\t<div class=\"elementor-element elementor-element-4cf360a6 elementor-widget elementor-widget-text-editor\" data-id=\"4cf360a6\" data-element_type=\"widget\" data-e-type=\"widget\" data-widget_type=\"text-editor.default\">\n\t\t\t\t<div class=\"elementor-widget-container\">\n\t\t\t\t\t\t\t\t\t<section id=\"h.16e0b403ba6d8d18_135\" class=\"yaqOZd\">\n<div class=\"mYVXT\">\n<div class=\"LS81yb VICjCf j5pSsc db35Fc\" tabindex=\"-1\">\n<div class=\"hJDwNd-AhqUyc-qWD73c Ft7HRd-AhqUyc-qWD73c purZT-AhqUyc-II5mzb ZcASvf-AhqUyc-II5mzb pSzOP-AhqUyc-qWD73c Ktthjf-AhqUyc-qWD73c JNdkSc SQVYQc yYI8W HQwdzb\">\n<div class=\"JNdkSc-SmKAyb LkDMRd\">\n<div class=\"\">\n<div class=\"oKdM2c ZZyype\">\n<div id=\"h.16e0b403ba6d8d18_144\" class=\"hJDwNd-AhqUyc-qWD73c Ft7HRd-AhqUyc-qWD73c jXK9ad D2fZ2 zu5uec wHaque g5GTcb JYTMs\">\n<div class=\"jXK9ad-SmKAyb\">\n<div class=\"tyJCtd mGzaTb Depvyb baZpAe\">\n<p class=\"CDt4Ke zfr3Q\" dir=\"ltr\" style=\"text-align: center;\">Statue du parc San Agust\u00edn &#8211; Photo : ICANH<\/p>\n<\/div>\n<\/div>\n<\/div>\n<\/div>\n<\/div>\n<\/div>\n<\/div>\n<\/div>\n<\/div>\n<\/section>\n<section id=\"h.74350241643901b5_11\" class=\"yaqOZd lQAHbd\"><\/section>\n\t\t\t\t\t\t\t\t<\/div>\n\t\t\t\t<\/div>\n\t\t\t\t<\/div>\n\t\t\t\t\t<\/div>\n\t\t\t\t<\/div>\n\t\t<div class=\"elementor-element elementor-element-2c75fc0a e-con-full e-flex e-con e-parent\" data-id=\"2c75fc0a\" data-element_type=\"container\" data-e-type=\"container\" data-settings=\"{&quot;background_background&quot;:&quot;classic&quot;}\">\n\t\t\t\t<div class=\"elementor-element elementor-element-27761bb0 elementor-widget elementor-widget-heading\" data-id=\"27761bb0\" data-element_type=\"widget\" data-e-type=\"widget\" data-widget_type=\"heading.default\">\n\t\t\t\t<div class=\"elementor-widget-container\">\n\t\t\t\t\t<h2 class=\"elementor-heading-title elementor-size-default\">Comment r\u00e9duire le trafic illicite du patrimoine culturel ?<\/h2>\t\t\t\t<\/div>\n\t\t\t\t<\/div>\n\t\t\t\t<\/div>\n\t\t<div class=\"elementor-element elementor-element-7519c9f5 e-flex e-con-boxed e-con e-parent\" data-id=\"7519c9f5\" data-element_type=\"container\" data-e-type=\"container\">\n\t\t\t\t\t<div class=\"e-con-inner\">\n\t\t\t\t<div class=\"elementor-element elementor-element-2158e913 elementor-widget elementor-widget-text-editor\" data-id=\"2158e913\" data-element_type=\"widget\" data-e-type=\"widget\" data-widget_type=\"text-editor.default\">\n\t\t\t\t<div class=\"elementor-widget-container\">\n\t\t\t\t\t\t\t\t\t<p class=\"CDt4Ke zfr3Q\" dir=\"ltr\">1. Valoriser et s\u2019approprier les richesses culturelles de notre pays.<\/p>\n<p class=\"CDt4Ke zfr3Q\" dir=\"ltr\">2. Se conformer aux exigences \u00e9tablies dans la loi g\u00e9n\u00e9rale de la culture, en ce qui concerne les exigences relatives \u00e0 l\u2019exportation de biens d\u2019int\u00e9r\u00eat culturel<\/p>\n<p class=\"CDt4Ke zfr3Q\" dir=\"ltr\">3. En signalant au minist\u00e8re de la Culture ou aux autorit\u00e9s comp\u00e9tentes si un bien d\u2019int\u00e9r\u00eat culturel fait l\u2019objet d\u2019un trafic illicite.<\/p>\n<p class=\"CDt4Ke zfr3Q\" dir=\"ltr\">4. Diffuser des informations sur les programmes et les actions du gouvernement national en mati\u00e8re de pr\u00e9vention du trafic illicite de biens culturels.<\/p>\n<p class=\"CDt4Ke zfr3Q\" dir=\"ltr\">5. Tenir les inventaires \u00e0 jour.<\/p>\n\t\t\t\t\t\t\t\t<\/div>\n\t\t\t\t<\/div>\n\t\t\t\t<div class=\"elementor-element elementor-element-dea5467 elementor-widget elementor-widget-image\" data-id=\"dea5467\" data-element_type=\"widget\" data-e-type=\"widget\" data-widget_type=\"image.default\">\n\t\t\t\t<div class=\"elementor-widget-container\">\n\t\t\t\t\t\t\t\t\t\t\t\t\t\t\t<img decoding=\"async\" width=\"608\" height=\"1024\" src=\"https:\/\/tresorcolombien.com\/wp-content\/uploads\/2024\/11\/Infografia-patrimonio-cultural-inmaterial-608x1024.png\" class=\"attachment-large size-large wp-image-2419\" alt=\"\" srcset=\"https:\/\/tresorcolombien.com\/wp-content\/uploads\/2024\/11\/Infografia-patrimonio-cultural-inmaterial-608x1024.png 608w, https:\/\/tresorcolombien.com\/wp-content\/uploads\/2024\/11\/Infografia-patrimonio-cultural-inmaterial-600x1010.png 600w, https:\/\/tresorcolombien.com\/wp-content\/uploads\/2024\/11\/Infografia-patrimonio-cultural-inmaterial-178x300.png 178w, https:\/\/tresorcolombien.com\/wp-content\/uploads\/2024\/11\/Infografia-patrimonio-cultural-inmaterial.png 688w\" sizes=\"(max-width: 608px) 100vw, 608px\" \/>\t\t\t\t\t\t\t\t\t\t\t\t\t\t\t<\/div>\n\t\t\t\t<\/div>\n\t\t\t\t<div class=\"elementor-element elementor-element-20a9199 elementor-align-justify elementor-widget elementor-widget-button\" data-id=\"20a9199\" data-element_type=\"widget\" data-e-type=\"widget\" data-widget_type=\"button.default\">\n\t\t\t\t<div class=\"elementor-widget-container\">\n\t\t\t\t\t\t\t\t\t<div class=\"elementor-button-wrapper\">\n\t\t\t\t\t<a class=\"elementor-button elementor-button-link elementor-size-sm\" href=\"http:\/\/www.mincultura.gov.co\/prensa\/noticias\/Documents\/Patrimonio\/LRPCI%20Nal%20septiembre%202018.pdf\">\n\t\t\t\t\t\t<span class=\"elementor-button-content-wrapper\">\n\t\t\t\t\t\t\t\t\t<span class=\"elementor-button-text\">LISTE REPR\u00c9SENTATIVE DU PATRIMOINE CULTUREL IMMAT\u00c9RIEL<\/span>\n\t\t\t\t\t<\/span>\n\t\t\t\t\t<\/a>\n\t\t\t\t<\/div>\n\t\t\t\t\t\t\t\t<\/div>\n\t\t\t\t<\/div>\n\t\t\t\t<div class=\"elementor-element elementor-element-35479dfe elementor-align-justify elementor-widget elementor-widget-button\" data-id=\"35479dfe\" data-element_type=\"widget\" data-e-type=\"widget\" data-widget_type=\"button.default\">\n\t\t\t\t<div class=\"elementor-widget-container\">\n\t\t\t\t\t\t\t\t\t<div class=\"elementor-button-wrapper\">\n\t\t\t\t\t<a class=\"elementor-button elementor-button-link elementor-size-sm\" href=\"http:\/\/www.mincultura.gov.co\/prensa\/noticias\/Documents\/Patrimonio\/BIENES%20DE%20INTER%C3%89S%20CULTURAL%20DEL%20%C3%81MBITO%20NACIONAL_%20febrero%202017.pdf\">\n\t\t\t\t\t\t<span class=\"elementor-button-content-wrapper\">\n\t\t\t\t\t\t\t\t\t<span class=\"elementor-button-text\">LISTE DES BIENS D\u2019INT\u00c9R\u00caT CULTUREL PATRIMOINE MAT\u00c9RIEL<\/span>\n\t\t\t\t\t<\/span>\n\t\t\t\t\t<\/a>\n\t\t\t\t<\/div>\n\t\t\t\t\t\t\t\t<\/div>\n\t\t\t\t<\/div>\n\t\t\t\t<div class=\"elementor-element elementor-element-63767502 elementor-align-justify elementor-widget elementor-widget-button\" data-id=\"63767502\" data-element_type=\"widget\" data-e-type=\"widget\" data-widget_type=\"button.default\">\n\t\t\t\t<div class=\"elementor-widget-container\">\n\t\t\t\t\t\t\t\t\t<div class=\"elementor-button-wrapper\">\n\t\t\t\t\t<a class=\"elementor-button elementor-button-link elementor-size-sm\" href=\"http:\/\/www.mincultura.gov.co\/prensa\/noticias\/Documents\/Patrimonio\/Diez%20Cosas%20para%20proteger%20el%20patrimonio%20cultura10.pdf\">\n\t\t\t\t\t\t<span class=\"elementor-button-content-wrapper\">\n\t\t\t\t\t\t\t\t\t<span class=\"elementor-button-text\">10 CHOSES \u00c0 SAVOIR SUR LA PROTECTION DU PATRIMOINE CULTUREL COLOMBIEN<\/span>\n\t\t\t\t\t<\/span>\n\t\t\t\t\t<\/a>\n\t\t\t\t<\/div>\n\t\t\t\t\t\t\t\t<\/div>\n\t\t\t\t<\/div>\n\t\t\t\t\t<\/div>\n\t\t\t\t<\/div>\n\t\t\t\t<\/div>\n\t\t","protected":false},"excerpt":{"rendered":"<p>SAUVEGARDE DU PATRIMOINE CULTUREL Qu\u2019est-ce que le trafic illicite du patrimoine culturel ? Le trafic illicite de biens culturels est [&hellip;]<\/p>\n","protected":false},"author":1,"featured_media":0,"parent":3634,"menu_order":3,"comment_status":"closed","ping_status":"closed","template":"","meta":{"_acf_changed":false,"site-sidebar-layout":"no-sidebar","site-content-layout":"","ast-site-content-layout":"full-width-container","site-content-style":"default","site-sidebar-style":"default","ast-global-header-display":"","ast-banner-title-visibility":"","ast-main-header-display":"","ast-hfb-above-header-display":"","ast-hfb-below-header-display":"","ast-hfb-mobile-header-display":"","site-post-title":"disabled","ast-breadcrumbs-content":"","ast-featured-img":"disabled","footer-sml-layout":"","ast-disable-related-posts":"","theme-transparent-header-meta":"","adv-header-id-meta":"","stick-header-meta":"","header-above-stick-meta":"","header-main-stick-meta":"","header-below-stick-meta":"","astra-migrate-meta-layouts":"default","ast-page-background-enabled":"default","ast-page-background-meta":{"desktop":{"background-color":"var(--ast-global-color-4)","background-image":"","background-repeat":"repeat","background-position":"center center","background-size":"auto","background-attachment":"scroll","background-type":"","background-media":"","overlay-type":"","overlay-color":"","overlay-opacity":"","overlay-gradient":""},"tablet":{"background-color":"","background-image":"","background-repeat":"repeat","background-position":"center center","background-size":"auto","background-attachment":"scroll","background-type":"","background-media":"","overlay-type":"","overlay-color":"","overlay-opacity":"","overlay-gradient":""},"mobile":{"background-color":"","background-image":"","background-repeat":"repeat","background-position":"center center","background-size":"auto","background-attachment":"scroll","background-type":"","background-media":"","overlay-type":"","overlay-color":"","overlay-opacity":"","overlay-gradient":""}},"ast-content-background-meta":{"desktop":{"background-color":"var(--ast-global-color-5)","background-image":"","background-repeat":"repeat","background-position":"center center","background-size":"auto","background-attachment":"scroll","background-type":"","background-media":"","overlay-type":"","overlay-color":"","overlay-opacity":"","overlay-gradient":""},"tablet":{"background-color":"var(--ast-global-color-5)","background-image":"","background-repeat":"repeat","background-position":"center center","background-size":"auto","background-attachment":"scroll","background-type":"","background-media":"","overlay-type":"","overlay-color":"","overlay-opacity":"","overlay-gradient":""},"mobile":{"background-color":"var(--ast-global-color-5)","background-image":"","background-repeat":"repeat","background-position":"center center","background-size":"auto","background-attachment":"scroll","background-type":"","background-media":"","overlay-type":"","overlay-color":"","overlay-opacity":"","overlay-gradient":""}},"_joinchat":[],"footnotes":""},"class_list":["post-3660","page","type-page","status-publish","hentry"],"acf":[],"_links":{"self":[{"href":"https:\/\/tresorcolombien.com\/fr\/wp-json\/wp\/v2\/pages\/3660","targetHints":{"allow":["GET"]}}],"collection":[{"href":"https:\/\/tresorcolombien.com\/fr\/wp-json\/wp\/v2\/pages"}],"about":[{"href":"https:\/\/tresorcolombien.com\/fr\/wp-json\/wp\/v2\/types\/page"}],"author":[{"embeddable":true,"href":"https:\/\/tresorcolombien.com\/fr\/wp-json\/wp\/v2\/users\/1"}],"replies":[{"embeddable":true,"href":"https:\/\/tresorcolombien.com\/fr\/wp-json\/wp\/v2\/comments?post=3660"}],"version-history":[{"count":4,"href":"https:\/\/tresorcolombien.com\/fr\/wp-json\/wp\/v2\/pages\/3660\/revisions"}],"predecessor-version":[{"id":5667,"href":"https:\/\/tresorcolombien.com\/fr\/wp-json\/wp\/v2\/pages\/3660\/revisions\/5667"}],"up":[{"embeddable":true,"href":"https:\/\/tresorcolombien.com\/fr\/wp-json\/wp\/v2\/pages\/3634"}],"wp:attachment":[{"href":"https:\/\/tresorcolombien.com\/fr\/wp-json\/wp\/v2\/media?parent=3660"}],"curies":[{"name":"wp","href":"https:\/\/api.w.org\/{rel}","templated":true}]}}