{"id":3680,"date":"2024-10-22T19:00:58","date_gmt":"2024-10-23T00:00:58","guid":{"rendered":"https:\/\/tresorcolombien.com\/durabilite\/risques-sociaux\/"},"modified":"2025-01-30T04:37:51","modified_gmt":"2025-01-30T09:37:51","slug":"risques-sociaux","status":"publish","type":"page","link":"https:\/\/tresorcolombien.com\/fr\/durabilite\/risques-sociaux\/","title":{"rendered":"Risques sociaux"},"content":{"rendered":"\t\t<div data-elementor-type=\"wp-page\" data-elementor-id=\"3680\" class=\"elementor elementor-3680 elementor-53\" data-elementor-post-type=\"page\">\n\t\t\t\t<div class=\"elementor-element elementor-element-33b33edb e-con-full e-flex e-con e-parent\" data-id=\"33b33edb\" data-element_type=\"container\" data-e-type=\"container\" data-settings=\"{&quot;background_background&quot;:&quot;classic&quot;,&quot;sticky&quot;:&quot;top&quot;,&quot;sticky_offset&quot;:90,&quot;sticky_on&quot;:[&quot;desktop&quot;,&quot;tablet&quot;,&quot;mobile&quot;],&quot;sticky_effects_offset&quot;:0,&quot;sticky_anchor_link_offset&quot;:0}\">\n\t\t\t\t<div class=\"elementor-element elementor-element-242980b elementor-hidden-desktop elementor-widget elementor-widget-spacer\" data-id=\"242980b\" data-element_type=\"widget\" data-e-type=\"widget\" data-widget_type=\"spacer.default\">\n\t\t\t\t<div class=\"elementor-widget-container\">\n\t\t\t\t\t\t\t<div class=\"elementor-spacer\">\n\t\t\t<div class=\"elementor-spacer-inner\"><\/div>\n\t\t<\/div>\n\t\t\t\t\t\t<\/div>\n\t\t\t\t<\/div>\n\t\t\t\t<div class=\"elementor-element elementor-element-7bd8ee31 elementor-nav-menu__align-center elementor-nav-menu--dropdown-tablet elementor-nav-menu__text-align-aside elementor-nav-menu--toggle elementor-nav-menu--burger elementor-widget elementor-widget-nav-menu\" data-id=\"7bd8ee31\" data-element_type=\"widget\" data-e-type=\"widget\" data-settings=\"{&quot;sticky&quot;:&quot;top&quot;,&quot;sticky_offset&quot;:100,&quot;layout&quot;:&quot;horizontal&quot;,&quot;submenu_icon&quot;:{&quot;value&quot;:&quot;&lt;svg aria-hidden=\\&quot;true\\&quot; class=\\&quot;e-font-icon-svg e-fas-caret-down\\&quot; viewBox=\\&quot;0 0 320 512\\&quot; xmlns=\\&quot;http:\\\/\\\/www.w3.org\\\/2000\\\/svg\\&quot;&gt;&lt;path d=\\&quot;M31.3 192h257.3c17.8 0 26.7 21.5 14.1 34.1L174.1 354.8c-7.8 7.8-20.5 7.8-28.3 0L17.2 226.1C4.6 213.5 13.5 192 31.3 192z\\&quot;&gt;&lt;\\\/path&gt;&lt;\\\/svg&gt;&quot;,&quot;library&quot;:&quot;fa-solid&quot;},&quot;toggle&quot;:&quot;burger&quot;,&quot;sticky_on&quot;:[&quot;desktop&quot;,&quot;tablet&quot;,&quot;mobile&quot;],&quot;sticky_effects_offset&quot;:0,&quot;sticky_anchor_link_offset&quot;:0}\" data-widget_type=\"nav-menu.default\">\n\t\t\t\t<div class=\"elementor-widget-container\">\n\t\t\t\t\t\t\t\t<nav aria-label=\"Menu\" class=\"elementor-nav-menu--main elementor-nav-menu__container elementor-nav-menu--layout-horizontal e--pointer-none\">\n\t\t\t\t<ul id=\"menu-1-7bd8ee31\" class=\"elementor-nav-menu\"><li class=\"menu-item menu-item-type-post_type menu-item-object-page menu-item-4099\"><a href=\"https:\/\/tresorcolombien.com\/fr\/durabilite\/risques-sociaux\/\" class=\"elementor-item menu-link\">Risques sociaux<\/a><\/li>\n<li class=\"menu-item menu-item-type-post_type menu-item-object-page menu-item-4100\"><a href=\"https:\/\/tresorcolombien.com\/fr\/durabilite\/bonnes-pratiques\/\" class=\"elementor-item menu-link\">Bonnes pratiques<\/a><\/li>\n<li class=\"menu-item menu-item-type-post_type menu-item-object-page menu-item-4101\"><a href=\"https:\/\/tresorcolombien.com\/fr\/durabilite\/formalisation-du-tourisme\/\" class=\"elementor-item menu-link\">Formalisation du tourisme<\/a><\/li>\n<li class=\"menu-item menu-item-type-post_type menu-item-object-page menu-item-4102\"><a href=\"https:\/\/tresorcolombien.com\/fr\/durabilite\/touriste-responsable\/\" class=\"elementor-item menu-link\">Touriste responsable<\/a><\/li>\n<li class=\"menu-item menu-item-type-post_type menu-item-object-page menu-item-4103\"><a href=\"https:\/\/tresorcolombien.com\/fr\/durabilite\/patrimoine-culturel\/\" class=\"elementor-item menu-link\">Patrimoine culturel<\/a><\/li>\n<li class=\"menu-item menu-item-type-post_type menu-item-object-page menu-item-4104\"><a href=\"https:\/\/tresorcolombien.com\/fr\/durabilite\/biodiversite\/\" class=\"elementor-item menu-link\">Biodiversit\u00e9<\/a><\/li>\n<li class=\"menu-item menu-item-type-post_type menu-item-object-page menu-item-4105\"><a href=\"https:\/\/tresorcolombien.com\/fr\/durabilite\/biosecurite\/\" class=\"elementor-item menu-link\">Bios\u00e9curit\u00e9<\/a><\/li>\n<\/ul>\t\t\t<\/nav>\n\t\t\t\t\t<div class=\"elementor-menu-toggle\" role=\"button\" tabindex=\"0\" aria-label=\"Permuter le menu\" aria-expanded=\"false\">\n\t\t\t<svg aria-hidden=\"true\" role=\"presentation\" class=\"elementor-menu-toggle__icon--open e-font-icon-svg e-eicon-menu-bar\" viewBox=\"0 0 1000 1000\" xmlns=\"http:\/\/www.w3.org\/2000\/svg\"><path d=\"M104 333H896C929 333 958 304 958 271S929 208 896 208H104C71 208 42 237 42 271S71 333 104 333ZM104 583H896C929 583 958 554 958 521S929 458 896 458H104C71 458 42 487 42 521S71 583 104 583ZM104 833H896C929 833 958 804 958 771S929 708 896 708H104C71 708 42 737 42 771S71 833 104 833Z\"><\/path><\/svg><svg aria-hidden=\"true\" role=\"presentation\" class=\"elementor-menu-toggle__icon--close e-font-icon-svg e-eicon-close\" viewBox=\"0 0 1000 1000\" xmlns=\"http:\/\/www.w3.org\/2000\/svg\"><path d=\"M742 167L500 408 258 167C246 154 233 150 217 150 196 150 179 158 167 167 154 179 150 196 150 212 150 229 154 242 171 254L408 500 167 742C138 771 138 800 167 829 196 858 225 858 254 829L496 587 738 829C750 842 767 846 783 846 800 846 817 842 829 829 842 817 846 804 846 783 846 767 842 750 829 737L588 500 833 258C863 229 863 200 833 171 804 137 775 137 742 167Z\"><\/path><\/svg>\t\t<\/div>\n\t\t\t\t\t<nav class=\"elementor-nav-menu--dropdown elementor-nav-menu__container\" aria-hidden=\"true\">\n\t\t\t\t<ul id=\"menu-2-7bd8ee31\" class=\"elementor-nav-menu\"><li class=\"menu-item menu-item-type-post_type menu-item-object-page menu-item-4099\"><a href=\"https:\/\/tresorcolombien.com\/fr\/durabilite\/risques-sociaux\/\" class=\"elementor-item menu-link\" tabindex=\"-1\">Risques sociaux<\/a><\/li>\n<li class=\"menu-item menu-item-type-post_type menu-item-object-page menu-item-4100\"><a href=\"https:\/\/tresorcolombien.com\/fr\/durabilite\/bonnes-pratiques\/\" class=\"elementor-item menu-link\" tabindex=\"-1\">Bonnes pratiques<\/a><\/li>\n<li class=\"menu-item menu-item-type-post_type menu-item-object-page menu-item-4101\"><a href=\"https:\/\/tresorcolombien.com\/fr\/durabilite\/formalisation-du-tourisme\/\" class=\"elementor-item menu-link\" tabindex=\"-1\">Formalisation du tourisme<\/a><\/li>\n<li class=\"menu-item menu-item-type-post_type menu-item-object-page menu-item-4102\"><a href=\"https:\/\/tresorcolombien.com\/fr\/durabilite\/touriste-responsable\/\" class=\"elementor-item menu-link\" tabindex=\"-1\">Touriste responsable<\/a><\/li>\n<li class=\"menu-item menu-item-type-post_type menu-item-object-page menu-item-4103\"><a href=\"https:\/\/tresorcolombien.com\/fr\/durabilite\/patrimoine-culturel\/\" class=\"elementor-item menu-link\" tabindex=\"-1\">Patrimoine culturel<\/a><\/li>\n<li class=\"menu-item menu-item-type-post_type menu-item-object-page menu-item-4104\"><a href=\"https:\/\/tresorcolombien.com\/fr\/durabilite\/biodiversite\/\" class=\"elementor-item menu-link\" tabindex=\"-1\">Biodiversit\u00e9<\/a><\/li>\n<li class=\"menu-item menu-item-type-post_type menu-item-object-page menu-item-4105\"><a href=\"https:\/\/tresorcolombien.com\/fr\/durabilite\/biosecurite\/\" class=\"elementor-item menu-link\" tabindex=\"-1\">Bios\u00e9curit\u00e9<\/a><\/li>\n<\/ul>\t\t\t<\/nav>\n\t\t\t\t\t\t<\/div>\n\t\t\t\t<\/div>\n\t\t\t\t<\/div>\n\t\t<div class=\"elementor-element elementor-element-df8066 e-con-full e-flex e-con e-parent\" data-id=\"df8066\" data-element_type=\"container\" data-e-type=\"container\" data-settings=\"{&quot;background_background&quot;:&quot;classic&quot;}\">\n\t\t\t\t<div class=\"elementor-element elementor-element-e9e9b7d elementor-widget elementor-widget-heading\" data-id=\"e9e9b7d\" data-element_type=\"widget\" data-e-type=\"widget\" data-widget_type=\"heading.default\">\n\t\t\t\t<div class=\"elementor-widget-container\">\n\t\t\t\t\t<h2 class=\"elementor-heading-title elementor-size-default\">Pr\u00e9vention des risques sociaux, discrimination et exclusion des communaut\u00e9s<\/h2>\t\t\t\t<\/div>\n\t\t\t\t<\/div>\n\t\t\t\t<\/div>\n\t\t<div class=\"elementor-element elementor-element-5e5489a4 e-con-full e-flex e-con e-parent\" data-id=\"5e5489a4\" data-element_type=\"container\" data-e-type=\"container\" data-settings=\"{&quot;background_background&quot;:&quot;classic&quot;}\">\n\t\t\t\t<div class=\"elementor-element elementor-element-4c2df8e3 elementor-widget elementor-widget-heading\" data-id=\"4c2df8e3\" data-element_type=\"widget\" data-e-type=\"widget\" data-widget_type=\"heading.default\">\n\t\t\t\t<div class=\"elementor-widget-container\">\n\t\t\t\t\t<h2 class=\"elementor-heading-title elementor-size-default\">Exploitation sexuelle des enfants et des adolescents associ\u00e9e aux voyages et au tourisme<\/h2>\t\t\t\t<\/div>\n\t\t\t\t<\/div>\n\t\t\t\t<\/div>\n\t\t<div class=\"elementor-element elementor-element-43485631 e-flex e-con-boxed e-con e-parent\" data-id=\"43485631\" data-element_type=\"container\" data-e-type=\"container\">\n\t\t\t\t\t<div class=\"e-con-inner\">\n\t\t<div class=\"elementor-element elementor-element-5167d5ec e-con-full e-flex e-con e-child\" data-id=\"5167d5ec\" data-element_type=\"container\" data-e-type=\"container\">\n\t\t\t\t<div class=\"elementor-element elementor-element-888e741 elementor-widget elementor-widget-text-editor\" data-id=\"888e741\" data-element_type=\"widget\" data-e-type=\"widget\" data-widget_type=\"text-editor.default\">\n\t\t\t\t<div class=\"elementor-widget-container\">\n\t\t\t\t\t\t\t\t\t<ul class=\"n8H08c UVNKR\">\n<li class=\"TYR86d zfr3Q\" dir=\"ltr\">\n<p class=\"CDt4Ke zfr3Q\" dir=\"ltr\">Il s\u2019agit de l\u2019offrande et\/ou de l\u2019utilisation sexuelle d\u2019enfants par des personnes qui voyagent d\u2019un pays \u00e0 un autre, ou entre des villes d\u2019un m\u00eame pays.<\/p>\n<\/li>\n<li class=\"TYR86d zfr3Q\" dir=\"ltr\">\n<p class=\"CDt4Ke zfr3Q\" dir=\"ltr\">Les op\u00e9rateurs utilisent les installations offertes par l\u2019industrie touristique (h\u00f4tels, bars, discoth\u00e8ques, etc.).<\/p>\n<\/li>\n<li class=\"TYR86d zfr3Q\" dir=\"ltr\">\n<p class=\"CDt4Ke zfr3Q\" dir=\"ltr\">Ces activit\u00e9s criminelles d\u2019exploitation sexuelle sont organis\u00e9es de mani\u00e8re informelle entre amis ou coll\u00e8gues, p\u00e9dophiles ou non, et dans certains cas avec la participation d\u2019agents de voyage, de guides, de chauffeurs de taxi, entre autres, qui sont directement et indirectement impliqu\u00e9s.<\/p>\n<\/li>\n<\/ul>\n\t\t\t\t\t\t\t\t<\/div>\n\t\t\t\t<\/div>\n\t\t\t\t<div class=\"elementor-element elementor-element-32545 elementor-widget elementor-widget-heading\" data-id=\"32545\" data-element_type=\"widget\" data-e-type=\"widget\" data-widget_type=\"heading.default\">\n\t\t\t\t<div class=\"elementor-widget-container\">\n\t\t\t\t\t<h2 class=\"elementor-heading-title elementor-size-default\">Campagne de la Fondation Renacer<\/h2>\t\t\t\t<\/div>\n\t\t\t\t<\/div>\n\t\t\t\t<div class=\"elementor-element elementor-element-52f948d7 elementor-widget elementor-widget-video\" data-id=\"52f948d7\" data-element_type=\"widget\" data-e-type=\"widget\" data-settings=\"{&quot;youtube_url&quot;:&quot;https:\\\/\\\/youtu.be\\\/H7ggsxH1HFk&quot;,&quot;video_type&quot;:&quot;youtube&quot;,&quot;controls&quot;:&quot;yes&quot;}\" data-widget_type=\"video.default\">\n\t\t\t\t<div class=\"elementor-widget-container\">\n\t\t\t\t\t\t\t<div class=\"elementor-wrapper elementor-open-inline\">\n\t\t\t<div class=\"elementor-video\"><\/div>\t\t<\/div>\n\t\t\t\t\t\t<\/div>\n\t\t\t\t<\/div>\n\t\t\t\t<\/div>\n\t\t<div class=\"elementor-element elementor-element-66c58f2c e-con-full e-flex e-con e-child\" data-id=\"66c58f2c\" data-element_type=\"container\" data-e-type=\"container\">\n\t\t\t\t<div class=\"elementor-element elementor-element-6e2bf1cc elementor-widget elementor-widget-heading\" data-id=\"6e2bf1cc\" data-element_type=\"widget\" data-e-type=\"widget\" data-widget_type=\"heading.default\">\n\t\t\t\t<div class=\"elementor-widget-container\">\n\t\t\t\t\t<h2 class=\"elementor-heading-title elementor-size-default\"><a href=\"https:\/\/www.icbf.gov.co\/buscador\/?query=cargues%20avance%20docs%20ley%200679%202001\">Non au tourisme sexuel impliquant des enfants, article 16 de la loi 679\/2001<\/a><\/h2>\t\t\t\t<\/div>\n\t\t\t\t<\/div>\n\t\t\t\t<div class=\"elementor-element elementor-element-21500407 elementor-widget elementor-widget-image\" data-id=\"21500407\" data-element_type=\"widget\" data-e-type=\"widget\" data-widget_type=\"image.default\">\n\t\t\t\t<div class=\"elementor-widget-container\">\n\t\t\t\t\t\t\t\t\t\t\t\t\t\t\t<img fetchpriority=\"high\" decoding=\"async\" width=\"618\" height=\"1024\" src=\"https:\/\/tresorcolombien.com\/wp-content\/uploads\/2024\/11\/Ojos-en-todas-partes-618x1024.jpg\" class=\"attachment-large size-large wp-image-2428\" alt=\"\" srcset=\"https:\/\/tresorcolombien.com\/wp-content\/uploads\/2024\/11\/Ojos-en-todas-partes-618x1024.jpg 618w, https:\/\/tresorcolombien.com\/wp-content\/uploads\/2024\/11\/Ojos-en-todas-partes-600x994.jpg 600w, https:\/\/tresorcolombien.com\/wp-content\/uploads\/2024\/11\/Ojos-en-todas-partes-181x300.jpg 181w, https:\/\/tresorcolombien.com\/wp-content\/uploads\/2024\/11\/Ojos-en-todas-partes-768x1272.jpg 768w, https:\/\/tresorcolombien.com\/wp-content\/uploads\/2024\/11\/Ojos-en-todas-partes-927x1536.jpg 927w, https:\/\/tresorcolombien.com\/wp-content\/uploads\/2024\/11\/Ojos-en-todas-partes.jpg 1176w\" sizes=\"(max-width: 618px) 100vw, 618px\" \/>\t\t\t\t\t\t\t\t\t\t\t\t\t\t\t<\/div>\n\t\t\t\t<\/div>\n\t\t\t\t<\/div>\n\t\t\t\t\t<\/div>\n\t\t\t\t<\/div>\n\t\t<div class=\"elementor-element elementor-element-3607df60 e-con-full e-flex e-con e-parent\" data-id=\"3607df60\" data-element_type=\"container\" data-e-type=\"container\" data-settings=\"{&quot;background_background&quot;:&quot;classic&quot;}\">\n\t\t\t\t<div class=\"elementor-element elementor-element-71eccbfc elementor-widget elementor-widget-heading\" data-id=\"71eccbfc\" data-element_type=\"widget\" data-e-type=\"widget\" data-widget_type=\"heading.default\">\n\t\t\t\t<div class=\"elementor-widget-container\">\n\t\t\t\t\t<h2 class=\"elementor-heading-title elementor-size-default\">Racisme, discrimination, exclusion professionnelle et segmentation sociale<\/h2>\t\t\t\t<\/div>\n\t\t\t\t<\/div>\n\t\t\t\t<\/div>\n\t\t<div class=\"elementor-element elementor-element-235c324c e-flex e-con-boxed e-con e-parent\" data-id=\"235c324c\" data-element_type=\"container\" data-e-type=\"container\">\n\t\t\t\t\t<div class=\"e-con-inner\">\n\t\t<div class=\"elementor-element elementor-element-3e6f61a e-con-full e-flex e-con e-child\" data-id=\"3e6f61a\" data-element_type=\"container\" data-e-type=\"container\">\n\t\t\t\t<div class=\"elementor-element elementor-element-16f080fc elementor-widget elementor-widget-text-editor\" data-id=\"16f080fc\" data-element_type=\"widget\" data-e-type=\"widget\" data-widget_type=\"text-editor.default\">\n\t\t\t\t<div class=\"elementor-widget-container\">\n\t\t\t\t\t\t\t\t\t<p class=\"CDt4Ke zfr3Q\" dir=\"ltr\">Le tourisme est un ph\u00e9nom\u00e8ne social qui attire des millions de personnes dans le monde entier pour visiter diff\u00e9rentes parties du monde, dans de nombreux cas lors de ces rencontres entre les touristes et les communaut\u00e9s locales, un impact n\u00e9gatif est g\u00e9n\u00e9r\u00e9 par la main de comportements racistes et discriminatoires de la part de personnes qui voyagent sans respecter les conditions sociales et culturelles du site.  g\u00e9n\u00e9rant un malaise et une m\u00e9fiance chez ses habitants, ainsi que de la part du local envers le voyageur<\/p>\n\t\t\t\t\t\t\t\t<\/div>\n\t\t\t\t<\/div>\n\t\t\t\t<div class=\"elementor-element elementor-element-43e89425 elementor-widget elementor-widget-image\" data-id=\"43e89425\" data-element_type=\"widget\" data-e-type=\"widget\" data-widget_type=\"image.default\">\n\t\t\t\t<div class=\"elementor-widget-container\">\n\t\t\t\t\t\t\t\t\t\t\t\t\t\t\t<img decoding=\"async\" width=\"1024\" height=\"550\" src=\"https:\/\/tresorcolombien.com\/wp-content\/uploads\/2024\/11\/1482-legislacion-contra-racismo-1024x550.jpg\" class=\"attachment-large size-large wp-image-2431\" alt=\"\" srcset=\"https:\/\/tresorcolombien.com\/wp-content\/uploads\/2024\/11\/1482-legislacion-contra-racismo-1024x550.jpg 1024w, https:\/\/tresorcolombien.com\/wp-content\/uploads\/2024\/11\/1482-legislacion-contra-racismo-600x322.jpg 600w, https:\/\/tresorcolombien.com\/wp-content\/uploads\/2024\/11\/1482-legislacion-contra-racismo-300x161.jpg 300w, https:\/\/tresorcolombien.com\/wp-content\/uploads\/2024\/11\/1482-legislacion-contra-racismo-768x412.jpg 768w, https:\/\/tresorcolombien.com\/wp-content\/uploads\/2024\/11\/1482-legislacion-contra-racismo.jpg 1200w\" sizes=\"(max-width: 1024px) 100vw, 1024px\" \/>\t\t\t\t\t\t\t\t\t\t\t\t\t\t\t<\/div>\n\t\t\t\t<\/div>\n\t\t\t\t<\/div>\n\t\t<div class=\"elementor-element elementor-element-54b11eaa e-con-full e-flex e-con e-child\" data-id=\"54b11eaa\" data-element_type=\"container\" data-e-type=\"container\">\n\t\t\t\t<div class=\"elementor-element elementor-element-4fe891bc elementor-widget elementor-widget-heading\" data-id=\"4fe891bc\" data-element_type=\"widget\" data-e-type=\"widget\" data-widget_type=\"heading.default\">\n\t\t\t\t<div class=\"elementor-widget-container\">\n\t\t\t\t\t<h2 class=\"elementor-heading-title elementor-size-default\">Discrimination \u00e0 l\u2019\u00e9gard des personnes handicap\u00e9es<\/h2>\t\t\t\t<\/div>\n\t\t\t\t<\/div>\n\t\t\t\t<div class=\"elementor-element elementor-element-4d785ba2 elementor-widget elementor-widget-text-editor\" data-id=\"4d785ba2\" data-element_type=\"widget\" data-e-type=\"widget\" data-widget_type=\"text-editor.default\">\n\t\t\t\t<div class=\"elementor-widget-container\">\n\t\t\t\t\t\t\t\t\t<div class=\"oKdM2c ZZyype\">\n<div id=\"h.16e0b403ba6d8d18_280\" class=\"hJDwNd-AhqUyc-qWD73c Ft7HRd-AhqUyc-qWD73c jXK9ad D2fZ2 zu5uec JYTMs\">\n<div class=\"jXK9ad-SmKAyb\">\n<div class=\"tyJCtd mGzaTb Depvyb baZpAe\">\n<p class=\"CDt4Ke zfr3Q\" dir=\"ltr\"><span class=\" aw5Odc\"><a class=\"XqQF9c\" href=\"http:\/\/www.google.com\/url?q=http%3A%2F%2Fwp.presidencia.gov.co%2Fsitios%2Fnormativa%2Fleyes%2FDocuments%2FLEY%25201752%2520DEL%252003%2520DE%2520JUNIO%2520DE%25202015.pdf&amp;sa=D&amp;sntz=1&amp;usg=AOvVaw0Bh782iSmwBO7Lt-55_ek4\" target=\"_blank\" rel=\"noopener\">La loi 1752 de 2015<\/a><\/span>, de par son objectif, envisage le handicap en d\u00e9clarant qu\u2019elle vise \u00e0 \u00ab punir p\u00e9nalement les actes de discrimination fond\u00e9s sur la race, l\u2019appartenance ethnique, la religion, la nationalit\u00e9, l\u2019id\u00e9ologie politique ou philosophique, le sexe ou l\u2019orientation sexuelle, le handicap et d\u2019autres raisons de discrimination \u00bb.<\/p>\n<\/div>\n<\/div>\n<\/div>\n<\/div>\n<div class=\"oKdM2c ZZyype\">\n<div id=\"h.7c64df5018b80cf8_216\" class=\"hJDwNd-AhqUyc-qWD73c Ft7HRd-AhqUyc-qWD73c jXK9ad D2fZ2 zu5uec\">\n<div class=\"jXK9ad-SmKAyb\">\n<div class=\"tyJCtd baZpAe\"> <\/div>\n<\/div>\n<\/div>\n<\/div>\n\t\t\t\t\t\t\t\t<\/div>\n\t\t\t\t<\/div>\n\t\t\t\t<div class=\"elementor-element elementor-element-5ad9325f elementor-widget elementor-widget-image\" data-id=\"5ad9325f\" data-element_type=\"widget\" data-e-type=\"widget\" data-widget_type=\"image.default\">\n\t\t\t\t<div class=\"elementor-widget-container\">\n\t\t\t\t\t\t\t\t\t\t\t\t\t\t\t<img decoding=\"async\" width=\"1024\" height=\"576\" src=\"https:\/\/tresorcolombien.com\/wp-content\/uploads\/2024\/11\/sancion-discapacidadcolombia-1024x576.jpg\" class=\"attachment-large size-large wp-image-2434\" alt=\"\" srcset=\"https:\/\/tresorcolombien.com\/wp-content\/uploads\/2024\/11\/sancion-discapacidadcolombia-1024x576.jpg 1024w, https:\/\/tresorcolombien.com\/wp-content\/uploads\/2024\/11\/sancion-discapacidadcolombia-600x338.jpg 600w, https:\/\/tresorcolombien.com\/wp-content\/uploads\/2024\/11\/sancion-discapacidadcolombia-300x169.jpg 300w, https:\/\/tresorcolombien.com\/wp-content\/uploads\/2024\/11\/sancion-discapacidadcolombia-768x432.jpg 768w, https:\/\/tresorcolombien.com\/wp-content\/uploads\/2024\/11\/sancion-discapacidadcolombia.jpg 1280w\" sizes=\"(max-width: 1024px) 100vw, 1024px\" \/>\t\t\t\t\t\t\t\t\t\t\t\t\t\t\t<\/div>\n\t\t\t\t<\/div>\n\t\t\t\t<div class=\"elementor-element elementor-element-17b58a5f elementor-widget elementor-widget-text-editor\" data-id=\"17b58a5f\" data-element_type=\"widget\" data-e-type=\"widget\" data-widget_type=\"text-editor.default\">\n\t\t\t\t<div class=\"elementor-widget-container\">\n\t\t\t\t\t\t\t\t\t<div class=\"oKdM2c ZZyype\">\n<div id=\"h.16e0b403ba6d8d18_280\" class=\"hJDwNd-AhqUyc-qWD73c Ft7HRd-AhqUyc-qWD73c jXK9ad D2fZ2 zu5uec JYTMs\">\n<div class=\"jXK9ad-SmKAyb\">\n<div class=\"tyJCtd mGzaTb Depvyb baZpAe\">\n<p class=\"CDt4Ke zfr3Q\" dir=\"ltr\">Avec la loi 1752 de 2015, le Code p\u00e9nal dispose d\u2019un<strong> article 134A<\/strong>, qui stipule que toute personne qui entrave, entrave ou restreint arbitrairement le plein exercice des droits des personnes en raison d\u2019un handicap, encourra une peine d\u2019emprisonnement de 12 \u00e0 36 mois et une amende de 10 \u00e0 15 salaires mensuels minimums l\u00e9gaux en vigueur.<\/p>\n<p class=\"CDt4Ke zfr3Q\" dir=\"ltr\">Il a \u00e9galement incorpor\u00e9 <strong>l\u2019article 134B<\/strong> dans le Code p\u00e9nal, qui punit le harc\u00e8lement fond\u00e9 sur le handicap, en stipulant que quiconque encourage ou incite \u00e0 commettre des actes, des comportements ou des comportements constitutifs de harc\u00e8lement, visant \u00e0 causer un pr\u00e9judice physique ou moral \u00e0 une personne, \u00e0 un groupe de personnes, \u00e0 une communaut\u00e9 ou \u00e0 des personnes, sur la base du handicap, est passible d\u2019une peine d\u2019emprisonnement de 12 \u00e0 36 mois et d\u2019une amende de 10 \u00e0 15 fois le salaire mensuel minimum l\u00e9gal en vigueur.<\/p>\n<\/div>\n<\/div>\n<\/div>\n<\/div>\n\t\t\t\t\t\t\t\t<\/div>\n\t\t\t\t<\/div>\n\t\t\t\t<\/div>\n\t\t\t\t\t<\/div>\n\t\t\t\t<\/div>\n\t\t\t\t<\/div>\n\t\t","protected":false},"excerpt":{"rendered":"<p>Pr\u00e9vention des risques sociaux, discrimination et exclusion des communaut\u00e9s Exploitation sexuelle des enfants et des adolescents associ\u00e9e aux voyages et [&hellip;]<\/p>\n","protected":false},"author":1,"featured_media":0,"parent":3634,"menu_order":7,"comment_status":"closed","ping_status":"closed","template":"","meta":{"_acf_changed":false,"site-sidebar-layout":"no-sidebar","site-content-layout":"","ast-site-content-layout":"full-width-container","site-content-style":"default","site-sidebar-style":"default","ast-global-header-display":"","ast-banner-title-visibility":"","ast-main-header-display":"","ast-hfb-above-header-display":"","ast-hfb-below-header-display":"","ast-hfb-mobile-header-display":"","site-post-title":"disabled","ast-breadcrumbs-content":"","ast-featured-img":"disabled","footer-sml-layout":"","ast-disable-related-posts":"","theme-transparent-header-meta":"","adv-header-id-meta":"","stick-header-meta":"","header-above-stick-meta":"","header-main-stick-meta":"","header-below-stick-meta":"","astra-migrate-meta-layouts":"default","ast-page-background-enabled":"default","ast-page-background-meta":{"desktop":{"background-color":"var(--ast-global-color-4)","background-image":"","background-repeat":"repeat","background-position":"center center","background-size":"auto","background-attachment":"scroll","background-type":"","background-media":"","overlay-type":"","overlay-color":"","overlay-opacity":"","overlay-gradient":""},"tablet":{"background-color":"","background-image":"","background-repeat":"repeat","background-position":"center center","background-size":"auto","background-attachment":"scroll","background-type":"","background-media":"","overlay-type":"","overlay-color":"","overlay-opacity":"","overlay-gradient":""},"mobile":{"background-color":"","background-image":"","background-repeat":"repeat","background-position":"center center","background-size":"auto","background-attachment":"scroll","background-type":"","background-media":"","overlay-type":"","overlay-color":"","overlay-opacity":"","overlay-gradient":""}},"ast-content-background-meta":{"desktop":{"background-color":"var(--ast-global-color-5)","background-image":"","background-repeat":"repeat","background-position":"center center","background-size":"auto","background-attachment":"scroll","background-type":"","background-media":"","overlay-type":"","overlay-color":"","overlay-opacity":"","overlay-gradient":""},"tablet":{"background-color":"var(--ast-global-color-5)","background-image":"","background-repeat":"repeat","background-position":"center center","background-size":"auto","background-attachment":"scroll","background-type":"","background-media":"","overlay-type":"","overlay-color":"","overlay-opacity":"","overlay-gradient":""},"mobile":{"background-color":"var(--ast-global-color-5)","background-image":"","background-repeat":"repeat","background-position":"center center","background-size":"auto","background-attachment":"scroll","background-type":"","background-media":"","overlay-type":"","overlay-color":"","overlay-opacity":"","overlay-gradient":""}},"_joinchat":[],"footnotes":""},"class_list":["post-3680","page","type-page","status-publish","hentry"],"acf":[],"_links":{"self":[{"href":"https:\/\/tresorcolombien.com\/fr\/wp-json\/wp\/v2\/pages\/3680","targetHints":{"allow":["GET"]}}],"collection":[{"href":"https:\/\/tresorcolombien.com\/fr\/wp-json\/wp\/v2\/pages"}],"about":[{"href":"https:\/\/tresorcolombien.com\/fr\/wp-json\/wp\/v2\/types\/page"}],"author":[{"embeddable":true,"href":"https:\/\/tresorcolombien.com\/fr\/wp-json\/wp\/v2\/users\/1"}],"replies":[{"embeddable":true,"href":"https:\/\/tresorcolombien.com\/fr\/wp-json\/wp\/v2\/comments?post=3680"}],"version-history":[{"count":4,"href":"https:\/\/tresorcolombien.com\/fr\/wp-json\/wp\/v2\/pages\/3680\/revisions"}],"predecessor-version":[{"id":5691,"href":"https:\/\/tresorcolombien.com\/fr\/wp-json\/wp\/v2\/pages\/3680\/revisions\/5691"}],"up":[{"embeddable":true,"href":"https:\/\/tresorcolombien.com\/fr\/wp-json\/wp\/v2\/pages\/3634"}],"wp:attachment":[{"href":"https:\/\/tresorcolombien.com\/fr\/wp-json\/wp\/v2\/media?parent=3680"}],"curies":[{"name":"wp","href":"https:\/\/api.w.org\/{rel}","templated":true}]}}