{"id":3690,"date":"2024-10-22T19:00:38","date_gmt":"2024-10-23T00:00:38","guid":{"rendered":"https:\/\/tresorcolombien.com\/durabilite\/bonnes-pratiques\/"},"modified":"2025-01-30T04:34:19","modified_gmt":"2025-01-30T09:34:19","slug":"bonnes-pratiques","status":"publish","type":"page","link":"https:\/\/tresorcolombien.com\/fr\/durabilite\/bonnes-pratiques\/","title":{"rendered":"Bonnes pratiques"},"content":{"rendered":"\t\t<div data-elementor-type=\"wp-page\" data-elementor-id=\"3690\" class=\"elementor elementor-3690 elementor-51\" data-elementor-post-type=\"page\">\n\t\t\t\t<div class=\"elementor-element elementor-element-783a2978 e-con-full e-flex e-con e-parent\" data-id=\"783a2978\" data-element_type=\"container\" data-e-type=\"container\" data-settings=\"{&quot;sticky&quot;:&quot;top&quot;,&quot;sticky_offset&quot;:90,&quot;background_background&quot;:&quot;classic&quot;,&quot;sticky_on&quot;:[&quot;desktop&quot;,&quot;tablet&quot;,&quot;mobile&quot;],&quot;sticky_effects_offset&quot;:0,&quot;sticky_anchor_link_offset&quot;:0}\">\n\t\t\t\t<div class=\"elementor-element elementor-element-1bd45a0 elementor-hidden-desktop elementor-widget elementor-widget-spacer\" data-id=\"1bd45a0\" data-element_type=\"widget\" data-e-type=\"widget\" data-widget_type=\"spacer.default\">\n\t\t\t\t<div class=\"elementor-widget-container\">\n\t\t\t\t\t\t\t<div class=\"elementor-spacer\">\n\t\t\t<div class=\"elementor-spacer-inner\"><\/div>\n\t\t<\/div>\n\t\t\t\t\t\t<\/div>\n\t\t\t\t<\/div>\n\t\t\t\t<div class=\"elementor-element elementor-element-622131 elementor-nav-menu__align-center elementor-nav-menu--dropdown-tablet elementor-nav-menu__text-align-aside elementor-nav-menu--toggle elementor-nav-menu--burger elementor-widget elementor-widget-nav-menu\" data-id=\"622131\" data-element_type=\"widget\" data-e-type=\"widget\" data-settings=\"{&quot;sticky&quot;:&quot;top&quot;,&quot;sticky_offset&quot;:100,&quot;layout&quot;:&quot;horizontal&quot;,&quot;submenu_icon&quot;:{&quot;value&quot;:&quot;&lt;svg aria-hidden=\\&quot;true\\&quot; class=\\&quot;e-font-icon-svg e-fas-caret-down\\&quot; viewBox=\\&quot;0 0 320 512\\&quot; xmlns=\\&quot;http:\\\/\\\/www.w3.org\\\/2000\\\/svg\\&quot;&gt;&lt;path d=\\&quot;M31.3 192h257.3c17.8 0 26.7 21.5 14.1 34.1L174.1 354.8c-7.8 7.8-20.5 7.8-28.3 0L17.2 226.1C4.6 213.5 13.5 192 31.3 192z\\&quot;&gt;&lt;\\\/path&gt;&lt;\\\/svg&gt;&quot;,&quot;library&quot;:&quot;fa-solid&quot;},&quot;toggle&quot;:&quot;burger&quot;,&quot;sticky_on&quot;:[&quot;desktop&quot;,&quot;tablet&quot;,&quot;mobile&quot;],&quot;sticky_effects_offset&quot;:0,&quot;sticky_anchor_link_offset&quot;:0}\" data-widget_type=\"nav-menu.default\">\n\t\t\t\t<div class=\"elementor-widget-container\">\n\t\t\t\t\t\t\t\t<nav aria-label=\"Menu\" class=\"elementor-nav-menu--main elementor-nav-menu__container elementor-nav-menu--layout-horizontal e--pointer-none\">\n\t\t\t\t<ul id=\"menu-1-622131\" class=\"elementor-nav-menu\"><li class=\"menu-item menu-item-type-post_type menu-item-object-page menu-item-4099\"><a href=\"https:\/\/tresorcolombien.com\/fr\/durabilite\/risques-sociaux\/\" class=\"elementor-item menu-link\">Risques sociaux<\/a><\/li>\n<li class=\"menu-item menu-item-type-post_type menu-item-object-page menu-item-4100\"><a href=\"https:\/\/tresorcolombien.com\/fr\/durabilite\/bonnes-pratiques\/\" class=\"elementor-item menu-link\">Bonnes pratiques<\/a><\/li>\n<li class=\"menu-item menu-item-type-post_type menu-item-object-page menu-item-4101\"><a href=\"https:\/\/tresorcolombien.com\/fr\/durabilite\/formalisation-du-tourisme\/\" class=\"elementor-item menu-link\">Formalisation du tourisme<\/a><\/li>\n<li class=\"menu-item menu-item-type-post_type menu-item-object-page menu-item-4102\"><a href=\"https:\/\/tresorcolombien.com\/fr\/durabilite\/touriste-responsable\/\" class=\"elementor-item menu-link\">Touriste responsable<\/a><\/li>\n<li class=\"menu-item menu-item-type-post_type menu-item-object-page menu-item-4103\"><a href=\"https:\/\/tresorcolombien.com\/fr\/durabilite\/patrimoine-culturel\/\" class=\"elementor-item menu-link\">Patrimoine culturel<\/a><\/li>\n<li class=\"menu-item menu-item-type-post_type menu-item-object-page menu-item-4104\"><a href=\"https:\/\/tresorcolombien.com\/fr\/durabilite\/biodiversite\/\" class=\"elementor-item menu-link\">Biodiversit\u00e9<\/a><\/li>\n<li class=\"menu-item menu-item-type-post_type menu-item-object-page menu-item-4105\"><a href=\"https:\/\/tresorcolombien.com\/fr\/durabilite\/biosecurite\/\" class=\"elementor-item menu-link\">Bios\u00e9curit\u00e9<\/a><\/li>\n<\/ul>\t\t\t<\/nav>\n\t\t\t\t\t<div class=\"elementor-menu-toggle\" role=\"button\" tabindex=\"0\" aria-label=\"Permuter le menu\" aria-expanded=\"false\">\n\t\t\t<svg aria-hidden=\"true\" role=\"presentation\" class=\"elementor-menu-toggle__icon--open e-font-icon-svg e-eicon-menu-bar\" viewBox=\"0 0 1000 1000\" xmlns=\"http:\/\/www.w3.org\/2000\/svg\"><path d=\"M104 333H896C929 333 958 304 958 271S929 208 896 208H104C71 208 42 237 42 271S71 333 104 333ZM104 583H896C929 583 958 554 958 521S929 458 896 458H104C71 458 42 487 42 521S71 583 104 583ZM104 833H896C929 833 958 804 958 771S929 708 896 708H104C71 708 42 737 42 771S71 833 104 833Z\"><\/path><\/svg><svg aria-hidden=\"true\" role=\"presentation\" class=\"elementor-menu-toggle__icon--close e-font-icon-svg e-eicon-close\" viewBox=\"0 0 1000 1000\" xmlns=\"http:\/\/www.w3.org\/2000\/svg\"><path d=\"M742 167L500 408 258 167C246 154 233 150 217 150 196 150 179 158 167 167 154 179 150 196 150 212 150 229 154 242 171 254L408 500 167 742C138 771 138 800 167 829 196 858 225 858 254 829L496 587 738 829C750 842 767 846 783 846 800 846 817 842 829 829 842 817 846 804 846 783 846 767 842 750 829 737L588 500 833 258C863 229 863 200 833 171 804 137 775 137 742 167Z\"><\/path><\/svg>\t\t<\/div>\n\t\t\t\t\t<nav class=\"elementor-nav-menu--dropdown elementor-nav-menu__container\" aria-hidden=\"true\">\n\t\t\t\t<ul id=\"menu-2-622131\" class=\"elementor-nav-menu\"><li class=\"menu-item menu-item-type-post_type menu-item-object-page menu-item-4099\"><a href=\"https:\/\/tresorcolombien.com\/fr\/durabilite\/risques-sociaux\/\" class=\"elementor-item menu-link\" tabindex=\"-1\">Risques sociaux<\/a><\/li>\n<li class=\"menu-item menu-item-type-post_type menu-item-object-page menu-item-4100\"><a href=\"https:\/\/tresorcolombien.com\/fr\/durabilite\/bonnes-pratiques\/\" class=\"elementor-item menu-link\" tabindex=\"-1\">Bonnes pratiques<\/a><\/li>\n<li class=\"menu-item menu-item-type-post_type menu-item-object-page menu-item-4101\"><a href=\"https:\/\/tresorcolombien.com\/fr\/durabilite\/formalisation-du-tourisme\/\" class=\"elementor-item menu-link\" tabindex=\"-1\">Formalisation du tourisme<\/a><\/li>\n<li class=\"menu-item menu-item-type-post_type menu-item-object-page menu-item-4102\"><a href=\"https:\/\/tresorcolombien.com\/fr\/durabilite\/touriste-responsable\/\" class=\"elementor-item menu-link\" tabindex=\"-1\">Touriste responsable<\/a><\/li>\n<li class=\"menu-item menu-item-type-post_type menu-item-object-page menu-item-4103\"><a href=\"https:\/\/tresorcolombien.com\/fr\/durabilite\/patrimoine-culturel\/\" class=\"elementor-item menu-link\" tabindex=\"-1\">Patrimoine culturel<\/a><\/li>\n<li class=\"menu-item menu-item-type-post_type menu-item-object-page menu-item-4104\"><a href=\"https:\/\/tresorcolombien.com\/fr\/durabilite\/biodiversite\/\" class=\"elementor-item menu-link\" tabindex=\"-1\">Biodiversit\u00e9<\/a><\/li>\n<li class=\"menu-item menu-item-type-post_type menu-item-object-page menu-item-4105\"><a href=\"https:\/\/tresorcolombien.com\/fr\/durabilite\/biosecurite\/\" class=\"elementor-item menu-link\" tabindex=\"-1\">Bios\u00e9curit\u00e9<\/a><\/li>\n<\/ul>\t\t\t<\/nav>\n\t\t\t\t\t\t<\/div>\n\t\t\t\t<\/div>\n\t\t\t\t<\/div>\n\t\t<div class=\"elementor-element elementor-element-a65d1ff e-con-full e-flex e-con e-parent\" data-id=\"a65d1ff\" data-element_type=\"container\" data-e-type=\"container\" data-settings=\"{&quot;background_background&quot;:&quot;classic&quot;}\">\n\t\t\t\t<div class=\"elementor-element elementor-element-44e7b2ea elementor-widget elementor-widget-heading\" data-id=\"44e7b2ea\" data-element_type=\"widget\" data-e-type=\"widget\" data-widget_type=\"heading.default\">\n\t\t\t\t<div class=\"elementor-widget-container\">\n\t\t\t\t\t<h2 class=\"elementor-heading-title elementor-size-default\">BONNES PRATIQUES DU TOURISME SOLIDAIRE<\/h2>\t\t\t\t<\/div>\n\t\t\t\t<\/div>\n\t\t\t\t<\/div>\n\t\t<div class=\"elementor-element elementor-element-798f4f06 e-con-full e-flex e-con e-parent\" data-id=\"798f4f06\" data-element_type=\"container\" data-e-type=\"container\" data-settings=\"{&quot;background_background&quot;:&quot;classic&quot;}\">\n\t\t\t\t<div class=\"elementor-element elementor-element-12e72953 elementor-widget elementor-widget-heading\" data-id=\"12e72953\" data-element_type=\"widget\" data-e-type=\"widget\" data-widget_type=\"heading.default\">\n\t\t\t\t<div class=\"elementor-widget-container\">\n\t\t\t\t\t<h2 class=\"elementor-heading-title elementor-size-default\">Le tourisme et les ODS<\/h2>\t\t\t\t<\/div>\n\t\t\t\t<\/div>\n\t\t\t\t<\/div>\n\t\t<div class=\"elementor-element elementor-element-4e35ea6a e-flex e-con-boxed e-con e-parent\" data-id=\"4e35ea6a\" data-element_type=\"container\" data-e-type=\"container\">\n\t\t\t\t\t<div class=\"e-con-inner\">\n\t\t<div class=\"elementor-element elementor-element-5051b035 e-con-full e-flex e-con e-child\" data-id=\"5051b035\" data-element_type=\"container\" data-e-type=\"container\">\n\t\t\t\t<div class=\"elementor-element elementor-element-a2fc7c9 elementor-widget elementor-widget-text-editor\" data-id=\"a2fc7c9\" data-element_type=\"widget\" data-e-type=\"widget\" data-widget_type=\"text-editor.default\">\n\t\t\t\t<div class=\"elementor-widget-container\">\n\t\t\t\t\t\t\t\t\t<p>Le tourisme peut contribuer, directement ou indirectement, aux 17 ODD, mais plus encore il a un impact sur les objectifs de l\u2019objectif 8 : croissance \u00e9conomique soutenue, 12 modes de consommation et de production durables, et 14 conservation et utilisation durable des oc\u00e9ans, des mers et des ressources marines.<\/p>\n\t\t\t\t\t\t\t\t<\/div>\n\t\t\t\t<\/div>\n\t\t\t\t<\/div>\n\t\t<div class=\"elementor-element elementor-element-226816af e-con-full e-flex e-con e-child\" data-id=\"226816af\" data-element_type=\"container\" data-e-type=\"container\">\n\t\t\t\t<div class=\"elementor-element elementor-element-15556f3b elementor-widget elementor-widget-image\" data-id=\"15556f3b\" data-element_type=\"widget\" data-e-type=\"widget\" data-widget_type=\"image.default\">\n\t\t\t\t<div class=\"elementor-widget-container\">\n\t\t\t\t\t\t\t\t\t\t\t\t\t\t\t\t<a href=\"https:\/\/www.e-unwto.org\/doi\/abs\/10.18111\/9789284417766\">\n\t\t\t\t\t\t\t<img fetchpriority=\"high\" decoding=\"async\" width=\"426\" height=\"495\" src=\"https:\/\/tresorcolombien.com\/wp-content\/uploads\/2024\/11\/Turistmo-y-ODS.png\" class=\"attachment-large size-large wp-image-2383\" alt=\"\" srcset=\"https:\/\/tresorcolombien.com\/wp-content\/uploads\/2024\/11\/Turistmo-y-ODS.png 426w, https:\/\/tresorcolombien.com\/wp-content\/uploads\/2024\/11\/Turistmo-y-ODS-258x300.png 258w\" sizes=\"(max-width: 426px) 100vw, 426px\" \/>\t\t\t\t\t\t\t\t<\/a>\n\t\t\t\t\t\t\t\t\t\t\t\t\t\t\t<\/div>\n\t\t\t\t<\/div>\n\t\t\t\t<\/div>\n\t\t\t\t\t<\/div>\n\t\t\t\t<\/div>\n\t\t<div class=\"elementor-element elementor-element-5a328097 e-con-full e-flex e-con e-parent\" data-id=\"5a328097\" data-element_type=\"container\" data-e-type=\"container\" data-settings=\"{&quot;background_background&quot;:&quot;classic&quot;}\">\n\t\t\t\t<div class=\"elementor-element elementor-element-2b6dea84 elementor-widget elementor-widget-heading\" data-id=\"2b6dea84\" data-element_type=\"widget\" data-e-type=\"widget\" data-widget_type=\"heading.default\">\n\t\t\t\t<div class=\"elementor-widget-container\">\n\t\t\t\t\t<h2 class=\"elementor-heading-title elementor-size-default\">VOS ACTIONS COMPTENT<\/h2>\t\t\t\t<\/div>\n\t\t\t\t<\/div>\n\t\t\t\t<\/div>\n\t\t<div class=\"elementor-element elementor-element-37d908e e-flex e-con-boxed e-con e-parent\" data-id=\"37d908e\" data-element_type=\"container\" data-e-type=\"container\">\n\t\t\t\t\t<div class=\"e-con-inner\">\n\t\t\t\t<div class=\"elementor-element elementor-element-f3e0a1e elementor-widget elementor-widget-text-editor\" data-id=\"f3e0a1e\" data-element_type=\"widget\" data-e-type=\"widget\" data-widget_type=\"text-editor.default\">\n\t\t\t\t<div class=\"elementor-widget-container\">\n\t\t\t\t\t\t\t\t\t<ul class=\"n8H08c UVNKR\">\n<li class=\"TYR86d zfr3Q\" dir=\"ltr\">\n<p class=\"CDt4Ke zfr3Q\" dir=\"ltr\">La campagne <em>\u00ab Vos actions comptent : soyez un voyageur responsable \u00bb<\/em> vise \u00e0 sensibiliser les touristes du monde entier \u00e0 la fa\u00e7on dont ils peuvent contribuer \u00e0 la lutte contre la contrebande, en leur faisant mieux comprendre les implications criminelles consid\u00e9rables qui peuvent se cacher derri\u00e8re certaines d\u00e9cisions prises au cours d\u2019un voyage.<\/p>\n<\/li>\n<li class=\"TYR86d zfr3Q\" dir=\"ltr\">\n<p class=\"CDt4Ke zfr3Q\" dir=\"ltr\">Avec plus d\u2019un milliard de touristes qui parcourent le monde chaque ann\u00e9e, le secteur du tourisme doit reconna\u00eetre son \u00e9norme potentiel de changement.<\/p>\n<\/li>\n<li class=\"TYR86d zfr3Q\" dir=\"ltr\">\n<p class=\"CDt4Ke zfr3Q\" dir=\"ltr\">Il contribue \u00e0 la lutte contre les trafics illicites. Rejoignez notre campagne. <\/p>\n<\/li>\n<\/ul>\n\t\t\t\t\t\t\t\t<\/div>\n\t\t\t\t<\/div>\n\t\t\t\t<div class=\"elementor-element elementor-element-19d8ec3c elementor-widget elementor-widget-image\" data-id=\"19d8ec3c\" data-element_type=\"widget\" data-e-type=\"widget\" data-widget_type=\"image.default\">\n\t\t\t\t<div class=\"elementor-widget-container\">\n\t\t\t\t\t\t\t\t\t\t\t\t\t\t\t\t<a href=\"https:\/\/bearesponsibletraveller.org\/es.html\">\n\t\t\t\t\t\t\t<img decoding=\"async\" width=\"1020\" height=\"582\" src=\"https:\/\/tresorcolombien.com\/wp-content\/uploads\/2024\/11\/tus-acciones-cuentan-viajero.jpg\" class=\"attachment-large size-large wp-image-2386\" alt=\"\" srcset=\"https:\/\/tresorcolombien.com\/wp-content\/uploads\/2024\/11\/tus-acciones-cuentan-viajero.jpg 1020w, https:\/\/tresorcolombien.com\/wp-content\/uploads\/2024\/11\/tus-acciones-cuentan-viajero-600x342.jpg 600w, https:\/\/tresorcolombien.com\/wp-content\/uploads\/2024\/11\/tus-acciones-cuentan-viajero-300x171.jpg 300w, https:\/\/tresorcolombien.com\/wp-content\/uploads\/2024\/11\/tus-acciones-cuentan-viajero-768x438.jpg 768w\" sizes=\"(max-width: 1020px) 100vw, 1020px\" \/>\t\t\t\t\t\t\t\t<\/a>\n\t\t\t\t\t\t\t\t\t\t\t\t\t\t\t<\/div>\n\t\t\t\t<\/div>\n\t\t\t\t\t<\/div>\n\t\t\t\t<\/div>\n\t\t<div class=\"elementor-element elementor-element-5418985f e-con-full e-flex e-con e-parent\" data-id=\"5418985f\" data-element_type=\"container\" data-e-type=\"container\" data-settings=\"{&quot;background_background&quot;:&quot;classic&quot;}\">\n\t\t\t\t<div class=\"elementor-element elementor-element-219c3cef elementor-widget elementor-widget-heading\" data-id=\"219c3cef\" data-element_type=\"widget\" data-e-type=\"widget\" data-widget_type=\"heading.default\">\n\t\t\t\t<div class=\"elementor-widget-container\">\n\t\t\t\t\t<h2 class=\"elementor-heading-title elementor-size-default\">CODE MONDIAL D\u2019\u00c9THIQUE DU TOURISME<\/h2>\t\t\t\t<\/div>\n\t\t\t\t<\/div>\n\t\t\t\t<\/div>\n\t\t<div class=\"elementor-element elementor-element-5ea9a46a e-flex e-con-boxed e-con e-parent\" data-id=\"5ea9a46a\" data-element_type=\"container\" data-e-type=\"container\">\n\t\t\t\t\t<div class=\"e-con-inner\">\n\t\t<div class=\"elementor-element elementor-element-4227b6d4 e-con-full e-flex e-con e-child\" data-id=\"4227b6d4\" data-element_type=\"container\" data-e-type=\"container\">\n\t\t\t\t<div class=\"elementor-element elementor-element-2ef53f4e elementor-widget elementor-widget-text-editor\" data-id=\"2ef53f4e\" data-element_type=\"widget\" data-e-type=\"widget\" data-widget_type=\"text-editor.default\">\n\t\t\t\t<div class=\"elementor-widget-container\">\n\t\t\t\t\t\t\t\t\t<p>Cadre de r\u00e9f\u00e9rence fondamental pour un tourisme responsable et durable, <strong>le Code mondial d\u2019\u00e9thique du tourisme<\/strong> est un ensemble complet de principes destin\u00e9s \u00e0 guider les acteurs cl\u00e9s du d\u00e9veloppement du tourisme.<br \/>\nDestin\u00e9 aux gouvernements, aux entreprises touristiques, aux communaut\u00e9s et aux touristes, il vise \u00e0 maximiser les avantages du secteur, tout en minimisant ses cons\u00e9quences n\u00e9gatives potentielles pour l\u2019environnement, le patrimoine culturel et les soci\u00e9t\u00e9s du monde entier. <\/p>\n\t\t\t\t\t\t\t\t<\/div>\n\t\t\t\t<\/div>\n\t\t\t\t<\/div>\n\t\t<div class=\"elementor-element elementor-element-5a22e65d e-con-full e-flex e-con e-child\" data-id=\"5a22e65d\" data-element_type=\"container\" data-e-type=\"container\">\n\t\t\t\t<div class=\"elementor-element elementor-element-11cd8cdd elementor-widget elementor-widget-image\" data-id=\"11cd8cdd\" data-element_type=\"widget\" data-e-type=\"widget\" data-widget_type=\"image.default\">\n\t\t\t\t<div class=\"elementor-widget-container\">\n\t\t\t\t\t\t\t\t\t\t\t\t\t\t\t\t<a href=\"https:\/\/webunwto.s3.eu-west-1.amazonaws.com\/s3fs-public\/2019-10\/gcetpassportglobalcodees.pdf\">\n\t\t\t\t\t\t\t<img decoding=\"async\" width=\"408\" height=\"615\" src=\"https:\/\/tresorcolombien.com\/wp-content\/uploads\/2024\/11\/OMT.png\" class=\"attachment-large size-large wp-image-2389\" alt=\"\" srcset=\"https:\/\/tresorcolombien.com\/wp-content\/uploads\/2024\/11\/OMT.png 408w, https:\/\/tresorcolombien.com\/wp-content\/uploads\/2024\/11\/OMT-199x300.png 199w\" sizes=\"(max-width: 408px) 100vw, 408px\" \/>\t\t\t\t\t\t\t\t<\/a>\n\t\t\t\t\t\t\t\t\t\t\t\t\t\t\t<\/div>\n\t\t\t\t<\/div>\n\t\t\t\t<\/div>\n\t\t\t\t\t<\/div>\n\t\t\t\t<\/div>\n\t\t\t\t<\/div>\n\t\t","protected":false},"excerpt":{"rendered":"<p>BONNES PRATIQUES DU TOURISME SOLIDAIRE Le tourisme et les ODS Le tourisme peut contribuer, directement ou indirectement, aux 17 ODD, [&hellip;]<\/p>\n","protected":false},"author":1,"featured_media":0,"parent":3634,"menu_order":6,"comment_status":"closed","ping_status":"closed","template":"","meta":{"_acf_changed":false,"site-sidebar-layout":"no-sidebar","site-content-layout":"","ast-site-content-layout":"full-width-container","site-content-style":"default","site-sidebar-style":"default","ast-global-header-display":"","ast-banner-title-visibility":"","ast-main-header-display":"","ast-hfb-above-header-display":"","ast-hfb-below-header-display":"","ast-hfb-mobile-header-display":"","site-post-title":"disabled","ast-breadcrumbs-content":"","ast-featured-img":"disabled","footer-sml-layout":"","ast-disable-related-posts":"","theme-transparent-header-meta":"","adv-header-id-meta":"","stick-header-meta":"","header-above-stick-meta":"","header-main-stick-meta":"","header-below-stick-meta":"","astra-migrate-meta-layouts":"default","ast-page-background-enabled":"default","ast-page-background-meta":{"desktop":{"background-color":"var(--ast-global-color-4)","background-image":"","background-repeat":"repeat","background-position":"center center","background-size":"auto","background-attachment":"scroll","background-type":"","background-media":"","overlay-type":"","overlay-color":"","overlay-opacity":"","overlay-gradient":""},"tablet":{"background-color":"","background-image":"","background-repeat":"repeat","background-position":"center center","background-size":"auto","background-attachment":"scroll","background-type":"","background-media":"","overlay-type":"","overlay-color":"","overlay-opacity":"","overlay-gradient":""},"mobile":{"background-color":"","background-image":"","background-repeat":"repeat","background-position":"center center","background-size":"auto","background-attachment":"scroll","background-type":"","background-media":"","overlay-type":"","overlay-color":"","overlay-opacity":"","overlay-gradient":""}},"ast-content-background-meta":{"desktop":{"background-color":"var(--ast-global-color-5)","background-image":"","background-repeat":"repeat","background-position":"center center","background-size":"auto","background-attachment":"scroll","background-type":"","background-media":"","overlay-type":"","overlay-color":"","overlay-opacity":"","overlay-gradient":""},"tablet":{"background-color":"var(--ast-global-color-5)","background-image":"","background-repeat":"repeat","background-position":"center center","background-size":"auto","background-attachment":"scroll","background-type":"","background-media":"","overlay-type":"","overlay-color":"","overlay-opacity":"","overlay-gradient":""},"mobile":{"background-color":"var(--ast-global-color-5)","background-image":"","background-repeat":"repeat","background-position":"center center","background-size":"auto","background-attachment":"scroll","background-type":"","background-media":"","overlay-type":"","overlay-color":"","overlay-opacity":"","overlay-gradient":""}},"_joinchat":[],"footnotes":""},"class_list":["post-3690","page","type-page","status-publish","hentry"],"acf":[],"_links":{"self":[{"href":"https:\/\/tresorcolombien.com\/fr\/wp-json\/wp\/v2\/pages\/3690","targetHints":{"allow":["GET"]}}],"collection":[{"href":"https:\/\/tresorcolombien.com\/fr\/wp-json\/wp\/v2\/pages"}],"about":[{"href":"https:\/\/tresorcolombien.com\/fr\/wp-json\/wp\/v2\/types\/page"}],"author":[{"embeddable":true,"href":"https:\/\/tresorcolombien.com\/fr\/wp-json\/wp\/v2\/users\/1"}],"replies":[{"embeddable":true,"href":"https:\/\/tresorcolombien.com\/fr\/wp-json\/wp\/v2\/comments?post=3690"}],"version-history":[{"count":4,"href":"https:\/\/tresorcolombien.com\/fr\/wp-json\/wp\/v2\/pages\/3690\/revisions"}],"predecessor-version":[{"id":5684,"href":"https:\/\/tresorcolombien.com\/fr\/wp-json\/wp\/v2\/pages\/3690\/revisions\/5684"}],"up":[{"embeddable":true,"href":"https:\/\/tresorcolombien.com\/fr\/wp-json\/wp\/v2\/pages\/3634"}],"wp:attachment":[{"href":"https:\/\/tresorcolombien.com\/fr\/wp-json\/wp\/v2\/media?parent=3690"}],"curies":[{"name":"wp","href":"https:\/\/api.w.org\/{rel}","templated":true}]}}