{"id":4726,"date":"2024-11-29T03:20:20","date_gmt":"2024-11-29T08:20:20","guid":{"rendered":"https:\/\/tresorcolombien.com\/producto\/coeur-de-tortue4-jours-3-nuits\/"},"modified":"2025-01-10T13:13:42","modified_gmt":"2025-01-10T18:13:42","slug":"coeur-de-tortue4-jours-3-nuits","status":"publish","type":"product","link":"https:\/\/tresorcolombien.com\/fr\/producto\/coeur-de-tortue4-jours-3-nuits\/","title":{"rendered":"C\u0152UR DE TORTUE<br>4 JOURS \/ 3 NUITS<\/br>"},"content":{"rendered":"<p>Le Pacifique colombien cache l\u2019un des tr\u00e9sors les plus exotiques du territoire national. Entre octobre et d\u00e9cembre de chaque ann\u00e9e, la c\u00f4te pacifique colombienne est le th\u00e9\u00e2tre de la lib\u00e9ration de tortues sur les plages de Bah\u00eda Solano pour contribuer \u00e0 la conservation de cette esp\u00e8ce marine class\u00e9e comme en voie de disparition. En plus de vivre une exp\u00e9rience unique au sein de la for\u00eat tropicale, vous pouvez \u00eatre un participant familial dans cette aventure inoubliable. Activit\u00e9 id\u00e9ale pour les adultes et les enfants, vous ne pouvez pas la manquer !   <\/p>\n","protected":false},"excerpt":{"rendered":"<p><strong>INCLUS : <\/strong>H\u00e9bergement avec petit-d\u00e9jeuner inclus D\u00e9jeuners et d\u00eeners Transferts terrestres Excursion d&rsquo;observation des tortues en p\u00e9riode de nidification Patrouille nocturne des tortues Visite du projet de conservation des tortues Taxe dans la baie de Solano Taxe de s\u00e9jour Assurance de voyage <strong>NON INCLUS : <\/strong>Guide permanent D\u00e9penses non sp\u00e9cifi\u00e9es dans le programme Vols int\u00e9rieurs aller-retour Bogot\u00e1-Bah\u00eda Solano-Bogot\u00e1<\/p>\n","protected":false},"featured_media":3559,"template":"","meta":{"_acf_changed":false,"site-sidebar-layout":"default","site-content-layout":"","ast-site-content-layout":"default","site-content-style":"default","site-sidebar-style":"default","ast-global-header-display":"","ast-banner-title-visibility":"","ast-main-header-display":"","ast-hfb-above-header-display":"","ast-hfb-below-header-display":"","ast-hfb-mobile-header-display":"","site-post-title":"","ast-breadcrumbs-content":"","ast-featured-img":"","footer-sml-layout":"","ast-disable-related-posts":"","theme-transparent-header-meta":"default","adv-header-id-meta":"","stick-header-meta":"","header-above-stick-meta":"","header-main-stick-meta":"","header-below-stick-meta":"","astra-migrate-meta-layouts":"default","ast-page-background-enabled":"default","ast-page-background-meta":{"desktop":{"background-color":"var(--ast-global-color-4)","background-image":"","background-repeat":"repeat","background-position":"center center","background-size":"auto","background-attachment":"scroll","background-type":"","background-media":"","overlay-type":"","overlay-color":"","overlay-opacity":"","overlay-gradient":""},"tablet":{"background-color":"","background-image":"","background-repeat":"repeat","background-position":"center center","background-size":"auto","background-attachment":"scroll","background-type":"","background-media":"","overlay-type":"","overlay-color":"","overlay-opacity":"","overlay-gradient":""},"mobile":{"background-color":"","background-image":"","background-repeat":"repeat","background-position":"center center","background-size":"auto","background-attachment":"scroll","background-type":"","background-media":"","overlay-type":"","overlay-color":"","overlay-opacity":"","overlay-gradient":""}},"ast-content-background-meta":{"desktop":{"background-color":"var(--ast-global-color-5)","background-image":"","background-repeat":"repeat","background-position":"center center","background-size":"auto","background-attachment":"scroll","background-type":"","background-media":"","overlay-type":"","overlay-color":"","overlay-opacity":"","overlay-gradient":""},"tablet":{"background-color":"var(--ast-global-color-5)","background-image":"","background-repeat":"repeat","background-position":"center center","background-size":"auto","background-attachment":"scroll","background-type":"","background-media":"","overlay-type":"","overlay-color":"","overlay-opacity":"","overlay-gradient":""},"mobile":{"background-color":"var(--ast-global-color-5)","background-image":"","background-repeat":"repeat","background-position":"center center","background-size":"auto","background-attachment":"scroll","background-type":"","background-media":"","overlay-type":"","overlay-color":"","overlay-opacity":"","overlay-gradient":""}},"_joinchat":[]},"product_brand":[],"product_cat":[289],"product_tag":[421,430,433,442],"class_list":{"0":"post-4726","1":"product","2":"type-product","3":"status-publish","4":"has-post-thumbnail","6":"product_cat-destinations-exotiques","7":"product_tag-aventure","8":"product_tag-famille","9":"product_tag-faune","10":"product_tag-nature-fr","11":"desktop-align-left","12":"tablet-align-left","13":"mobile-align-left","15":"first","16":"instock","17":"shipping-taxable","18":"purchasable","19":"product-type-simple"},"acf":[],"_links":{"self":[{"href":"https:\/\/tresorcolombien.com\/fr\/wp-json\/wp\/v2\/product\/4726","targetHints":{"allow":["GET"]}}],"collection":[{"href":"https:\/\/tresorcolombien.com\/fr\/wp-json\/wp\/v2\/product"}],"about":[{"href":"https:\/\/tresorcolombien.com\/fr\/wp-json\/wp\/v2\/types\/product"}],"version-history":[{"count":1,"href":"https:\/\/tresorcolombien.com\/fr\/wp-json\/wp\/v2\/product\/4726\/revisions"}],"predecessor-version":[{"id":5322,"href":"https:\/\/tresorcolombien.com\/fr\/wp-json\/wp\/v2\/product\/4726\/revisions\/5322"}],"wp:featuredmedia":[{"embeddable":true,"href":"https:\/\/tresorcolombien.com\/fr\/wp-json\/wp\/v2\/media\/3559"}],"wp:attachment":[{"href":"https:\/\/tresorcolombien.com\/fr\/wp-json\/wp\/v2\/media?parent=4726"}],"wp:term":[{"taxonomy":"product_brand","embeddable":true,"href":"https:\/\/tresorcolombien.com\/fr\/wp-json\/wp\/v2\/product_brand?post=4726"},{"taxonomy":"product_cat","embeddable":true,"href":"https:\/\/tresorcolombien.com\/fr\/wp-json\/wp\/v2\/product_cat?post=4726"},{"taxonomy":"product_tag","embeddable":true,"href":"https:\/\/tresorcolombien.com\/fr\/wp-json\/wp\/v2\/product_tag?post=4726"}],"curies":[{"name":"wp","href":"https:\/\/api.w.org\/{rel}","templated":true}]}}