{"id":4727,"date":"2024-11-29T03:13:03","date_gmt":"2024-11-29T08:13:03","guid":{"rendered":"https:\/\/tresorcolombien.com\/producto\/tresor-amazonien-6-jours-5-nuits\/"},"modified":"2025-01-10T13:36:57","modified_gmt":"2025-01-10T18:36:57","slug":"tresor-amazonien-6-jours-5-nuits","status":"publish","type":"product","link":"https:\/\/tresorcolombien.com\/fr\/producto\/tresor-amazonien-6-jours-5-nuits\/","title":{"rendered":"TR\u00c9SOR AMAZONIEN &#8211; 6 JOURS \/ 5 NUITS"},"content":{"rendered":"<p>Vous \u00eates \u00e0 la recherche d\u2019une destination pleine de nature, loin de la vie quotidienne et o\u00f9 vous vous consacrez \u00e0 l\u2019aventure et \u00e0 la d\u00e9couverte de la faune exotique ? Cette exp\u00e9rience est id\u00e9ale pour vous et votre famille. Il vous permettra de vous connecter avec la nature, de naviguer sur le fleuve Amazone en hors-bord pour pouvoir atteindre chaque site touristique. Visitez des r\u00e9serves naturelles prot\u00e9g\u00e9es avec des paysages incroyables \u00e0 l\u2019int\u00e9rieur de la jungle tropicale. Cohabiter avec une faune et une flore exotiques dans lesquelles il y a une grande concentration d\u2019amphibiens, d\u2019oiseaux et de mammif\u00e8res. Les r\u00e9serves naturelles que nous visiterons sont un lieu unique pour partager avec les communaut\u00e9s autochtones et apprendre des connaissances ancestrales, profiter d\u2019une promenade \u00e9cologique et participer \u00e0 un atelier d\u2019artisanat. Un moment incontournable est de partager avec les Toninas, connus localement sous le nom de dauphins roses dans le lac de Tarapoto. Un plan id\u00e9al \u00e0 partager en famille.<\/p>\n","protected":false},"excerpt":{"rendered":"<p><strong>INCLUS:<br \/>\n<\/strong>H\u00e9bergement (1 nuit \u00e0 Leticia, autres dans la r\u00e9serve naturelle)<br \/>\nRepas complets du d\u00eener du premier jour au petit-d\u00e9jeuner du dernier jour.<br \/>\nRandonn\u00e9e sur l&rsquo;ile de la fantasie<br \/>\nVisite de la r\u00e9serve naturelle du P\u00e9rou.<br \/>\nP\u00eache, cano\u00eb, observation de la faune et promenades dans la jungle.<br \/>\nVisite de l\u2019\u00eele aux singes.<br \/>\nVisite des lacs de Correos.<br \/>\nVisite et partage avec la communaut\u00e9 autochtone.<br \/>\nObservation des dauphins roses.<br \/>\nNavigation sur le fleuve Amazone.<br \/>\nVisite en Islande, population de bois p\u00e9ruvienne.<br \/>\nGuide local en visites.<br \/>\nTransferts fluviaux et terrestres.<br \/>\nAssurance voyage.<br \/>\n<strong>NON INCLUS:<br \/>\n<\/strong>D\u00e9penses non sp\u00e9cifi\u00e9es dans le programme.<br \/>\nVols int\u00e9rieurs.<\/p>\n","protected":false},"featured_media":3535,"template":"","meta":{"_acf_changed":false,"site-sidebar-layout":"default","site-content-layout":"","ast-site-content-layout":"default","site-content-style":"default","site-sidebar-style":"default","ast-global-header-display":"","ast-banner-title-visibility":"","ast-main-header-display":"","ast-hfb-above-header-display":"","ast-hfb-below-header-display":"","ast-hfb-mobile-header-display":"","site-post-title":"","ast-breadcrumbs-content":"","ast-featured-img":"","footer-sml-layout":"","ast-disable-related-posts":"","theme-transparent-header-meta":"default","adv-header-id-meta":"","stick-header-meta":"","header-above-stick-meta":"","header-main-stick-meta":"","header-below-stick-meta":"","astra-migrate-meta-layouts":"default","ast-page-background-enabled":"default","ast-page-background-meta":{"desktop":{"background-color":"var(--ast-global-color-4)","background-image":"","background-repeat":"repeat","background-position":"center center","background-size":"auto","background-attachment":"scroll","background-type":"","background-media":"","overlay-type":"","overlay-color":"","overlay-opacity":"","overlay-gradient":""},"tablet":{"background-color":"","background-image":"","background-repeat":"repeat","background-position":"center center","background-size":"auto","background-attachment":"scroll","background-type":"","background-media":"","overlay-type":"","overlay-color":"","overlay-opacity":"","overlay-gradient":""},"mobile":{"background-color":"","background-image":"","background-repeat":"repeat","background-position":"center center","background-size":"auto","background-attachment":"scroll","background-type":"","background-media":"","overlay-type":"","overlay-color":"","overlay-opacity":"","overlay-gradient":""}},"ast-content-background-meta":{"desktop":{"background-color":"var(--ast-global-color-5)","background-image":"","background-repeat":"repeat","background-position":"center center","background-size":"auto","background-attachment":"scroll","background-type":"","background-media":"","overlay-type":"","overlay-color":"","overlay-opacity":"","overlay-gradient":""},"tablet":{"background-color":"var(--ast-global-color-5)","background-image":"","background-repeat":"repeat","background-position":"center center","background-size":"auto","background-attachment":"scroll","background-type":"","background-media":"","overlay-type":"","overlay-color":"","overlay-opacity":"","overlay-gradient":""},"mobile":{"background-color":"var(--ast-global-color-5)","background-image":"","background-repeat":"repeat","background-position":"center center","background-size":"auto","background-attachment":"scroll","background-type":"","background-media":"","overlay-type":"","overlay-color":"","overlay-opacity":"","overlay-gradient":""}},"_joinchat":[]},"product_brand":[],"product_cat":[289],"product_tag":[421,433,442],"class_list":{"0":"post-4727","1":"product","2":"type-product","3":"status-publish","4":"has-post-thumbnail","6":"product_cat-destinations-exotiques","7":"product_tag-aventure","8":"product_tag-faune","9":"product_tag-nature-fr","10":"desktop-align-left","11":"tablet-align-left","12":"mobile-align-left","14":"first","15":"instock","16":"shipping-taxable","17":"purchasable","18":"product-type-simple"},"acf":[],"_links":{"self":[{"href":"https:\/\/tresorcolombien.com\/fr\/wp-json\/wp\/v2\/product\/4727","targetHints":{"allow":["GET"]}}],"collection":[{"href":"https:\/\/tresorcolombien.com\/fr\/wp-json\/wp\/v2\/product"}],"about":[{"href":"https:\/\/tresorcolombien.com\/fr\/wp-json\/wp\/v2\/types\/product"}],"version-history":[{"count":2,"href":"https:\/\/tresorcolombien.com\/fr\/wp-json\/wp\/v2\/product\/4727\/revisions"}],"predecessor-version":[{"id":5325,"href":"https:\/\/tresorcolombien.com\/fr\/wp-json\/wp\/v2\/product\/4727\/revisions\/5325"}],"wp:featuredmedia":[{"embeddable":true,"href":"https:\/\/tresorcolombien.com\/fr\/wp-json\/wp\/v2\/media\/3535"}],"wp:attachment":[{"href":"https:\/\/tresorcolombien.com\/fr\/wp-json\/wp\/v2\/media?parent=4727"}],"wp:term":[{"taxonomy":"product_brand","embeddable":true,"href":"https:\/\/tresorcolombien.com\/fr\/wp-json\/wp\/v2\/product_brand?post=4727"},{"taxonomy":"product_cat","embeddable":true,"href":"https:\/\/tresorcolombien.com\/fr\/wp-json\/wp\/v2\/product_cat?post=4727"},{"taxonomy":"product_tag","embeddable":true,"href":"https:\/\/tresorcolombien.com\/fr\/wp-json\/wp\/v2\/product_tag?post=4727"}],"curies":[{"name":"wp","href":"https:\/\/api.w.org\/{rel}","templated":true}]}}