{"id":4728,"date":"2024-11-13T16:22:30","date_gmt":"2024-11-13T21:22:30","guid":{"rendered":"https:\/\/tresorcolombien.com\/producto\/villages-de-charme\/"},"modified":"2025-01-10T15:38:49","modified_gmt":"2025-01-10T20:38:49","slug":"villages-de-charme","status":"publish","type":"product","link":"https:\/\/tresorcolombien.com\/fr\/producto\/villages-de-charme\/","title":{"rendered":"Villages de charme"},"content":{"rendered":"<p>Villages de charme.  <span style=\"font-weight: 400;\">Cette exp\u00e9rience commence par la randonn\u00e9e \u00e0 travers la luxuriante vall\u00e9e de Cocora, des palmiers g\u00e9ants qui forment ce magnifique paysage naturel qui abrite l\u2019arbre national de la Colombie. Nous continuerons avec une visite de la charmante ville de Filandia, visiterons la place principale et la paroisse de Marie Immacul\u00e9e Conception, une ville qui a inspir\u00e9 le film Disney ENCANTO. <\/span><\/p>\n<p><span style=\"font-weight: 400;\">Randonn\u00e9e jusqu\u2019au point de vue de la colline de 27 m\u00e8tres de haut, qui vous permet d\u2019appr\u00e9cier le c\u00e9l\u00e8bre paysage culturel du caf\u00e9.<\/span><\/p>\n<p><span style=\"font-weight: 400;\">Retour au Salento, visite de la ville, de la place principale et de l\u2019\u00e9glise de Notre-Dame du Carmen. Visite du point de vue pour contempler l\u2019organisation de la ville color\u00e9e de Salento, nous descendrons dans la rue royale pour d\u00e9couvrir les charmantes rues \u00e0 l\u2019architecture quindienne.   <\/span><\/p>\n","protected":false},"excerpt":{"rendered":"<p><strong>INCLUS:<\/strong><\/p>\n<p><span style=\"font-weight: 400;\">Visite guid\u00e9e des charmants villages.<br \/>\n<\/span><span style=\"font-weight: 400;\">Visite de la vall\u00e9e de Cocora.<br \/>\n<\/span><span style=\"font-weight: 400;\">Guide d\u2019accueil hispanophone.<br \/>\n<\/span><span style=\"font-weight: 400;\">Snacks<br \/>\n<\/span><span style=\"font-weight: 400;\">Transport aller-retour depuis le Salento.<br \/>\n<\/span><span style=\"font-weight: 400;\">Assurance voyage.<\/span><\/p>\n<p><strong> NON INCLUS: <\/strong><\/p>\n<p><span style=\"font-weight: 400;\">D\u00e9penses non sp\u00e9cifi\u00e9es dans le programme.<\/span><\/p>\n","protected":false},"featured_media":3376,"template":"","meta":{"_acf_changed":false,"site-sidebar-layout":"default","site-content-layout":"","ast-site-content-layout":"default","site-content-style":"default","site-sidebar-style":"default","ast-global-header-display":"","ast-banner-title-visibility":"","ast-main-header-display":"","ast-hfb-above-header-display":"","ast-hfb-below-header-display":"","ast-hfb-mobile-header-display":"","site-post-title":"","ast-breadcrumbs-content":"","ast-featured-img":"","footer-sml-layout":"","ast-disable-related-posts":"","theme-transparent-header-meta":"default","adv-header-id-meta":"","stick-header-meta":"","header-above-stick-meta":"","header-main-stick-meta":"","header-below-stick-meta":"","astra-migrate-meta-layouts":"default","ast-page-background-enabled":"default","ast-page-background-meta":{"desktop":{"background-color":"var(--ast-global-color-4)","background-image":"","background-repeat":"repeat","background-position":"center center","background-size":"auto","background-attachment":"scroll","background-type":"","background-media":"","overlay-type":"","overlay-color":"","overlay-opacity":"","overlay-gradient":""},"tablet":{"background-color":"","background-image":"","background-repeat":"repeat","background-position":"center center","background-size":"auto","background-attachment":"scroll","background-type":"","background-media":"","overlay-type":"","overlay-color":"","overlay-opacity":"","overlay-gradient":""},"mobile":{"background-color":"","background-image":"","background-repeat":"repeat","background-position":"center center","background-size":"auto","background-attachment":"scroll","background-type":"","background-media":"","overlay-type":"","overlay-color":"","overlay-opacity":"","overlay-gradient":""}},"ast-content-background-meta":{"desktop":{"background-color":"var(--ast-global-color-5)","background-image":"","background-repeat":"repeat","background-position":"center center","background-size":"auto","background-attachment":"scroll","background-type":"","background-media":"","overlay-type":"","overlay-color":"","overlay-opacity":"","overlay-gradient":""},"tablet":{"background-color":"var(--ast-global-color-5)","background-image":"","background-repeat":"repeat","background-position":"center center","background-size":"auto","background-attachment":"scroll","background-type":"","background-media":"","overlay-type":"","overlay-color":"","overlay-opacity":"","overlay-gradient":""},"mobile":{"background-color":"var(--ast-global-color-5)","background-image":"","background-repeat":"repeat","background-position":"center center","background-size":"auto","background-attachment":"scroll","background-type":"","background-media":"","overlay-type":"","overlay-color":"","overlay-opacity":"","overlay-gradient":""}},"_joinchat":[]},"product_brand":[],"product_cat":[275,335],"product_tag":[],"class_list":{"0":"post-4728","1":"product","2":"type-product","3":"status-publish","4":"has-post-thumbnail","6":"product_cat-cafe","7":"product_cat-villages-de-charme","8":"desktop-align-left","9":"tablet-align-left","10":"mobile-align-left","12":"first","13":"instock","14":"shipping-taxable","15":"purchasable","16":"product-type-simple"},"acf":[],"_links":{"self":[{"href":"https:\/\/tresorcolombien.com\/fr\/wp-json\/wp\/v2\/product\/4728","targetHints":{"allow":["GET"]}}],"collection":[{"href":"https:\/\/tresorcolombien.com\/fr\/wp-json\/wp\/v2\/product"}],"about":[{"href":"https:\/\/tresorcolombien.com\/fr\/wp-json\/wp\/v2\/types\/product"}],"version-history":[{"count":2,"href":"https:\/\/tresorcolombien.com\/fr\/wp-json\/wp\/v2\/product\/4728\/revisions"}],"predecessor-version":[{"id":5339,"href":"https:\/\/tresorcolombien.com\/fr\/wp-json\/wp\/v2\/product\/4728\/revisions\/5339"}],"wp:featuredmedia":[{"embeddable":true,"href":"https:\/\/tresorcolombien.com\/fr\/wp-json\/wp\/v2\/media\/3376"}],"wp:attachment":[{"href":"https:\/\/tresorcolombien.com\/fr\/wp-json\/wp\/v2\/media?parent=4728"}],"wp:term":[{"taxonomy":"product_brand","embeddable":true,"href":"https:\/\/tresorcolombien.com\/fr\/wp-json\/wp\/v2\/product_brand?post=4728"},{"taxonomy":"product_cat","embeddable":true,"href":"https:\/\/tresorcolombien.com\/fr\/wp-json\/wp\/v2\/product_cat?post=4728"},{"taxonomy":"product_tag","embeddable":true,"href":"https:\/\/tresorcolombien.com\/fr\/wp-json\/wp\/v2\/product_tag?post=4728"}],"curies":[{"name":"wp","href":"https:\/\/api.w.org\/{rel}","templated":true}]}}