{"id":4731,"date":"2024-11-13T16:22:46","date_gmt":"2024-11-13T21:22:46","guid":{"rendered":"https:\/\/tresorcolombien.com\/producto\/a-la-decouverte-de-la-vallee-de-cocora\/"},"modified":"2025-01-10T14:41:55","modified_gmt":"2025-01-10T19:41:55","slug":"a-la-decouverte-de-la-vallee-de-cocora","status":"publish","type":"product","link":"https:\/\/tresorcolombien.com\/fr\/producto\/a-la-decouverte-de-la-vallee-de-cocora\/","title":{"rendered":"\u00c0 la d\u00e9couverte de la vall\u00e9e de Cocora"},"content":{"rendered":"<p>\u00c0 la d\u00e9couverte de la vall\u00e9e de Cocora.  <span style=\"font-weight: 400;\">Profitez d\u2019une randonn\u00e9e \u00e9cologique \u00e0 travers la luxuriante vall\u00e9e de palmiers g\u00e9ants qui forment ce magnifique paysage naturel qui abrite l\u2019arbre national de la Colombie. Le palmier de cire est le plus grand du monde qui ne pousse pas pr\u00e8s de la mer, il peut mesurer jusqu\u2019\u00e0 70 m\u00e8tres et fait de cette vall\u00e9e l\u2019un des sites embl\u00e9matiques du pays.   <\/span><\/p>\n<p><span style=\"font-weight: 400;\">Nous ferons des arr\u00eats aux points de vue pour des vues spectaculaires et des photos.  <\/span><\/p>\n","protected":false},"excerpt":{"rendered":"<p><strong>INCLUS: <\/strong><\/p>\n<p><span style=\"font-weight: 400;\">Visite guid\u00e9e de la vall\u00e9e de Cocora.<br \/>\n<\/span><span style=\"font-weight: 400;\">Guide d\u2019accueil hispanophone.<br \/>\n<\/span><span style=\"font-weight: 400;\">Snacks<br \/>\n<\/span><span style=\"font-weight: 400;\">Transport aller-retour en jeep depuis le Salento.<br \/>\n<\/span><span style=\"font-weight: 400;\">Assurance voyage.<\/span><\/p>\n<p><strong>NON INCLUS:<\/strong><\/p>\n<p><span style=\"font-weight: 400;\">D\u00e9penses non sp\u00e9cifi\u00e9es dans le programme.<\/span><\/p>\n","protected":false},"featured_media":3391,"template":"","meta":{"_acf_changed":false,"site-sidebar-layout":"default","site-content-layout":"","ast-site-content-layout":"default","site-content-style":"default","site-sidebar-style":"default","ast-global-header-display":"","ast-banner-title-visibility":"","ast-main-header-display":"","ast-hfb-above-header-display":"","ast-hfb-below-header-display":"","ast-hfb-mobile-header-display":"","site-post-title":"","ast-breadcrumbs-content":"","ast-featured-img":"","footer-sml-layout":"","ast-disable-related-posts":"","theme-transparent-header-meta":"default","adv-header-id-meta":"","stick-header-meta":"","header-above-stick-meta":"","header-main-stick-meta":"","header-below-stick-meta":"","astra-migrate-meta-layouts":"default","ast-page-background-enabled":"default","ast-page-background-meta":{"desktop":{"background-color":"var(--ast-global-color-4)","background-image":"","background-repeat":"repeat","background-position":"center center","background-size":"auto","background-attachment":"scroll","background-type":"","background-media":"","overlay-type":"","overlay-color":"","overlay-opacity":"","overlay-gradient":""},"tablet":{"background-color":"","background-image":"","background-repeat":"repeat","background-position":"center center","background-size":"auto","background-attachment":"scroll","background-type":"","background-media":"","overlay-type":"","overlay-color":"","overlay-opacity":"","overlay-gradient":""},"mobile":{"background-color":"","background-image":"","background-repeat":"repeat","background-position":"center center","background-size":"auto","background-attachment":"scroll","background-type":"","background-media":"","overlay-type":"","overlay-color":"","overlay-opacity":"","overlay-gradient":""}},"ast-content-background-meta":{"desktop":{"background-color":"var(--ast-global-color-5)","background-image":"","background-repeat":"repeat","background-position":"center center","background-size":"auto","background-attachment":"scroll","background-type":"","background-media":"","overlay-type":"","overlay-color":"","overlay-opacity":"","overlay-gradient":""},"tablet":{"background-color":"var(--ast-global-color-5)","background-image":"","background-repeat":"repeat","background-position":"center center","background-size":"auto","background-attachment":"scroll","background-type":"","background-media":"","overlay-type":"","overlay-color":"","overlay-opacity":"","overlay-gradient":""},"mobile":{"background-color":"var(--ast-global-color-5)","background-image":"","background-repeat":"repeat","background-position":"center center","background-size":"auto","background-attachment":"scroll","background-type":"","background-media":"","overlay-type":"","overlay-color":"","overlay-opacity":"","overlay-gradient":""}},"_joinchat":[]},"product_brand":[],"product_cat":[275,336],"product_tag":[],"class_list":{"0":"post-4731","1":"product","2":"type-product","3":"status-publish","4":"has-post-thumbnail","6":"product_cat-cafe","7":"product_cat-vallee-de-cocora","8":"desktop-align-left","9":"tablet-align-left","10":"mobile-align-left","12":"first","13":"instock","14":"shipping-taxable","15":"purchasable","16":"product-type-simple"},"acf":[],"_links":{"self":[{"href":"https:\/\/tresorcolombien.com\/fr\/wp-json\/wp\/v2\/product\/4731","targetHints":{"allow":["GET"]}}],"collection":[{"href":"https:\/\/tresorcolombien.com\/fr\/wp-json\/wp\/v2\/product"}],"about":[{"href":"https:\/\/tresorcolombien.com\/fr\/wp-json\/wp\/v2\/types\/product"}],"version-history":[{"count":1,"href":"https:\/\/tresorcolombien.com\/fr\/wp-json\/wp\/v2\/product\/4731\/revisions"}],"predecessor-version":[{"id":5337,"href":"https:\/\/tresorcolombien.com\/fr\/wp-json\/wp\/v2\/product\/4731\/revisions\/5337"}],"wp:featuredmedia":[{"embeddable":true,"href":"https:\/\/tresorcolombien.com\/fr\/wp-json\/wp\/v2\/media\/3391"}],"wp:attachment":[{"href":"https:\/\/tresorcolombien.com\/fr\/wp-json\/wp\/v2\/media?parent=4731"}],"wp:term":[{"taxonomy":"product_brand","embeddable":true,"href":"https:\/\/tresorcolombien.com\/fr\/wp-json\/wp\/v2\/product_brand?post=4731"},{"taxonomy":"product_cat","embeddable":true,"href":"https:\/\/tresorcolombien.com\/fr\/wp-json\/wp\/v2\/product_cat?post=4731"},{"taxonomy":"product_tag","embeddable":true,"href":"https:\/\/tresorcolombien.com\/fr\/wp-json\/wp\/v2\/product_tag?post=4731"}],"curies":[{"name":"wp","href":"https:\/\/api.w.org\/{rel}","templated":true}]}}