{"id":4737,"date":"2024-11-13T16:23:02","date_gmt":"2024-11-13T21:23:02","guid":{"rendered":"https:\/\/tresorcolombien.com\/producto\/surdosage-de-cafe\/"},"modified":"2025-01-10T14:34:23","modified_gmt":"2025-01-10T19:34:23","slug":"surdosage-de-cafe","status":"publish","type":"product","link":"https:\/\/tresorcolombien.com\/fr\/producto\/surdosage-de-cafe\/","title":{"rendered":"Surdose de caf\u00e9"},"content":{"rendered":"<p>Surdose de caf\u00e9.  <span style=\"font-weight: 400;\">Une visite de l\u2019une des plus anciennes plantations de caf\u00e9 de la r\u00e9gion, aujourd\u2019hui un parc culturel embl\u00e9matique du circuit culturel du caf\u00e9.<\/span><\/p>\n<p><span style=\"font-weight: 400;\">Au cours de la visite, nous nous mettrons dans la peau d\u2019un caf\u00e9iculteur pour comprendre le processus. Plantation, irrigation, r\u00e9colte et s\u00e9lection du caf\u00e9, \u00e0 la fin nous pourrons d\u00e9guster un v\u00e9ritable caf\u00e9 colombien de type Export. <\/span><\/p>\n","protected":false},"excerpt":{"rendered":"<p><strong>INCLUS: <\/strong><\/p>\n<p><span style=\"font-weight: 400;\">Visite guid\u00e9e de la plantation de caf\u00e9.<br \/>\n<\/span><span style=\"font-weight: 400;\">V\u00eatements traditionnels &#8211; muletiers et chapolera, visite de la r\u00e9colte et post-r\u00e9colte.<br \/>\n<\/span><span style=\"font-weight: 400;\">Circuit de la route du caf\u00e9.<br \/>\n<\/span><span style=\"font-weight: 400;\">Rite du caf\u00e9.<br \/>\n<\/span><span style=\"font-weight: 400;\">Guide expert de l\u2019h\u00f4te du caf\u00e9.<br \/>\n<\/span><span style=\"font-weight: 400;\">Transport aller-retour depuis le Salento.<br \/>\n<\/span><span style=\"font-weight: 400;\">Assurance voyage.<\/span><\/p>\n<p><strong>NON INCLUS:<\/strong><\/p>\n<p><span style=\"font-weight: 400;\">D\u00e9penses non sp\u00e9cifi\u00e9es dans le programme.<\/span><\/p>\n","protected":false},"featured_media":3403,"template":"","meta":{"_acf_changed":false,"site-sidebar-layout":"default","site-content-layout":"","ast-site-content-layout":"default","site-content-style":"default","site-sidebar-style":"default","ast-global-header-display":"","ast-banner-title-visibility":"","ast-main-header-display":"","ast-hfb-above-header-display":"","ast-hfb-below-header-display":"","ast-hfb-mobile-header-display":"","site-post-title":"","ast-breadcrumbs-content":"","ast-featured-img":"","footer-sml-layout":"","ast-disable-related-posts":"","theme-transparent-header-meta":"default","adv-header-id-meta":"","stick-header-meta":"","header-above-stick-meta":"","header-main-stick-meta":"","header-below-stick-meta":"","astra-migrate-meta-layouts":"default","ast-page-background-enabled":"default","ast-page-background-meta":{"desktop":{"background-color":"var(--ast-global-color-4)","background-image":"","background-repeat":"repeat","background-position":"center center","background-size":"auto","background-attachment":"scroll","background-type":"","background-media":"","overlay-type":"","overlay-color":"","overlay-opacity":"","overlay-gradient":""},"tablet":{"background-color":"","background-image":"","background-repeat":"repeat","background-position":"center center","background-size":"auto","background-attachment":"scroll","background-type":"","background-media":"","overlay-type":"","overlay-color":"","overlay-opacity":"","overlay-gradient":""},"mobile":{"background-color":"","background-image":"","background-repeat":"repeat","background-position":"center center","background-size":"auto","background-attachment":"scroll","background-type":"","background-media":"","overlay-type":"","overlay-color":"","overlay-opacity":"","overlay-gradient":""}},"ast-content-background-meta":{"desktop":{"background-color":"var(--ast-global-color-5)","background-image":"","background-repeat":"repeat","background-position":"center center","background-size":"auto","background-attachment":"scroll","background-type":"","background-media":"","overlay-type":"","overlay-color":"","overlay-opacity":"","overlay-gradient":""},"tablet":{"background-color":"var(--ast-global-color-5)","background-image":"","background-repeat":"repeat","background-position":"center center","background-size":"auto","background-attachment":"scroll","background-type":"","background-media":"","overlay-type":"","overlay-color":"","overlay-opacity":"","overlay-gradient":""},"mobile":{"background-color":"var(--ast-global-color-5)","background-image":"","background-repeat":"repeat","background-position":"center center","background-size":"auto","background-attachment":"scroll","background-type":"","background-media":"","overlay-type":"","overlay-color":"","overlay-opacity":"","overlay-gradient":""}},"_joinchat":[]},"product_brand":[],"product_cat":[275,337],"product_tag":[],"class_list":{"0":"post-4737","1":"product","2":"type-product","3":"status-publish","4":"has-post-thumbnail","6":"product_cat-cafe","7":"product_cat-surdosage-de-cafe","8":"desktop-align-left","9":"tablet-align-left","10":"mobile-align-left","12":"first","13":"instock","14":"shipping-taxable","15":"purchasable","16":"product-type-simple"},"acf":[],"_links":{"self":[{"href":"https:\/\/tresorcolombien.com\/fr\/wp-json\/wp\/v2\/product\/4737","targetHints":{"allow":["GET"]}}],"collection":[{"href":"https:\/\/tresorcolombien.com\/fr\/wp-json\/wp\/v2\/product"}],"about":[{"href":"https:\/\/tresorcolombien.com\/fr\/wp-json\/wp\/v2\/types\/product"}],"version-history":[{"count":1,"href":"https:\/\/tresorcolombien.com\/fr\/wp-json\/wp\/v2\/product\/4737\/revisions"}],"predecessor-version":[{"id":5336,"href":"https:\/\/tresorcolombien.com\/fr\/wp-json\/wp\/v2\/product\/4737\/revisions\/5336"}],"wp:featuredmedia":[{"embeddable":true,"href":"https:\/\/tresorcolombien.com\/fr\/wp-json\/wp\/v2\/media\/3403"}],"wp:attachment":[{"href":"https:\/\/tresorcolombien.com\/fr\/wp-json\/wp\/v2\/media?parent=4737"}],"wp:term":[{"taxonomy":"product_brand","embeddable":true,"href":"https:\/\/tresorcolombien.com\/fr\/wp-json\/wp\/v2\/product_brand?post=4737"},{"taxonomy":"product_cat","embeddable":true,"href":"https:\/\/tresorcolombien.com\/fr\/wp-json\/wp\/v2\/product_cat?post=4737"},{"taxonomy":"product_tag","embeddable":true,"href":"https:\/\/tresorcolombien.com\/fr\/wp-json\/wp\/v2\/product_tag?post=4737"}],"curies":[{"name":"wp","href":"https:\/\/api.w.org\/{rel}","templated":true}]}}