{"id":4739,"date":"2024-11-13T16:23:28","date_gmt":"2024-11-13T21:23:28","guid":{"rendered":"https:\/\/tresorcolombien.com\/producto\/visite-du-parc-jaime-duque\/"},"modified":"2025-01-10T14:25:40","modified_gmt":"2025-01-10T19:25:40","slug":"visite-du-parc-jaime-duque","status":"publish","type":"product","link":"https:\/\/tresorcolombien.com\/fr\/producto\/visite-du-parc-jaime-duque\/","title":{"rendered":"Visite du parc Jaime Duque"},"content":{"rendered":"<p><span style=\"font-weight: 400;\">Le parc Jaime Duque est une belle r\u00e9serve naturelle de plus de 200 hectares, o\u00f9 il rassemble une grande vari\u00e9t\u00e9 d\u2019attractions, d\u2019activit\u00e9s r\u00e9cr\u00e9atives et culturelles, encadr\u00e9es de tr\u00e9sors indig\u00e8nes et mondiaux. Une exp\u00e9rience amusante pour d\u00e9couvrir les environs et la Sabana de Bogot\u00e1. <\/span><\/p>\n<p>Ferm\u00e9 lundi (PAS les jours f\u00e9ri\u00e9s) et le mardi<\/p>\n","protected":false},"excerpt":{"rendered":"<p><strong>INCLUS:<\/strong><br \/>\n<span style=\"font-weight: 400;\">Entr\u00e9e du parc.<br \/>\n<\/span><span style=\"font-weight: 400;\">Passeport complet.<br \/>\n<\/span><span style=\"font-weight: 400;\">Chauffeur &#8211; Guide.<br \/>\n<\/span><span style=\"font-weight: 400;\">Assurance voyage.<br \/>\n<\/span><span style=\"font-weight: 400;\">Transport aller-retour depuis Bogot\u00e1.<\/span><br \/>\n<strong>NON INCLUS:<\/strong><br \/>\n<span style=\"font-weight: 400;\">D\u00e9penses non sp\u00e9cifi\u00e9es dans le programme.<br \/>\n<\/span><span style=\"font-weight: 400;\">D\u00e9jeuner.<br \/>\n<\/span><span style=\"font-weight: 400;\">Pourboires<\/span><\/p>\n","protected":false},"featured_media":3427,"template":"","meta":{"_acf_changed":false,"site-sidebar-layout":"default","site-content-layout":"","ast-site-content-layout":"default","site-content-style":"default","site-sidebar-style":"default","ast-global-header-display":"","ast-banner-title-visibility":"","ast-main-header-display":"","ast-hfb-above-header-display":"","ast-hfb-below-header-display":"","ast-hfb-mobile-header-display":"","site-post-title":"","ast-breadcrumbs-content":"","ast-featured-img":"","footer-sml-layout":"","ast-disable-related-posts":"","theme-transparent-header-meta":"","adv-header-id-meta":"","stick-header-meta":"","header-above-stick-meta":"","header-main-stick-meta":"","header-below-stick-meta":"","astra-migrate-meta-layouts":"default","ast-page-background-enabled":"default","ast-page-background-meta":{"desktop":{"background-color":"var(--ast-global-color-4)","background-image":"","background-repeat":"repeat","background-position":"center center","background-size":"auto","background-attachment":"scroll","background-type":"","background-media":"","overlay-type":"","overlay-color":"","overlay-opacity":"","overlay-gradient":""},"tablet":{"background-color":"","background-image":"","background-repeat":"repeat","background-position":"center center","background-size":"auto","background-attachment":"scroll","background-type":"","background-media":"","overlay-type":"","overlay-color":"","overlay-opacity":"","overlay-gradient":""},"mobile":{"background-color":"","background-image":"","background-repeat":"repeat","background-position":"center center","background-size":"auto","background-attachment":"scroll","background-type":"","background-media":"","overlay-type":"","overlay-color":"","overlay-opacity":"","overlay-gradient":""}},"ast-content-background-meta":{"desktop":{"background-color":"var(--ast-global-color-5)","background-image":"","background-repeat":"repeat","background-position":"center center","background-size":"auto","background-attachment":"scroll","background-type":"","background-media":"","overlay-type":"","overlay-color":"","overlay-opacity":"","overlay-gradient":""},"tablet":{"background-color":"var(--ast-global-color-5)","background-image":"","background-repeat":"repeat","background-position":"center center","background-size":"auto","background-attachment":"scroll","background-type":"","background-media":"","overlay-type":"","overlay-color":"","overlay-opacity":"","overlay-gradient":""},"mobile":{"background-color":"var(--ast-global-color-5)","background-image":"","background-repeat":"repeat","background-position":"center center","background-size":"auto","background-attachment":"scroll","background-type":"","background-media":"","overlay-type":"","overlay-color":"","overlay-opacity":"","overlay-gradient":""}},"_joinchat":[]},"product_brand":[],"product_cat":[258],"product_tag":[],"class_list":{"0":"post-4739","1":"product","2":"type-product","3":"status-publish","4":"has-post-thumbnail","6":"product_cat-bogota-et-ses-environs","7":"desktop-align-left","8":"tablet-align-left","9":"mobile-align-left","11":"first","12":"instock","13":"shipping-taxable","14":"product-type-simple"},"acf":[],"_links":{"self":[{"href":"https:\/\/tresorcolombien.com\/fr\/wp-json\/wp\/v2\/product\/4739","targetHints":{"allow":["GET"]}}],"collection":[{"href":"https:\/\/tresorcolombien.com\/fr\/wp-json\/wp\/v2\/product"}],"about":[{"href":"https:\/\/tresorcolombien.com\/fr\/wp-json\/wp\/v2\/types\/product"}],"version-history":[{"count":1,"href":"https:\/\/tresorcolombien.com\/fr\/wp-json\/wp\/v2\/product\/4739\/revisions"}],"predecessor-version":[{"id":5334,"href":"https:\/\/tresorcolombien.com\/fr\/wp-json\/wp\/v2\/product\/4739\/revisions\/5334"}],"wp:featuredmedia":[{"embeddable":true,"href":"https:\/\/tresorcolombien.com\/fr\/wp-json\/wp\/v2\/media\/3427"}],"wp:attachment":[{"href":"https:\/\/tresorcolombien.com\/fr\/wp-json\/wp\/v2\/media?parent=4739"}],"wp:term":[{"taxonomy":"product_brand","embeddable":true,"href":"https:\/\/tresorcolombien.com\/fr\/wp-json\/wp\/v2\/product_brand?post=4739"},{"taxonomy":"product_cat","embeddable":true,"href":"https:\/\/tresorcolombien.com\/fr\/wp-json\/wp\/v2\/product_cat?post=4739"},{"taxonomy":"product_tag","embeddable":true,"href":"https:\/\/tresorcolombien.com\/fr\/wp-json\/wp\/v2\/product_tag?post=4739"}],"curies":[{"name":"wp","href":"https:\/\/api.w.org\/{rel}","templated":true}]}}