{"id":4745,"date":"2024-11-13T16:23:34","date_gmt":"2024-11-13T21:23:34","guid":{"rendered":"https:\/\/tresorcolombien.com\/producto\/visite-de-guatavita-et-de-la-cathedrale-de-sel\/"},"modified":"2025-01-15T01:59:57","modified_gmt":"2025-01-15T06:59:57","slug":"visite-de-guatavita-et-de-la-cathedrale-de-sel","status":"publish","type":"product","link":"https:\/\/tresorcolombien.com\/fr\/producto\/visite-de-guatavita-et-de-la-cathedrale-de-sel\/","title":{"rendered":"Visite de Guatavita et de la cath\u00e9drale de sel"},"content":{"rendered":"<p><span style=\"font-weight: 400;\">Visite de Guatavita. Visite de la c\u00e9l\u00e8bre lagune de Guatavita o\u00f9 la l\u00e9gende de la dorade prend naissance gr\u00e2ce aux rituels indig\u00e8nes et aux offrandes d\u2019or faites \u00e0 la lagune. Visite de la cath\u00e9drale de sel de Zipaquir\u00e1, une \u00e9glise construite \u00e0 l\u2019int\u00e9rieur des tunnels d\u2019une mine de sel, qui vous permet de descendre \u00e0 travers un labyrinthe sans fin, des nefs et des chapelles \u00e0 200 m\u00e8tres (660 pieds) sous terre, situ\u00e9e \u00e0 2 heures de Bogot\u00e1. C\u2019est une destination incontournable et l\u2019une des sept merveilles de la Colombie.   <\/span><\/p>\n<p>Horaires d\u2019ouverture Laguna Guatavita:Ferm\u00e9 du lundi au mardi au dimanche de 8h30 \u00e0 16h00<\/p>\n","protected":false},"excerpt":{"rendered":"<p><strong>INCLUS:<\/strong><br \/>\n<span style=\"font-weight: 400;\">Entr\u00e9e \u00e0 la lagune de Guatavita.<br \/>\n<\/span><span style=\"font-weight: 400;\">Entr\u00e9e \u00e0 la cath\u00e9drale de sel.<br \/>\n<\/span><span style=\"font-weight: 400;\">Guide traducteur bilingue.<br \/>\n<\/span><span style=\"font-weight: 400;\">Assurance voyage.<br \/>\n<\/span><span style=\"font-weight: 400;\">Transport aller-retour depuis Bogot\u00e1.<\/span><br \/>\n<strong>NON INCLUS:<\/strong><br \/>\n<span style=\"font-weight: 400;\">D\u00e9penses non sp\u00e9cifi\u00e9es dans le programme.<br \/>\n<\/span><span style=\"font-weight: 400;\">D\u00e9jeuner.<br \/>\n<\/span><span style=\"font-weight: 400;\">Pourboires<\/span><\/p>\n","protected":false},"featured_media":3436,"template":"","meta":{"_acf_changed":false,"site-sidebar-layout":"default","site-content-layout":"","ast-site-content-layout":"default","site-content-style":"default","site-sidebar-style":"default","ast-global-header-display":"","ast-banner-title-visibility":"","ast-main-header-display":"","ast-hfb-above-header-display":"","ast-hfb-below-header-display":"","ast-hfb-mobile-header-display":"","site-post-title":"","ast-breadcrumbs-content":"","ast-featured-img":"","footer-sml-layout":"","ast-disable-related-posts":"","theme-transparent-header-meta":"default","adv-header-id-meta":"","stick-header-meta":"","header-above-stick-meta":"","header-main-stick-meta":"","header-below-stick-meta":"","astra-migrate-meta-layouts":"default","ast-page-background-enabled":"default","ast-page-background-meta":{"desktop":{"background-color":"var(--ast-global-color-4)","background-image":"","background-repeat":"repeat","background-position":"center center","background-size":"auto","background-attachment":"scroll","background-type":"","background-media":"","overlay-type":"","overlay-color":"","overlay-opacity":"","overlay-gradient":""},"tablet":{"background-color":"","background-image":"","background-repeat":"repeat","background-position":"center center","background-size":"auto","background-attachment":"scroll","background-type":"","background-media":"","overlay-type":"","overlay-color":"","overlay-opacity":"","overlay-gradient":""},"mobile":{"background-color":"","background-image":"","background-repeat":"repeat","background-position":"center center","background-size":"auto","background-attachment":"scroll","background-type":"","background-media":"","overlay-type":"","overlay-color":"","overlay-opacity":"","overlay-gradient":""}},"ast-content-background-meta":{"desktop":{"background-color":"var(--ast-global-color-5)","background-image":"","background-repeat":"repeat","background-position":"center center","background-size":"auto","background-attachment":"scroll","background-type":"","background-media":"","overlay-type":"","overlay-color":"","overlay-opacity":"","overlay-gradient":""},"tablet":{"background-color":"var(--ast-global-color-5)","background-image":"","background-repeat":"repeat","background-position":"center center","background-size":"auto","background-attachment":"scroll","background-type":"","background-media":"","overlay-type":"","overlay-color":"","overlay-opacity":"","overlay-gradient":""},"mobile":{"background-color":"var(--ast-global-color-5)","background-image":"","background-repeat":"repeat","background-position":"center center","background-size":"auto","background-attachment":"scroll","background-type":"","background-media":"","overlay-type":"","overlay-color":"","overlay-opacity":"","overlay-gradient":""}},"_joinchat":[]},"product_brand":[],"product_cat":[258],"product_tag":[],"class_list":{"0":"post-4745","1":"product","2":"type-product","3":"status-publish","4":"has-post-thumbnail","6":"product_cat-bogota-et-ses-environs","7":"desktop-align-left","8":"tablet-align-left","9":"mobile-align-left","11":"first","12":"instock","13":"shipping-taxable","14":"product-type-simple"},"acf":[],"_links":{"self":[{"href":"https:\/\/tresorcolombien.com\/fr\/wp-json\/wp\/v2\/product\/4745","targetHints":{"allow":["GET"]}}],"collection":[{"href":"https:\/\/tresorcolombien.com\/fr\/wp-json\/wp\/v2\/product"}],"about":[{"href":"https:\/\/tresorcolombien.com\/fr\/wp-json\/wp\/v2\/types\/product"}],"version-history":[{"count":1,"href":"https:\/\/tresorcolombien.com\/fr\/wp-json\/wp\/v2\/product\/4745\/revisions"}],"predecessor-version":[{"id":5333,"href":"https:\/\/tresorcolombien.com\/fr\/wp-json\/wp\/v2\/product\/4745\/revisions\/5333"}],"wp:featuredmedia":[{"embeddable":true,"href":"https:\/\/tresorcolombien.com\/fr\/wp-json\/wp\/v2\/media\/3436"}],"wp:attachment":[{"href":"https:\/\/tresorcolombien.com\/fr\/wp-json\/wp\/v2\/media?parent=4745"}],"wp:term":[{"taxonomy":"product_brand","embeddable":true,"href":"https:\/\/tresorcolombien.com\/fr\/wp-json\/wp\/v2\/product_brand?post=4745"},{"taxonomy":"product_cat","embeddable":true,"href":"https:\/\/tresorcolombien.com\/fr\/wp-json\/wp\/v2\/product_cat?post=4745"},{"taxonomy":"product_tag","embeddable":true,"href":"https:\/\/tresorcolombien.com\/fr\/wp-json\/wp\/v2\/product_tag?post=4745"}],"curies":[{"name":"wp","href":"https:\/\/api.w.org\/{rel}","templated":true}]}}