{"id":4751,"date":"2024-11-13T16:23:48","date_gmt":"2024-11-13T21:23:48","guid":{"rendered":"https:\/\/tresorcolombien.com\/producto\/mine-de-sel-de-nemocon-et-boeuf-dandres\/"},"modified":"2025-01-10T14:19:10","modified_gmt":"2025-01-10T19:19:10","slug":"mine-de-sel-de-nemocon-et-boeuf-dandres","status":"publish","type":"product","link":"https:\/\/tresorcolombien.com\/fr\/producto\/mine-de-sel-de-nemocon-et-boeuf-dandres\/","title":{"rendered":"Mine de sel de Nemoc\u00f3n et Restaurant Andres Carne de Res"},"content":{"rendered":"<p><span style=\"font-weight: 400;\">Visite de la mine de sel de NEMOCON situ\u00e9e \u00e0 1h30 de la ville, cette c\u00e9l\u00e8bre mine tr\u00e8s proche de Zipaquir\u00e1 est situ\u00e9e \u00e0 60 m\u00e8tres sous la surface, elle vous permettra de d\u00e9couvrir les tr\u00e9sors de sel de la r\u00e9gion de Boyac\u00e1. Sur le chemin du retour \u00e0 Bogot\u00e1, vous d\u00e9couvrirez l\u2019un des lieux les plus embl\u00e9matiques : une atmosph\u00e8re festive, une excellente musique colombienne et des plats typiques.   <\/span><\/p>\n","protected":false},"excerpt":{"rendered":"<p><strong>INCLUS:<\/strong><br \/>\nTransport d\u2019une journ\u00e9e compl\u00e8te 8 heures<br \/>\nH\u00f4te\/guide traducteur bilingue.<br \/>\nCouverture d\u2019Andr\u00e9s Carne de res.<br \/>\nEntr\u00e9e \u00e0 l\u2019assurance voyage de la mine de sel NEMOCON<br \/>\n.<br \/>\n<strong>NON INCLUS:<\/strong><br \/>\nD\u00e9penses non sp\u00e9cifi\u00e9es.<br \/>\nPourboires pour le d\u00e9jeuner<br \/>\n.<br \/>\n<strong>Pour les groupes de 5 personnes ou plus Demandez votre code de r\u00e9duction !<\/strong><\/p>\n","protected":false},"featured_media":3451,"template":"","meta":{"_acf_changed":false,"site-sidebar-layout":"default","site-content-layout":"","ast-site-content-layout":"default","site-content-style":"default","site-sidebar-style":"default","ast-global-header-display":"","ast-banner-title-visibility":"","ast-main-header-display":"","ast-hfb-above-header-display":"","ast-hfb-below-header-display":"","ast-hfb-mobile-header-display":"","site-post-title":"","ast-breadcrumbs-content":"","ast-featured-img":"","footer-sml-layout":"","ast-disable-related-posts":"","theme-transparent-header-meta":"","adv-header-id-meta":"","stick-header-meta":"","header-above-stick-meta":"","header-main-stick-meta":"","header-below-stick-meta":"","astra-migrate-meta-layouts":"default","ast-page-background-enabled":"default","ast-page-background-meta":{"desktop":{"background-color":"var(--ast-global-color-4)","background-image":"","background-repeat":"repeat","background-position":"center center","background-size":"auto","background-attachment":"scroll","background-type":"","background-media":"","overlay-type":"","overlay-color":"","overlay-opacity":"","overlay-gradient":""},"tablet":{"background-color":"","background-image":"","background-repeat":"repeat","background-position":"center center","background-size":"auto","background-attachment":"scroll","background-type":"","background-media":"","overlay-type":"","overlay-color":"","overlay-opacity":"","overlay-gradient":""},"mobile":{"background-color":"","background-image":"","background-repeat":"repeat","background-position":"center center","background-size":"auto","background-attachment":"scroll","background-type":"","background-media":"","overlay-type":"","overlay-color":"","overlay-opacity":"","overlay-gradient":""}},"ast-content-background-meta":{"desktop":{"background-color":"var(--ast-global-color-5)","background-image":"","background-repeat":"repeat","background-position":"center center","background-size":"auto","background-attachment":"scroll","background-type":"","background-media":"","overlay-type":"","overlay-color":"","overlay-opacity":"","overlay-gradient":""},"tablet":{"background-color":"var(--ast-global-color-5)","background-image":"","background-repeat":"repeat","background-position":"center center","background-size":"auto","background-attachment":"scroll","background-type":"","background-media":"","overlay-type":"","overlay-color":"","overlay-opacity":"","overlay-gradient":""},"mobile":{"background-color":"var(--ast-global-color-5)","background-image":"","background-repeat":"repeat","background-position":"center center","background-size":"auto","background-attachment":"scroll","background-type":"","background-media":"","overlay-type":"","overlay-color":"","overlay-opacity":"","overlay-gradient":""}},"_joinchat":[]},"product_brand":[],"product_cat":[258],"product_tag":[],"class_list":{"0":"post-4751","1":"product","2":"type-product","3":"status-publish","4":"has-post-thumbnail","6":"product_cat-bogota-et-ses-environs","7":"desktop-align-left","8":"tablet-align-left","9":"mobile-align-left","11":"first","12":"instock","13":"shipping-taxable","14":"product-type-simple"},"acf":[],"_links":{"self":[{"href":"https:\/\/tresorcolombien.com\/fr\/wp-json\/wp\/v2\/product\/4751","targetHints":{"allow":["GET"]}}],"collection":[{"href":"https:\/\/tresorcolombien.com\/fr\/wp-json\/wp\/v2\/product"}],"about":[{"href":"https:\/\/tresorcolombien.com\/fr\/wp-json\/wp\/v2\/types\/product"}],"version-history":[{"count":1,"href":"https:\/\/tresorcolombien.com\/fr\/wp-json\/wp\/v2\/product\/4751\/revisions"}],"predecessor-version":[{"id":5332,"href":"https:\/\/tresorcolombien.com\/fr\/wp-json\/wp\/v2\/product\/4751\/revisions\/5332"}],"wp:featuredmedia":[{"embeddable":true,"href":"https:\/\/tresorcolombien.com\/fr\/wp-json\/wp\/v2\/media\/3451"}],"wp:attachment":[{"href":"https:\/\/tresorcolombien.com\/fr\/wp-json\/wp\/v2\/media?parent=4751"}],"wp:term":[{"taxonomy":"product_brand","embeddable":true,"href":"https:\/\/tresorcolombien.com\/fr\/wp-json\/wp\/v2\/product_brand?post=4751"},{"taxonomy":"product_cat","embeddable":true,"href":"https:\/\/tresorcolombien.com\/fr\/wp-json\/wp\/v2\/product_cat?post=4751"},{"taxonomy":"product_tag","embeddable":true,"href":"https:\/\/tresorcolombien.com\/fr\/wp-json\/wp\/v2\/product_tag?post=4751"}],"curies":[{"name":"wp","href":"https:\/\/api.w.org\/{rel}","templated":true}]}}