{"id":4752,"date":"2024-11-13T16:24:03","date_gmt":"2024-11-13T21:24:03","guid":{"rendered":"https:\/\/tresorcolombien.com\/producto\/visite-de-la-ville-en-groupe-bus-panoramique\/"},"modified":"2025-01-10T14:13:57","modified_gmt":"2025-01-10T19:13:57","slug":"visite-de-la-ville-en-groupe-bus-panoramique","status":"publish","type":"product","link":"https:\/\/tresorcolombien.com\/fr\/producto\/visite-de-la-ville-en-groupe-bus-panoramique\/","title":{"rendered":"Visite de la ville en groupe &#8211; Bus panoramique"},"content":{"rendered":"<p>D\u00e9couvrez Bogota \u00e0 bord du bus panoramique lors d\u2019une visite partag\u00e9e avec un audioguide bilingue.<br \/>\nUn concept de groupe dans lequel vous pouvez descendre et monter dans diff\u00e9rents lieux touristiques de la ville et en profiter au maximum pendant la journ\u00e9e.<br \/>\nPour faire la visite, vous devez vous rendre aux points suivants&nbsp;:<br \/>\nA&nbsp;: Juan Valdez &#8211; Parque de la 93<br \/>\nB&nbsp;: Juan Valdez de la Plaza de los Periodistas -Candelaria Le billet est valable 1 jour au cours duquel vous pouvez faire le tour de la ville.<br \/>\nDU LUNDI AU VENDREDI &#8211; PAS DE SERVICE LES DIMANCHES &#8211; OU JOURS F\u00c9RI\u00c9S &#8211; Combien de temps dure la visite totale ? 4 heures si vous le prenez sans aucune descente du point A au point final. &#8211; Combien de temps puis-je rester \u00e0 chaque point ? Quoi que vous vouliez, il vous suffit de prendre en compte la prochaine fois que le bus passe par ce m\u00eame point. &#8211; O\u00f9 puis-je voir les heures d\u2019ouverture de chaque point ? Nous joignons une photo dans la galerie afin que vous puissiez toujours<br \/>\n l\u2019avoir \u00e0 port\u00e9e de main- Quels points puis-je visiter pendant la visite ? Cerro de Monserrate\/La Candelaria\/Mus\u00e9e national\/Centre international\/La Zona Rosa\/Plaza de la Concordia<br \/>\n &#8211; Combien de temps dure le billet activ\u00e9 ? Il dure 1 jour Remarque&nbsp;: Le transfert de l\u2019h\u00f4tel au point de d\u00e9part pour prendre le bus panoramique se fait \u00e0 la charge de chaque passager, \u00e0 l\u2019aller comme au retour.<\/p>\n","protected":false},"excerpt":{"rendered":"<p><strong>INCLUS:<\/strong><br \/>\nVisite guid\u00e9e de la candelaria.<br \/>\nBillet de bus panoramique valable 1 jour<br \/>\n<strong>NON INCLUS :<\/strong><br \/>\nD\u00e9jeuner.<br \/>\nConseils.<br \/>\nD\u00e9penses non sp\u00e9cifi\u00e9es dans le programme.<\/p>\n<p>&nbsp;<\/p>\n","protected":false},"featured_media":3469,"template":"","meta":{"_acf_changed":false,"site-sidebar-layout":"default","site-content-layout":"","ast-site-content-layout":"default","site-content-style":"default","site-sidebar-style":"default","ast-global-header-display":"","ast-banner-title-visibility":"","ast-main-header-display":"","ast-hfb-above-header-display":"","ast-hfb-below-header-display":"","ast-hfb-mobile-header-display":"","site-post-title":"","ast-breadcrumbs-content":"","ast-featured-img":"","footer-sml-layout":"","ast-disable-related-posts":"","theme-transparent-header-meta":"default","adv-header-id-meta":"","stick-header-meta":"","header-above-stick-meta":"","header-main-stick-meta":"","header-below-stick-meta":"","astra-migrate-meta-layouts":"default","ast-page-background-enabled":"default","ast-page-background-meta":{"desktop":{"background-color":"var(--ast-global-color-4)","background-image":"","background-repeat":"repeat","background-position":"center center","background-size":"auto","background-attachment":"scroll","background-type":"","background-media":"","overlay-type":"","overlay-color":"","overlay-opacity":"","overlay-gradient":""},"tablet":{"background-color":"","background-image":"","background-repeat":"repeat","background-position":"center center","background-size":"auto","background-attachment":"scroll","background-type":"","background-media":"","overlay-type":"","overlay-color":"","overlay-opacity":"","overlay-gradient":""},"mobile":{"background-color":"","background-image":"","background-repeat":"repeat","background-position":"center center","background-size":"auto","background-attachment":"scroll","background-type":"","background-media":"","overlay-type":"","overlay-color":"","overlay-opacity":"","overlay-gradient":""}},"ast-content-background-meta":{"desktop":{"background-color":"var(--ast-global-color-5)","background-image":"","background-repeat":"repeat","background-position":"center center","background-size":"auto","background-attachment":"scroll","background-type":"","background-media":"","overlay-type":"","overlay-color":"","overlay-opacity":"","overlay-gradient":""},"tablet":{"background-color":"var(--ast-global-color-5)","background-image":"","background-repeat":"repeat","background-position":"center center","background-size":"auto","background-attachment":"scroll","background-type":"","background-media":"","overlay-type":"","overlay-color":"","overlay-opacity":"","overlay-gradient":""},"mobile":{"background-color":"var(--ast-global-color-5)","background-image":"","background-repeat":"repeat","background-position":"center center","background-size":"auto","background-attachment":"scroll","background-type":"","background-media":"","overlay-type":"","overlay-color":"","overlay-opacity":"","overlay-gradient":""}},"_joinchat":[]},"product_brand":[],"product_cat":[258],"product_tag":[424],"class_list":{"0":"post-4752","1":"product","2":"type-product","3":"status-publish","4":"has-post-thumbnail","6":"product_cat-bogota-et-ses-environs","7":"product_tag-culturel","8":"desktop-align-left","9":"tablet-align-left","10":"mobile-align-left","12":"first","13":"instock","14":"shipping-taxable","15":"product-type-simple"},"acf":[],"_links":{"self":[{"href":"https:\/\/tresorcolombien.com\/fr\/wp-json\/wp\/v2\/product\/4752","targetHints":{"allow":["GET"]}}],"collection":[{"href":"https:\/\/tresorcolombien.com\/fr\/wp-json\/wp\/v2\/product"}],"about":[{"href":"https:\/\/tresorcolombien.com\/fr\/wp-json\/wp\/v2\/types\/product"}],"version-history":[{"count":1,"href":"https:\/\/tresorcolombien.com\/fr\/wp-json\/wp\/v2\/product\/4752\/revisions"}],"predecessor-version":[{"id":5330,"href":"https:\/\/tresorcolombien.com\/fr\/wp-json\/wp\/v2\/product\/4752\/revisions\/5330"}],"wp:featuredmedia":[{"embeddable":true,"href":"https:\/\/tresorcolombien.com\/fr\/wp-json\/wp\/v2\/media\/3469"}],"wp:attachment":[{"href":"https:\/\/tresorcolombien.com\/fr\/wp-json\/wp\/v2\/media?parent=4752"}],"wp:term":[{"taxonomy":"product_brand","embeddable":true,"href":"https:\/\/tresorcolombien.com\/fr\/wp-json\/wp\/v2\/product_brand?post=4752"},{"taxonomy":"product_cat","embeddable":true,"href":"https:\/\/tresorcolombien.com\/fr\/wp-json\/wp\/v2\/product_cat?post=4752"},{"taxonomy":"product_tag","embeddable":true,"href":"https:\/\/tresorcolombien.com\/fr\/wp-json\/wp\/v2\/product_tag?post=4752"}],"curies":[{"name":"wp","href":"https:\/\/api.w.org\/{rel}","templated":true}]}}