{"id":4755,"date":"2024-11-13T16:24:12","date_gmt":"2024-11-13T21:24:12","guid":{"rendered":"https:\/\/tresorcolombien.com\/producto\/visite-en-groupe-partagee-de-la-cathedrale-de-sel\/"},"modified":"2025-01-15T01:48:24","modified_gmt":"2025-01-15T06:48:24","slug":"visite-en-groupe-partagee-de-la-cathedrale-de-sel","status":"publish","type":"product","link":"https:\/\/tresorcolombien.com\/fr\/producto\/visite-en-groupe-partagee-de-la-cathedrale-de-sel\/","title":{"rendered":"Visite en groupe partag\u00e9e de la cath\u00e9drale de sel"},"content":{"rendered":"<p><span style=\"font-weight: 400;\">Connu comme la premi\u00e8re merveille de la Colombie, enti\u00e8rement sculpt\u00e9 dans le sel et unique au monde. La cath\u00e9drale de sel, situ\u00e9e \u00e0 180 m\u00e8tres sous terre, vous fera vivre une exp\u00e9rience unique loin du quotidien. Initialement, il s\u2019agissait d\u2019une mine o\u00f9 les ouvriers ont cr\u00e9\u00e9 une petite chapelle. Cependant, ils n\u2019ont jamais imagin\u00e9 qu\u2019il deviendrait une attraction incontournable pour les visiteurs. Chaque pas dans la cath\u00e9drale vous surprendra, du chemin de croix au ch\u0153ur, un balcon o\u00f9 vous pourrez appr\u00e9cier la plus grande croix souterraine du monde, qui mesure 16 m\u00e8tres de haut sur 10 m\u00e8tres de large.    <\/span><\/p>\n<p>Points sp\u00e9cifiques de rencontre :<\/p>\n<p><span style=\"font-weight: 400;\">Point #1 : 8h00 &#8211; Candelaria<\/span><\/p>\n<p><span style=\"font-weight: 400;\">Calle 16 # 4 &#8211; 23<\/span><\/p>\n<p><span style=\"font-weight: 400;\">En face du caf\u00e9 Juan Valdez &#8211; B\u00e2timent de l\u2019h\u00f4tel BH Bicentenario<\/span><\/p>\n<p>&nbsp;<\/p>\n<p><span style=\"font-weight: 400;\">Point #2 : 9h00 &#8211; Parque de la 93<\/span><\/p>\n<p><span style=\"font-weight: 400;\">Carrera 11A # 93A &#8211; 10<\/span><\/p>\n<p><span style=\"font-weight: 400;\">Devant le caf\u00e9 Juan Valdez<\/span><\/p>\n<p>&nbsp;<\/p>\n","protected":false},"excerpt":{"rendered":"<p><strong>INCLUS:<\/strong><br \/>\nTransport vers et depuis le point de rendez-vous<\/span><br \/>\nCoordinateur Bilingue (Espagnol &#8211; Anglais) <\/span><br \/>\nEntr\u00e9e<\/span><br \/>\nTemps libre pour visiter la cath\u00e9drale de sel<\/span><br \/>\nTemps libre pour le d\u00e9jeuner ou la visite du village<\/span><br \/>\nAssurance voyage  <\/span><br \/>\nTransport aller-retour au d\u00e9part de Bogota  <\/span><br \/>\n<strong>NON INCLUS:<\/strong><br \/>\nD\u00e9penses non sp\u00e9cifi\u00e9es dans le programme<br \/>\nD\u00e9jeuner<br \/>\nPrise en charge ou retour \u00e0 l\u2019h\u00f4tel<br \/>\nPourboires<\/p>\n","protected":false},"featured_media":3478,"template":"","meta":{"_acf_changed":false,"site-sidebar-layout":"default","site-content-layout":"","ast-site-content-layout":"default","site-content-style":"default","site-sidebar-style":"default","ast-global-header-display":"","ast-banner-title-visibility":"","ast-main-header-display":"","ast-hfb-above-header-display":"","ast-hfb-below-header-display":"","ast-hfb-mobile-header-display":"","site-post-title":"","ast-breadcrumbs-content":"","ast-featured-img":"","footer-sml-layout":"","ast-disable-related-posts":"","theme-transparent-header-meta":"default","adv-header-id-meta":"","stick-header-meta":"","header-above-stick-meta":"","header-main-stick-meta":"","header-below-stick-meta":"","astra-migrate-meta-layouts":"default","ast-page-background-enabled":"default","ast-page-background-meta":{"desktop":{"background-color":"var(--ast-global-color-4)","background-image":"","background-repeat":"repeat","background-position":"center center","background-size":"auto","background-attachment":"scroll","background-type":"","background-media":"","overlay-type":"","overlay-color":"","overlay-opacity":"","overlay-gradient":""},"tablet":{"background-color":"","background-image":"","background-repeat":"repeat","background-position":"center center","background-size":"auto","background-attachment":"scroll","background-type":"","background-media":"","overlay-type":"","overlay-color":"","overlay-opacity":"","overlay-gradient":""},"mobile":{"background-color":"","background-image":"","background-repeat":"repeat","background-position":"center center","background-size":"auto","background-attachment":"scroll","background-type":"","background-media":"","overlay-type":"","overlay-color":"","overlay-opacity":"","overlay-gradient":""}},"ast-content-background-meta":{"desktop":{"background-color":"var(--ast-global-color-5)","background-image":"","background-repeat":"repeat","background-position":"center center","background-size":"auto","background-attachment":"scroll","background-type":"","background-media":"","overlay-type":"","overlay-color":"","overlay-opacity":"","overlay-gradient":""},"tablet":{"background-color":"var(--ast-global-color-5)","background-image":"","background-repeat":"repeat","background-position":"center center","background-size":"auto","background-attachment":"scroll","background-type":"","background-media":"","overlay-type":"","overlay-color":"","overlay-opacity":"","overlay-gradient":""},"mobile":{"background-color":"var(--ast-global-color-5)","background-image":"","background-repeat":"repeat","background-position":"center center","background-size":"auto","background-attachment":"scroll","background-type":"","background-media":"","overlay-type":"","overlay-color":"","overlay-opacity":"","overlay-gradient":""}},"_joinchat":[]},"product_brand":[],"product_cat":[258,300],"product_tag":[],"class_list":{"0":"post-4755","1":"product","2":"type-product","3":"status-publish","4":"has-post-thumbnail","6":"product_cat-bogota-et-ses-environs","7":"product_cat-cathedrale-de-sel","8":"desktop-align-left","9":"tablet-align-left","10":"mobile-align-left","12":"first","13":"instock","14":"shipping-taxable","15":"product-type-simple"},"acf":[],"_links":{"self":[{"href":"https:\/\/tresorcolombien.com\/fr\/wp-json\/wp\/v2\/product\/4755","targetHints":{"allow":["GET"]}}],"collection":[{"href":"https:\/\/tresorcolombien.com\/fr\/wp-json\/wp\/v2\/product"}],"about":[{"href":"https:\/\/tresorcolombien.com\/fr\/wp-json\/wp\/v2\/types\/product"}],"version-history":[{"count":3,"href":"https:\/\/tresorcolombien.com\/fr\/wp-json\/wp\/v2\/product\/4755\/revisions"}],"predecessor-version":[{"id":5328,"href":"https:\/\/tresorcolombien.com\/fr\/wp-json\/wp\/v2\/product\/4755\/revisions\/5328"}],"wp:featuredmedia":[{"embeddable":true,"href":"https:\/\/tresorcolombien.com\/fr\/wp-json\/wp\/v2\/media\/3478"}],"wp:attachment":[{"href":"https:\/\/tresorcolombien.com\/fr\/wp-json\/wp\/v2\/media?parent=4755"}],"wp:term":[{"taxonomy":"product_brand","embeddable":true,"href":"https:\/\/tresorcolombien.com\/fr\/wp-json\/wp\/v2\/product_brand?post=4755"},{"taxonomy":"product_cat","embeddable":true,"href":"https:\/\/tresorcolombien.com\/fr\/wp-json\/wp\/v2\/product_cat?post=4755"},{"taxonomy":"product_tag","embeddable":true,"href":"https:\/\/tresorcolombien.com\/fr\/wp-json\/wp\/v2\/product_tag?post=4755"}],"curies":[{"name":"wp","href":"https:\/\/api.w.org\/{rel}","templated":true}]}}