{"id":4759,"date":"2024-11-13T16:24:08","date_gmt":"2024-11-13T21:24:08","guid":{"rendered":"https:\/\/tresorcolombien.com\/producto\/visite-du-cafe-de-medellin\/"},"modified":"2025-01-10T14:10:19","modified_gmt":"2025-01-10T19:10:19","slug":"visite-du-cafe-de-medellin","status":"publish","type":"product","link":"https:\/\/tresorcolombien.com\/fr\/producto\/visite-du-cafe-de-medellin\/","title":{"rendered":"Visite du caf\u00e9 de Medell\u00edn"},"content":{"rendered":"<p>Visite traditionnelle du caf\u00e9.  <span style=\"font-weight: 400;\"><br \/>\nExp\u00e9rience id\u00e9ale pour les amateurs de caf\u00e9 sans quitter la ville. Visitez une ferme de caf\u00e9 traditionnelle, accompagn\u00e9e d\u2019un guide expert du caf\u00e9, o\u00f9 vous vivrez l\u2019exp\u00e9rience comme un amateur de caf\u00e9 en connaissant les d\u00e9tails du processus de culture, de r\u00e9colte, de s\u00e9lection et de torr\u00e9faction du grain de caf\u00e9.<br \/>\nD\u00e9jeuner paysan exquis cuisin\u00e9 directement par la communaut\u00e9.<br \/>\nVous terminerez l\u2019exp\u00e9rience par une d\u00e9gustation de caf\u00e9<br \/>\n&nbsp;<\/p>\n","protected":false},"excerpt":{"rendered":"<p><strong>INCLUS:<\/strong><br \/>\n<span style=\"font-weight: 400;\">Guide d\u2019accueil hispanophone.<br \/>\n<\/span><span style=\"font-weight: 400;\">Transport en compagnie de l\u2019h\u00f4te (non priv\u00e9). <span style=\"font-weight: 400;\">Visite guid\u00e9e dans le village.<br \/>\n<\/span><span style=\"font-weight: 400;\">Visite guid\u00e9e de l\u2019hacienda <\/span><span style=\"font-weight: 400;\">(plantation, r\u00e9colte, s\u00e9chage).<br \/>\n<\/span><span style=\"font-weight: 400;\">D\u00e9jeuner typique.<br \/>\n<\/span><span style=\"font-weight: 400;\">Assurance voyage.<\/span><\/p>\n<p><strong>NON INCLUS:<\/strong><br \/>\n<span style=\"font-weight: 400;\">D\u00e9penses non sp\u00e9cifi\u00e9es dans le programme.<br \/>\n<\/span><span style=\"font-weight: 400;\">Pourboires pour le guide\/chauffeur.<\/span><\/p>\n<p><em><strong>Remarque&nbsp;: *Prix pour 1 personne s\u2019il vous pla\u00eet contactez-nous.<\/strong><\/em><br \/>\n<strong>Pour les groupes de 5 personnes ou plus Demandez votre code de r\u00e9duction !<\/strong><\/p>\n","protected":false},"featured_media":3475,"template":"","meta":{"_acf_changed":false,"site-sidebar-layout":"default","site-content-layout":"","ast-site-content-layout":"default","site-content-style":"default","site-sidebar-style":"default","ast-global-header-display":"","ast-banner-title-visibility":"","ast-main-header-display":"","ast-hfb-above-header-display":"","ast-hfb-below-header-display":"","ast-hfb-mobile-header-display":"","site-post-title":"","ast-breadcrumbs-content":"","ast-featured-img":"","footer-sml-layout":"","ast-disable-related-posts":"","theme-transparent-header-meta":"default","adv-header-id-meta":"","stick-header-meta":"","header-above-stick-meta":"","header-main-stick-meta":"","header-below-stick-meta":"","astra-migrate-meta-layouts":"default","ast-page-background-enabled":"default","ast-page-background-meta":{"desktop":{"background-color":"var(--ast-global-color-4)","background-image":"","background-repeat":"repeat","background-position":"center center","background-size":"auto","background-attachment":"scroll","background-type":"","background-media":"","overlay-type":"","overlay-color":"","overlay-opacity":"","overlay-gradient":""},"tablet":{"background-color":"","background-image":"","background-repeat":"repeat","background-position":"center center","background-size":"auto","background-attachment":"scroll","background-type":"","background-media":"","overlay-type":"","overlay-color":"","overlay-opacity":"","overlay-gradient":""},"mobile":{"background-color":"","background-image":"","background-repeat":"repeat","background-position":"center center","background-size":"auto","background-attachment":"scroll","background-type":"","background-media":"","overlay-type":"","overlay-color":"","overlay-opacity":"","overlay-gradient":""}},"ast-content-background-meta":{"desktop":{"background-color":"var(--ast-global-color-5)","background-image":"","background-repeat":"repeat","background-position":"center center","background-size":"auto","background-attachment":"scroll","background-type":"","background-media":"","overlay-type":"","overlay-color":"","overlay-opacity":"","overlay-gradient":""},"tablet":{"background-color":"var(--ast-global-color-5)","background-image":"","background-repeat":"repeat","background-position":"center center","background-size":"auto","background-attachment":"scroll","background-type":"","background-media":"","overlay-type":"","overlay-color":"","overlay-opacity":"","overlay-gradient":""},"mobile":{"background-color":"var(--ast-global-color-5)","background-image":"","background-repeat":"repeat","background-position":"center center","background-size":"auto","background-attachment":"scroll","background-type":"","background-media":"","overlay-type":"","overlay-color":"","overlay-opacity":"","overlay-gradient":""}},"_joinchat":[]},"product_brand":[],"product_cat":[305,319],"product_tag":[],"class_list":{"0":"post-4759","1":"product","2":"type-product","3":"status-publish","4":"has-post-thumbnail","6":"product_cat-medellin-fr","7":"product_cat-visite-traditionnelle-du-cafe","8":"desktop-align-left","9":"tablet-align-left","10":"mobile-align-left","12":"first","13":"instock","14":"shipping-taxable","15":"product-type-simple"},"acf":[],"_links":{"self":[{"href":"https:\/\/tresorcolombien.com\/fr\/wp-json\/wp\/v2\/product\/4759","targetHints":{"allow":["GET"]}}],"collection":[{"href":"https:\/\/tresorcolombien.com\/fr\/wp-json\/wp\/v2\/product"}],"about":[{"href":"https:\/\/tresorcolombien.com\/fr\/wp-json\/wp\/v2\/types\/product"}],"version-history":[{"count":1,"href":"https:\/\/tresorcolombien.com\/fr\/wp-json\/wp\/v2\/product\/4759\/revisions"}],"predecessor-version":[{"id":5329,"href":"https:\/\/tresorcolombien.com\/fr\/wp-json\/wp\/v2\/product\/4759\/revisions\/5329"}],"wp:featuredmedia":[{"embeddable":true,"href":"https:\/\/tresorcolombien.com\/fr\/wp-json\/wp\/v2\/media\/3475"}],"wp:attachment":[{"href":"https:\/\/tresorcolombien.com\/fr\/wp-json\/wp\/v2\/media?parent=4759"}],"wp:term":[{"taxonomy":"product_brand","embeddable":true,"href":"https:\/\/tresorcolombien.com\/fr\/wp-json\/wp\/v2\/product_brand?post=4759"},{"taxonomy":"product_cat","embeddable":true,"href":"https:\/\/tresorcolombien.com\/fr\/wp-json\/wp\/v2\/product_cat?post=4759"},{"taxonomy":"product_tag","embeddable":true,"href":"https:\/\/tresorcolombien.com\/fr\/wp-json\/wp\/v2\/product_tag?post=4759"}],"curies":[{"name":"wp","href":"https:\/\/api.w.org\/{rel}","templated":true}]}}