{"id":4760,"date":"2024-11-13T16:24:15","date_gmt":"2024-11-13T21:24:15","guid":{"rendered":"https:\/\/tresorcolombien.com\/producto\/visite-de-groupe-partagee-guatavita-cathedrale-de-sel\/"},"modified":"2025-01-15T01:58:25","modified_gmt":"2025-01-15T06:58:25","slug":"visite-de-groupe-partagee-guatavita-cathedrale-de-sel","status":"publish","type":"product","link":"https:\/\/tresorcolombien.com\/fr\/producto\/visite-de-groupe-partagee-guatavita-cathedrale-de-sel\/","title":{"rendered":"Visite de groupe partag\u00e9e Guatavita + Cath\u00e9drale de sel"},"content":{"rendered":"<p>Ce plan est une excellente combinaison d\u2019exp\u00e9riences mystiques et uniques dans le monde. Vous commencerez la visite par une visite de la lagune de Guatavita, un site sacr\u00e9 pour la culture Muisca et un lieu qui inspire la l\u00e9gende de l\u2019El Dorado. Ensuite, vous traverserez la savane et arriverez \u00e0 la cath\u00e9drale de sel de Zipaquir\u00e1, la premi\u00e8re merveille de la Colombie. Avec son architecture impressionnante enti\u00e8rement sculpt\u00e9e dans le sel, ce temple souterrain vous offrira une exp\u00e9rience incroyable lors de la visite du th\u00e9\u00e2tre de r\u00e9alit\u00e9 virtuelle, du miroir d\u2019eau et de la plus grande croix souterraine du monde Points de rencontre&nbsp;:<br \/>\n7h00 &#8211; Candelaria<br \/>\nCalle 16 # 4 &#8211; 23 8h00 &#8211; Parque de la 93<br \/>\nCarrera 11A # 93A &#8211; 10<br \/>\nEn face de Juan Valdez Caf\u00e9 Disponibilit\u00e9 :  Du mardi au dimanche (si le lundi est f\u00e9ri\u00e9, le mardi est ferm\u00e9)   <\/p>\n","protected":false},"excerpt":{"rendered":"<p>INCLUS : Transport jusqu&rsquo;au point de rencontre et retour Coordinateur bilingue (espagnol &#8211; anglais) Audioguides Droits d&rsquo;entr\u00e9e (Cath\u00e9drale de sel et Guatavita) Guide local en espagnol \u00e0 la lagune de Guatavita Temps libre pour visiter la cath\u00e9drale de sel Temps libre pour d\u00e9jeuner ou visiter le village Assurance de voyage Transport aller-retour depuis Bogota NON INCLUS :<\/p>\n<p>Les d\u00e9penses non sp\u00e9cifi\u00e9es dans le programme Le d\u00e9jeuner La prise en charge ou la d\u00e9pose \u00e0 l&rsquo;h\u00f4tel Les pourboires<\/p>\n","protected":false},"featured_media":3484,"template":"","meta":{"_acf_changed":false,"site-sidebar-layout":"default","site-content-layout":"","ast-site-content-layout":"default","site-content-style":"default","site-sidebar-style":"default","ast-global-header-display":"","ast-banner-title-visibility":"","ast-main-header-display":"","ast-hfb-above-header-display":"","ast-hfb-below-header-display":"","ast-hfb-mobile-header-display":"","site-post-title":"","ast-breadcrumbs-content":"","ast-featured-img":"","footer-sml-layout":"","ast-disable-related-posts":"","theme-transparent-header-meta":"default","adv-header-id-meta":"","stick-header-meta":"","header-above-stick-meta":"","header-main-stick-meta":"","header-below-stick-meta":"","astra-migrate-meta-layouts":"set","ast-page-background-enabled":"default","ast-page-background-meta":{"desktop":{"background-color":"var(--ast-global-color-4)","background-image":"","background-repeat":"repeat","background-position":"center center","background-size":"auto","background-attachment":"scroll","background-type":"","background-media":"","overlay-type":"","overlay-color":"","overlay-opacity":"","overlay-gradient":""},"tablet":{"background-color":"","background-image":"","background-repeat":"repeat","background-position":"center center","background-size":"auto","background-attachment":"scroll","background-type":"","background-media":"","overlay-type":"","overlay-color":"","overlay-opacity":"","overlay-gradient":""},"mobile":{"background-color":"","background-image":"","background-repeat":"repeat","background-position":"center center","background-size":"auto","background-attachment":"scroll","background-type":"","background-media":"","overlay-type":"","overlay-color":"","overlay-opacity":"","overlay-gradient":""}},"ast-content-background-meta":{"desktop":{"background-color":"var(--ast-global-color-5)","background-image":"","background-repeat":"repeat","background-position":"center center","background-size":"auto","background-attachment":"scroll","background-type":"","background-media":"","overlay-type":"","overlay-color":"","overlay-opacity":"","overlay-gradient":""},"tablet":{"background-color":"var(--ast-global-color-5)","background-image":"","background-repeat":"repeat","background-position":"center center","background-size":"auto","background-attachment":"scroll","background-type":"","background-media":"","overlay-type":"","overlay-color":"","overlay-opacity":"","overlay-gradient":""},"mobile":{"background-color":"var(--ast-global-color-5)","background-image":"","background-repeat":"repeat","background-position":"center center","background-size":"auto","background-attachment":"scroll","background-type":"","background-media":"","overlay-type":"","overlay-color":"","overlay-opacity":"","overlay-gradient":""}},"_joinchat":[]},"product_brand":[],"product_cat":[258],"product_tag":[],"class_list":{"0":"post-4760","1":"product","2":"type-product","3":"status-publish","4":"has-post-thumbnail","6":"product_cat-bogota-et-ses-environs","7":"desktop-align-left","8":"tablet-align-left","9":"mobile-align-left","11":"first","12":"instock","13":"shipping-taxable","14":"product-type-simple"},"acf":[],"_links":{"self":[{"href":"https:\/\/tresorcolombien.com\/fr\/wp-json\/wp\/v2\/product\/4760","targetHints":{"allow":["GET"]}}],"collection":[{"href":"https:\/\/tresorcolombien.com\/fr\/wp-json\/wp\/v2\/product"}],"about":[{"href":"https:\/\/tresorcolombien.com\/fr\/wp-json\/wp\/v2\/types\/product"}],"version-history":[{"count":7,"href":"https:\/\/tresorcolombien.com\/fr\/wp-json\/wp\/v2\/product\/4760\/revisions"}],"predecessor-version":[{"id":5430,"href":"https:\/\/tresorcolombien.com\/fr\/wp-json\/wp\/v2\/product\/4760\/revisions\/5430"}],"wp:featuredmedia":[{"embeddable":true,"href":"https:\/\/tresorcolombien.com\/fr\/wp-json\/wp\/v2\/media\/3484"}],"wp:attachment":[{"href":"https:\/\/tresorcolombien.com\/fr\/wp-json\/wp\/v2\/media?parent=4760"}],"wp:term":[{"taxonomy":"product_brand","embeddable":true,"href":"https:\/\/tresorcolombien.com\/fr\/wp-json\/wp\/v2\/product_brand?post=4760"},{"taxonomy":"product_cat","embeddable":true,"href":"https:\/\/tresorcolombien.com\/fr\/wp-json\/wp\/v2\/product_cat?post=4760"},{"taxonomy":"product_tag","embeddable":true,"href":"https:\/\/tresorcolombien.com\/fr\/wp-json\/wp\/v2\/product_tag?post=4760"}],"curies":[{"name":"wp","href":"https:\/\/api.w.org\/{rel}","templated":true}]}}