{"id":4769,"date":"2024-11-29T03:16:43","date_gmt":"2024-11-29T08:16:43","guid":{"rendered":"https:\/\/tresorcolombien.com\/producto\/tresor-guaviarense-3-jours-2-nuits\/"},"modified":"2025-01-10T13:25:25","modified_gmt":"2025-01-10T18:25:25","slug":"tresor-guaviarense-3-jours-2-nuits","status":"publish","type":"product","link":"https:\/\/tresorcolombien.com\/fr\/producto\/tresor-guaviarense-3-jours-2-nuits\/","title":{"rendered":"TR\u00c9SOR GUAVIARENSE 3 JOURS \/ 2 NUITS"},"content":{"rendered":"<p>D\u00e9couvrez l\u2019un des sites arch\u00e9ologiques les plus importants au monde (ICANH), avec des pictogrammes qui couvrent environ 1 200 m2 et qui ont plus de 12 000 ans, visitez le lieu magique au pied de la montagne amazonienne compos\u00e9 d\u2019un lagon de 81 hectares de miroir d\u2019eau avec connexion \u00e0 la rivi\u00e8re Guaviare, habitat du dauphin de rivi\u00e8re rose. Cette destination regorge de tuyaux et de cascades, o\u00f9 vous aurez l\u2019occasion de voir le Macarenia clavigera, (la m\u00eame esp\u00e8ce qui donne la coloration au Ca\u00f1o Cristales \u00e0 La Macarena, Meta), de visiter la plus grande rivi\u00e8re color\u00e9e de Guaviare et la porte d\u2019Orion imposante formation rocheuse, ic\u00f4ne du d\u00e9partement de Guaviare avec 12 m\u00e8tres de haut et 15 m\u00e8tres de large.<\/p>\n<p><strong>Recommandations:  <\/strong><\/p>\n<p>Vaccin contre la fi\u00e8vre jaune et le t\u00e9tanos.<br \/>\nChaussure ferm\u00e9e avec possibilit\u00e9 de mouillage.<br \/>\nChemise \u00e0 manches longues, parapluie et casquette.<br \/>\nR\u00e9pulsif et cr\u00e8me solaire.<br \/>\nImperm\u00e9able.<br \/>\nMaillot de bain ou maillot de bain.<\/p>\n","protected":false},"excerpt":{"rendered":"<p><strong>INCLUS:<br \/>\n<\/strong>H\u00e9bergement avec petit-d\u00e9jeuner inclus.<br \/>\nCuisine typique compl\u00e8te : du d\u00e9jeuner du premier jour au d\u00e9jeuner du troisi\u00e8me jour.<br \/>\nOrientation Avec un guide expert dans la r\u00e9gion.<br \/>\nCano\u00eb, tour du lagon, observation des dauphins roses.<br \/>\n<span style=\"font-size: 16px;\">Transport terrestre Voitures 4&#215;4.<br \/>\n<\/span>Assurance voyage.<br \/>\nSoins de sant\u00e9.<br \/>\nRevenus pour les sites<br \/>\nContributions aux communaut\u00e9s<br \/>\n<strong>NON INCLUS :<br \/>\n<\/strong>D\u00e9penses non sp\u00e9cifi\u00e9es dans le programme<br \/>\nVols int\u00e9rieurs\/Transport depuis Bogot\u00e1<\/p>\n","protected":false},"featured_media":3547,"template":"","meta":{"_acf_changed":false,"site-sidebar-layout":"default","site-content-layout":"","ast-site-content-layout":"default","site-content-style":"default","site-sidebar-style":"default","ast-global-header-display":"","ast-banner-title-visibility":"","ast-main-header-display":"","ast-hfb-above-header-display":"","ast-hfb-below-header-display":"","ast-hfb-mobile-header-display":"","site-post-title":"","ast-breadcrumbs-content":"","ast-featured-img":"","footer-sml-layout":"","ast-disable-related-posts":"","theme-transparent-header-meta":"default","adv-header-id-meta":"","stick-header-meta":"","header-above-stick-meta":"","header-main-stick-meta":"","header-below-stick-meta":"","astra-migrate-meta-layouts":"default","ast-page-background-enabled":"default","ast-page-background-meta":{"desktop":{"background-color":"var(--ast-global-color-4)","background-image":"","background-repeat":"repeat","background-position":"center center","background-size":"auto","background-attachment":"scroll","background-type":"","background-media":"","overlay-type":"","overlay-color":"","overlay-opacity":"","overlay-gradient":""},"tablet":{"background-color":"","background-image":"","background-repeat":"repeat","background-position":"center center","background-size":"auto","background-attachment":"scroll","background-type":"","background-media":"","overlay-type":"","overlay-color":"","overlay-opacity":"","overlay-gradient":""},"mobile":{"background-color":"","background-image":"","background-repeat":"repeat","background-position":"center center","background-size":"auto","background-attachment":"scroll","background-type":"","background-media":"","overlay-type":"","overlay-color":"","overlay-opacity":"","overlay-gradient":""}},"ast-content-background-meta":{"desktop":{"background-color":"var(--ast-global-color-5)","background-image":"","background-repeat":"repeat","background-position":"center center","background-size":"auto","background-attachment":"scroll","background-type":"","background-media":"","overlay-type":"","overlay-color":"","overlay-opacity":"","overlay-gradient":""},"tablet":{"background-color":"var(--ast-global-color-5)","background-image":"","background-repeat":"repeat","background-position":"center center","background-size":"auto","background-attachment":"scroll","background-type":"","background-media":"","overlay-type":"","overlay-color":"","overlay-opacity":"","overlay-gradient":""},"mobile":{"background-color":"var(--ast-global-color-5)","background-image":"","background-repeat":"repeat","background-position":"center center","background-size":"auto","background-attachment":"scroll","background-type":"","background-media":"","overlay-type":"","overlay-color":"","overlay-opacity":"","overlay-gradient":""}},"_joinchat":[]},"product_brand":[],"product_cat":[289],"product_tag":[421,433,442],"class_list":{"0":"post-4769","1":"product","2":"type-product","3":"status-publish","4":"has-post-thumbnail","6":"product_cat-destinations-exotiques","7":"product_tag-aventure","8":"product_tag-faune","9":"product_tag-nature-fr","10":"desktop-align-left","11":"tablet-align-left","12":"mobile-align-left","14":"first","15":"instock","16":"shipping-taxable","17":"purchasable","18":"product-type-simple"},"acf":[],"_links":{"self":[{"href":"https:\/\/tresorcolombien.com\/fr\/wp-json\/wp\/v2\/product\/4769","targetHints":{"allow":["GET"]}}],"collection":[{"href":"https:\/\/tresorcolombien.com\/fr\/wp-json\/wp\/v2\/product"}],"about":[{"href":"https:\/\/tresorcolombien.com\/fr\/wp-json\/wp\/v2\/types\/product"}],"version-history":[{"count":1,"href":"https:\/\/tresorcolombien.com\/fr\/wp-json\/wp\/v2\/product\/4769\/revisions"}],"predecessor-version":[{"id":5323,"href":"https:\/\/tresorcolombien.com\/fr\/wp-json\/wp\/v2\/product\/4769\/revisions\/5323"}],"wp:featuredmedia":[{"embeddable":true,"href":"https:\/\/tresorcolombien.com\/fr\/wp-json\/wp\/v2\/media\/3547"}],"wp:attachment":[{"href":"https:\/\/tresorcolombien.com\/fr\/wp-json\/wp\/v2\/media?parent=4769"}],"wp:term":[{"taxonomy":"product_brand","embeddable":true,"href":"https:\/\/tresorcolombien.com\/fr\/wp-json\/wp\/v2\/product_brand?post=4769"},{"taxonomy":"product_cat","embeddable":true,"href":"https:\/\/tresorcolombien.com\/fr\/wp-json\/wp\/v2\/product_cat?post=4769"},{"taxonomy":"product_tag","embeddable":true,"href":"https:\/\/tresorcolombien.com\/fr\/wp-json\/wp\/v2\/product_tag?post=4769"}],"curies":[{"name":"wp","href":"https:\/\/api.w.org\/{rel}","templated":true}]}}