{"id":4771,"date":"2024-11-13T16:18:10","date_gmt":"2024-11-13T21:18:10","guid":{"rendered":"https:\/\/tresorcolombien.com\/producto\/cafe-panela-tour-medellin\/"},"modified":"2025-01-13T12:23:42","modified_gmt":"2025-01-13T17:23:42","slug":"cafe-panela-tour-medellin","status":"publish","type":"product","link":"https:\/\/tresorcolombien.com\/fr\/producto\/cafe-panela-tour-medellin\/","title":{"rendered":"Caf\u00e9 &amp; Panela Tour Medell\u00edn"},"content":{"rendered":"<p>Visite traditionnelle du caf\u00e9.  <span style=\"font-weight: 400;\">Exp\u00e9rience id\u00e9ale pour les amateurs de caf\u00e9. Visitez une ferme de caf\u00e9 traditionnelle accompagn\u00e9e d\u2019un guide de caf\u00e9 expert, vous apprendrez les d\u00e9tails du processus de culture, de r\u00e9colte, de s\u00e9lection et de torr\u00e9faction du grain de caf\u00e9.<br \/>\nD\u00e9jeuner paysan exquis cuisin\u00e9 directement par la communaut\u00e9.<br \/>\nL\u2019apr\u00e8s-midi se termine par une visite pour d\u00e9couvrir un autre des processus les plus importants de l\u2019un des produits les plus consomm\u00e9s par les Colombiens : la panela. Vous participerez \u00e0 la transformation de la canne \u00e0 sucre en moulin \u00e0 sucre traditionnel. La visite se termine par une agr\u00e9able promenade \u00e0 cheval d\u2019une heure au cours de laquelle vous pourrez profiter des magnifiques paysages et des couleurs de la r\u00e9gion d\u2019Antioquia.<br \/>\n<\/span><br \/>\n&nbsp;<\/p>\n","protected":false},"excerpt":{"rendered":"<p><strong>INCLUS:<\/strong><br \/>\n<span style=\"font-weight: 400;\">Guide d\u2019accueil hispanophone.<br \/>\n<\/span><span style=\"font-weight: 400;\">Transport en compagnie du guide (non priv\u00e9).<br \/>\nVisite guid\u00e9e dans le village.<br \/>\n<\/span><span style=\"font-weight: 400;\">Visite guid\u00e9e de l\u2019hacienda <\/span><span style=\"font-weight: 400;\">(plantation, r\u00e9colte, s\u00e9chage).<br \/>\n<\/span><span style=\"font-weight: 400;\">D\u00e9jeuner typique.<br \/>\n<\/span><span style=\"font-weight: 400;\">Boissons rafra\u00eechissantes pendant les visites.<br \/>\n<\/span><span style=\"font-weight: 400;\">Observation des oiseaux.<br \/>\n<\/span><span style=\"font-weight: 400;\">Assurance voyage.<\/span><br \/>\n<strong>NON INCLUS:<\/strong><br \/>\n<span style=\"font-weight: 400;\">D\u00e9penses non sp\u00e9cifi\u00e9es dans le programme.<br \/>\n<\/span><span style=\"font-weight: 400;\">Pourboires pour le guide\/chauffeur.<\/span><\/p>\n<p><em><strong>Remarque&nbsp;:*prix pour 1 personne demander des informations.<\/strong><\/em><br \/>\n<strong>Pour les groupes de 5 personnes ou plus Demandez votre code de r\u00e9duction !<\/strong><\/p>\n","protected":false},"featured_media":3178,"template":"","meta":{"_acf_changed":false,"site-sidebar-layout":"default","site-content-layout":"","ast-site-content-layout":"default","site-content-style":"default","site-sidebar-style":"default","ast-global-header-display":"","ast-banner-title-visibility":"","ast-main-header-display":"","ast-hfb-above-header-display":"","ast-hfb-below-header-display":"","ast-hfb-mobile-header-display":"","site-post-title":"","ast-breadcrumbs-content":"","ast-featured-img":"","footer-sml-layout":"","ast-disable-related-posts":"","theme-transparent-header-meta":"default","adv-header-id-meta":"","stick-header-meta":"","header-above-stick-meta":"","header-main-stick-meta":"","header-below-stick-meta":"","astra-migrate-meta-layouts":"default","ast-page-background-enabled":"default","ast-page-background-meta":{"desktop":{"background-color":"var(--ast-global-color-4)","background-image":"","background-repeat":"repeat","background-position":"center center","background-size":"auto","background-attachment":"scroll","background-type":"","background-media":"","overlay-type":"","overlay-color":"","overlay-opacity":"","overlay-gradient":""},"tablet":{"background-color":"","background-image":"","background-repeat":"repeat","background-position":"center center","background-size":"auto","background-attachment":"scroll","background-type":"","background-media":"","overlay-type":"","overlay-color":"","overlay-opacity":"","overlay-gradient":""},"mobile":{"background-color":"","background-image":"","background-repeat":"repeat","background-position":"center center","background-size":"auto","background-attachment":"scroll","background-type":"","background-media":"","overlay-type":"","overlay-color":"","overlay-opacity":"","overlay-gradient":""}},"ast-content-background-meta":{"desktop":{"background-color":"var(--ast-global-color-5)","background-image":"","background-repeat":"repeat","background-position":"center center","background-size":"auto","background-attachment":"scroll","background-type":"","background-media":"","overlay-type":"","overlay-color":"","overlay-opacity":"","overlay-gradient":""},"tablet":{"background-color":"var(--ast-global-color-5)","background-image":"","background-repeat":"repeat","background-position":"center center","background-size":"auto","background-attachment":"scroll","background-type":"","background-media":"","overlay-type":"","overlay-color":"","overlay-opacity":"","overlay-gradient":""},"mobile":{"background-color":"var(--ast-global-color-5)","background-image":"","background-repeat":"repeat","background-position":"center center","background-size":"auto","background-attachment":"scroll","background-type":"","background-media":"","overlay-type":"","overlay-color":"","overlay-opacity":"","overlay-gradient":""}},"_joinchat":[]},"product_brand":[],"product_cat":[305,319],"product_tag":[],"class_list":{"0":"post-4771","1":"product","2":"type-product","3":"status-publish","4":"has-post-thumbnail","6":"product_cat-medellin-fr","7":"product_cat-visite-traditionnelle-du-cafe","8":"desktop-align-left","9":"tablet-align-left","10":"mobile-align-left","12":"first","13":"instock","14":"shipping-taxable","15":"product-type-simple"},"acf":[],"_links":{"self":[{"href":"https:\/\/tresorcolombien.com\/fr\/wp-json\/wp\/v2\/product\/4771","targetHints":{"allow":["GET"]}}],"collection":[{"href":"https:\/\/tresorcolombien.com\/fr\/wp-json\/wp\/v2\/product"}],"about":[{"href":"https:\/\/tresorcolombien.com\/fr\/wp-json\/wp\/v2\/types\/product"}],"version-history":[{"count":1,"href":"https:\/\/tresorcolombien.com\/fr\/wp-json\/wp\/v2\/product\/4771\/revisions"}],"predecessor-version":[{"id":5351,"href":"https:\/\/tresorcolombien.com\/fr\/wp-json\/wp\/v2\/product\/4771\/revisions\/5351"}],"wp:featuredmedia":[{"embeddable":true,"href":"https:\/\/tresorcolombien.com\/fr\/wp-json\/wp\/v2\/media\/3178"}],"wp:attachment":[{"href":"https:\/\/tresorcolombien.com\/fr\/wp-json\/wp\/v2\/media?parent=4771"}],"wp:term":[{"taxonomy":"product_brand","embeddable":true,"href":"https:\/\/tresorcolombien.com\/fr\/wp-json\/wp\/v2\/product_brand?post=4771"},{"taxonomy":"product_cat","embeddable":true,"href":"https:\/\/tresorcolombien.com\/fr\/wp-json\/wp\/v2\/product_cat?post=4771"},{"taxonomy":"product_tag","embeddable":true,"href":"https:\/\/tresorcolombien.com\/fr\/wp-json\/wp\/v2\/product_tag?post=4771"}],"curies":[{"name":"wp","href":"https:\/\/api.w.org\/{rel}","templated":true}]}}