{"id":4772,"date":"2024-11-13T16:17:52","date_gmt":"2024-11-13T21:17:52","guid":{"rendered":"https:\/\/tresorcolombien.com\/producto\/visite-du-musee-du-chateau-pique\/"},"modified":"2025-01-13T12:46:20","modified_gmt":"2025-01-13T17:46:20","slug":"visite-du-musee-du-chateau-pique","status":"publish","type":"product","link":"https:\/\/tresorcolombien.com\/fr\/producto\/visite-du-musee-du-chateau-pique\/","title":{"rendered":"Visite du mus\u00e9e du ch\u00e2teau + pique-"},"content":{"rendered":"<p><span style=\"font-weight: 400;\">  Visite guid\u00e9e du mus\u00e9e du ch\u00e2teau, l\u2019un des sites les plus embl\u00e9matiques de Medell\u00edn. Ses jardins spectaculaires et son architecture gothique m\u00e9di\u00e9vale sont une attraction touristique incontournable pour les amateurs de culture, d\u2019art et de tradition. Ses jardins sont l\u2019endroit id\u00e9al pour profiter d\u2019un pique-gourmand    <\/span><\/p>\n<p>Note: Le mardi, il n\u2019y a qu\u2019un acc\u00e8s aux jardins, la visite guid\u00e9e de la maison<br \/>\nn\u2019est PAS disponible Horaires d\u2019ouverture : Du lundi au vendredi de 9h00 \u00e0 17h00 &#8211; Les samedis, dimanches et jours f\u00e9ri\u00e9s de 10h00 \u00e0 17h00.<\/p>\n","protected":false},"excerpt":{"rendered":"<p><strong>INCLUS:<\/strong><br \/>\n<span style=\"font-weight: 400;\">Visite guid\u00e9e du mus\u00e9e du ch\u00e2teau<br \/>\n<\/span><span style=\"font-weight: 400;\">Transport en compagnie de l\u2019h\u00f4te (non priv\u00e9).<br \/>\n<\/span><span style=\"font-weight: 400;\">Nourriture de pique-gastronomique.<br \/>\n<\/span><span style=\"font-weight: 400;\">Bouteille d&rsquo;eau<br \/>\n<\/span><span style=\"font-weight: 400;\">H\u00f4te\/guide<br \/>\n<\/span><span style=\"font-weight: 400;\">Assurance voyage.<\/span><br \/>\n<strong>NON INCLUS:<\/strong><br \/>\n<span style=\"font-weight: 400;\">D\u00e9penses non sp\u00e9cifi\u00e9es dans le programme.<br \/>\n<\/span><span style=\"font-weight: 400;\">Pourboires.<\/span><\/p>\n<p>Notes : Le mardi, il n\u2019y a qu\u2019un acc\u00e8s aux jardins, la visite guid\u00e9e de la maison<br \/>\nn\u2019est PAS disponible Heures d\u2019ouverture : Du lundi au vendredi de 9h00 \u00e0 17h00 &#8211; Les samedis, dimanches et jours f\u00e9ri\u00e9s de 10h00 \u00e0 17h00.<\/p>\n<p><em><strong>Note: *Prix pour 1 personne s\u2019il vous pla\u00eet contactez-nous.<\/strong><\/em><br \/>\n<strong>Pour les groupes de 5 personnes ou plus Demandez votre code de r\u00e9duction !<\/strong><\/p>\n","protected":false},"featured_media":3160,"template":"","meta":{"_acf_changed":false,"site-sidebar-layout":"default","site-content-layout":"","ast-site-content-layout":"default","site-content-style":"default","site-sidebar-style":"default","ast-global-header-display":"","ast-banner-title-visibility":"","ast-main-header-display":"","ast-hfb-above-header-display":"","ast-hfb-below-header-display":"","ast-hfb-mobile-header-display":"","site-post-title":"","ast-breadcrumbs-content":"","ast-featured-img":"","footer-sml-layout":"","ast-disable-related-posts":"","theme-transparent-header-meta":"default","adv-header-id-meta":"","stick-header-meta":"","header-above-stick-meta":"","header-main-stick-meta":"","header-below-stick-meta":"","astra-migrate-meta-layouts":"default","ast-page-background-enabled":"default","ast-page-background-meta":{"desktop":{"background-color":"var(--ast-global-color-4)","background-image":"","background-repeat":"repeat","background-position":"center center","background-size":"auto","background-attachment":"scroll","background-type":"","background-media":"","overlay-type":"","overlay-color":"","overlay-opacity":"","overlay-gradient":""},"tablet":{"background-color":"","background-image":"","background-repeat":"repeat","background-position":"center center","background-size":"auto","background-attachment":"scroll","background-type":"","background-media":"","overlay-type":"","overlay-color":"","overlay-opacity":"","overlay-gradient":""},"mobile":{"background-color":"","background-image":"","background-repeat":"repeat","background-position":"center center","background-size":"auto","background-attachment":"scroll","background-type":"","background-media":"","overlay-type":"","overlay-color":"","overlay-opacity":"","overlay-gradient":""}},"ast-content-background-meta":{"desktop":{"background-color":"var(--ast-global-color-5)","background-image":"","background-repeat":"repeat","background-position":"center center","background-size":"auto","background-attachment":"scroll","background-type":"","background-media":"","overlay-type":"","overlay-color":"","overlay-opacity":"","overlay-gradient":""},"tablet":{"background-color":"var(--ast-global-color-5)","background-image":"","background-repeat":"repeat","background-position":"center center","background-size":"auto","background-attachment":"scroll","background-type":"","background-media":"","overlay-type":"","overlay-color":"","overlay-opacity":"","overlay-gradient":""},"mobile":{"background-color":"var(--ast-global-color-5)","background-image":"","background-repeat":"repeat","background-position":"center center","background-size":"auto","background-attachment":"scroll","background-type":"","background-media":"","overlay-type":"","overlay-color":"","overlay-opacity":"","overlay-gradient":""}},"_joinchat":[]},"product_brand":[],"product_cat":[305,317],"product_tag":[],"class_list":{"0":"post-4772","1":"product","2":"type-product","3":"status-publish","4":"has-post-thumbnail","6":"product_cat-medellin-fr","7":"product_cat-pique-et-serenade","8":"desktop-align-left","9":"tablet-align-left","10":"mobile-align-left","12":"first","13":"instock","14":"shipping-taxable","15":"product-type-simple"},"acf":[],"_links":{"self":[{"href":"https:\/\/tresorcolombien.com\/fr\/wp-json\/wp\/v2\/product\/4772","targetHints":{"allow":["GET"]}}],"collection":[{"href":"https:\/\/tresorcolombien.com\/fr\/wp-json\/wp\/v2\/product"}],"about":[{"href":"https:\/\/tresorcolombien.com\/fr\/wp-json\/wp\/v2\/types\/product"}],"version-history":[{"count":1,"href":"https:\/\/tresorcolombien.com\/fr\/wp-json\/wp\/v2\/product\/4772\/revisions"}],"predecessor-version":[{"id":5353,"href":"https:\/\/tresorcolombien.com\/fr\/wp-json\/wp\/v2\/product\/4772\/revisions\/5353"}],"wp:featuredmedia":[{"embeddable":true,"href":"https:\/\/tresorcolombien.com\/fr\/wp-json\/wp\/v2\/media\/3160"}],"wp:attachment":[{"href":"https:\/\/tresorcolombien.com\/fr\/wp-json\/wp\/v2\/media?parent=4772"}],"wp:term":[{"taxonomy":"product_brand","embeddable":true,"href":"https:\/\/tresorcolombien.com\/fr\/wp-json\/wp\/v2\/product_brand?post=4772"},{"taxonomy":"product_cat","embeddable":true,"href":"https:\/\/tresorcolombien.com\/fr\/wp-json\/wp\/v2\/product_cat?post=4772"},{"taxonomy":"product_tag","embeddable":true,"href":"https:\/\/tresorcolombien.com\/fr\/wp-json\/wp\/v2\/product_tag?post=4772"}],"curies":[{"name":"wp","href":"https:\/\/api.w.org\/{rel}","templated":true}]}}