{"id":4783,"date":"2024-11-13T16:18:53","date_gmt":"2024-11-13T21:18:53","guid":{"rendered":"https:\/\/tresorcolombien.com\/producto\/balade-a-cheval-antioquia\/"},"modified":"2025-01-13T12:17:59","modified_gmt":"2025-01-13T17:17:59","slug":"balade-a-cheval-antioquia","status":"publish","type":"product","link":"https:\/\/tresorcolombien.com\/fr\/producto\/balade-a-cheval-antioquia\/","title":{"rendered":"Balade \u00e0 cheval Antioquia"},"content":{"rendered":"<p><span style=\"font-weight: 400;\">D\u2019un village de muletiers, nous voulons partager avec vous l\u2019exp\u00e9rience de parcourir les champs \u00e0 cheval, o\u00f9 vous pourrez profiter des itin\u00e9raires \u00e9cologiques, des paysages, de la faune et de la flore de la ville de l\u2019\u00e9ternel printemps, vous passerez un apr\u00e8s-midi amusant entre amis. La visite se termine dans une auberge traditionnelle de Pa\u00edsa pour d\u00e9guster les boissons et les plats typiques de la r\u00e9gion. <\/span><br \/>\n&nbsp;<\/p>\n","protected":false},"excerpt":{"rendered":"<p><strong>INCLUS:<\/strong><br \/>\n<span style=\"font-weight: 400;\">Balade \u00e0 cheval guid\u00e9e.<br \/>\n<\/span><span style=\"font-weight: 400;\">Guide expert.<br \/>\n<\/span><span style=\"font-weight: 400;\">D\u00e9jeuner typique et collations traditionnelles.<br \/>\n<\/span><span style=\"font-weight: 400;\">Transport en compagnie du guide (non priv\u00e9).<br \/>\n<\/span><span style=\"font-weight: 400;\">Assurance voyage. <\/span><br \/>\n<strong>NON INCLUS:<\/strong><br \/>\n<span style=\"font-weight: 400;\">D\u00e9penses non sp\u00e9cifi\u00e9es dans le programme.<br \/>\n<\/span><span style=\"font-weight: 400;\">Pourboires pour le guide\/chauffeur.<\/p>\n<p><em><strong>Notes: *Pour les tarifs de 1 pax, veuillez nous contacter.<\/strong><\/em><\/p>\n","protected":false},"featured_media":3208,"template":"","meta":{"_acf_changed":false,"site-sidebar-layout":"default","site-content-layout":"","ast-site-content-layout":"default","site-content-style":"default","site-sidebar-style":"default","ast-global-header-display":"","ast-banner-title-visibility":"","ast-main-header-display":"","ast-hfb-above-header-display":"","ast-hfb-below-header-display":"","ast-hfb-mobile-header-display":"","site-post-title":"","ast-breadcrumbs-content":"","ast-featured-img":"","footer-sml-layout":"","ast-disable-related-posts":"","theme-transparent-header-meta":"default","adv-header-id-meta":"","stick-header-meta":"","header-above-stick-meta":"","header-main-stick-meta":"","header-below-stick-meta":"","astra-migrate-meta-layouts":"default","ast-page-background-enabled":"default","ast-page-background-meta":{"desktop":{"background-color":"var(--ast-global-color-4)","background-image":"","background-repeat":"repeat","background-position":"center center","background-size":"auto","background-attachment":"scroll","background-type":"","background-media":"","overlay-type":"","overlay-color":"","overlay-opacity":"","overlay-gradient":""},"tablet":{"background-color":"","background-image":"","background-repeat":"repeat","background-position":"center center","background-size":"auto","background-attachment":"scroll","background-type":"","background-media":"","overlay-type":"","overlay-color":"","overlay-opacity":"","overlay-gradient":""},"mobile":{"background-color":"","background-image":"","background-repeat":"repeat","background-position":"center center","background-size":"auto","background-attachment":"scroll","background-type":"","background-media":"","overlay-type":"","overlay-color":"","overlay-opacity":"","overlay-gradient":""}},"ast-content-background-meta":{"desktop":{"background-color":"var(--ast-global-color-5)","background-image":"","background-repeat":"repeat","background-position":"center center","background-size":"auto","background-attachment":"scroll","background-type":"","background-media":"","overlay-type":"","overlay-color":"","overlay-opacity":"","overlay-gradient":""},"tablet":{"background-color":"var(--ast-global-color-5)","background-image":"","background-repeat":"repeat","background-position":"center center","background-size":"auto","background-attachment":"scroll","background-type":"","background-media":"","overlay-type":"","overlay-color":"","overlay-opacity":"","overlay-gradient":""},"mobile":{"background-color":"var(--ast-global-color-5)","background-image":"","background-repeat":"repeat","background-position":"center center","background-size":"auto","background-attachment":"scroll","background-type":"","background-media":"","overlay-type":"","overlay-color":"","overlay-opacity":"","overlay-gradient":""}},"_joinchat":[]},"product_brand":[],"product_cat":[321,305],"product_tag":[],"class_list":{"0":"post-4783","1":"product","2":"type-product","3":"status-publish","4":"has-post-thumbnail","6":"product_cat-zriding-antioquia","7":"product_cat-medellin-fr","8":"desktop-align-left","9":"tablet-align-left","10":"mobile-align-left","12":"first","13":"instock","14":"shipping-taxable","15":"product-type-simple"},"acf":[],"_links":{"self":[{"href":"https:\/\/tresorcolombien.com\/fr\/wp-json\/wp\/v2\/product\/4783","targetHints":{"allow":["GET"]}}],"collection":[{"href":"https:\/\/tresorcolombien.com\/fr\/wp-json\/wp\/v2\/product"}],"about":[{"href":"https:\/\/tresorcolombien.com\/fr\/wp-json\/wp\/v2\/types\/product"}],"version-history":[{"count":1,"href":"https:\/\/tresorcolombien.com\/fr\/wp-json\/wp\/v2\/product\/4783\/revisions"}],"predecessor-version":[{"id":5349,"href":"https:\/\/tresorcolombien.com\/fr\/wp-json\/wp\/v2\/product\/4783\/revisions\/5349"}],"wp:featuredmedia":[{"embeddable":true,"href":"https:\/\/tresorcolombien.com\/fr\/wp-json\/wp\/v2\/media\/3208"}],"wp:attachment":[{"href":"https:\/\/tresorcolombien.com\/fr\/wp-json\/wp\/v2\/media?parent=4783"}],"wp:term":[{"taxonomy":"product_brand","embeddable":true,"href":"https:\/\/tresorcolombien.com\/fr\/wp-json\/wp\/v2\/product_brand?post=4783"},{"taxonomy":"product_cat","embeddable":true,"href":"https:\/\/tresorcolombien.com\/fr\/wp-json\/wp\/v2\/product_cat?post=4783"},{"taxonomy":"product_tag","embeddable":true,"href":"https:\/\/tresorcolombien.com\/fr\/wp-json\/wp\/v2\/product_tag?post=4783"}],"curies":[{"name":"wp","href":"https:\/\/api.w.org\/{rel}","templated":true}]}}