{"id":4786,"date":"2024-11-13T16:19:27","date_gmt":"2024-11-13T21:19:27","guid":{"rendered":"https:\/\/tresorcolombien.com\/producto\/visite-de-la-ville-de-carthagene\/"},"modified":"2025-01-13T12:11:30","modified_gmt":"2025-01-13T17:11:30","slug":"visite-de-la-ville-de-carthagene","status":"publish","type":"product","link":"https:\/\/tresorcolombien.com\/fr\/producto\/visite-de-la-ville-de-carthagene\/","title":{"rendered":"Visite de la ville de Carthag\u00e8ne"},"content":{"rendered":"<p><span style=\"font-weight: 400;\">Visite de la ville de Carthag\u00e8ne. V\u00e9hicule climatis\u00e9 pour la visite de la ville de Carthag\u00e8ne. <\/span><\/p>\n<p><span style=\"font-weight: 400;\">Carthag\u00e8ne, la perle dor\u00e9e de la Colombie, d\u00e9clar\u00e9e patrimoine mondial de l\u2019UNESCO en 1984, est vraiment un lieu magique plein d\u2019histoires de pirates et de corsaires dans cette magnifique ville coloniale. Il n\u2019y a rien de mieux que de se promener dans ses rues et ses places en compagnie d\u2019un guide h\u00f4te sp\u00e9cialis\u00e9 dans les anecdotes et les histoires de ce labyrinthe de pierre.   <\/span><\/p>\n<p><span style=\"font-weight: 400;\">Comprend une visite guid\u00e9e du ch\u00e2teau de San Felipe, une imposante forteresse militaire en pierre, la plus grande d\u2019Am\u00e9rique latine qui a \u00e9t\u00e9 d\u00e9crite comme le chef-d\u2019\u0153uvre phare de l\u2019ing\u00e9nierie militaire espagnole.<\/span><\/p>\n","protected":false},"excerpt":{"rendered":"<p><b>INCLUS: <\/b><br \/>\n<span style=\"font-weight: 400;\">Guide local.<br \/>\n<\/span><span style=\"font-weight: 400;\">Entr\u00e9e au ch\u00e2teau de San Felipe.<br \/>\n<\/span><span style=\"font-weight: 400;\">Entr\u00e9e\/Visite du Mus\u00e9e de l\u2019\u00c9meraude<br \/>\n<\/span><span style=\"font-weight: 400;\">1 bouteille d&rsquo;eau.<br \/>\n<\/span><span style=\"font-weight: 400;\">Transport priv\u00e9 climatis\u00e9<br \/>\n<\/span><span style=\"font-weight: 400;\">Assurance. <br \/><\/span><\/p>\n<p><b>NON INCLUS: <\/b><br \/>\n<span style=\"font-weight: 400;\">Pourboires conducteur\/guide.<br \/>\n<\/span><span style=\"font-weight: 400;\">D\u00e9penses non sp\u00e9cifi\u00e9es dans le programme.<\/span><br \/>\n<\/span><span style=\"font-weight: 400;\">D\u00e9jeuner.<\/span><br \/>\n<strong>Pour les groupes de 5 personnes ou plus Demandez votre code de r\u00e9duction !<\/strong><\/p>\n","protected":false},"featured_media":3238,"template":"","meta":{"_acf_changed":false,"site-sidebar-layout":"default","site-content-layout":"","ast-site-content-layout":"default","site-content-style":"default","site-sidebar-style":"default","ast-global-header-display":"","ast-banner-title-visibility":"","ast-main-header-display":"","ast-hfb-above-header-display":"","ast-hfb-below-header-display":"","ast-hfb-mobile-header-display":"","site-post-title":"","ast-breadcrumbs-content":"","ast-featured-img":"","footer-sml-layout":"","ast-disable-related-posts":"","theme-transparent-header-meta":"default","adv-header-id-meta":"","stick-header-meta":"","header-above-stick-meta":"","header-main-stick-meta":"","header-below-stick-meta":"","astra-migrate-meta-layouts":"default","ast-page-background-enabled":"default","ast-page-background-meta":{"desktop":{"background-color":"var(--ast-global-color-4)","background-image":"","background-repeat":"repeat","background-position":"center center","background-size":"auto","background-attachment":"scroll","background-type":"","background-media":"","overlay-type":"","overlay-color":"","overlay-opacity":"","overlay-gradient":""},"tablet":{"background-color":"","background-image":"","background-repeat":"repeat","background-position":"center center","background-size":"auto","background-attachment":"scroll","background-type":"","background-media":"","overlay-type":"","overlay-color":"","overlay-opacity":"","overlay-gradient":""},"mobile":{"background-color":"","background-image":"","background-repeat":"repeat","background-position":"center center","background-size":"auto","background-attachment":"scroll","background-type":"","background-media":"","overlay-type":"","overlay-color":"","overlay-opacity":"","overlay-gradient":""}},"ast-content-background-meta":{"desktop":{"background-color":"var(--ast-global-color-5)","background-image":"","background-repeat":"repeat","background-position":"center center","background-size":"auto","background-attachment":"scroll","background-type":"","background-media":"","overlay-type":"","overlay-color":"","overlay-opacity":"","overlay-gradient":""},"tablet":{"background-color":"var(--ast-global-color-5)","background-image":"","background-repeat":"repeat","background-position":"center center","background-size":"auto","background-attachment":"scroll","background-type":"","background-media":"","overlay-type":"","overlay-color":"","overlay-opacity":"","overlay-gradient":""},"mobile":{"background-color":"var(--ast-global-color-5)","background-image":"","background-repeat":"repeat","background-position":"center center","background-size":"auto","background-attachment":"scroll","background-type":"","background-media":"","overlay-type":"","overlay-color":"","overlay-opacity":"","overlay-gradient":""}},"_joinchat":[]},"product_brand":[],"product_cat":[268,323],"product_tag":[],"class_list":{"0":"post-4786","1":"product","2":"type-product","3":"status-publish","4":"has-post-thumbnail","6":"product_cat-carthagene","7":"product_cat-visite-de-la-ville-de-carthagene","8":"desktop-align-left","9":"tablet-align-left","10":"mobile-align-left","12":"first","13":"instock","14":"shipping-taxable","15":"product-type-simple"},"acf":[],"_links":{"self":[{"href":"https:\/\/tresorcolombien.com\/fr\/wp-json\/wp\/v2\/product\/4786","targetHints":{"allow":["GET"]}}],"collection":[{"href":"https:\/\/tresorcolombien.com\/fr\/wp-json\/wp\/v2\/product"}],"about":[{"href":"https:\/\/tresorcolombien.com\/fr\/wp-json\/wp\/v2\/types\/product"}],"version-history":[{"count":2,"href":"https:\/\/tresorcolombien.com\/fr\/wp-json\/wp\/v2\/product\/4786\/revisions"}],"predecessor-version":[{"id":5347,"href":"https:\/\/tresorcolombien.com\/fr\/wp-json\/wp\/v2\/product\/4786\/revisions\/5347"}],"wp:featuredmedia":[{"embeddable":true,"href":"https:\/\/tresorcolombien.com\/fr\/wp-json\/wp\/v2\/media\/3238"}],"wp:attachment":[{"href":"https:\/\/tresorcolombien.com\/fr\/wp-json\/wp\/v2\/media?parent=4786"}],"wp:term":[{"taxonomy":"product_brand","embeddable":true,"href":"https:\/\/tresorcolombien.com\/fr\/wp-json\/wp\/v2\/product_brand?post=4786"},{"taxonomy":"product_cat","embeddable":true,"href":"https:\/\/tresorcolombien.com\/fr\/wp-json\/wp\/v2\/product_cat?post=4786"},{"taxonomy":"product_tag","embeddable":true,"href":"https:\/\/tresorcolombien.com\/fr\/wp-json\/wp\/v2\/product_tag?post=4786"}],"curies":[{"name":"wp","href":"https:\/\/api.w.org\/{rel}","templated":true}]}}