{"id":4789,"date":"2024-11-13T16:19:09","date_gmt":"2024-11-13T21:19:09","guid":{"rendered":"https:\/\/tresorcolombien.com\/producto\/visite-de-la-ville-de-medellin-comuna-13\/"},"modified":"2025-01-13T12:14:34","modified_gmt":"2025-01-13T17:14:34","slug":"visite-de-la-ville-de-medellin-comuna-13","status":"publish","type":"product","link":"https:\/\/tresorcolombien.com\/fr\/producto\/visite-de-la-ville-de-medellin-comuna-13\/","title":{"rendered":"Visite de la ville de Medell\u00edn + Comuna 13"},"content":{"rendered":"<p>Visite de la ville de Medell\u00edn.  <span style=\"font-weight: 400;\">Profitez d\u2019une incroyable visite \u00e0 pied de l\u2019un des lieux les plus c\u00e9l\u00e8bres de Colombie des ann\u00e9es 90, la Comuna 13, aujourd\u2019hui c\u2019est l\u2019un des endroits les plus visit\u00e9s pour observer ses rues color\u00e9es et son art urbain spectaculaire.  <\/span><\/p>\n<p><span style=\"font-weight: 400;\">Nous terminerons par la descente en m\u00e9tro-cable qui est un exemple d\u2019int\u00e9gration sociale dans les quartiers p\u00e9riph\u00e9riques de Medell\u00edn, une visite incontournable qui nous montrera un mod\u00e8le de transformation et de paix.<br \/>\n<\/span><span style=\"font-weight: 400;\">Notre journ\u00e9e se poursuit en explorant le centre historique de Medell\u00edn, en parcourant les sites les plus repr\u00e9sentatifs de la \u00ab Ville de l\u2019\u00e9ternel printemps \u00bb, en visitant le parc Berrio et la sublime Plaza Botero accompagn\u00e9 de notre guide local. Pendant la visite de la ville de Medell\u00edn, le d\u00e9jeuner n\u2019est pas inclus. <\/span><\/p>\n","protected":false},"excerpt":{"rendered":"<p><strong>INCLUS:<\/strong><br \/>\n<span style=\"font-weight: 400;\">Guide local.<br \/>\n<\/span><span style=\"font-weight: 400;\">Transport en compagnie du guide (non priv\u00e9).<br \/>\n<\/span><span style=\"font-weight: 400;\">Trajet en m\u00e9tro et en t\u00e9l\u00e9ph\u00e9rique.<br \/>\n<\/span><span style=\"font-weight: 400;\">Mus\u00e9e en plein air d\u2019Inflexion<br \/>\n<\/span><span style=\"font-weight: 400;\">.<br \/>\n<\/span><span style=\"font-weight: 400;\">Visites guid\u00e9es de la Plaza Botero, du parc Berr\u00edo<br \/>\n<\/span><span style=\"font-weight: 400;\">Visite et tour dans la COMUNA 13<br \/>\n<\/span><span style=\"font-weight: 400;\">Assurance voyage.<\/span><br \/>\n<strong>NON INCLUS:<\/strong><br \/>\n<span style=\"font-weight: 400;\">D\u00e9jeuner.<br \/>\n<\/span><span style=\"font-weight: 400;\">Conseils.<br \/>\n<\/span><span style=\"font-weight: 400;\">D\u00e9penses non sp\u00e9cifi\u00e9es dans le programme.<\/span><\/p>\n","protected":false},"featured_media":3223,"template":"","meta":{"_acf_changed":false,"site-sidebar-layout":"default","site-content-layout":"","ast-site-content-layout":"default","site-content-style":"default","site-sidebar-style":"default","ast-global-header-display":"","ast-banner-title-visibility":"","ast-main-header-display":"","ast-hfb-above-header-display":"","ast-hfb-below-header-display":"","ast-hfb-mobile-header-display":"","site-post-title":"","ast-breadcrumbs-content":"","ast-featured-img":"","footer-sml-layout":"","ast-disable-related-posts":"","theme-transparent-header-meta":"default","adv-header-id-meta":"","stick-header-meta":"","header-above-stick-meta":"","header-main-stick-meta":"","header-below-stick-meta":"","astra-migrate-meta-layouts":"default","ast-page-background-enabled":"default","ast-page-background-meta":{"desktop":{"background-color":"var(--ast-global-color-4)","background-image":"","background-repeat":"repeat","background-position":"center center","background-size":"auto","background-attachment":"scroll","background-type":"","background-media":"","overlay-type":"","overlay-color":"","overlay-opacity":"","overlay-gradient":""},"tablet":{"background-color":"","background-image":"","background-repeat":"repeat","background-position":"center center","background-size":"auto","background-attachment":"scroll","background-type":"","background-media":"","overlay-type":"","overlay-color":"","overlay-opacity":"","overlay-gradient":""},"mobile":{"background-color":"","background-image":"","background-repeat":"repeat","background-position":"center center","background-size":"auto","background-attachment":"scroll","background-type":"","background-media":"","overlay-type":"","overlay-color":"","overlay-opacity":"","overlay-gradient":""}},"ast-content-background-meta":{"desktop":{"background-color":"var(--ast-global-color-5)","background-image":"","background-repeat":"repeat","background-position":"center center","background-size":"auto","background-attachment":"scroll","background-type":"","background-media":"","overlay-type":"","overlay-color":"","overlay-opacity":"","overlay-gradient":""},"tablet":{"background-color":"var(--ast-global-color-5)","background-image":"","background-repeat":"repeat","background-position":"center center","background-size":"auto","background-attachment":"scroll","background-type":"","background-media":"","overlay-type":"","overlay-color":"","overlay-opacity":"","overlay-gradient":""},"mobile":{"background-color":"var(--ast-global-color-5)","background-image":"","background-repeat":"repeat","background-position":"center center","background-size":"auto","background-attachment":"scroll","background-type":"","background-media":"","overlay-type":"","overlay-color":"","overlay-opacity":"","overlay-gradient":""}},"_joinchat":[]},"product_brand":[],"product_cat":[305,322],"product_tag":[],"class_list":{"0":"post-4789","1":"product","2":"type-product","3":"status-publish","4":"has-post-thumbnail","6":"product_cat-medellin-fr","7":"product_cat-visite-de-medellin","8":"desktop-align-left","9":"tablet-align-left","10":"mobile-align-left","12":"first","13":"instock","14":"shipping-taxable","15":"product-type-simple"},"acf":[],"_links":{"self":[{"href":"https:\/\/tresorcolombien.com\/fr\/wp-json\/wp\/v2\/product\/4789","targetHints":{"allow":["GET"]}}],"collection":[{"href":"https:\/\/tresorcolombien.com\/fr\/wp-json\/wp\/v2\/product"}],"about":[{"href":"https:\/\/tresorcolombien.com\/fr\/wp-json\/wp\/v2\/types\/product"}],"version-history":[{"count":1,"href":"https:\/\/tresorcolombien.com\/fr\/wp-json\/wp\/v2\/product\/4789\/revisions"}],"predecessor-version":[{"id":5348,"href":"https:\/\/tresorcolombien.com\/fr\/wp-json\/wp\/v2\/product\/4789\/revisions\/5348"}],"wp:featuredmedia":[{"embeddable":true,"href":"https:\/\/tresorcolombien.com\/fr\/wp-json\/wp\/v2\/media\/3223"}],"wp:attachment":[{"href":"https:\/\/tresorcolombien.com\/fr\/wp-json\/wp\/v2\/media?parent=4789"}],"wp:term":[{"taxonomy":"product_brand","embeddable":true,"href":"https:\/\/tresorcolombien.com\/fr\/wp-json\/wp\/v2\/product_brand?post=4789"},{"taxonomy":"product_cat","embeddable":true,"href":"https:\/\/tresorcolombien.com\/fr\/wp-json\/wp\/v2\/product_cat?post=4789"},{"taxonomy":"product_tag","embeddable":true,"href":"https:\/\/tresorcolombien.com\/fr\/wp-json\/wp\/v2\/product_tag?post=4789"}],"curies":[{"name":"wp","href":"https:\/\/api.w.org\/{rel}","templated":true}]}}