{"id":4791,"date":"2024-11-13T16:19:45","date_gmt":"2024-11-13T21:19:45","guid":{"rendered":"https:\/\/tresorcolombien.com\/producto\/visite-de-la-plage-cristalline\/"},"modified":"2025-01-13T12:06:59","modified_gmt":"2025-01-13T17:06:59","slug":"visite-de-la-plage-cristalline","status":"publish","type":"product","link":"https:\/\/tresorcolombien.com\/fr\/producto\/visite-de-la-plage-cristalline\/","title":{"rendered":"Visite de la plage cristalline"},"content":{"rendered":"<p><span style=\"font-weight: 400;\">Visite de la plage cristalline. Si vous \u00eates \u00e0 la recherche d\u2019une plage idyllique aux eaux cristallines, aux beaux cocotiers et au sable blanc, cette visite est id\u00e9ale pour vous et votre famille. Au cours de cette visite, vous pourrez d\u00e9couvrir l\u2019une des plus belles plages du parc national de Tayrona, certaines d\u2019entre elles ne vous obligent pas \u00e0 faire de longues promenades pour y acc\u00e9der. Le transfert se fait en bateau et vous pouvez y faire des activit\u00e9s suppl\u00e9mentaires telles que la plong\u00e9e en apn\u00e9e, la plong\u00e9e en apn\u00e9e, le Jet Sky, entre autres sports nautiques.   <\/span><\/p>\n","protected":false},"excerpt":{"rendered":"<p><strong>INCLUS:<\/strong><br \/>\n<span style=\"font-weight: 400;\">Guide d\u2019accueil hispanophone.<br \/>\n<\/span><span style=\"font-weight: 400;\">Transport terrestre en compagnie de l\u2019h\u00f4te (non priv\u00e9).<br \/>\n<\/span><span style=\"font-weight: 400;\">Transport aller-retour en bateau.<br \/>\n<\/span><span style=\"font-weight: 400;\">Entr\u00e9e au parc Tayrona Nacionales (zone de plage).<br \/>\n<\/span><span style=\"font-weight: 400;\">Assurance voyage.<\/span><br \/>\n<strong>NON INCLUS:<\/strong><br \/>\n<span style=\"font-weight: 400;\">D\u00e9jeuner.<br \/>\n<\/span><span style=\"font-weight: 400;\">Pourboires.<br \/>\n<\/span><span style=\"font-weight: 400;\">D\u00e9penses non sp\u00e9cifi\u00e9es dans le programme.<\/span><\/p>\n","protected":false},"featured_media":3253,"template":"","meta":{"_acf_changed":false,"site-sidebar-layout":"default","site-content-layout":"","ast-site-content-layout":"default","site-content-style":"default","site-sidebar-style":"default","ast-global-header-display":"","ast-banner-title-visibility":"","ast-main-header-display":"","ast-hfb-above-header-display":"","ast-hfb-below-header-display":"","ast-hfb-mobile-header-display":"","site-post-title":"","ast-breadcrumbs-content":"","ast-featured-img":"","footer-sml-layout":"","ast-disable-related-posts":"","theme-transparent-header-meta":"default","adv-header-id-meta":"","stick-header-meta":"","header-above-stick-meta":"","header-main-stick-meta":"","header-below-stick-meta":"","astra-migrate-meta-layouts":"default","ast-page-background-enabled":"default","ast-page-background-meta":{"desktop":{"background-color":"var(--ast-global-color-4)","background-image":"","background-repeat":"repeat","background-position":"center center","background-size":"auto","background-attachment":"scroll","background-type":"","background-media":"","overlay-type":"","overlay-color":"","overlay-opacity":"","overlay-gradient":""},"tablet":{"background-color":"","background-image":"","background-repeat":"repeat","background-position":"center center","background-size":"auto","background-attachment":"scroll","background-type":"","background-media":"","overlay-type":"","overlay-color":"","overlay-opacity":"","overlay-gradient":""},"mobile":{"background-color":"","background-image":"","background-repeat":"repeat","background-position":"center center","background-size":"auto","background-attachment":"scroll","background-type":"","background-media":"","overlay-type":"","overlay-color":"","overlay-opacity":"","overlay-gradient":""}},"ast-content-background-meta":{"desktop":{"background-color":"var(--ast-global-color-5)","background-image":"","background-repeat":"repeat","background-position":"center center","background-size":"auto","background-attachment":"scroll","background-type":"","background-media":"","overlay-type":"","overlay-color":"","overlay-opacity":"","overlay-gradient":""},"tablet":{"background-color":"var(--ast-global-color-5)","background-image":"","background-repeat":"repeat","background-position":"center center","background-size":"auto","background-attachment":"scroll","background-type":"","background-media":"","overlay-type":"","overlay-color":"","overlay-opacity":"","overlay-gradient":""},"mobile":{"background-color":"var(--ast-global-color-5)","background-image":"","background-repeat":"repeat","background-position":"center center","background-size":"auto","background-attachment":"scroll","background-type":"","background-media":"","overlay-type":"","overlay-color":"","overlay-opacity":"","overlay-gradient":""}},"_joinchat":[]},"product_brand":[],"product_cat":[278,324],"product_tag":[],"class_list":{"0":"post-4791","1":"product","2":"type-product","3":"status-publish","4":"has-post-thumbnail","6":"product_cat-santa-marta-et-ses-environs","7":"product_cat-visite-de-la-plage-cristalline","8":"desktop-align-left","9":"tablet-align-left","10":"mobile-align-left","12":"first","13":"instock","14":"shipping-taxable","15":"purchasable","16":"product-type-simple"},"acf":[],"_links":{"self":[{"href":"https:\/\/tresorcolombien.com\/fr\/wp-json\/wp\/v2\/product\/4791","targetHints":{"allow":["GET"]}}],"collection":[{"href":"https:\/\/tresorcolombien.com\/fr\/wp-json\/wp\/v2\/product"}],"about":[{"href":"https:\/\/tresorcolombien.com\/fr\/wp-json\/wp\/v2\/types\/product"}],"version-history":[{"count":1,"href":"https:\/\/tresorcolombien.com\/fr\/wp-json\/wp\/v2\/product\/4791\/revisions"}],"predecessor-version":[{"id":5345,"href":"https:\/\/tresorcolombien.com\/fr\/wp-json\/wp\/v2\/product\/4791\/revisions\/5345"}],"wp:featuredmedia":[{"embeddable":true,"href":"https:\/\/tresorcolombien.com\/fr\/wp-json\/wp\/v2\/media\/3253"}],"wp:attachment":[{"href":"https:\/\/tresorcolombien.com\/fr\/wp-json\/wp\/v2\/media?parent=4791"}],"wp:term":[{"taxonomy":"product_brand","embeddable":true,"href":"https:\/\/tresorcolombien.com\/fr\/wp-json\/wp\/v2\/product_brand?post=4791"},{"taxonomy":"product_cat","embeddable":true,"href":"https:\/\/tresorcolombien.com\/fr\/wp-json\/wp\/v2\/product_cat?post=4791"},{"taxonomy":"product_tag","embeddable":true,"href":"https:\/\/tresorcolombien.com\/fr\/wp-json\/wp\/v2\/product_tag?post=4791"}],"curies":[{"name":"wp","href":"https:\/\/api.w.org\/{rel}","templated":true}]}}