{"id":4798,"date":"2024-11-13T16:19:58","date_gmt":"2024-11-13T21:19:58","guid":{"rendered":"https:\/\/tresorcolombien.com\/producto\/visite-de-la-ville-de-santa-marta\/"},"modified":"2025-01-15T02:31:26","modified_gmt":"2025-01-15T07:31:26","slug":"visite-de-la-ville-de-santa-marta","status":"publish","type":"product","link":"https:\/\/tresorcolombien.com\/fr\/producto\/visite-de-la-ville-de-santa-marta\/","title":{"rendered":"Visite de la ville de Santa Marta"},"content":{"rendered":"<p>Visite de la ville de Santa Marta.  <span style=\"font-weight: 400;\">Visite en v\u00e9hicule priv\u00e9 climatis\u00e9 et \u00e0 pied pour visiter le centre historique de Santa Marta qui cache une richesse historique, des joyaux architecturaux et des lieux int\u00e9ressants tels que des maisons anciennes, des parcs et des places coloniales. Il a \u00e9t\u00e9 d\u00e9clar\u00e9 monument national en 1963. <\/span><\/p>\n<p><span style=\"font-weight: 400;\">Lieux embl\u00e9matiques qui seront visit\u00e9s : La Quinta de San Pedro Alejandrino \u00e9tait la maison de Sim\u00f3n Bol\u00edvar. Le monument du c\u00e9l\u00e8bre joueur de football colombien Pibe Valderrama, \u00e0 la p\u00e9riph\u00e9rie du stade Eduardo Santos, le point de vue de Taganga et l\u2019incroyable cath\u00e9drale de style colonial, entre autres.   <\/span><\/p>\n<p><span style=\"font-weight: 400;\">Il est indispensable de prendre une photo \u00e0 la cath\u00e9drale de Santa Marta car c\u2019est la plus ancienne \u00e9glise du pays et un embl\u00e8me de la ville pour son architecture coloniale espagnole. Il y a les cendres de notre lib\u00e9rateur Sim\u00f3n Bol\u00edvar en 1830.   <\/span><\/p>\n<p><span style=\"font-weight: 400;\">Dans le mus\u00e9e de l&rsquo;or, vous pourrez appr\u00e9cier l&rsquo;exposition du mus\u00e9e anthropologique et ethnologique de la culture Tayrona. Leurs croyances, leurs mythologies, leur artisanat et leurs pi\u00e8ces d&rsquo;orf\u00e8vrerie sont expos\u00e9s dans ce lieu. Pour conna\u00eetre et explorer l&rsquo;h\u00e9ritage de la culture mill\u00e9naire du peuple Tayrona.  <\/span><\/p>\n","protected":false},"excerpt":{"rendered":"<p><strong>INCLUS:<\/strong><br \/>\n<span style=\"font-weight: 400;\">Guide d\u2019accueil hispanophone.<br \/>\n<\/span><span style=\"font-weight: 400;\">Transport climatis\u00e9.<br \/>\n<\/span><span style=\"font-weight: 400;\">Entr\u00e9e au mus\u00e9e de l\u2019or Tayrona.<br \/>\n<\/span><span style=\"font-weight: 400;\">Entr\u00e9e Cinqui\u00e8me entr\u00e9e de San Pedro Alejandrino.<br \/>\n<\/span><span style=\"font-weight: 400;\">Assurance voyage.<\/span><br \/>\n<strong>NON INCLUS:<\/strong><br \/>\n<span style=\"font-weight: 400;\">D\u00e9jeuner.<br \/>\n<\/span><span style=\"font-weight: 400;\">Pourboires.<br \/>\n<\/span><span style=\"font-weight: 400;\">D\u00e9penses non sp\u00e9cifi\u00e9es dans le programme.<br \/>\n<\/span><span style=\"font-weight: 400;\">Boissons.<\/span><\/p>\n","protected":false},"featured_media":3262,"template":"","meta":{"_acf_changed":false,"site-sidebar-layout":"default","site-content-layout":"","ast-site-content-layout":"default","site-content-style":"default","site-sidebar-style":"default","ast-global-header-display":"","ast-banner-title-visibility":"","ast-main-header-display":"","ast-hfb-above-header-display":"","ast-hfb-below-header-display":"","ast-hfb-mobile-header-display":"","site-post-title":"","ast-breadcrumbs-content":"","ast-featured-img":"","footer-sml-layout":"","ast-disable-related-posts":"","theme-transparent-header-meta":"default","adv-header-id-meta":"","stick-header-meta":"","header-above-stick-meta":"","header-main-stick-meta":"","header-below-stick-meta":"","astra-migrate-meta-layouts":"default","ast-page-background-enabled":"default","ast-page-background-meta":{"desktop":{"background-color":"var(--ast-global-color-4)","background-image":"","background-repeat":"repeat","background-position":"center center","background-size":"auto","background-attachment":"scroll","background-type":"","background-media":"","overlay-type":"","overlay-color":"","overlay-opacity":"","overlay-gradient":""},"tablet":{"background-color":"","background-image":"","background-repeat":"repeat","background-position":"center center","background-size":"auto","background-attachment":"scroll","background-type":"","background-media":"","overlay-type":"","overlay-color":"","overlay-opacity":"","overlay-gradient":""},"mobile":{"background-color":"","background-image":"","background-repeat":"repeat","background-position":"center center","background-size":"auto","background-attachment":"scroll","background-type":"","background-media":"","overlay-type":"","overlay-color":"","overlay-opacity":"","overlay-gradient":""}},"ast-content-background-meta":{"desktop":{"background-color":"var(--ast-global-color-5)","background-image":"","background-repeat":"repeat","background-position":"center center","background-size":"auto","background-attachment":"scroll","background-type":"","background-media":"","overlay-type":"","overlay-color":"","overlay-opacity":"","overlay-gradient":""},"tablet":{"background-color":"var(--ast-global-color-5)","background-image":"","background-repeat":"repeat","background-position":"center center","background-size":"auto","background-attachment":"scroll","background-type":"","background-media":"","overlay-type":"","overlay-color":"","overlay-opacity":"","overlay-gradient":""},"mobile":{"background-color":"var(--ast-global-color-5)","background-image":"","background-repeat":"repeat","background-position":"center center","background-size":"auto","background-attachment":"scroll","background-type":"","background-media":"","overlay-type":"","overlay-color":"","overlay-opacity":"","overlay-gradient":""}},"_joinchat":[]},"product_brand":[],"product_cat":[278,325],"product_tag":[],"class_list":{"0":"post-4798","1":"product","2":"type-product","3":"status-publish","4":"has-post-thumbnail","6":"product_cat-santa-marta-et-ses-environs","7":"product_cat-visite-de-la-ville-de-santa-marta","8":"desktop-align-left","9":"tablet-align-left","10":"mobile-align-left","12":"first","13":"instock","14":"shipping-taxable","15":"purchasable","16":"product-type-simple"},"acf":[],"_links":{"self":[{"href":"https:\/\/tresorcolombien.com\/fr\/wp-json\/wp\/v2\/product\/4798","targetHints":{"allow":["GET"]}}],"collection":[{"href":"https:\/\/tresorcolombien.com\/fr\/wp-json\/wp\/v2\/product"}],"about":[{"href":"https:\/\/tresorcolombien.com\/fr\/wp-json\/wp\/v2\/types\/product"}],"version-history":[{"count":1,"href":"https:\/\/tresorcolombien.com\/fr\/wp-json\/wp\/v2\/product\/4798\/revisions"}],"predecessor-version":[{"id":5441,"href":"https:\/\/tresorcolombien.com\/fr\/wp-json\/wp\/v2\/product\/4798\/revisions\/5441"}],"wp:featuredmedia":[{"embeddable":true,"href":"https:\/\/tresorcolombien.com\/fr\/wp-json\/wp\/v2\/media\/3262"}],"wp:attachment":[{"href":"https:\/\/tresorcolombien.com\/fr\/wp-json\/wp\/v2\/media?parent=4798"}],"wp:term":[{"taxonomy":"product_brand","embeddable":true,"href":"https:\/\/tresorcolombien.com\/fr\/wp-json\/wp\/v2\/product_brand?post=4798"},{"taxonomy":"product_cat","embeddable":true,"href":"https:\/\/tresorcolombien.com\/fr\/wp-json\/wp\/v2\/product_cat?post=4798"},{"taxonomy":"product_tag","embeddable":true,"href":"https:\/\/tresorcolombien.com\/fr\/wp-json\/wp\/v2\/product_tag?post=4798"}],"curies":[{"name":"wp","href":"https:\/\/api.w.org\/{rel}","templated":true}]}}