{"id":4800,"date":"2024-11-13T16:20:33","date_gmt":"2024-11-13T21:20:33","guid":{"rendered":"https:\/\/tresorcolombien.com\/producto\/visite-du-cafe-et-du-cacao-a-minca\/"},"modified":"2025-01-15T02:21:07","modified_gmt":"2025-01-15T07:21:07","slug":"visite-du-cafe-et-du-cacao-a-minca","status":"publish","type":"product","link":"https:\/\/tresorcolombien.com\/fr\/producto\/visite-du-cafe-et-du-cacao-a-minca\/","title":{"rendered":"Visite du caf\u00e9 et du cacao \u00e0 Minca"},"content":{"rendered":"<p><span style=\"font-weight: 400;\">Visite du caf\u00e9 et du cacao \u00e0 Minca. Une exp\u00e9rience \u00e0 ne pas manquer si vous \u00eates un amoureux de la nature, de la d\u00e9connexion naturelle avec la Pachamama et les produits biologiques. Cette visite vous permet de d\u00e9couvrir les secrets du caf\u00e9 et du cacao de la Sierra Nevada de Santa Marta. L\u2019un des cacaos les plus recherch\u00e9s par les Hunters dans le monde se trouve dans les terres indig\u00e8nes de la Sierra. Les communaut\u00e9s de Kogui et d\u2019Arhuaca sont en charge de pr\u00e9server le savoir-faire ancestral de production de ces d\u00e9licieux produits.    <\/span><\/p>\n<p><span style=\"font-weight: 400;\">Vous participerez \u00e0 la r\u00e9colte, au processus de production et \u00e0 la d\u00e9gustation de ces d\u00e9licieuses gourmandises. N\u2019oubliez pas d\u2019apporter votre maillot de bain car la r\u00e9gion compte plusieurs rivi\u00e8res qui traversent tout son territoire et vous aurez s\u00fbrement envie d\u2019une baignade rafra\u00eechissante. <\/span><\/p>\n","protected":false},"excerpt":{"rendered":"<p><strong>INCLUS<\/strong><br \/>\n<span style=\"font-weight: 400;\">Guide d\u2019accueil hispanophone.<br \/>\n<\/span><span style=\"font-weight: 400;\">Transport terrestre en compagnie de l\u2019h\u00f4te (non priv\u00e9).<br \/>\n<\/span><span style=\"font-weight: 400;\">Atelier Cacao.<br \/>\n<\/span><span style=\"font-weight: 400;\">Atelier caf\u00e9.<br \/>\n<\/span><span style=\"font-weight: 400;\">Entr\u00e9e aux cascades.<br \/>\n<\/span><span style=\"font-weight: 400;\">Assurance voyage.<\/span><br \/>\n<strong>NON-INCLUS<\/strong><br \/>\n<span style=\"font-weight: 400;\">D\u00e9jeuner.<br \/>\n<\/span><span style=\"font-weight: 400;\">Conseils.<br \/>\n<\/span><span style=\"font-weight: 400;\">D\u00e9penses non sp\u00e9cifi\u00e9es dans le programme.<br \/>\n<\/span><span style=\"font-weight: 400;\">Boissons.<\/span><\/p>\n","protected":false},"featured_media":3292,"template":"","meta":{"_acf_changed":false,"site-sidebar-layout":"default","site-content-layout":"","ast-site-content-layout":"default","site-content-style":"default","site-sidebar-style":"default","ast-global-header-display":"","ast-banner-title-visibility":"","ast-main-header-display":"","ast-hfb-above-header-display":"","ast-hfb-below-header-display":"","ast-hfb-mobile-header-display":"","site-post-title":"","ast-breadcrumbs-content":"","ast-featured-img":"","footer-sml-layout":"","ast-disable-related-posts":"","theme-transparent-header-meta":"default","adv-header-id-meta":"","stick-header-meta":"","header-above-stick-meta":"","header-main-stick-meta":"","header-below-stick-meta":"","astra-migrate-meta-layouts":"default","ast-page-background-enabled":"default","ast-page-background-meta":{"desktop":{"background-color":"var(--ast-global-color-4)","background-image":"","background-repeat":"repeat","background-position":"center center","background-size":"auto","background-attachment":"scroll","background-type":"","background-media":"","overlay-type":"","overlay-color":"","overlay-opacity":"","overlay-gradient":""},"tablet":{"background-color":"","background-image":"","background-repeat":"repeat","background-position":"center center","background-size":"auto","background-attachment":"scroll","background-type":"","background-media":"","overlay-type":"","overlay-color":"","overlay-opacity":"","overlay-gradient":""},"mobile":{"background-color":"","background-image":"","background-repeat":"repeat","background-position":"center center","background-size":"auto","background-attachment":"scroll","background-type":"","background-media":"","overlay-type":"","overlay-color":"","overlay-opacity":"","overlay-gradient":""}},"ast-content-background-meta":{"desktop":{"background-color":"var(--ast-global-color-5)","background-image":"","background-repeat":"repeat","background-position":"center center","background-size":"auto","background-attachment":"scroll","background-type":"","background-media":"","overlay-type":"","overlay-color":"","overlay-opacity":"","overlay-gradient":""},"tablet":{"background-color":"var(--ast-global-color-5)","background-image":"","background-repeat":"repeat","background-position":"center center","background-size":"auto","background-attachment":"scroll","background-type":"","background-media":"","overlay-type":"","overlay-color":"","overlay-opacity":"","overlay-gradient":""},"mobile":{"background-color":"var(--ast-global-color-5)","background-image":"","background-repeat":"repeat","background-position":"center center","background-size":"auto","background-attachment":"scroll","background-type":"","background-media":"","overlay-type":"","overlay-color":"","overlay-opacity":"","overlay-gradient":""}},"_joinchat":[]},"product_brand":[],"product_cat":[278,327],"product_tag":[],"class_list":{"0":"post-4800","1":"product","2":"type-product","3":"status-publish","4":"has-post-thumbnail","6":"product_cat-santa-marta-et-ses-environs","7":"product_cat-visite-du-cafe-et-du-cacao-a-minca","8":"desktop-align-left","9":"tablet-align-left","10":"mobile-align-left","12":"first","13":"instock","14":"shipping-taxable","15":"purchasable","16":"product-type-simple"},"acf":[],"_links":{"self":[{"href":"https:\/\/tresorcolombien.com\/fr\/wp-json\/wp\/v2\/product\/4800","targetHints":{"allow":["GET"]}}],"collection":[{"href":"https:\/\/tresorcolombien.com\/fr\/wp-json\/wp\/v2\/product"}],"about":[{"href":"https:\/\/tresorcolombien.com\/fr\/wp-json\/wp\/v2\/types\/product"}],"version-history":[{"count":2,"href":"https:\/\/tresorcolombien.com\/fr\/wp-json\/wp\/v2\/product\/4800\/revisions"}],"predecessor-version":[{"id":5439,"href":"https:\/\/tresorcolombien.com\/fr\/wp-json\/wp\/v2\/product\/4800\/revisions\/5439"}],"wp:featuredmedia":[{"embeddable":true,"href":"https:\/\/tresorcolombien.com\/fr\/wp-json\/wp\/v2\/media\/3292"}],"wp:attachment":[{"href":"https:\/\/tresorcolombien.com\/fr\/wp-json\/wp\/v2\/media?parent=4800"}],"wp:term":[{"taxonomy":"product_brand","embeddable":true,"href":"https:\/\/tresorcolombien.com\/fr\/wp-json\/wp\/v2\/product_brand?post=4800"},{"taxonomy":"product_cat","embeddable":true,"href":"https:\/\/tresorcolombien.com\/fr\/wp-json\/wp\/v2\/product_cat?post=4800"},{"taxonomy":"product_tag","embeddable":true,"href":"https:\/\/tresorcolombien.com\/fr\/wp-json\/wp\/v2\/product_tag?post=4800"}],"curies":[{"name":"wp","href":"https:\/\/api.w.org\/{rel}","templated":true}]}}