{"id":4806,"date":"2024-11-13T16:20:50","date_gmt":"2024-11-13T21:20:50","guid":{"rendered":"https:\/\/tresorcolombien.com\/producto\/tour-a-velo-de-santa-marta\/"},"modified":"2025-01-13T11:45:30","modified_gmt":"2025-01-13T16:45:30","slug":"tour-a-velo-de-santa-marta","status":"publish","type":"product","link":"https:\/\/tresorcolombien.com\/fr\/producto\/tour-a-velo-de-santa-marta\/","title":{"rendered":"City tour en v\u00e9lo de Santa Marta"},"content":{"rendered":"<p>City Tour en v\u00e9lo de Santa Marta. <span style=\"font-weight: 400;\">Une fa\u00e7on \u00e9cologique, diff\u00e9rente et amusante de visiter le centre historique de Santa Marta. Visite du parc Bolivar, de la basilique-cath\u00e9drale de Santa Marta, du monument Tayrona et surtout du Malec\u00f3n. Cela vous permettra de voir l\u2019un des plus beaux couchers de soleil de la baie.    <\/span><\/p>\n","protected":false},"excerpt":{"rendered":"<p><strong>INCLUS: <\/strong><br \/>\n<span style=\"font-weight: 400;\">Tour \u00e0 v\u00e9lo.<br \/>\n<\/span><span style=\"font-weight: 400;\">Guide locale.<br \/>\n<\/span><span style=\"font-weight: 400;\">Bouteille d&rsquo;eau.<\/span><br \/>\n<strong>NON INCLUS:<\/strong><br \/>\n<span style=\"font-weight: 400;\">D\u00e9jeuner.<br \/>\n<\/span><span style=\"font-weight: 400;\">Pourboires.<br \/>\n<\/span><span style=\"font-weight: 400;\">D\u00e9penses non sp\u00e9cifi\u00e9es dans le programme.<\/span><\/p>\n","protected":false},"featured_media":3304,"template":"","meta":{"_acf_changed":false,"site-sidebar-layout":"default","site-content-layout":"","ast-site-content-layout":"default","site-content-style":"default","site-sidebar-style":"default","ast-global-header-display":"","ast-banner-title-visibility":"","ast-main-header-display":"","ast-hfb-above-header-display":"","ast-hfb-below-header-display":"","ast-hfb-mobile-header-display":"","site-post-title":"","ast-breadcrumbs-content":"","ast-featured-img":"","footer-sml-layout":"","ast-disable-related-posts":"","theme-transparent-header-meta":"default","adv-header-id-meta":"","stick-header-meta":"","header-above-stick-meta":"","header-main-stick-meta":"","header-below-stick-meta":"","astra-migrate-meta-layouts":"default","ast-page-background-enabled":"default","ast-page-background-meta":{"desktop":{"background-color":"var(--ast-global-color-4)","background-image":"","background-repeat":"repeat","background-position":"center center","background-size":"auto","background-attachment":"scroll","background-type":"","background-media":"","overlay-type":"","overlay-color":"","overlay-opacity":"","overlay-gradient":""},"tablet":{"background-color":"","background-image":"","background-repeat":"repeat","background-position":"center center","background-size":"auto","background-attachment":"scroll","background-type":"","background-media":"","overlay-type":"","overlay-color":"","overlay-opacity":"","overlay-gradient":""},"mobile":{"background-color":"","background-image":"","background-repeat":"repeat","background-position":"center center","background-size":"auto","background-attachment":"scroll","background-type":"","background-media":"","overlay-type":"","overlay-color":"","overlay-opacity":"","overlay-gradient":""}},"ast-content-background-meta":{"desktop":{"background-color":"var(--ast-global-color-5)","background-image":"","background-repeat":"repeat","background-position":"center center","background-size":"auto","background-attachment":"scroll","background-type":"","background-media":"","overlay-type":"","overlay-color":"","overlay-opacity":"","overlay-gradient":""},"tablet":{"background-color":"var(--ast-global-color-5)","background-image":"","background-repeat":"repeat","background-position":"center center","background-size":"auto","background-attachment":"scroll","background-type":"","background-media":"","overlay-type":"","overlay-color":"","overlay-opacity":"","overlay-gradient":""},"mobile":{"background-color":"var(--ast-global-color-5)","background-image":"","background-repeat":"repeat","background-position":"center center","background-size":"auto","background-attachment":"scroll","background-type":"","background-media":"","overlay-type":"","overlay-color":"","overlay-opacity":"","overlay-gradient":""}},"_joinchat":[]},"product_brand":[],"product_cat":[328,278],"product_tag":[],"class_list":{"0":"post-4806","1":"product","2":"type-product","3":"status-publish","4":"has-post-thumbnail","6":"product_cat-tour-a-velo-de-santa-marta","7":"product_cat-santa-marta-et-ses-environs","8":"desktop-align-left","9":"tablet-align-left","10":"mobile-align-left","12":"first","13":"instock","14":"shipping-taxable","15":"purchasable","16":"product-type-simple"},"acf":[],"_links":{"self":[{"href":"https:\/\/tresorcolombien.com\/fr\/wp-json\/wp\/v2\/product\/4806","targetHints":{"allow":["GET"]}}],"collection":[{"href":"https:\/\/tresorcolombien.com\/fr\/wp-json\/wp\/v2\/product"}],"about":[{"href":"https:\/\/tresorcolombien.com\/fr\/wp-json\/wp\/v2\/types\/product"}],"version-history":[{"count":1,"href":"https:\/\/tresorcolombien.com\/fr\/wp-json\/wp\/v2\/product\/4806\/revisions"}],"predecessor-version":[{"id":5344,"href":"https:\/\/tresorcolombien.com\/fr\/wp-json\/wp\/v2\/product\/4806\/revisions\/5344"}],"wp:featuredmedia":[{"embeddable":true,"href":"https:\/\/tresorcolombien.com\/fr\/wp-json\/wp\/v2\/media\/3304"}],"wp:attachment":[{"href":"https:\/\/tresorcolombien.com\/fr\/wp-json\/wp\/v2\/media?parent=4806"}],"wp:term":[{"taxonomy":"product_brand","embeddable":true,"href":"https:\/\/tresorcolombien.com\/fr\/wp-json\/wp\/v2\/product_brand?post=4806"},{"taxonomy":"product_cat","embeddable":true,"href":"https:\/\/tresorcolombien.com\/fr\/wp-json\/wp\/v2\/product_cat?post=4806"},{"taxonomy":"product_tag","embeddable":true,"href":"https:\/\/tresorcolombien.com\/fr\/wp-json\/wp\/v2\/product_tag?post=4806"}],"curies":[{"name":"wp","href":"https:\/\/api.w.org\/{rel}","templated":true}]}}