{"id":4811,"date":"2024-11-13T16:21:34","date_gmt":"2024-11-13T21:21:34","guid":{"rendered":"https:\/\/tresorcolombien.com\/producto\/tubing-sur-lancienne-riviere\/"},"modified":"2025-01-15T02:19:41","modified_gmt":"2025-01-15T07:19:41","slug":"tubing-sur-lancienne-riviere","status":"publish","type":"product","link":"https:\/\/tresorcolombien.com\/fr\/producto\/tubing-sur-lancienne-riviere\/","title":{"rendered":"Tubing sur l\u2019ancienne rivi\u00e8re"},"content":{"rendered":"<p>Tubing sur la rivi\u00e8re ancestrale.<\/p>\n<p><span style=\"font-weight: 400;\">La Sierra Nevada de Santa Marta rec\u00e8le de nombreux secrets ancestraux remplis de sagesse et de traditions indig\u00e8nes pr\u00e9colombiennes. Une occasion id\u00e9ale de vivre l\u2019exp\u00e9rience de la visite des anciens villages de Tairona, avec un guide expert qui se prom\u00e8ne le long des sentiers pav\u00e9s et des terrasses authentiques \u00e0 travers lesquelles les communaut\u00e9s indig\u00e8nes se promenaient et vivaient.   <\/span><\/p>\n<p><span style=\"font-weight: 400;\">D\u00e9jeuner inclus.  <\/span><\/p>\n<p><span style=\"font-weight: 400;\">Dans l\u2019apr\u00e8s-midi, j\u2019ai parcouru la rivi\u00e8re ancestrale en tube \u00e0 travers l\u2019une des meilleures destinations naturelles de la Sierra Nevada de Santa Marta. L\u2019un des objectifs de cette activit\u00e9 est de flotter sur des pneus ou des flotteurs jusqu\u2019\u00e0 la plage vierge de la rivi\u00e8re Don Diego pour profiter de la baignade entre l\u2019embouchure de la rivi\u00e8re et la mer. En plus de contempler des lieux sacr\u00e9s, des singes hurleurs et de profiter de la paix et de la tranquillit\u00e9 dans un environnement naturel unique des Cara\u00efbes colombiennes.  <\/span><\/p>\n<p><span style=\"font-weight: 400;\">Remarque : Pour les personnes qui ne souhaitent pas descendre en tube tube, cela peut se faire en bateau.<\/span><\/p>\n","protected":false},"excerpt":{"rendered":"<p><strong>INCLUS <\/strong><br \/>\n<span style=\"font-weight: 400;\">Entr\u00e9e \u00e0 la r\u00e9serve naturelle.<br \/>\n<\/span><span style=\"font-weight: 400;\">Entr\u00e9e aux terrasses et au mus\u00e9e indig\u00e8ne Tayrona.<br \/>\n<\/span><span style=\"font-weight: 400;\">Rafra\u00eechissement de bienvenue.<br \/>\n<\/span><span style=\"font-weight: 400;\">D\u00e9jeuner.<br \/>\n<\/span><span style=\"font-weight: 400;\">Descente en flotteurs jusqu\u2019\u00e0 la mer et retour en bateau au point de d\u00e9part.<\/span><br \/>\n<strong>NON-INCLUS<\/strong><br \/>\n<span style=\"font-weight: 400;\">Conseils.<br \/>\n<\/span><span style=\"font-weight: 400;\">D\u00e9penses non sp\u00e9cifi\u00e9es dans le programme.<\/span><\/p>\n","protected":false},"featured_media":3334,"template":"","meta":{"_acf_changed":false,"site-sidebar-layout":"default","site-content-layout":"","ast-site-content-layout":"default","site-content-style":"default","site-sidebar-style":"default","ast-global-header-display":"","ast-banner-title-visibility":"","ast-main-header-display":"","ast-hfb-above-header-display":"","ast-hfb-below-header-display":"","ast-hfb-mobile-header-display":"","site-post-title":"","ast-breadcrumbs-content":"","ast-featured-img":"","footer-sml-layout":"","ast-disable-related-posts":"","theme-transparent-header-meta":"default","adv-header-id-meta":"","stick-header-meta":"","header-above-stick-meta":"","header-main-stick-meta":"","header-below-stick-meta":"","astra-migrate-meta-layouts":"default","ast-page-background-enabled":"default","ast-page-background-meta":{"desktop":{"background-color":"var(--ast-global-color-4)","background-image":"","background-repeat":"repeat","background-position":"center center","background-size":"auto","background-attachment":"scroll","background-type":"","background-media":"","overlay-type":"","overlay-color":"","overlay-opacity":"","overlay-gradient":""},"tablet":{"background-color":"","background-image":"","background-repeat":"repeat","background-position":"center center","background-size":"auto","background-attachment":"scroll","background-type":"","background-media":"","overlay-type":"","overlay-color":"","overlay-opacity":"","overlay-gradient":""},"mobile":{"background-color":"","background-image":"","background-repeat":"repeat","background-position":"center center","background-size":"auto","background-attachment":"scroll","background-type":"","background-media":"","overlay-type":"","overlay-color":"","overlay-opacity":"","overlay-gradient":""}},"ast-content-background-meta":{"desktop":{"background-color":"var(--ast-global-color-5)","background-image":"","background-repeat":"repeat","background-position":"center center","background-size":"auto","background-attachment":"scroll","background-type":"","background-media":"","overlay-type":"","overlay-color":"","overlay-opacity":"","overlay-gradient":""},"tablet":{"background-color":"var(--ast-global-color-5)","background-image":"","background-repeat":"repeat","background-position":"center center","background-size":"auto","background-attachment":"scroll","background-type":"","background-media":"","overlay-type":"","overlay-color":"","overlay-opacity":"","overlay-gradient":""},"mobile":{"background-color":"var(--ast-global-color-5)","background-image":"","background-repeat":"repeat","background-position":"center center","background-size":"auto","background-attachment":"scroll","background-type":"","background-media":"","overlay-type":"","overlay-color":"","overlay-opacity":"","overlay-gradient":""}},"_joinchat":[]},"product_brand":[],"product_cat":[278,331],"product_tag":[],"class_list":{"0":"post-4811","1":"product","2":"type-product","3":"status-publish","4":"has-post-thumbnail","6":"product_cat-santa-marta-et-ses-environs","7":"product_cat-tubing-sur-la-riviere-ancestrale","8":"desktop-align-left","9":"tablet-align-left","10":"mobile-align-left","12":"first","13":"instock","14":"shipping-taxable","15":"purchasable","16":"product-type-simple"},"acf":[],"_links":{"self":[{"href":"https:\/\/tresorcolombien.com\/fr\/wp-json\/wp\/v2\/product\/4811","targetHints":{"allow":["GET"]}}],"collection":[{"href":"https:\/\/tresorcolombien.com\/fr\/wp-json\/wp\/v2\/product"}],"about":[{"href":"https:\/\/tresorcolombien.com\/fr\/wp-json\/wp\/v2\/types\/product"}],"version-history":[{"count":2,"href":"https:\/\/tresorcolombien.com\/fr\/wp-json\/wp\/v2\/product\/4811\/revisions"}],"predecessor-version":[{"id":5438,"href":"https:\/\/tresorcolombien.com\/fr\/wp-json\/wp\/v2\/product\/4811\/revisions\/5438"}],"wp:featuredmedia":[{"embeddable":true,"href":"https:\/\/tresorcolombien.com\/fr\/wp-json\/wp\/v2\/media\/3334"}],"wp:attachment":[{"href":"https:\/\/tresorcolombien.com\/fr\/wp-json\/wp\/v2\/media?parent=4811"}],"wp:term":[{"taxonomy":"product_brand","embeddable":true,"href":"https:\/\/tresorcolombien.com\/fr\/wp-json\/wp\/v2\/product_brand?post=4811"},{"taxonomy":"product_cat","embeddable":true,"href":"https:\/\/tresorcolombien.com\/fr\/wp-json\/wp\/v2\/product_cat?post=4811"},{"taxonomy":"product_tag","embeddable":true,"href":"https:\/\/tresorcolombien.com\/fr\/wp-json\/wp\/v2\/product_tag?post=4811"}],"curies":[{"name":"wp","href":"https:\/\/api.w.org\/{rel}","templated":true}]}}