{"id":4813,"date":"2024-11-13T16:22:02","date_gmt":"2024-11-13T21:22:02","guid":{"rendered":"https:\/\/tresorcolombien.com\/producto\/vallee-de-cocora-a-cheval\/"},"modified":"2025-01-10T15:43:55","modified_gmt":"2025-01-10T20:43:55","slug":"vallee-de-cocora-a-cheval","status":"publish","type":"product","link":"https:\/\/tresorcolombien.com\/fr\/producto\/vallee-de-cocora-a-cheval\/","title":{"rendered":"Vall\u00e9e de Cocora \u00e0 cheval"},"content":{"rendered":"<p><span style=\"font-weight: 400;\">Vall\u00e9e de Cocora \u00e0 cheval. La vall\u00e9e de Cocora est une curiosit\u00e9 naturelle en raison de la pr\u00e9sence d\u2019une esp\u00e8ce unique de palmier : le palmier de cire ! Vivez une exp\u00e9rience inoubliable en parcourant ses sentiers \u00e0 cheval, laissez-vous surprendre par ses paysages pleins de palmiers, de flore et de faune.  <\/span><\/p>\n<p><span style=\"font-weight: 400;\">Cet incroyable palmier peut mesurer jusqu\u2019\u00e0 60 m de haut, ce qui en fait le plus haut du monde. Il est end\u00e9mique de la r\u00e9gion du Quind\u00edo et sa splendeur en a fait l\u2019un des symboles officiels de la Colombie. <\/span><\/p>\n","protected":false},"excerpt":{"rendered":"<p><strong>INCLUS: <\/strong><\/p>\n<p><span style=\"font-weight: 400;\">Balade \u00e0 cheval \u00e0 travers la vall\u00e9e des palmiers.<br \/>\n<\/span><span style=\"font-weight: 400;\">Guide expert pendant la visite<br \/>\n<\/span><span style=\"font-weight: 400;\">Visite des principaux points de vue.<br \/>\n<\/span><span style=\"font-weight: 400;\">Transport depuis le Salento aller-retour en jeep Willys depuis le Salento.<br \/>\n<\/span><span style=\"font-weight: 400;\">Assurance voyage.<\/span><\/p>\n<p><strong>NON INCLUS:<\/strong><\/p>\n<p><span style=\"font-weight: 400;\">D\u00e9penses non sp\u00e9cifi\u00e9es dans le programme.<br \/>\n<\/span><span style=\"font-weight: 400;\">D\u00e9jeuner.<\/span><\/p>\n","protected":false},"featured_media":3355,"template":"","meta":{"_acf_changed":false,"site-sidebar-layout":"default","site-content-layout":"","ast-site-content-layout":"default","site-content-style":"default","site-sidebar-style":"default","ast-global-header-display":"","ast-banner-title-visibility":"","ast-main-header-display":"","ast-hfb-above-header-display":"","ast-hfb-below-header-display":"","ast-hfb-mobile-header-display":"","site-post-title":"","ast-breadcrumbs-content":"","ast-featured-img":"","footer-sml-layout":"","ast-disable-related-posts":"","theme-transparent-header-meta":"default","adv-header-id-meta":"","stick-header-meta":"","header-above-stick-meta":"","header-main-stick-meta":"","header-below-stick-meta":"","astra-migrate-meta-layouts":"default","ast-page-background-enabled":"default","ast-page-background-meta":{"desktop":{"background-color":"var(--ast-global-color-4)","background-image":"","background-repeat":"repeat","background-position":"center center","background-size":"auto","background-attachment":"scroll","background-type":"","background-media":"","overlay-type":"","overlay-color":"","overlay-opacity":"","overlay-gradient":""},"tablet":{"background-color":"","background-image":"","background-repeat":"repeat","background-position":"center center","background-size":"auto","background-attachment":"scroll","background-type":"","background-media":"","overlay-type":"","overlay-color":"","overlay-opacity":"","overlay-gradient":""},"mobile":{"background-color":"","background-image":"","background-repeat":"repeat","background-position":"center center","background-size":"auto","background-attachment":"scroll","background-type":"","background-media":"","overlay-type":"","overlay-color":"","overlay-opacity":"","overlay-gradient":""}},"ast-content-background-meta":{"desktop":{"background-color":"var(--ast-global-color-5)","background-image":"","background-repeat":"repeat","background-position":"center center","background-size":"auto","background-attachment":"scroll","background-type":"","background-media":"","overlay-type":"","overlay-color":"","overlay-opacity":"","overlay-gradient":""},"tablet":{"background-color":"var(--ast-global-color-5)","background-image":"","background-repeat":"repeat","background-position":"center center","background-size":"auto","background-attachment":"scroll","background-type":"","background-media":"","overlay-type":"","overlay-color":"","overlay-opacity":"","overlay-gradient":""},"mobile":{"background-color":"var(--ast-global-color-5)","background-image":"","background-repeat":"repeat","background-position":"center center","background-size":"auto","background-attachment":"scroll","background-type":"","background-media":"","overlay-type":"","overlay-color":"","overlay-opacity":"","overlay-gradient":""}},"_joinchat":[]},"product_brand":[],"product_cat":[275,333],"product_tag":[],"class_list":{"0":"post-4813","1":"product","2":"type-product","3":"status-publish","4":"has-post-thumbnail","6":"product_cat-cafe","7":"product_cat-vallee-de-cocora-a-cheval","8":"desktop-align-left","9":"tablet-align-left","10":"mobile-align-left","12":"first","13":"instock","14":"shipping-taxable","15":"purchasable","16":"product-type-simple"},"acf":[],"_links":{"self":[{"href":"https:\/\/tresorcolombien.com\/fr\/wp-json\/wp\/v2\/product\/4813","targetHints":{"allow":["GET"]}}],"collection":[{"href":"https:\/\/tresorcolombien.com\/fr\/wp-json\/wp\/v2\/product"}],"about":[{"href":"https:\/\/tresorcolombien.com\/fr\/wp-json\/wp\/v2\/types\/product"}],"version-history":[{"count":1,"href":"https:\/\/tresorcolombien.com\/fr\/wp-json\/wp\/v2\/product\/4813\/revisions"}],"predecessor-version":[{"id":5341,"href":"https:\/\/tresorcolombien.com\/fr\/wp-json\/wp\/v2\/product\/4813\/revisions\/5341"}],"wp:featuredmedia":[{"embeddable":true,"href":"https:\/\/tresorcolombien.com\/fr\/wp-json\/wp\/v2\/media\/3355"}],"wp:attachment":[{"href":"https:\/\/tresorcolombien.com\/fr\/wp-json\/wp\/v2\/media?parent=4813"}],"wp:term":[{"taxonomy":"product_brand","embeddable":true,"href":"https:\/\/tresorcolombien.com\/fr\/wp-json\/wp\/v2\/product_brand?post=4813"},{"taxonomy":"product_cat","embeddable":true,"href":"https:\/\/tresorcolombien.com\/fr\/wp-json\/wp\/v2\/product_cat?post=4813"},{"taxonomy":"product_tag","embeddable":true,"href":"https:\/\/tresorcolombien.com\/fr\/wp-json\/wp\/v2\/product_tag?post=4813"}],"curies":[{"name":"wp","href":"https:\/\/api.w.org\/{rel}","templated":true}]}}