{"id":4818,"date":"2024-11-13T16:21:50","date_gmt":"2024-11-13T21:21:50","guid":{"rendered":"https:\/\/tresorcolombien.com\/producto\/coucher-de-soleil-sur-un-yacht-dans-la-baie-de-carthagene\/"},"modified":"2025-01-15T02:17:54","modified_gmt":"2025-01-15T07:17:54","slug":"coucher-de-soleil-sur-un-yacht-dans-la-baie-de-carthagene","status":"publish","type":"product","link":"https:\/\/tresorcolombien.com\/fr\/producto\/coucher-de-soleil-sur-un-yacht-dans-la-baie-de-carthagene\/","title":{"rendered":"Coucher de soleil sur un yacht dans la baie de Carthag\u00e8ne"},"content":{"rendered":"<p><span style=\"font-weight: 400;\">Coucher de soleil sur un yacht. En fin de journ\u00e9e, c\u2019est le moment id\u00e9al pour contempler le magnifique coucher de soleil en naviguant dans la baie de Carthag\u00e8ne. Une vue panoramique unique sous un angle diff\u00e9rent ; Animation \u00e0 bord et open bar. D\u00e9part obligatoire 16h40   <\/span><\/p>\n","protected":false},"excerpt":{"rendered":"<p>Note:Non disponible les mardis \/ D\u00e9part \u00e0 16h40 INCLUS 90 min de visite de la baie de Cartagena. Open Bar et animation \u00e0 bord. NON-INCLUS D\u00e9penses non sp\u00e9cifi\u00e9es dans le programme. Pour les groupes de 5 personnes ou plus Demandez votre code de r\u00e9duction.<\/p>\n","protected":false},"featured_media":3346,"template":"","meta":{"_acf_changed":false,"site-sidebar-layout":"default","site-content-layout":"","ast-site-content-layout":"default","site-content-style":"default","site-sidebar-style":"default","ast-global-header-display":"","ast-banner-title-visibility":"","ast-main-header-display":"","ast-hfb-above-header-display":"","ast-hfb-below-header-display":"","ast-hfb-mobile-header-display":"","site-post-title":"","ast-breadcrumbs-content":"","ast-featured-img":"","footer-sml-layout":"","ast-disable-related-posts":"","theme-transparent-header-meta":"default","adv-header-id-meta":"","stick-header-meta":"","header-above-stick-meta":"","header-main-stick-meta":"","header-below-stick-meta":"","astra-migrate-meta-layouts":"default","ast-page-background-enabled":"default","ast-page-background-meta":{"desktop":{"background-color":"var(--ast-global-color-4)","background-image":"","background-repeat":"repeat","background-position":"center center","background-size":"auto","background-attachment":"scroll","background-type":"","background-media":"","overlay-type":"","overlay-color":"","overlay-opacity":"","overlay-gradient":""},"tablet":{"background-color":"","background-image":"","background-repeat":"repeat","background-position":"center center","background-size":"auto","background-attachment":"scroll","background-type":"","background-media":"","overlay-type":"","overlay-color":"","overlay-opacity":"","overlay-gradient":""},"mobile":{"background-color":"","background-image":"","background-repeat":"repeat","background-position":"center center","background-size":"auto","background-attachment":"scroll","background-type":"","background-media":"","overlay-type":"","overlay-color":"","overlay-opacity":"","overlay-gradient":""}},"ast-content-background-meta":{"desktop":{"background-color":"var(--ast-global-color-5)","background-image":"","background-repeat":"repeat","background-position":"center center","background-size":"auto","background-attachment":"scroll","background-type":"","background-media":"","overlay-type":"","overlay-color":"","overlay-opacity":"","overlay-gradient":""},"tablet":{"background-color":"var(--ast-global-color-5)","background-image":"","background-repeat":"repeat","background-position":"center center","background-size":"auto","background-attachment":"scroll","background-type":"","background-media":"","overlay-type":"","overlay-color":"","overlay-opacity":"","overlay-gradient":""},"mobile":{"background-color":"var(--ast-global-color-5)","background-image":"","background-repeat":"repeat","background-position":"center center","background-size":"auto","background-attachment":"scroll","background-type":"","background-media":"","overlay-type":"","overlay-color":"","overlay-opacity":"","overlay-gradient":""}},"_joinchat":[]},"product_brand":[],"product_cat":[268,332],"product_tag":[],"class_list":{"0":"post-4818","1":"product","2":"type-product","3":"status-publish","4":"has-post-thumbnail","6":"product_cat-carthagene","7":"product_cat-coucher-de-soleil-sur-un-yacht","8":"desktop-align-left","9":"tablet-align-left","10":"mobile-align-left","12":"first","13":"instock","14":"shipping-taxable","15":"product-type-simple"},"acf":[],"_links":{"self":[{"href":"https:\/\/tresorcolombien.com\/fr\/wp-json\/wp\/v2\/product\/4818","targetHints":{"allow":["GET"]}}],"collection":[{"href":"https:\/\/tresorcolombien.com\/fr\/wp-json\/wp\/v2\/product"}],"about":[{"href":"https:\/\/tresorcolombien.com\/fr\/wp-json\/wp\/v2\/types\/product"}],"version-history":[{"count":1,"href":"https:\/\/tresorcolombien.com\/fr\/wp-json\/wp\/v2\/product\/4818\/revisions"}],"predecessor-version":[{"id":5437,"href":"https:\/\/tresorcolombien.com\/fr\/wp-json\/wp\/v2\/product\/4818\/revisions\/5437"}],"wp:featuredmedia":[{"embeddable":true,"href":"https:\/\/tresorcolombien.com\/fr\/wp-json\/wp\/v2\/media\/3346"}],"wp:attachment":[{"href":"https:\/\/tresorcolombien.com\/fr\/wp-json\/wp\/v2\/media?parent=4818"}],"wp:term":[{"taxonomy":"product_brand","embeddable":true,"href":"https:\/\/tresorcolombien.com\/fr\/wp-json\/wp\/v2\/product_brand?post=4818"},{"taxonomy":"product_cat","embeddable":true,"href":"https:\/\/tresorcolombien.com\/fr\/wp-json\/wp\/v2\/product_cat?post=4818"},{"taxonomy":"product_tag","embeddable":true,"href":"https:\/\/tresorcolombien.com\/fr\/wp-json\/wp\/v2\/product_tag?post=4818"}],"curies":[{"name":"wp","href":"https:\/\/api.w.org\/{rel}","templated":true}]}}