{"id":4819,"date":"2024-11-13T16:22:12","date_gmt":"2024-11-13T21:22:12","guid":{"rendered":"https:\/\/tresorcolombien.com\/producto\/vol-en-montgolfiere\/"},"modified":"2025-01-10T15:40:41","modified_gmt":"2025-01-10T20:40:41","slug":"vol-en-montgolfiere","status":"publish","type":"product","link":"https:\/\/tresorcolombien.com\/fr\/producto\/vol-en-montgolfiere\/","title":{"rendered":"Vol en montgolfi\u00e8re"},"content":{"rendered":"<p>Vol en montgolfi\u00e8re.  <em><span style=\"font-weight: 400;\">Avez-vous d\u00e9j\u00e0 imagin\u00e9 voler en montgolfi\u00e8re au-dessus des paysages de caf\u00e9 ?<\/span><\/em><\/p>\n<p><span style=\"font-weight: 400;\">Avec nous, vous pouvez le faire, participer au gonflage du ballon, au conditionnement avant le vol et profiter d\u2019un survol de 40 minutes \u00e0 bord en compagnie de vos proches.  <\/span><span style=\"font-weight: 400;\">Cette aventure permet aux gens de d\u00e9couvrir depuis le ciel, la richesse du paysage culturel du caf\u00e9.<\/span><\/p>\n","protected":false},"excerpt":{"rendered":"<p><strong>INCLUS: <\/strong><\/p>\n<p><span style=\"font-weight: 400;\">Vol en montgolfi\u00e8re de 40 minutes.<br \/>\n<\/span><span style=\"font-weight: 400;\">Voyage en 4&#215;4.<br \/>\n<\/span><span style=\"font-weight: 400;\">Certificat de vol.<br \/>\n<\/span><span style=\"font-weight: 400;\">Reportage photo.<br \/>\n<\/span><span style=\"font-weight: 400;\">Assurance vol.<\/span><\/p>\n<p><strong>NON INCLUS:<\/strong><\/p>\n<p><span style=\"font-weight: 400;\">D\u00e9penses non sp\u00e9cifi\u00e9es dans le programme.<br \/>\n<\/span><span style=\"font-weight: 400;\">Transport jusqu\u2019au point de d\u00e9part.<\/span><\/p>\n","protected":false},"featured_media":3364,"template":"","meta":{"_acf_changed":false,"site-sidebar-layout":"default","site-content-layout":"","ast-site-content-layout":"default","site-content-style":"default","site-sidebar-style":"default","ast-global-header-display":"","ast-banner-title-visibility":"","ast-main-header-display":"","ast-hfb-above-header-display":"","ast-hfb-below-header-display":"","ast-hfb-mobile-header-display":"","site-post-title":"","ast-breadcrumbs-content":"","ast-featured-img":"","footer-sml-layout":"","ast-disable-related-posts":"","theme-transparent-header-meta":"default","adv-header-id-meta":"","stick-header-meta":"","header-above-stick-meta":"","header-main-stick-meta":"","header-below-stick-meta":"","astra-migrate-meta-layouts":"default","ast-page-background-enabled":"default","ast-page-background-meta":{"desktop":{"background-color":"var(--ast-global-color-4)","background-image":"","background-repeat":"repeat","background-position":"center center","background-size":"auto","background-attachment":"scroll","background-type":"","background-media":"","overlay-type":"","overlay-color":"","overlay-opacity":"","overlay-gradient":""},"tablet":{"background-color":"","background-image":"","background-repeat":"repeat","background-position":"center center","background-size":"auto","background-attachment":"scroll","background-type":"","background-media":"","overlay-type":"","overlay-color":"","overlay-opacity":"","overlay-gradient":""},"mobile":{"background-color":"","background-image":"","background-repeat":"repeat","background-position":"center center","background-size":"auto","background-attachment":"scroll","background-type":"","background-media":"","overlay-type":"","overlay-color":"","overlay-opacity":"","overlay-gradient":""}},"ast-content-background-meta":{"desktop":{"background-color":"var(--ast-global-color-5)","background-image":"","background-repeat":"repeat","background-position":"center center","background-size":"auto","background-attachment":"scroll","background-type":"","background-media":"","overlay-type":"","overlay-color":"","overlay-opacity":"","overlay-gradient":""},"tablet":{"background-color":"var(--ast-global-color-5)","background-image":"","background-repeat":"repeat","background-position":"center center","background-size":"auto","background-attachment":"scroll","background-type":"","background-media":"","overlay-type":"","overlay-color":"","overlay-opacity":"","overlay-gradient":""},"mobile":{"background-color":"var(--ast-global-color-5)","background-image":"","background-repeat":"repeat","background-position":"center center","background-size":"auto","background-attachment":"scroll","background-type":"","background-media":"","overlay-type":"","overlay-color":"","overlay-opacity":"","overlay-gradient":""}},"_joinchat":[]},"product_brand":[],"product_cat":[275,334],"product_tag":[],"class_list":{"0":"post-4819","1":"product","2":"type-product","3":"status-publish","4":"has-post-thumbnail","6":"product_cat-cafe","7":"product_cat-vol-en-montgolfiere","8":"desktop-align-left","9":"tablet-align-left","10":"mobile-align-left","12":"first","13":"instock","14":"shipping-taxable","15":"purchasable","16":"product-type-simple"},"acf":[],"_links":{"self":[{"href":"https:\/\/tresorcolombien.com\/fr\/wp-json\/wp\/v2\/product\/4819","targetHints":{"allow":["GET"]}}],"collection":[{"href":"https:\/\/tresorcolombien.com\/fr\/wp-json\/wp\/v2\/product"}],"about":[{"href":"https:\/\/tresorcolombien.com\/fr\/wp-json\/wp\/v2\/types\/product"}],"version-history":[{"count":1,"href":"https:\/\/tresorcolombien.com\/fr\/wp-json\/wp\/v2\/product\/4819\/revisions"}],"predecessor-version":[{"id":5340,"href":"https:\/\/tresorcolombien.com\/fr\/wp-json\/wp\/v2\/product\/4819\/revisions\/5340"}],"wp:featuredmedia":[{"embeddable":true,"href":"https:\/\/tresorcolombien.com\/fr\/wp-json\/wp\/v2\/media\/3364"}],"wp:attachment":[{"href":"https:\/\/tresorcolombien.com\/fr\/wp-json\/wp\/v2\/media?parent=4819"}],"wp:term":[{"taxonomy":"product_brand","embeddable":true,"href":"https:\/\/tresorcolombien.com\/fr\/wp-json\/wp\/v2\/product_brand?post=4819"},{"taxonomy":"product_cat","embeddable":true,"href":"https:\/\/tresorcolombien.com\/fr\/wp-json\/wp\/v2\/product_cat?post=4819"},{"taxonomy":"product_tag","embeddable":true,"href":"https:\/\/tresorcolombien.com\/fr\/wp-json\/wp\/v2\/product_tag?post=4819"}],"curies":[{"name":"wp","href":"https:\/\/api.w.org\/{rel}","templated":true}]}}