{"id":4825,"date":"2024-11-13T16:17:30","date_gmt":"2024-11-13T21:17:30","guid":{"rendered":"https:\/\/tresorcolombien.com\/producto\/visite-des-vins-dantioquia\/"},"modified":"2025-01-13T12:52:41","modified_gmt":"2025-01-13T17:52:41","slug":"visite-des-vins-dantioquia","status":"publish","type":"product","link":"https:\/\/tresorcolombien.com\/fr\/producto\/visite-des-vins-dantioquia\/","title":{"rendered":"Tour des vins d\u2019Antioquia"},"content":{"rendered":"<p><span style=\"font-weight: 400;\">\u00c0 seulement 1 heure et demie de Medell\u00edn, vous d\u00e9couvrirez un tr\u00e9sor cach\u00e9 avec une visite guid\u00e9e de la ville de Santa F\u00e9 de Antioquia, d\u00e9clar\u00e9e <\/span><span style=\"font-weight: 400;\">patrimoine culturel pour son architecture coloniale <\/span><span style=\"font-weight: 400;\">de rues pav\u00e9es, d\u2019\u00e9glises et de places. <\/span><span style=\"font-weight: 400;\">Vous pourrez visiter le Puente de Occidente, l\u2019un des plus longs ponts suspendus du monde qui traverse le fleuve Cauca.<\/span><\/p>\n<p><span style=\"font-weight: 400;\">Pour terminer la journe\u00e9, nous ferons le tour d\u2019un vignoble exotique sur les rives de la rivi\u00e8re, pour nous r\u00e9galer d\u2019un d\u00e9jeuner typique. Ce merveilleux espace dispose de piscines et de zones humides dont vous pourrez profiter tout en d\u00e9gustant un d\u00e9licieux verre de vin.  <\/span><\/p>\n","protected":false},"excerpt":{"rendered":"<p><strong>INCLUS:<\/strong><br \/>\n<span style=\"font-weight: 400;\">Guide d\u2019accueil hispanophone.<br \/>\n<\/span><span style=\"font-weight: 400;\">Visite du village.<br \/>\n<\/span><span style=\"font-weight: 400;\">D\u00e9gustation des vins de la maison.<br \/>\n<\/span><span style=\"font-weight: 400;\">Visite guid\u00e9e du vignoble.<br \/>\n<\/span><span style=\"font-weight: 400;\">Acc\u00e8s aux zones humides (piscine et jacuzzi).<br \/>\n<\/span><span style=\"font-weight: 400;\">Transport en compagnie du guide local (non priv\u00e9).<br \/>\n<\/span><span style=\"font-weight: 400;\">Assurance voyage.<\/span><br \/>\n<strong>NON INCLUS:<\/strong><br \/>\n<span style=\"font-weight: 400;\">D\u00e9penses non sp\u00e9cifi\u00e9es dans le programme.<br \/>\n<\/span><span style=\"font-weight: 400;\">D\u00e9jeuner.<br \/>\n<\/span><span style=\"font-weight: 400;\">Conseils.<br \/>\n<strong>Remarque : Visite possible uniquement \u00e0 partir de 2 personnes !<\/strong><br \/>\n<strong>Pour les groupes de 5 personnes ou plus Demandez votre code de r\u00e9duction !<\/strong><\/p>\n","protected":false},"featured_media":3136,"template":"","meta":{"_acf_changed":false,"site-sidebar-layout":"default","site-content-layout":"","ast-site-content-layout":"default","site-content-style":"default","site-sidebar-style":"default","ast-global-header-display":"","ast-banner-title-visibility":"","ast-main-header-display":"","ast-hfb-above-header-display":"","ast-hfb-below-header-display":"","ast-hfb-mobile-header-display":"","site-post-title":"","ast-breadcrumbs-content":"","ast-featured-img":"","footer-sml-layout":"","ast-disable-related-posts":"","theme-transparent-header-meta":"default","adv-header-id-meta":"","stick-header-meta":"","header-above-stick-meta":"","header-main-stick-meta":"","header-below-stick-meta":"","astra-migrate-meta-layouts":"default","ast-page-background-enabled":"default","ast-page-background-meta":{"desktop":{"background-color":"var(--ast-global-color-4)","background-image":"","background-repeat":"repeat","background-position":"center center","background-size":"auto","background-attachment":"scroll","background-type":"","background-media":"","overlay-type":"","overlay-color":"","overlay-opacity":"","overlay-gradient":""},"tablet":{"background-color":"","background-image":"","background-repeat":"repeat","background-position":"center center","background-size":"auto","background-attachment":"scroll","background-type":"","background-media":"","overlay-type":"","overlay-color":"","overlay-opacity":"","overlay-gradient":""},"mobile":{"background-color":"","background-image":"","background-repeat":"repeat","background-position":"center center","background-size":"auto","background-attachment":"scroll","background-type":"","background-media":"","overlay-type":"","overlay-color":"","overlay-opacity":"","overlay-gradient":""}},"ast-content-background-meta":{"desktop":{"background-color":"var(--ast-global-color-5)","background-image":"","background-repeat":"repeat","background-position":"center center","background-size":"auto","background-attachment":"scroll","background-type":"","background-media":"","overlay-type":"","overlay-color":"","overlay-opacity":"","overlay-gradient":""},"tablet":{"background-color":"var(--ast-global-color-5)","background-image":"","background-repeat":"repeat","background-position":"center center","background-size":"auto","background-attachment":"scroll","background-type":"","background-media":"","overlay-type":"","overlay-color":"","overlay-opacity":"","overlay-gradient":""},"mobile":{"background-color":"var(--ast-global-color-5)","background-image":"","background-repeat":"repeat","background-position":"center center","background-size":"auto","background-attachment":"scroll","background-type":"","background-media":"","overlay-type":"","overlay-color":"","overlay-opacity":"","overlay-gradient":""}},"_joinchat":[]},"product_brand":[],"product_cat":[305,315],"product_tag":[],"class_list":{"0":"post-4825","1":"product","2":"type-product","3":"status-publish","4":"has-post-thumbnail","6":"product_cat-medellin-fr","7":"product_cat-visite-des-vignobles","8":"desktop-align-left","9":"tablet-align-left","10":"mobile-align-left","12":"first","13":"instock","14":"shipping-taxable","15":"product-type-simple"},"acf":[],"_links":{"self":[{"href":"https:\/\/tresorcolombien.com\/fr\/wp-json\/wp\/v2\/product\/4825","targetHints":{"allow":["GET"]}}],"collection":[{"href":"https:\/\/tresorcolombien.com\/fr\/wp-json\/wp\/v2\/product"}],"about":[{"href":"https:\/\/tresorcolombien.com\/fr\/wp-json\/wp\/v2\/types\/product"}],"version-history":[{"count":1,"href":"https:\/\/tresorcolombien.com\/fr\/wp-json\/wp\/v2\/product\/4825\/revisions"}],"predecessor-version":[{"id":5354,"href":"https:\/\/tresorcolombien.com\/fr\/wp-json\/wp\/v2\/product\/4825\/revisions\/5354"}],"wp:featuredmedia":[{"embeddable":true,"href":"https:\/\/tresorcolombien.com\/fr\/wp-json\/wp\/v2\/media\/3136"}],"wp:attachment":[{"href":"https:\/\/tresorcolombien.com\/fr\/wp-json\/wp\/v2\/media?parent=4825"}],"wp:term":[{"taxonomy":"product_brand","embeddable":true,"href":"https:\/\/tresorcolombien.com\/fr\/wp-json\/wp\/v2\/product_brand?post=4825"},{"taxonomy":"product_cat","embeddable":true,"href":"https:\/\/tresorcolombien.com\/fr\/wp-json\/wp\/v2\/product_cat?post=4825"},{"taxonomy":"product_tag","embeddable":true,"href":"https:\/\/tresorcolombien.com\/fr\/wp-json\/wp\/v2\/product_tag?post=4825"}],"curies":[{"name":"wp","href":"https:\/\/api.w.org\/{rel}","templated":true}]}}