{"id":4828,"date":"2024-11-13T16:21:20","date_gmt":"2024-11-13T21:21:20","guid":{"rendered":"https:\/\/tresorcolombien.com\/producto\/atelier-sac-a-dos-visite-dune-communaute-autochtone\/"},"modified":"2025-01-13T11:38:29","modified_gmt":"2025-01-13T16:38:29","slug":"atelier-sac-a-dos-visite-dune-communaute-autochtone","status":"publish","type":"product","link":"https:\/\/tresorcolombien.com\/fr\/producto\/atelier-sac-a-dos-visite-dune-communaute-autochtone\/","title":{"rendered":"Atelier sac \u00e0 dos &#8211; Visite d\u2019une communaut\u00e9 autochtone"},"content":{"rendered":"<p>Atelier sac \u00e0 dos &#8211; Visite de la communaut\u00e9 autochtone.  <span style=\"font-weight: 400;\">Rien de plus excitant et enrichissant que de partager avec les Kogui. L\u2019une des cultures indig\u00e8nes pr\u00e9colombiennes, leur savoir-faire ancestral du tissage avec de la fique et des mat\u00e9riaux naturels. Avec les femmes de la communaut\u00e9, nous apprendrons la philosophie de la vie \u00e0 l\u2019int\u00e9rieur de la r\u00e9serve. L\u2019importance de pr\u00e9server le Pacha-Mama et nous d\u00e9couvrirons le symbolisme et le mysticisme qui entourent ses tissus.   <\/span><\/p>\n","protected":false},"excerpt":{"rendered":"<p><strong>INCLUS: <\/strong><br \/>\n<span style=\"font-weight: 400;\">Atelier de tissage ancestral.<br \/>\n<\/span><span style=\"font-weight: 400;\">1 bouteille d\u2019eau.<br \/>\n<\/span><span style=\"font-weight: 400;\">Entr\u00e9e \u00e0 la r\u00e9serve naturelle.<\/span><br \/>\n<strong>NON INCLUS:<\/strong><br \/>\n<span style=\"font-weight: 400;\">D\u00e9jeuner.<br \/>\n<\/span><span style=\"font-weight: 400;\">Pourboires.<br \/>\n<\/span><span style=\"font-weight: 400;\">D\u00e9penses non sp\u00e9cifi\u00e9es dans le programme.<\/span><\/p>\n","protected":false},"featured_media":3325,"template":"","meta":{"_acf_changed":false,"site-sidebar-layout":"default","site-content-layout":"","ast-site-content-layout":"default","site-content-style":"default","site-sidebar-style":"default","ast-global-header-display":"","ast-banner-title-visibility":"","ast-main-header-display":"","ast-hfb-above-header-display":"","ast-hfb-below-header-display":"","ast-hfb-mobile-header-display":"","site-post-title":"","ast-breadcrumbs-content":"","ast-featured-img":"","footer-sml-layout":"","ast-disable-related-posts":"","theme-transparent-header-meta":"default","adv-header-id-meta":"","stick-header-meta":"","header-above-stick-meta":"","header-main-stick-meta":"","header-below-stick-meta":"","astra-migrate-meta-layouts":"default","ast-page-background-enabled":"default","ast-page-background-meta":{"desktop":{"background-color":"var(--ast-global-color-4)","background-image":"","background-repeat":"repeat","background-position":"center center","background-size":"auto","background-attachment":"scroll","background-type":"","background-media":"","overlay-type":"","overlay-color":"","overlay-opacity":"","overlay-gradient":""},"tablet":{"background-color":"","background-image":"","background-repeat":"repeat","background-position":"center center","background-size":"auto","background-attachment":"scroll","background-type":"","background-media":"","overlay-type":"","overlay-color":"","overlay-opacity":"","overlay-gradient":""},"mobile":{"background-color":"","background-image":"","background-repeat":"repeat","background-position":"center center","background-size":"auto","background-attachment":"scroll","background-type":"","background-media":"","overlay-type":"","overlay-color":"","overlay-opacity":"","overlay-gradient":""}},"ast-content-background-meta":{"desktop":{"background-color":"var(--ast-global-color-5)","background-image":"","background-repeat":"repeat","background-position":"center center","background-size":"auto","background-attachment":"scroll","background-type":"","background-media":"","overlay-type":"","overlay-color":"","overlay-opacity":"","overlay-gradient":""},"tablet":{"background-color":"var(--ast-global-color-5)","background-image":"","background-repeat":"repeat","background-position":"center center","background-size":"auto","background-attachment":"scroll","background-type":"","background-media":"","overlay-type":"","overlay-color":"","overlay-opacity":"","overlay-gradient":""},"mobile":{"background-color":"var(--ast-global-color-5)","background-image":"","background-repeat":"repeat","background-position":"center center","background-size":"auto","background-attachment":"scroll","background-type":"","background-media":"","overlay-type":"","overlay-color":"","overlay-opacity":"","overlay-gradient":""}},"_joinchat":[]},"product_brand":[],"product_cat":[330,278],"product_tag":[],"class_list":{"0":"post-4828","1":"product","2":"type-product","3":"status-publish","4":"has-post-thumbnail","6":"product_cat-atelier-sac-a-dos","7":"product_cat-santa-marta-et-ses-environs","8":"desktop-align-left","9":"tablet-align-left","10":"mobile-align-left","12":"first","13":"instock","14":"shipping-taxable","15":"purchasable","16":"product-type-simple"},"acf":[],"_links":{"self":[{"href":"https:\/\/tresorcolombien.com\/fr\/wp-json\/wp\/v2\/product\/4828","targetHints":{"allow":["GET"]}}],"collection":[{"href":"https:\/\/tresorcolombien.com\/fr\/wp-json\/wp\/v2\/product"}],"about":[{"href":"https:\/\/tresorcolombien.com\/fr\/wp-json\/wp\/v2\/types\/product"}],"version-history":[{"count":1,"href":"https:\/\/tresorcolombien.com\/fr\/wp-json\/wp\/v2\/product\/4828\/revisions"}],"predecessor-version":[{"id":5342,"href":"https:\/\/tresorcolombien.com\/fr\/wp-json\/wp\/v2\/product\/4828\/revisions\/5342"}],"wp:featuredmedia":[{"embeddable":true,"href":"https:\/\/tresorcolombien.com\/fr\/wp-json\/wp\/v2\/media\/3325"}],"wp:attachment":[{"href":"https:\/\/tresorcolombien.com\/fr\/wp-json\/wp\/v2\/media?parent=4828"}],"wp:term":[{"taxonomy":"product_brand","embeddable":true,"href":"https:\/\/tresorcolombien.com\/fr\/wp-json\/wp\/v2\/product_brand?post=4828"},{"taxonomy":"product_cat","embeddable":true,"href":"https:\/\/tresorcolombien.com\/fr\/wp-json\/wp\/v2\/product_cat?post=4828"},{"taxonomy":"product_tag","embeddable":true,"href":"https:\/\/tresorcolombien.com\/fr\/wp-json\/wp\/v2\/product_tag?post=4828"}],"curies":[{"name":"wp","href":"https:\/\/api.w.org\/{rel}","templated":true}]}}