{"id":4830,"date":"2024-11-13T16:17:43","date_gmt":"2024-11-13T21:17:43","guid":{"rendered":"https:\/\/tresorcolombien.com\/producto\/excursion-dune-journee-de-tournage-a-medellin\/"},"modified":"2025-01-15T02:42:29","modified_gmt":"2025-01-15T07:42:29","slug":"excursion-dune-journee-de-tournage-a-medellin","status":"publish","type":"product","link":"https:\/\/tresorcolombien.com\/fr\/producto\/excursion-dune-journee-de-tournage-a-medellin\/","title":{"rendered":"Journ\u00e9e de tir \u00e0 Medell\u00edn"},"content":{"rendered":"<p><span style=\"font-weight: 400;\">Excursion d\u2019une journ\u00e9e de tournage. Une exp\u00e9rience totalement diff\u00e9rente, de pouvoir s\u2019entra\u00eener et de se sentir comme un commando colombien. Apprenez aupr\u00e8s d\u2019experts le maniement correct et s\u00fbr des armes, l\u2019entra\u00eenement physique et les techniques de tir. Une activit\u00e9 \u00e0 vivre \u00e0 la p\u00e9riph\u00e9rie de Medell\u00edn dans un environnement rural et s\u00fbr.     <\/span><\/p>\n","protected":false},"excerpt":{"rendered":"<p>INCLUS:<br \/>\nL&rsquo;entr\u00e9e au stand de tir.<br \/>\nLocation d&rsquo;armes et d&rsquo;\u00e9l\u00e9ments de protection.<br \/>\n25 tirs (pistolet 23 et carabine 9mm).<br \/>\n2 tirs de fusil de chasse de calibre 12.<br \/>\nInstructeur professionnel qualifi\u00e9 dans le maniement des armes.<br \/>\nD\u00e9jeuner<br \/>\nTransport en compagnie de l&rsquo;h\u00f4te (non priv\u00e9).<\/p>\n<p>NON INCLUS:<br \/>\nLes d\u00e9penses non sp\u00e9cifi\u00e9es dans le programme.<br \/>\nPourboires<\/p>\n<p>Pour les groupes de 5 personnes ou plus, demandez votre code de r\u00e9duction !<\/p>\n","protected":false},"featured_media":3154,"template":"","meta":{"_acf_changed":false,"site-sidebar-layout":"default","site-content-layout":"","ast-site-content-layout":"default","site-content-style":"default","site-sidebar-style":"default","ast-global-header-display":"","ast-banner-title-visibility":"","ast-main-header-display":"","ast-hfb-above-header-display":"","ast-hfb-below-header-display":"","ast-hfb-mobile-header-display":"","site-post-title":"","ast-breadcrumbs-content":"","ast-featured-img":"","footer-sml-layout":"","ast-disable-related-posts":"","theme-transparent-header-meta":"default","adv-header-id-meta":"","stick-header-meta":"","header-above-stick-meta":"","header-main-stick-meta":"","header-below-stick-meta":"","astra-migrate-meta-layouts":"set","ast-page-background-enabled":"default","ast-page-background-meta":{"desktop":{"background-color":"var(--ast-global-color-4)","background-image":"","background-repeat":"repeat","background-position":"center center","background-size":"auto","background-attachment":"scroll","background-type":"","background-media":"","overlay-type":"","overlay-color":"","overlay-opacity":"","overlay-gradient":""},"tablet":{"background-color":"","background-image":"","background-repeat":"repeat","background-position":"center center","background-size":"auto","background-attachment":"scroll","background-type":"","background-media":"","overlay-type":"","overlay-color":"","overlay-opacity":"","overlay-gradient":""},"mobile":{"background-color":"","background-image":"","background-repeat":"repeat","background-position":"center center","background-size":"auto","background-attachment":"scroll","background-type":"","background-media":"","overlay-type":"","overlay-color":"","overlay-opacity":"","overlay-gradient":""}},"ast-content-background-meta":{"desktop":{"background-color":"var(--ast-global-color-5)","background-image":"","background-repeat":"repeat","background-position":"center center","background-size":"auto","background-attachment":"scroll","background-type":"","background-media":"","overlay-type":"","overlay-color":"","overlay-opacity":"","overlay-gradient":""},"tablet":{"background-color":"var(--ast-global-color-5)","background-image":"","background-repeat":"repeat","background-position":"center center","background-size":"auto","background-attachment":"scroll","background-type":"","background-media":"","overlay-type":"","overlay-color":"","overlay-opacity":"","overlay-gradient":""},"mobile":{"background-color":"var(--ast-global-color-5)","background-image":"","background-repeat":"repeat","background-position":"center center","background-size":"auto","background-attachment":"scroll","background-type":"","background-media":"","overlay-type":"","overlay-color":"","overlay-opacity":"","overlay-gradient":""}},"_joinchat":[]},"product_brand":[],"product_cat":[316,305],"product_tag":[],"class_list":{"0":"post-4830","1":"product","2":"type-product","3":"status-publish","4":"has-post-thumbnail","6":"product_cat-formation-au-commandement","7":"product_cat-medellin-fr","8":"desktop-align-left","9":"tablet-align-left","10":"mobile-align-left","12":"first","13":"instock","14":"shipping-taxable","15":"product-type-simple"},"acf":[],"_links":{"self":[{"href":"https:\/\/tresorcolombien.com\/fr\/wp-json\/wp\/v2\/product\/4830","targetHints":{"allow":["GET"]}}],"collection":[{"href":"https:\/\/tresorcolombien.com\/fr\/wp-json\/wp\/v2\/product"}],"about":[{"href":"https:\/\/tresorcolombien.com\/fr\/wp-json\/wp\/v2\/types\/product"}],"version-history":[{"count":2,"href":"https:\/\/tresorcolombien.com\/fr\/wp-json\/wp\/v2\/product\/4830\/revisions"}],"predecessor-version":[{"id":5445,"href":"https:\/\/tresorcolombien.com\/fr\/wp-json\/wp\/v2\/product\/4830\/revisions\/5445"}],"wp:featuredmedia":[{"embeddable":true,"href":"https:\/\/tresorcolombien.com\/fr\/wp-json\/wp\/v2\/media\/3154"}],"wp:attachment":[{"href":"https:\/\/tresorcolombien.com\/fr\/wp-json\/wp\/v2\/media?parent=4830"}],"wp:term":[{"taxonomy":"product_brand","embeddable":true,"href":"https:\/\/tresorcolombien.com\/fr\/wp-json\/wp\/v2\/product_brand?post=4830"},{"taxonomy":"product_cat","embeddable":true,"href":"https:\/\/tresorcolombien.com\/fr\/wp-json\/wp\/v2\/product_cat?post=4830"},{"taxonomy":"product_tag","embeddable":true,"href":"https:\/\/tresorcolombien.com\/fr\/wp-json\/wp\/v2\/product_tag?post=4830"}],"curies":[{"name":"wp","href":"https:\/\/api.w.org\/{rel}","templated":true}]}}