{"id":4834,"date":"2024-11-13T16:12:39","date_gmt":"2024-11-13T21:12:39","guid":{"rendered":"https:\/\/tresorcolombien.com\/producto\/coeur-de-baleine-dans-le-pacifique-plan-5-jours-4-nuits\/"},"modified":"2025-01-13T17:08:49","modified_gmt":"2025-01-13T22:08:49","slug":"coeur-de-baleine-dans-le-pacifique-plan-5-jours-4-nuits","status":"publish","type":"product","link":"https:\/\/tresorcolombien.com\/fr\/producto\/coeur-de-baleine-dans-le-pacifique-plan-5-jours-4-nuits\/","title":{"rendered":"<b>C\u0153ur de baleine dans le Pacifique<\/b> <br>Plan 5 jours \/ 4 nuits<\/br>"},"content":{"rendered":"<p>Le c\u0153ur de la baleine. Chaque ann\u00e9e, entre juillet et octobre, la c\u00f4te pacifique colombienne est le th\u00e9\u00e2tre d&rsquo;un spectacle sans pareil. Nos c\u00f4tes sont visit\u00e9es par des baleines \u00e0 bosse ou rorquals \u00e0 bosse qui parcourent environ 8 500 kilom\u00e8tres depuis l&rsquo;Antarctique jusqu&rsquo;aux eaux chaudes de la zone pacifique du pays pour s&rsquo;accoupler et donner naissance \u00e0 leurs baleineaux. Nos belles plages tropicales du Pacifique deviennent une nurserie pour ces sp\u00e9cimens grandioses et exub\u00e9rants. Qui ne voudrait pas vivre ce merveilleux spectacle naturel au moins une fois dans sa vie ? C&rsquo;est possible au c\u0153ur des baleines. Un plan id\u00e9al pour les familles. Petits et grands seront \u00e9blouis en d\u00e9couvrant les sauts et les chants des baleines et des baleineaux. En plus de participer \u00e0 des exp\u00e9ditions dans la jungle \u00e0 la recherche de grenouilles multicolores, une activit\u00e9 id\u00e9ale pour amuser les petits et d\u00e9couvrir la vari\u00e9t\u00e9 de la faune de cette magnifique for\u00eat tropicale.        <\/p>\n","protected":false},"excerpt":{"rendered":"<p><strong>INCLUS:<\/strong> H\u00e9bergement avec petit-d\u00e9jeuner inclus dans la cabine. D\u00e9jeuners et d\u00eeners. Transferts terrestres et fluviaux, aller-retour. Entr\u00e9e et visite du parc naturel national d\u2019Utr\u00eda. Excursion d\u2019observation des baleines et exp\u00e9dition dans la jungle. Activit\u00e9s et ateliers mentionn\u00e9s dans le programme. Taux d\u2019imposition \u00e0 Bahia Solano et taxe Proturismo.       Assurance voyage. Vols int\u00e9rieurs aller-retour &#8211; Bogota &#8211; Bahia Solano &#8211; Bogota. Guide local &#8211; pendant les activit\u00e9s. <strong>NON INCLUS:<\/strong> TL &#8211; Visites non mentionn\u00e9es ou sp\u00e9cifi\u00e9es dans le programme. Boissons alcoolis\u00e9es et d\u00e9penses non mentionn\u00e9es ci-dessus. Guide permanent. Vols int\u00e9rieurs aller-retour &#8211; Bogota-Bahia Solano-Bogota    <\/p>\n","protected":false},"featured_media":2896,"template":"","meta":{"_acf_changed":false,"site-sidebar-layout":"default","site-content-layout":"","ast-site-content-layout":"default","site-content-style":"default","site-sidebar-style":"default","ast-global-header-display":"","ast-banner-title-visibility":"","ast-main-header-display":"","ast-hfb-above-header-display":"","ast-hfb-below-header-display":"","ast-hfb-mobile-header-display":"","site-post-title":"","ast-breadcrumbs-content":"","ast-featured-img":"","footer-sml-layout":"","ast-disable-related-posts":"","theme-transparent-header-meta":"default","adv-header-id-meta":"","stick-header-meta":"","header-above-stick-meta":"","header-main-stick-meta":"","header-below-stick-meta":"","astra-migrate-meta-layouts":"default","ast-page-background-enabled":"default","ast-page-background-meta":{"desktop":{"background-color":"var(--ast-global-color-4)","background-image":"","background-repeat":"repeat","background-position":"center center","background-size":"auto","background-attachment":"scroll","background-type":"","background-media":"","overlay-type":"","overlay-color":"","overlay-opacity":"","overlay-gradient":""},"tablet":{"background-color":"","background-image":"","background-repeat":"repeat","background-position":"center center","background-size":"auto","background-attachment":"scroll","background-type":"","background-media":"","overlay-type":"","overlay-color":"","overlay-opacity":"","overlay-gradient":""},"mobile":{"background-color":"","background-image":"","background-repeat":"repeat","background-position":"center center","background-size":"auto","background-attachment":"scroll","background-type":"","background-media":"","overlay-type":"","overlay-color":"","overlay-opacity":"","overlay-gradient":""}},"ast-content-background-meta":{"desktop":{"background-color":"var(--ast-global-color-5)","background-image":"","background-repeat":"repeat","background-position":"center center","background-size":"auto","background-attachment":"scroll","background-type":"","background-media":"","overlay-type":"","overlay-color":"","overlay-opacity":"","overlay-gradient":""},"tablet":{"background-color":"var(--ast-global-color-5)","background-image":"","background-repeat":"repeat","background-position":"center center","background-size":"auto","background-attachment":"scroll","background-type":"","background-media":"","overlay-type":"","overlay-color":"","overlay-opacity":"","overlay-gradient":""},"mobile":{"background-color":"var(--ast-global-color-5)","background-image":"","background-repeat":"repeat","background-position":"center center","background-size":"auto","background-attachment":"scroll","background-type":"","background-media":"","overlay-type":"","overlay-color":"","overlay-opacity":"","overlay-gradient":""}},"_joinchat":[]},"product_brand":[],"product_cat":[294,289,290],"product_tag":[421,430,433,442],"class_list":{"0":"post-4834","1":"product","2":"type-product","3":"status-publish","4":"has-post-thumbnail","6":"product_cat-coeur-de-la-baleine-dans-le-pacifique","7":"product_cat-destinations-exotiques","8":"product_cat-sorties-fixes","9":"product_tag-aventure","10":"product_tag-famille","11":"product_tag-faune","12":"product_tag-nature-fr","13":"desktop-align-left","14":"tablet-align-left","15":"mobile-align-left","17":"first","18":"instock","19":"shipping-taxable","20":"purchasable","21":"product-type-simple"},"acf":[],"_links":{"self":[{"href":"https:\/\/tresorcolombien.com\/fr\/wp-json\/wp\/v2\/product\/4834","targetHints":{"allow":["GET"]}}],"collection":[{"href":"https:\/\/tresorcolombien.com\/fr\/wp-json\/wp\/v2\/product"}],"about":[{"href":"https:\/\/tresorcolombien.com\/fr\/wp-json\/wp\/v2\/types\/product"}],"version-history":[{"count":1,"href":"https:\/\/tresorcolombien.com\/fr\/wp-json\/wp\/v2\/product\/4834\/revisions"}],"predecessor-version":[{"id":5375,"href":"https:\/\/tresorcolombien.com\/fr\/wp-json\/wp\/v2\/product\/4834\/revisions\/5375"}],"wp:featuredmedia":[{"embeddable":true,"href":"https:\/\/tresorcolombien.com\/fr\/wp-json\/wp\/v2\/media\/2896"}],"wp:attachment":[{"href":"https:\/\/tresorcolombien.com\/fr\/wp-json\/wp\/v2\/media?parent=4834"}],"wp:term":[{"taxonomy":"product_brand","embeddable":true,"href":"https:\/\/tresorcolombien.com\/fr\/wp-json\/wp\/v2\/product_brand?post=4834"},{"taxonomy":"product_cat","embeddable":true,"href":"https:\/\/tresorcolombien.com\/fr\/wp-json\/wp\/v2\/product_cat?post=4834"},{"taxonomy":"product_tag","embeddable":true,"href":"https:\/\/tresorcolombien.com\/fr\/wp-json\/wp\/v2\/product_tag?post=4834"}],"curies":[{"name":"wp","href":"https:\/\/api.w.org\/{rel}","templated":true}]}}