{"id":4837,"date":"2024-11-13T16:13:35","date_gmt":"2024-11-13T21:13:35","guid":{"rendered":"https:\/\/tresorcolombien.com\/producto\/visite-de-la-biere-et-de-lif\/"},"modified":"2025-01-13T17:29:30","modified_gmt":"2025-01-13T22:29:30","slug":"visite-de-la-biere-et-de-lif","status":"publish","type":"product","link":"https:\/\/tresorcolombien.com\/fr\/producto\/visite-de-la-biere-et-de-lif\/","title":{"rendered":"Visite de la bi\u00e8re et de l\u2019if"},"content":{"rendered":"<p>Bi\u00e8re et jeu de Tejo. Une exp\u00e9rience incontournable \u00e0 Bogot\u00e1. Le tejo est l\u2019un des sports phares de la culture colombienne et une source de fiert\u00e9 nationale. Il a \u00e9t\u00e9 d\u00e9clar\u00e9 patrimoine culturel puisqu\u2019il s\u2019est transmis de g\u00e9n\u00e9ration en g\u00e9n\u00e9ration depuis l\u2019\u00e9poque des cultures pr\u00e9colombiennes. Les Indiens Muisca le pratiquaient comme une activit\u00e9 de divertissement et il a plus de 500 ans d\u2019histoire. Pendant le match, la bi\u00e8re nationale traditionnelle est toujours partag\u00e9e. Nous commencerons la visite par une visite guid\u00e9e de La Candelaria et de l\u00e0, nous partirons en direction du terrain de jeu pour une bi\u00e8re et un jeu avec des boulons. **PAS D\u2019H\u00c9BERGEMENT.     <\/p>\n","protected":false},"excerpt":{"rendered":"<p><strong>INCLUS: <\/strong><br \/>\nTransport priv\u00e9.<br \/>\nH\u00f4te\/Guide<br \/>\n2 heures de pratique du shuffleboard.<br \/>\nBi\u00e8re offerte.<br \/>\n<strong>NON INCLUS:<\/strong><br \/>\nD\u00e9penses non sp\u00e9cifi\u00e9es.<br \/>\nD\u00e9jeuner.<br \/>\nPourboires<br \/>\n<strong>Pour les groupes de 5 personnes ou plus Demandez votre code de r\u00e9duction !<\/strong><\/p>\n","protected":false},"featured_media":2941,"template":"","meta":{"_acf_changed":false,"site-sidebar-layout":"default","site-content-layout":"","ast-site-content-layout":"default","site-content-style":"default","site-sidebar-style":"default","ast-global-header-display":"","ast-banner-title-visibility":"","ast-main-header-display":"","ast-hfb-above-header-display":"","ast-hfb-below-header-display":"","ast-hfb-mobile-header-display":"","site-post-title":"","ast-breadcrumbs-content":"","ast-featured-img":"","footer-sml-layout":"","ast-disable-related-posts":"","theme-transparent-header-meta":"default","adv-header-id-meta":"","stick-header-meta":"","header-above-stick-meta":"","header-main-stick-meta":"","header-below-stick-meta":"","astra-migrate-meta-layouts":"default","ast-page-background-enabled":"default","ast-page-background-meta":{"desktop":{"background-color":"var(--ast-global-color-4)","background-image":"","background-repeat":"repeat","background-position":"center center","background-size":"auto","background-attachment":"scroll","background-type":"","background-media":"","overlay-type":"","overlay-color":"","overlay-opacity":"","overlay-gradient":""},"tablet":{"background-color":"","background-image":"","background-repeat":"repeat","background-position":"center center","background-size":"auto","background-attachment":"scroll","background-type":"","background-media":"","overlay-type":"","overlay-color":"","overlay-opacity":"","overlay-gradient":""},"mobile":{"background-color":"","background-image":"","background-repeat":"repeat","background-position":"center center","background-size":"auto","background-attachment":"scroll","background-type":"","background-media":"","overlay-type":"","overlay-color":"","overlay-opacity":"","overlay-gradient":""}},"ast-content-background-meta":{"desktop":{"background-color":"var(--ast-global-color-5)","background-image":"","background-repeat":"repeat","background-position":"center center","background-size":"auto","background-attachment":"scroll","background-type":"","background-media":"","overlay-type":"","overlay-color":"","overlay-opacity":"","overlay-gradient":""},"tablet":{"background-color":"var(--ast-global-color-5)","background-image":"","background-repeat":"repeat","background-position":"center center","background-size":"auto","background-attachment":"scroll","background-type":"","background-media":"","overlay-type":"","overlay-color":"","overlay-opacity":"","overlay-gradient":""},"mobile":{"background-color":"var(--ast-global-color-5)","background-image":"","background-repeat":"repeat","background-position":"center center","background-size":"auto","background-attachment":"scroll","background-type":"","background-media":"","overlay-type":"","overlay-color":"","overlay-opacity":"","overlay-gradient":""}},"_joinchat":[]},"product_brand":[],"product_cat":[258,297],"product_tag":[424,430],"class_list":{"0":"post-4837","1":"product","2":"type-product","3":"status-publish","4":"has-post-thumbnail","6":"product_cat-bogota-et-ses-environs","7":"product_cat-visite-de-la-biere-et-de-lif","8":"product_tag-culturel","9":"product_tag-famille","10":"desktop-align-left","11":"tablet-align-left","12":"mobile-align-left","14":"first","15":"instock","16":"shipping-taxable","17":"product-type-simple"},"acf":[],"_links":{"self":[{"href":"https:\/\/tresorcolombien.com\/fr\/wp-json\/wp\/v2\/product\/4837","targetHints":{"allow":["GET"]}}],"collection":[{"href":"https:\/\/tresorcolombien.com\/fr\/wp-json\/wp\/v2\/product"}],"about":[{"href":"https:\/\/tresorcolombien.com\/fr\/wp-json\/wp\/v2\/types\/product"}],"version-history":[{"count":1,"href":"https:\/\/tresorcolombien.com\/fr\/wp-json\/wp\/v2\/product\/4837\/revisions"}],"predecessor-version":[{"id":5379,"href":"https:\/\/tresorcolombien.com\/fr\/wp-json\/wp\/v2\/product\/4837\/revisions\/5379"}],"wp:featuredmedia":[{"embeddable":true,"href":"https:\/\/tresorcolombien.com\/fr\/wp-json\/wp\/v2\/media\/2941"}],"wp:attachment":[{"href":"https:\/\/tresorcolombien.com\/fr\/wp-json\/wp\/v2\/media?parent=4837"}],"wp:term":[{"taxonomy":"product_brand","embeddable":true,"href":"https:\/\/tresorcolombien.com\/fr\/wp-json\/wp\/v2\/product_brand?post=4837"},{"taxonomy":"product_cat","embeddable":true,"href":"https:\/\/tresorcolombien.com\/fr\/wp-json\/wp\/v2\/product_cat?post=4837"},{"taxonomy":"product_tag","embeddable":true,"href":"https:\/\/tresorcolombien.com\/fr\/wp-json\/wp\/v2\/product_tag?post=4837"}],"curies":[{"name":"wp","href":"https:\/\/api.w.org\/{rel}","templated":true}]}}