{"id":4838,"date":"2024-11-13T16:12:50","date_gmt":"2024-11-13T21:12:50","guid":{"rendered":"https:\/\/tresorcolombien.com\/producto\/ventouses-de-cafe-haut-de-gamme-candelaria\/"},"modified":"2025-01-13T17:24:03","modified_gmt":"2025-01-13T22:24:03","slug":"ventouses-de-cafe-haut-de-gamme-candelaria","status":"publish","type":"product","link":"https:\/\/tresorcolombien.com\/fr\/producto\/ventouses-de-cafe-haut-de-gamme-candelaria\/","title":{"rendered":"D\u00e9gustation de caf\u00e9 haut de gamme + Candelaria"},"content":{"rendered":"<p>D\u00e9gustation de caf\u00e9. Profitez de cette merveilleuse exp\u00e9rience dans le monde fascinant du caf\u00e9 haut de gamme. Guid\u00e9 par des cultivateurs experts du caf\u00e9 le plus prim\u00e9 de Colombie. Une exp\u00e9rience de caf\u00e9 pour \u00e9veiller les sens, o\u00f9 vous apprendrez \u00e0 appr\u00e9cier et \u00e0 appr\u00e9cier les attributs particuliers des caf\u00e9s de sp\u00e9cialit\u00e9 \u00e0 travers un d\u00e9licieux voyage sensoriel. Terminez par une visite du centre historique de la ville, \u00e0 la d\u00e9couverte des tr\u00e9sors de la Candelaria en compagnie de nos h\u00f4tes locaux. **PAS D\u2019H\u00c9BERGEMENT <\/p>\n<p>&nbsp;<\/p>\n","protected":false},"excerpt":{"rendered":"<p><strong>INCLUS:<\/strong><br \/>\nExp\u00e9rience de d\u00e9gustation de caf\u00e9.<br \/>\nGuide du Master Coffee.<br \/>\nGuide traducteur bilingue.<br \/>\nAssurance voyage.<br \/>\n<strong>NON INCLUS:<\/strong><br \/>\nFrais de d\u00e9jeuner<br \/>\nD\u00e9penses non sp\u00e9cifi\u00e9s.<br \/>\nPourboires.<br \/>\n<strong>Pour les groupes de 5 personnes ou plus Demandez votre code de r\u00e9duction !<\/strong><\/p>\n","protected":false},"featured_media":2917,"template":"","meta":{"_acf_changed":false,"site-sidebar-layout":"default","site-content-layout":"","ast-site-content-layout":"default","site-content-style":"default","site-sidebar-style":"default","ast-global-header-display":"","ast-banner-title-visibility":"","ast-main-header-display":"","ast-hfb-above-header-display":"","ast-hfb-below-header-display":"","ast-hfb-mobile-header-display":"","site-post-title":"","ast-breadcrumbs-content":"","ast-featured-img":"","footer-sml-layout":"","ast-disable-related-posts":"","theme-transparent-header-meta":"","adv-header-id-meta":"","stick-header-meta":"","header-above-stick-meta":"","header-main-stick-meta":"","header-below-stick-meta":"","astra-migrate-meta-layouts":"default","ast-page-background-enabled":"default","ast-page-background-meta":{"desktop":{"background-color":"var(--ast-global-color-4)","background-image":"","background-repeat":"repeat","background-position":"center center","background-size":"auto","background-attachment":"scroll","background-type":"","background-media":"","overlay-type":"","overlay-color":"","overlay-opacity":"","overlay-gradient":""},"tablet":{"background-color":"","background-image":"","background-repeat":"repeat","background-position":"center center","background-size":"auto","background-attachment":"scroll","background-type":"","background-media":"","overlay-type":"","overlay-color":"","overlay-opacity":"","overlay-gradient":""},"mobile":{"background-color":"","background-image":"","background-repeat":"repeat","background-position":"center center","background-size":"auto","background-attachment":"scroll","background-type":"","background-media":"","overlay-type":"","overlay-color":"","overlay-opacity":"","overlay-gradient":""}},"ast-content-background-meta":{"desktop":{"background-color":"var(--ast-global-color-5)","background-image":"","background-repeat":"repeat","background-position":"center center","background-size":"auto","background-attachment":"scroll","background-type":"","background-media":"","overlay-type":"","overlay-color":"","overlay-opacity":"","overlay-gradient":""},"tablet":{"background-color":"var(--ast-global-color-5)","background-image":"","background-repeat":"repeat","background-position":"center center","background-size":"auto","background-attachment":"scroll","background-type":"","background-media":"","overlay-type":"","overlay-color":"","overlay-opacity":"","overlay-gradient":""},"mobile":{"background-color":"var(--ast-global-color-5)","background-image":"","background-repeat":"repeat","background-position":"center center","background-size":"auto","background-attachment":"scroll","background-type":"","background-media":"","overlay-type":"","overlay-color":"","overlay-opacity":"","overlay-gradient":""}},"_joinchat":[]},"product_brand":[],"product_cat":[258,295],"product_tag":[427],"class_list":{"0":"post-4838","1":"product","2":"type-product","3":"status-publish","4":"has-post-thumbnail","6":"product_cat-bogota-et-ses-environs","7":"product_cat-degustation-de-cafe","8":"product_tag-degustations","9":"desktop-align-left","10":"tablet-align-left","11":"mobile-align-left","13":"first","14":"instock","15":"shipping-taxable","16":"product-type-simple"},"acf":[],"_links":{"self":[{"href":"https:\/\/tresorcolombien.com\/fr\/wp-json\/wp\/v2\/product\/4838","targetHints":{"allow":["GET"]}}],"collection":[{"href":"https:\/\/tresorcolombien.com\/fr\/wp-json\/wp\/v2\/product"}],"about":[{"href":"https:\/\/tresorcolombien.com\/fr\/wp-json\/wp\/v2\/types\/product"}],"version-history":[{"count":1,"href":"https:\/\/tresorcolombien.com\/fr\/wp-json\/wp\/v2\/product\/4838\/revisions"}],"predecessor-version":[{"id":5377,"href":"https:\/\/tresorcolombien.com\/fr\/wp-json\/wp\/v2\/product\/4838\/revisions\/5377"}],"wp:featuredmedia":[{"embeddable":true,"href":"https:\/\/tresorcolombien.com\/fr\/wp-json\/wp\/v2\/media\/2917"}],"wp:attachment":[{"href":"https:\/\/tresorcolombien.com\/fr\/wp-json\/wp\/v2\/media?parent=4838"}],"wp:term":[{"taxonomy":"product_brand","embeddable":true,"href":"https:\/\/tresorcolombien.com\/fr\/wp-json\/wp\/v2\/product_brand?post=4838"},{"taxonomy":"product_cat","embeddable":true,"href":"https:\/\/tresorcolombien.com\/fr\/wp-json\/wp\/v2\/product_cat?post=4838"},{"taxonomy":"product_tag","embeddable":true,"href":"https:\/\/tresorcolombien.com\/fr\/wp-json\/wp\/v2\/product_tag?post=4838"}],"curies":[{"name":"wp","href":"https:\/\/api.w.org\/{rel}","templated":true}]}}