{"id":4843,"date":"2024-11-13T16:13:42","date_gmt":"2024-11-13T21:13:42","guid":{"rendered":"https:\/\/tresorcolombien.com\/producto\/usaquen-colonial-visite-du-cafe-et-du-cacao\/"},"modified":"2025-01-13T16:47:34","modified_gmt":"2025-01-13T21:47:34","slug":"usaquen-colonial-visite-du-cafe-et-du-cacao","status":"publish","type":"product","link":"https:\/\/tresorcolombien.com\/fr\/producto\/usaquen-colonial-visite-du-cafe-et-du-cacao\/","title":{"rendered":"Usaqu\u00e9n colonial, visite du caf\u00e9 et du cacao"},"content":{"rendered":"<p>Une exp\u00e9rience qui vous permet de visiter le quartier boh\u00e8me d\u2019Usaqu\u00e9n, plein de vieilles haciendas coloniales, de patios pleins de v\u00e9g\u00e9tation et d\u2019ateliers d\u2019artisans. Ce quartier artistique dispose d\u2019un march\u00e9 aux puces id\u00e9al pour les souvenirs fabriqu\u00e9s directement par les artisans locaux. La Colombie est un pays qui a remport\u00e9 le titre de meilleur cacao du monde par les International Cocoa Awards, une visite \u00e0 l\u2019atelier de cacao le plus c\u00e9l\u00e8bre d\u2019Usaqu\u00e9n o\u00f9 vous pourrez apprendre, fabriquer et d\u00e9guster l\u2019un des cacaos les plus d\u00e9licieux du monde. **PAS D\u2019H\u00c9BERGEMENT. Nos r\u00e9seaux :  <\/p>\n<p><a href=\"https:\/\/www.instagram.com\/tresor_colombien\/\">Sur Instagram<\/a><br \/>\n<a href=\"https:\/\/es-la.facebook.com\/tresorcolombien\/\">Sur Facebook<\/a><\/p>\n","protected":false},"excerpt":{"rendered":"<p><strong>INCLUS:<\/strong><br \/>\nTransport priv\u00e9 4 heures<br \/>\nH\u00f4te\/Guide<br \/>\nAtelier cacao.<br \/>\nD\u00e9gustation de caf\u00e9.<br \/>\nVisite guid\u00e9e de l\u2019Usaqu\u00e9n colonial.<br \/>\n<strong>NON INCLUS:<\/strong><br \/>\nD\u00e9penses non sp\u00e9cifi\u00e9es.<br \/>\nPourboires<br \/>\n<strong>Pour les groupes de 5 personnes ou plus Demandez votre code de r\u00e9duction !<\/strong><\/p>\n","protected":false},"featured_media":2947,"template":"","meta":{"_acf_changed":false,"site-sidebar-layout":"default","site-content-layout":"","ast-site-content-layout":"default","site-content-style":"default","site-sidebar-style":"default","ast-global-header-display":"","ast-banner-title-visibility":"","ast-main-header-display":"","ast-hfb-above-header-display":"","ast-hfb-below-header-display":"","ast-hfb-mobile-header-display":"","site-post-title":"","ast-breadcrumbs-content":"","ast-featured-img":"","footer-sml-layout":"","ast-disable-related-posts":"","theme-transparent-header-meta":"default","adv-header-id-meta":"","stick-header-meta":"","header-above-stick-meta":"","header-main-stick-meta":"","header-below-stick-meta":"","astra-migrate-meta-layouts":"default","ast-page-background-enabled":"default","ast-page-background-meta":{"desktop":{"background-color":"var(--ast-global-color-4)","background-image":"","background-repeat":"repeat","background-position":"center center","background-size":"auto","background-attachment":"scroll","background-type":"","background-media":"","overlay-type":"","overlay-color":"","overlay-opacity":"","overlay-gradient":""},"tablet":{"background-color":"","background-image":"","background-repeat":"repeat","background-position":"center center","background-size":"auto","background-attachment":"scroll","background-type":"","background-media":"","overlay-type":"","overlay-color":"","overlay-opacity":"","overlay-gradient":""},"mobile":{"background-color":"","background-image":"","background-repeat":"repeat","background-position":"center center","background-size":"auto","background-attachment":"scroll","background-type":"","background-media":"","overlay-type":"","overlay-color":"","overlay-opacity":"","overlay-gradient":""}},"ast-content-background-meta":{"desktop":{"background-color":"var(--ast-global-color-5)","background-image":"","background-repeat":"repeat","background-position":"center center","background-size":"auto","background-attachment":"scroll","background-type":"","background-media":"","overlay-type":"","overlay-color":"","overlay-opacity":"","overlay-gradient":""},"tablet":{"background-color":"var(--ast-global-color-5)","background-image":"","background-repeat":"repeat","background-position":"center center","background-size":"auto","background-attachment":"scroll","background-type":"","background-media":"","overlay-type":"","overlay-color":"","overlay-opacity":"","overlay-gradient":""},"mobile":{"background-color":"var(--ast-global-color-5)","background-image":"","background-repeat":"repeat","background-position":"center center","background-size":"auto","background-attachment":"scroll","background-type":"","background-media":"","overlay-type":"","overlay-color":"","overlay-opacity":"","overlay-gradient":""}},"_joinchat":[]},"product_brand":[],"product_cat":[258,298],"product_tag":[424,427],"class_list":{"0":"post-4843","1":"product","2":"type-product","3":"status-publish","4":"has-post-thumbnail","6":"product_cat-bogota-et-ses-environs","7":"product_cat-colonial-usaquen-fr","8":"product_tag-culturel","9":"product_tag-degustations","10":"desktop-align-left","11":"tablet-align-left","12":"mobile-align-left","14":"first","15":"instock","16":"shipping-taxable","17":"product-type-simple"},"acf":[],"_links":{"self":[{"href":"https:\/\/tresorcolombien.com\/fr\/wp-json\/wp\/v2\/product\/4843","targetHints":{"allow":["GET"]}}],"collection":[{"href":"https:\/\/tresorcolombien.com\/fr\/wp-json\/wp\/v2\/product"}],"about":[{"href":"https:\/\/tresorcolombien.com\/fr\/wp-json\/wp\/v2\/types\/product"}],"version-history":[{"count":1,"href":"https:\/\/tresorcolombien.com\/fr\/wp-json\/wp\/v2\/product\/4843\/revisions"}],"predecessor-version":[{"id":5369,"href":"https:\/\/tresorcolombien.com\/fr\/wp-json\/wp\/v2\/product\/4843\/revisions\/5369"}],"wp:featuredmedia":[{"embeddable":true,"href":"https:\/\/tresorcolombien.com\/fr\/wp-json\/wp\/v2\/media\/2947"}],"wp:attachment":[{"href":"https:\/\/tresorcolombien.com\/fr\/wp-json\/wp\/v2\/media?parent=4843"}],"wp:term":[{"taxonomy":"product_brand","embeddable":true,"href":"https:\/\/tresorcolombien.com\/fr\/wp-json\/wp\/v2\/product_brand?post=4843"},{"taxonomy":"product_cat","embeddable":true,"href":"https:\/\/tresorcolombien.com\/fr\/wp-json\/wp\/v2\/product_cat?post=4843"},{"taxonomy":"product_tag","embeddable":true,"href":"https:\/\/tresorcolombien.com\/fr\/wp-json\/wp\/v2\/product_tag?post=4843"}],"curies":[{"name":"wp","href":"https:\/\/api.w.org\/{rel}","templated":true}]}}