{"id":4846,"date":"2024-11-13T16:14:14","date_gmt":"2024-11-13T21:14:14","guid":{"rendered":"https:\/\/tresorcolombien.com\/producto\/survol-de-barichara-en-montgolfiere\/"},"modified":"2024-11-13T16:14:14","modified_gmt":"2024-11-13T21:14:14","slug":"survol-de-barichara-en-montgolfiere","status":"publish","type":"product","link":"https:\/\/tresorcolombien.com\/fr\/producto\/survol-de-barichara-en-montgolfiere\/","title":{"rendered":"Survol de Barichara en montgolfi\u00e8re"},"content":{"rendered":"<p>Profitez d\u2019une exp\u00e9rience de vol en montgolfi\u00e8re incroyable ancr\u00e9e \u00e0 Barichara. Survoler l\u2019une des plus belles villes patrimoniales de Colombie est tout simplement magique. Appr\u00e9cier la vue panoramique sur le paysage, la nature et son architecture est un moment sans pareil. Le ballon est ancr\u00e9 \u00e0 quatre (4) points de s\u00e9curit\u00e9, chaque vol grimpe entre trois (3) personnes et 4 personnes pour compl\u00e9ter un poids total d\u2019environ 180 kg, \u00e0 une hauteur de 100 \u00e0 120 m\u00e8tres. L\u2019horaire \u00e9tabli pour le vol de Barichara en ballon est dans les heures du matin. <\/p>\n<p>Visitez nos r\u00e9seaux :<br \/>\n<a href=\"https:\/\/www.instagram.com\/tresor_colombien\/\">Sur Instagram<\/a><br \/>\n<a href=\"https:\/\/www.facebook.com\/tresorcolombien\/\">Sur Facebook<\/a><\/p>\n","protected":false},"excerpt":{"rendered":"<p><strong>COMPREND:<\/strong><br \/>\nExp\u00e9rience de gonflage de ballons (45 minutes).<br \/>\nVol en montgolfi\u00e8re pendant 10 minutes.<br \/>\nL\u2019activit\u00e9 peut \u00eatre r\u00e9alis\u00e9e avec un minimum de 3 personnes.<br \/>\n<strong>ENGAGER:<\/strong><br \/>\nD\u00e9penses non sp\u00e9cifi\u00e9es dans le programme.<br \/>\nTransport.<\/p>\n","protected":false},"featured_media":2971,"template":"","meta":{"_acf_changed":false,"site-sidebar-layout":"default","site-content-layout":"","ast-site-content-layout":"default","site-content-style":"default","site-sidebar-style":"default","ast-global-header-display":"","ast-banner-title-visibility":"","ast-main-header-display":"","ast-hfb-above-header-display":"","ast-hfb-below-header-display":"","ast-hfb-mobile-header-display":"","site-post-title":"","ast-breadcrumbs-content":"","ast-featured-img":"","footer-sml-layout":"","ast-disable-related-posts":"","theme-transparent-header-meta":"","adv-header-id-meta":"","stick-header-meta":"","header-above-stick-meta":"","header-main-stick-meta":"","header-below-stick-meta":"","astra-migrate-meta-layouts":"default","ast-page-background-enabled":"default","ast-page-background-meta":{"desktop":{"background-color":"var(--ast-global-color-4)","background-image":"","background-repeat":"repeat","background-position":"center center","background-size":"auto","background-attachment":"scroll","background-type":"","background-media":"","overlay-type":"","overlay-color":"","overlay-opacity":"","overlay-gradient":""},"tablet":{"background-color":"","background-image":"","background-repeat":"repeat","background-position":"center center","background-size":"auto","background-attachment":"scroll","background-type":"","background-media":"","overlay-type":"","overlay-color":"","overlay-opacity":"","overlay-gradient":""},"mobile":{"background-color":"","background-image":"","background-repeat":"repeat","background-position":"center center","background-size":"auto","background-attachment":"scroll","background-type":"","background-media":"","overlay-type":"","overlay-color":"","overlay-opacity":"","overlay-gradient":""}},"ast-content-background-meta":{"desktop":{"background-color":"var(--ast-global-color-5)","background-image":"","background-repeat":"repeat","background-position":"center center","background-size":"auto","background-attachment":"scroll","background-type":"","background-media":"","overlay-type":"","overlay-color":"","overlay-opacity":"","overlay-gradient":""},"tablet":{"background-color":"var(--ast-global-color-5)","background-image":"","background-repeat":"repeat","background-position":"center center","background-size":"auto","background-attachment":"scroll","background-type":"","background-media":"","overlay-type":"","overlay-color":"","overlay-opacity":"","overlay-gradient":""},"mobile":{"background-color":"var(--ast-global-color-5)","background-image":"","background-repeat":"repeat","background-position":"center center","background-size":"auto","background-attachment":"scroll","background-type":"","background-media":"","overlay-type":"","overlay-color":"","overlay-opacity":"","overlay-gradient":""}},"_joinchat":[]},"product_brand":[],"product_cat":[301,262],"product_tag":[421,430],"class_list":{"0":"post-4846","1":"product","2":"type-product","3":"status-publish","4":"has-post-thumbnail","6":"product_cat-barichara-en-ballon","7":"product_cat-barichara-et-ses-environs","8":"product_tag-aventure","9":"product_tag-famille","10":"desktop-align-left","11":"tablet-align-left","12":"mobile-align-left","14":"first","15":"instock","16":"shipping-taxable","17":"purchasable","18":"product-type-simple"},"acf":[],"_links":{"self":[{"href":"https:\/\/tresorcolombien.com\/fr\/wp-json\/wp\/v2\/product\/4846","targetHints":{"allow":["GET"]}}],"collection":[{"href":"https:\/\/tresorcolombien.com\/fr\/wp-json\/wp\/v2\/product"}],"about":[{"href":"https:\/\/tresorcolombien.com\/fr\/wp-json\/wp\/v2\/types\/product"}],"version-history":[{"count":0,"href":"https:\/\/tresorcolombien.com\/fr\/wp-json\/wp\/v2\/product\/4846\/revisions"}],"wp:featuredmedia":[{"embeddable":true,"href":"https:\/\/tresorcolombien.com\/fr\/wp-json\/wp\/v2\/media\/2971"}],"wp:attachment":[{"href":"https:\/\/tresorcolombien.com\/fr\/wp-json\/wp\/v2\/media?parent=4846"}],"wp:term":[{"taxonomy":"product_brand","embeddable":true,"href":"https:\/\/tresorcolombien.com\/fr\/wp-json\/wp\/v2\/product_brand?post=4846"},{"taxonomy":"product_cat","embeddable":true,"href":"https:\/\/tresorcolombien.com\/fr\/wp-json\/wp\/v2\/product_cat?post=4846"},{"taxonomy":"product_tag","embeddable":true,"href":"https:\/\/tresorcolombien.com\/fr\/wp-json\/wp\/v2\/product_tag?post=4846"}],"curies":[{"name":"wp","href":"https:\/\/api.w.org\/{rel}","templated":true}]}}