{"id":4852,"date":"2024-11-13T16:14:38","date_gmt":"2024-11-13T21:14:38","guid":{"rendered":"https:\/\/tresorcolombien.com\/producto\/tour-de-boeuf-andres\/"},"modified":"2025-01-13T16:39:48","modified_gmt":"2025-01-13T21:39:48","slug":"tour-de-boeuf-andres","status":"publish","type":"product","link":"https:\/\/tresorcolombien.com\/fr\/producto\/tour-de-boeuf-andres\/","title":{"rendered":"Soir\u00e9e au Restaurant Andr\u00e9s Carne"},"content":{"rendered":"<p>Andr\u00e9s carne de res &#8211; Ch\u00eda Reserva \u00e0 l\u2019un des meilleurs restaurants de Colombie. Avec plus de 4 niveaux d\u00e9cor\u00e9s dans un style baroque, plein de lumi\u00e8res et de couleurs se trouve Andr\u00e9s carne de res, si\u00e8ge de Ch\u00eda. Apr\u00e8s 18h00, l\u2019endroit cr\u00e9e une atmosph\u00e8re id\u00e9ale pour boire des cocktails et danser la salsa, c\u2019est une exp\u00e9rience unique \u00e0 ne pas manquer. Avec un menu pr\u00eat \u00e0 r\u00e9pondre aux besoins de ses visiteurs, l\u2019ambiance est accueillante, conviviale, dynamique. Une d\u00e9coration exclusive et diff\u00e9rente.<\/p>\n<p><strong>Si des heures d\u2019attente suppl\u00e9mentaires sont g\u00e9n\u00e9r\u00e9es pour le transport, elles seront directement \u00e0 la charge du client.<\/strong><\/p>\n<p>Visitez nos r\u00e9seaux :<br \/>\n<a href=\"https:\/\/www.instagram.com\/tresor_colombien\/\">Sur Instagram<\/a><br \/>\n<a href=\"https:\/\/www.facebook.com\/tresorcolombien\/\">Sur Facebook<\/a><\/p>\n","protected":false},"excerpt":{"rendered":"<p><strong>INCLUS:<\/strong><br \/>\nTransport aller-retour depuis Bogot\u00e1.<br \/>\n5 heures de disponibilit\u00e9 (Transport : H\u00f4tel &gt; Andr\u00e9s carne de res Ch\u00eda &gt; ).<br \/>\nTemps au restaurant : 2 heures.<br \/>\nEntr\u00e9e au restaurant<br \/>\nAssurance voyage.<br \/>\n<strong>NON INCLUS:<\/strong><br \/>\nConsommation.<br \/>\nD\u00e9penses non sp\u00e9cifi\u00e9es dans le programme.<br \/>\n<strong>Pour les groupes de 5 personnes ou plus Demandez votre code de r\u00e9duction !<\/strong><\/p>\n","protected":false},"featured_media":2986,"template":"","meta":{"_acf_changed":false,"site-sidebar-layout":"default","site-content-layout":"","ast-site-content-layout":"default","site-content-style":"default","site-sidebar-style":"default","ast-global-header-display":"","ast-banner-title-visibility":"","ast-main-header-display":"","ast-hfb-above-header-display":"","ast-hfb-below-header-display":"","ast-hfb-mobile-header-display":"","site-post-title":"","ast-breadcrumbs-content":"","ast-featured-img":"","footer-sml-layout":"","ast-disable-related-posts":"","theme-transparent-header-meta":"","adv-header-id-meta":"","stick-header-meta":"","header-above-stick-meta":"","header-main-stick-meta":"","header-below-stick-meta":"","astra-migrate-meta-layouts":"default","ast-page-background-enabled":"default","ast-page-background-meta":{"desktop":{"background-color":"var(--ast-global-color-4)","background-image":"","background-repeat":"repeat","background-position":"center center","background-size":"auto","background-attachment":"scroll","background-type":"","background-media":"","overlay-type":"","overlay-color":"","overlay-opacity":"","overlay-gradient":""},"tablet":{"background-color":"","background-image":"","background-repeat":"repeat","background-position":"center center","background-size":"auto","background-attachment":"scroll","background-type":"","background-media":"","overlay-type":"","overlay-color":"","overlay-opacity":"","overlay-gradient":""},"mobile":{"background-color":"","background-image":"","background-repeat":"repeat","background-position":"center center","background-size":"auto","background-attachment":"scroll","background-type":"","background-media":"","overlay-type":"","overlay-color":"","overlay-opacity":"","overlay-gradient":""}},"ast-content-background-meta":{"desktop":{"background-color":"var(--ast-global-color-5)","background-image":"","background-repeat":"repeat","background-position":"center center","background-size":"auto","background-attachment":"scroll","background-type":"","background-media":"","overlay-type":"","overlay-color":"","overlay-opacity":"","overlay-gradient":""},"tablet":{"background-color":"var(--ast-global-color-5)","background-image":"","background-repeat":"repeat","background-position":"center center","background-size":"auto","background-attachment":"scroll","background-type":"","background-media":"","overlay-type":"","overlay-color":"","overlay-opacity":"","overlay-gradient":""},"mobile":{"background-color":"var(--ast-global-color-5)","background-image":"","background-repeat":"repeat","background-position":"center center","background-size":"auto","background-attachment":"scroll","background-type":"","background-media":"","overlay-type":"","overlay-color":"","overlay-opacity":"","overlay-gradient":""}},"_joinchat":[]},"product_brand":[],"product_cat":[258,302],"product_tag":[],"class_list":{"0":"post-4852","1":"product","2":"type-product","3":"status-publish","4":"has-post-thumbnail","6":"product_cat-bogota-et-ses-environs","7":"product_cat-boeuf-andres","8":"desktop-align-left","9":"tablet-align-left","10":"mobile-align-left","12":"first","13":"instock","14":"shipping-taxable","15":"product-type-simple"},"acf":[],"_links":{"self":[{"href":"https:\/\/tresorcolombien.com\/fr\/wp-json\/wp\/v2\/product\/4852","targetHints":{"allow":["GET"]}}],"collection":[{"href":"https:\/\/tresorcolombien.com\/fr\/wp-json\/wp\/v2\/product"}],"about":[{"href":"https:\/\/tresorcolombien.com\/fr\/wp-json\/wp\/v2\/types\/product"}],"version-history":[{"count":1,"href":"https:\/\/tresorcolombien.com\/fr\/wp-json\/wp\/v2\/product\/4852\/revisions"}],"predecessor-version":[{"id":5367,"href":"https:\/\/tresorcolombien.com\/fr\/wp-json\/wp\/v2\/product\/4852\/revisions\/5367"}],"wp:featuredmedia":[{"embeddable":true,"href":"https:\/\/tresorcolombien.com\/fr\/wp-json\/wp\/v2\/media\/2986"}],"wp:attachment":[{"href":"https:\/\/tresorcolombien.com\/fr\/wp-json\/wp\/v2\/media?parent=4852"}],"wp:term":[{"taxonomy":"product_brand","embeddable":true,"href":"https:\/\/tresorcolombien.com\/fr\/wp-json\/wp\/v2\/product_brand?post=4852"},{"taxonomy":"product_cat","embeddable":true,"href":"https:\/\/tresorcolombien.com\/fr\/wp-json\/wp\/v2\/product_cat?post=4852"},{"taxonomy":"product_tag","embeddable":true,"href":"https:\/\/tresorcolombien.com\/fr\/wp-json\/wp\/v2\/product_tag?post=4852"}],"curies":[{"name":"wp","href":"https:\/\/api.w.org\/{rel}","templated":true}]}}