{"id":4854,"date":"2024-11-13T16:15:28","date_gmt":"2024-11-13T21:15:28","guid":{"rendered":"https:\/\/tresorcolombien.com\/producto\/paloquemao-visite-de-la-ville\/"},"modified":"2025-01-13T16:20:35","modified_gmt":"2025-01-13T21:20:35","slug":"paloquemao-visite-de-la-ville","status":"publish","type":"product","link":"https:\/\/tresorcolombien.com\/fr\/producto\/paloquemao-visite-de-la-ville\/","title":{"rendered":"Paloquemao + Visite de la ville"},"content":{"rendered":"<p>Paloquemao + Visite de la ville. Visite \u00e0 pied des rues historiques de Candelaria, Plaza Chorro de Quevedo, Plaza de Bol\u00edvar, qui vous permettra de d\u00e9couvrir l\u2019histoire et son \u00e9volution de l\u2019\u00e9poque coloniale espagnole \u00e0 nos jours. Les meilleures \u0153uvres du peintre et sculpteur Fernando Botero et le plus grand mus\u00e9e d\u2019Am\u00e9rique latine qui abrite le plus grand nombre de pi\u00e8ces d\u2019or pr\u00e9colombiennes au monde feront partie de la visite. Visite de la place du march\u00e9 de Paloquemao pour d\u00e9guster les fruits exotiques de Colombie et leurs masses, ainsi que la grande vari\u00e9t\u00e9 et les fleurs color\u00e9es. Une p\u00e9riode id\u00e9ale pour les amateurs de photographie ! sur le tour Paloquemao + City **Pas d\u2019h\u00e9bergement. Nos r\u00e9seaux : <\/p>\n<p><a href=\"https:\/\/www.instagram.com\/tresor_colombien\/\">Sur Instagram<\/a><br \/>\n<a href=\"https:\/\/es-la.facebook.com\/tresorcolombien\/\">Sur Facebook<\/a><\/p>\n","protected":false},"excerpt":{"rendered":"<p><strong>INCLUS:<\/strong><br \/>\nGuide local.<br \/>\nVisite de la Candelaria.<br \/>\nMonserrate en t\u00e9l\u00e9ph\u00e9rique.<br \/>\nMus\u00e9e de l\u2019Or (ferm\u00e9 le lundi).<br \/>\nMus\u00e9e Botero (ferm\u00e9 le mardi).<br \/>\nD\u00e9gustation de chicha.<br \/>\nAssurance voyage.<br \/>\nTransport.<br \/>\n<strong>NON INCLUS:<\/strong><br \/>\nD\u00e9penses non sp\u00e9cifi\u00e9es dans le programme.<br \/>\n<strong>Pour les groupes de 5 personnes ou plus Demandez votre code de r\u00e9duction !<\/strong><\/p>\n","protected":false},"featured_media":3025,"template":"","meta":{"_acf_changed":false,"site-sidebar-layout":"default","site-content-layout":"","ast-site-content-layout":"default","site-content-style":"default","site-sidebar-style":"default","ast-global-header-display":"","ast-banner-title-visibility":"","ast-main-header-display":"","ast-hfb-above-header-display":"","ast-hfb-below-header-display":"","ast-hfb-mobile-header-display":"","site-post-title":"","ast-breadcrumbs-content":"","ast-featured-img":"","footer-sml-layout":"","ast-disable-related-posts":"","theme-transparent-header-meta":"","adv-header-id-meta":"","stick-header-meta":"","header-above-stick-meta":"","header-main-stick-meta":"","header-below-stick-meta":"","astra-migrate-meta-layouts":"default","ast-page-background-enabled":"default","ast-page-background-meta":{"desktop":{"background-color":"var(--ast-global-color-4)","background-image":"","background-repeat":"repeat","background-position":"center center","background-size":"auto","background-attachment":"scroll","background-type":"","background-media":"","overlay-type":"","overlay-color":"","overlay-opacity":"","overlay-gradient":""},"tablet":{"background-color":"","background-image":"","background-repeat":"repeat","background-position":"center center","background-size":"auto","background-attachment":"scroll","background-type":"","background-media":"","overlay-type":"","overlay-color":"","overlay-opacity":"","overlay-gradient":""},"mobile":{"background-color":"","background-image":"","background-repeat":"repeat","background-position":"center center","background-size":"auto","background-attachment":"scroll","background-type":"","background-media":"","overlay-type":"","overlay-color":"","overlay-opacity":"","overlay-gradient":""}},"ast-content-background-meta":{"desktop":{"background-color":"var(--ast-global-color-5)","background-image":"","background-repeat":"repeat","background-position":"center center","background-size":"auto","background-attachment":"scroll","background-type":"","background-media":"","overlay-type":"","overlay-color":"","overlay-opacity":"","overlay-gradient":""},"tablet":{"background-color":"var(--ast-global-color-5)","background-image":"","background-repeat":"repeat","background-position":"center center","background-size":"auto","background-attachment":"scroll","background-type":"","background-media":"","overlay-type":"","overlay-color":"","overlay-opacity":"","overlay-gradient":""},"mobile":{"background-color":"var(--ast-global-color-5)","background-image":"","background-repeat":"repeat","background-position":"center center","background-size":"auto","background-attachment":"scroll","background-type":"","background-media":"","overlay-type":"","overlay-color":"","overlay-opacity":"","overlay-gradient":""}},"_joinchat":[]},"product_brand":[],"product_cat":[258,304],"product_tag":[424],"class_list":{"0":"post-4854","1":"product","2":"type-product","3":"status-publish","4":"has-post-thumbnail","6":"product_cat-bogota-et-ses-environs","7":"product_cat-paloquemao-fr","8":"product_tag-culturel","9":"desktop-align-left","10":"tablet-align-left","11":"mobile-align-left","13":"first","14":"instock","15":"shipping-taxable","16":"product-type-simple"},"acf":[],"_links":{"self":[{"href":"https:\/\/tresorcolombien.com\/fr\/wp-json\/wp\/v2\/product\/4854","targetHints":{"allow":["GET"]}}],"collection":[{"href":"https:\/\/tresorcolombien.com\/fr\/wp-json\/wp\/v2\/product"}],"about":[{"href":"https:\/\/tresorcolombien.com\/fr\/wp-json\/wp\/v2\/types\/product"}],"version-history":[{"count":1,"href":"https:\/\/tresorcolombien.com\/fr\/wp-json\/wp\/v2\/product\/4854\/revisions"}],"predecessor-version":[{"id":5364,"href":"https:\/\/tresorcolombien.com\/fr\/wp-json\/wp\/v2\/product\/4854\/revisions\/5364"}],"wp:featuredmedia":[{"embeddable":true,"href":"https:\/\/tresorcolombien.com\/fr\/wp-json\/wp\/v2\/media\/3025"}],"wp:attachment":[{"href":"https:\/\/tresorcolombien.com\/fr\/wp-json\/wp\/v2\/media?parent=4854"}],"wp:term":[{"taxonomy":"product_brand","embeddable":true,"href":"https:\/\/tresorcolombien.com\/fr\/wp-json\/wp\/v2\/product_brand?post=4854"},{"taxonomy":"product_cat","embeddable":true,"href":"https:\/\/tresorcolombien.com\/fr\/wp-json\/wp\/v2\/product_cat?post=4854"},{"taxonomy":"product_tag","embeddable":true,"href":"https:\/\/tresorcolombien.com\/fr\/wp-json\/wp\/v2\/product_tag?post=4854"}],"curies":[{"name":"wp","href":"https:\/\/api.w.org\/{rel}","templated":true}]}}