{"id":4860,"date":"2024-11-13T16:15:34","date_gmt":"2024-11-13T21:15:34","guid":{"rendered":"https:\/\/tresorcolombien.com\/producto\/medellin-parc-explora\/"},"modified":"2025-01-13T16:18:43","modified_gmt":"2025-01-13T21:18:43","slug":"medellin-parc-explora","status":"publish","type":"product","link":"https:\/\/tresorcolombien.com\/fr\/producto\/medellin-parc-explora\/","title":{"rendered":"Medell\u00edn : Parc Explora"},"content":{"rendered":"<p><span style=\"font-weight: 400;\">Medell\u00edn, la ville de l\u2019\u00e9ternel printemps, poss\u00e8de le plus grand aquarium de toute l\u2019Am\u00e9rique du Sud, un endroit id\u00e9al pour toute la famille, des plus jeunes aux plus \u00e2g\u00e9s. Une fa\u00e7on diff\u00e9rente de d\u00e9couvrir les tr\u00e9sors de Medell\u00edn. Ses espaces nous montrent le monde aquatique de l\u2019eau douce et de la mer et mettent en valeur le magnifique espace de vie marine de \u00ab&nbsp;Finding Nemo&nbsp;\u00bb. Vous visiterez \u00e9galement le vivarium, o\u00f9 vous verrez des serpents, des grenouilles, des l\u00e9zards, des tortues et bien d\u2019autres animaux.   <\/span><\/p>\n<p><span style=\"font-weight: 400;\">Enfin, l\u2019incontournable visite de l\u2019exposition des dinosaures et de l\u2019immense plan\u00e9tarium qui nous \u00e9merveille par sa projection de l\u2019univers.<\/span><br \/>\nAquarium de Medell\u00edn.&nbsp;<\/p>\n","protected":false},"excerpt":{"rendered":"<p><strong>INCLUS:<\/strong><br \/>\n<span style=\"font-weight: 400;\">Entr\u00e9e au parc explora. <span style=\"font-weight: 400;\">H\u00f4te\/Guide<br \/>\n<\/span><span style=\"font-weight: 400;\">Entr\u00e9e \u00e0 l\u2019Aquarium.<br \/>\n<\/span><span style=\"font-weight: 400;\">Exposition de dinosaures.<br \/>\n<\/span><span style=\"font-weight: 400;\">Entr\u00e9e au vivarium.<br \/>\n<\/span><span style=\"font-weight: 400;\">Entr\u00e9e au plan\u00e9tarium.<br \/>\n<\/span><span style=\"font-weight: 400;\">Transport en compagnie du guide local (non priv\u00e9).<br \/>\nNote: Ferm\u00e9 les lundis\/mardis apr\u00e8s les lundis f\u00e9ri\u00e9s<\/p>\n<p><strong>NON INCLUS: <\/strong><br \/>\n<span style=\"font-weight: 400;\">D\u00e9penses non sp\u00e9cifi\u00e9es dans le programme.<br \/>\n<\/span><span style=\"font-weight: 400;\">Pourboires pour le guide\/chauffeur.<br \/>\n<\/span><span style=\"font-weight: 400;\">D\u00e9jeuner.<\/span><br \/>\n<strong>Pour les groupes de 5 personnes ou plus Demandez votre code de r\u00e9duction !<\/strong><\/p>\n","protected":false},"featured_media":3031,"template":"","meta":{"_acf_changed":false,"site-sidebar-layout":"default","site-content-layout":"","ast-site-content-layout":"default","site-content-style":"default","site-sidebar-style":"default","ast-global-header-display":"","ast-banner-title-visibility":"","ast-main-header-display":"","ast-hfb-above-header-display":"","ast-hfb-below-header-display":"","ast-hfb-mobile-header-display":"","site-post-title":"","ast-breadcrumbs-content":"","ast-featured-img":"","footer-sml-layout":"","ast-disable-related-posts":"","theme-transparent-header-meta":"default","adv-header-id-meta":"","stick-header-meta":"","header-above-stick-meta":"","header-main-stick-meta":"","header-below-stick-meta":"","astra-migrate-meta-layouts":"default","ast-page-background-enabled":"default","ast-page-background-meta":{"desktop":{"background-color":"var(--ast-global-color-4)","background-image":"","background-repeat":"repeat","background-position":"center center","background-size":"auto","background-attachment":"scroll","background-type":"","background-media":"","overlay-type":"","overlay-color":"","overlay-opacity":"","overlay-gradient":""},"tablet":{"background-color":"","background-image":"","background-repeat":"repeat","background-position":"center center","background-size":"auto","background-attachment":"scroll","background-type":"","background-media":"","overlay-type":"","overlay-color":"","overlay-opacity":"","overlay-gradient":""},"mobile":{"background-color":"","background-image":"","background-repeat":"repeat","background-position":"center center","background-size":"auto","background-attachment":"scroll","background-type":"","background-media":"","overlay-type":"","overlay-color":"","overlay-opacity":"","overlay-gradient":""}},"ast-content-background-meta":{"desktop":{"background-color":"var(--ast-global-color-5)","background-image":"","background-repeat":"repeat","background-position":"center center","background-size":"auto","background-attachment":"scroll","background-type":"","background-media":"","overlay-type":"","overlay-color":"","overlay-opacity":"","overlay-gradient":""},"tablet":{"background-color":"var(--ast-global-color-5)","background-image":"","background-repeat":"repeat","background-position":"center center","background-size":"auto","background-attachment":"scroll","background-type":"","background-media":"","overlay-type":"","overlay-color":"","overlay-opacity":"","overlay-gradient":""},"mobile":{"background-color":"var(--ast-global-color-5)","background-image":"","background-repeat":"repeat","background-position":"center center","background-size":"auto","background-attachment":"scroll","background-type":"","background-media":"","overlay-type":"","overlay-color":"","overlay-opacity":"","overlay-gradient":""}},"_joinchat":[]},"product_brand":[],"product_cat":[306,305],"product_tag":[],"class_list":{"0":"post-4860","1":"product","2":"type-product","3":"status-publish","4":"has-post-thumbnail","6":"product_cat-explorez-le-parc-de-laquarium","7":"product_cat-medellin-fr","8":"desktop-align-left","9":"tablet-align-left","10":"mobile-align-left","12":"first","13":"instock","14":"shipping-taxable","15":"product-type-simple"},"acf":[],"_links":{"self":[{"href":"https:\/\/tresorcolombien.com\/fr\/wp-json\/wp\/v2\/product\/4860","targetHints":{"allow":["GET"]}}],"collection":[{"href":"https:\/\/tresorcolombien.com\/fr\/wp-json\/wp\/v2\/product"}],"about":[{"href":"https:\/\/tresorcolombien.com\/fr\/wp-json\/wp\/v2\/types\/product"}],"version-history":[{"count":1,"href":"https:\/\/tresorcolombien.com\/fr\/wp-json\/wp\/v2\/product\/4860\/revisions"}],"predecessor-version":[{"id":5363,"href":"https:\/\/tresorcolombien.com\/fr\/wp-json\/wp\/v2\/product\/4860\/revisions\/5363"}],"wp:featuredmedia":[{"embeddable":true,"href":"https:\/\/tresorcolombien.com\/fr\/wp-json\/wp\/v2\/media\/3031"}],"wp:attachment":[{"href":"https:\/\/tresorcolombien.com\/fr\/wp-json\/wp\/v2\/media?parent=4860"}],"wp:term":[{"taxonomy":"product_brand","embeddable":true,"href":"https:\/\/tresorcolombien.com\/fr\/wp-json\/wp\/v2\/product_brand?post=4860"},{"taxonomy":"product_cat","embeddable":true,"href":"https:\/\/tresorcolombien.com\/fr\/wp-json\/wp\/v2\/product_cat?post=4860"},{"taxonomy":"product_tag","embeddable":true,"href":"https:\/\/tresorcolombien.com\/fr\/wp-json\/wp\/v2\/product_tag?post=4860"}],"curies":[{"name":"wp","href":"https:\/\/api.w.org\/{rel}","templated":true}]}}