{"id":4861,"date":"2024-11-13T16:16:04","date_gmt":"2024-11-13T21:16:04","guid":{"rendered":"https:\/\/tresorcolombien.com\/producto\/chiva-et-visite-des-lumieres-de-noel-a-medellin\/"},"modified":"2025-01-13T14:21:25","modified_gmt":"2025-01-13T19:21:25","slug":"chiva-et-visite-des-lumieres-de-noel-a-medellin","status":"publish","type":"product","link":"https:\/\/tresorcolombien.com\/fr\/producto\/chiva-et-visite-des-lumieres-de-noel-a-medellin\/","title":{"rendered":"Chiva et visite des lumi\u00e8res de No\u00ebl \u00e0 Medell\u00edn"},"content":{"rendered":"<p><span style=\"font-weight: 400;\">Le mois de d\u00e9cembre est l\u2019un des meilleurs moments pour visiter Medell\u00edn, la ville de l\u2019\u00e9ternel printemps se pare de ses plus beaux atours pour No\u00ebl, d\u00e9corant et illuminant ses rues avec des figures de No\u00ebl surprenantes \u00e0 grande \u00e9chelle selon un th\u00e8me diff\u00e9rent. Lors de cette visite \u00e0 bord d\u2019une rumba chiva color\u00e9e, nous visitons les points les plus repr\u00e9sentatifs de cette f\u00eate des lumi\u00e8res tels que la rivi\u00e8re, la sabaneta, les parcs envigado, tout cela tout en d\u00e9gustant des liqueurs et des p\u00e2tes traditionnelles de la r\u00e9gion.   <\/span><\/p>\n","protected":false},"excerpt":{"rendered":"<p><strong>INCLUS:<\/strong><br \/>\n<span style=\"font-weight: 400;\">Transport en chiva traditionnelle.<br \/>\n<\/span><span style=\"font-weight: 400;\">Guide d\u2019accueil hispanophone.<br \/>\n<\/span><span style=\"font-weight: 400;\">D\u00e9gustation de aguardiente et du rhum antioquiens.<br \/>\n<\/span><span style=\"font-weight: 400;\">D\u00e9gustation de produits locaux traditionnelles.<br \/>\n<\/span><strong>Visite des principales lumi\u00e8res de la ville de Medell\u00edn :<br \/>\n<\/strong><span style=\"font-weight: 400;\">Panoramique le long de l\u2019Av. la Playa.<br \/>\n<\/span><span style=\"font-weight: 400;\">Visite \u00e0 pied du parc nord, des parcs du R\u00edo, du parc Envigado.<br \/>\n<\/span><span style=\"font-weight: 400;\">Assurance voyage.<\/span><br \/>\n<strong>NON INCLUS:<br \/><\/strong><br \/>\n<span style=\"font-weight: 400;\">D\u00e9penses non sp\u00e9cifi\u00e9es dans le programme.<br \/>\n<\/span><span style=\"font-weight: 400;\">Pourboires pour le guide\/chauffeur.<\/span><br \/>\n<strong>Pour les groupes de 5 personnes ou plus Demandez votre code de r\u00e9duction !<\/strong><\/p>\n","protected":false},"featured_media":3052,"template":"","meta":{"_acf_changed":false,"site-sidebar-layout":"default","site-content-layout":"","ast-site-content-layout":"default","site-content-style":"default","site-sidebar-style":"default","ast-global-header-display":"","ast-banner-title-visibility":"","ast-main-header-display":"","ast-hfb-above-header-display":"","ast-hfb-below-header-display":"","ast-hfb-mobile-header-display":"","site-post-title":"","ast-breadcrumbs-content":"","ast-featured-img":"","footer-sml-layout":"","ast-disable-related-posts":"","theme-transparent-header-meta":"default","adv-header-id-meta":"","stick-header-meta":"","header-above-stick-meta":"","header-main-stick-meta":"","header-below-stick-meta":"","astra-migrate-meta-layouts":"default","ast-page-background-enabled":"default","ast-page-background-meta":{"desktop":{"background-color":"var(--ast-global-color-4)","background-image":"","background-repeat":"repeat","background-position":"center center","background-size":"auto","background-attachment":"scroll","background-type":"","background-media":"","overlay-type":"","overlay-color":"","overlay-opacity":"","overlay-gradient":""},"tablet":{"background-color":"","background-image":"","background-repeat":"repeat","background-position":"center center","background-size":"auto","background-attachment":"scroll","background-type":"","background-media":"","overlay-type":"","overlay-color":"","overlay-opacity":"","overlay-gradient":""},"mobile":{"background-color":"","background-image":"","background-repeat":"repeat","background-position":"center center","background-size":"auto","background-attachment":"scroll","background-type":"","background-media":"","overlay-type":"","overlay-color":"","overlay-opacity":"","overlay-gradient":""}},"ast-content-background-meta":{"desktop":{"background-color":"var(--ast-global-color-5)","background-image":"","background-repeat":"repeat","background-position":"center center","background-size":"auto","background-attachment":"scroll","background-type":"","background-media":"","overlay-type":"","overlay-color":"","overlay-opacity":"","overlay-gradient":""},"tablet":{"background-color":"var(--ast-global-color-5)","background-image":"","background-repeat":"repeat","background-position":"center center","background-size":"auto","background-attachment":"scroll","background-type":"","background-media":"","overlay-type":"","overlay-color":"","overlay-opacity":"","overlay-gradient":""},"mobile":{"background-color":"var(--ast-global-color-5)","background-image":"","background-repeat":"repeat","background-position":"center center","background-size":"auto","background-attachment":"scroll","background-type":"","background-media":"","overlay-type":"","overlay-color":"","overlay-opacity":"","overlay-gradient":""}},"_joinchat":[]},"product_brand":[],"product_cat":[308,305],"product_tag":[],"class_list":{"0":"post-4861","1":"product","2":"type-product","3":"status-publish","4":"has-post-thumbnail","6":"product_cat-chiva-de-noel-et-illuminations","7":"product_cat-medellin-fr","8":"desktop-align-left","9":"tablet-align-left","10":"mobile-align-left","12":"first","13":"instock","14":"shipping-taxable","15":"product-type-simple"},"acf":[],"_links":{"self":[{"href":"https:\/\/tresorcolombien.com\/fr\/wp-json\/wp\/v2\/product\/4861","targetHints":{"allow":["GET"]}}],"collection":[{"href":"https:\/\/tresorcolombien.com\/fr\/wp-json\/wp\/v2\/product"}],"about":[{"href":"https:\/\/tresorcolombien.com\/fr\/wp-json\/wp\/v2\/types\/product"}],"version-history":[{"count":1,"href":"https:\/\/tresorcolombien.com\/fr\/wp-json\/wp\/v2\/product\/4861\/revisions"}],"predecessor-version":[{"id":5361,"href":"https:\/\/tresorcolombien.com\/fr\/wp-json\/wp\/v2\/product\/4861\/revisions\/5361"}],"wp:featuredmedia":[{"embeddable":true,"href":"https:\/\/tresorcolombien.com\/fr\/wp-json\/wp\/v2\/media\/3052"}],"wp:attachment":[{"href":"https:\/\/tresorcolombien.com\/fr\/wp-json\/wp\/v2\/media?parent=4861"}],"wp:term":[{"taxonomy":"product_brand","embeddable":true,"href":"https:\/\/tresorcolombien.com\/fr\/wp-json\/wp\/v2\/product_brand?post=4861"},{"taxonomy":"product_cat","embeddable":true,"href":"https:\/\/tresorcolombien.com\/fr\/wp-json\/wp\/v2\/product_cat?post=4861"},{"taxonomy":"product_tag","embeddable":true,"href":"https:\/\/tresorcolombien.com\/fr\/wp-json\/wp\/v2\/product_tag?post=4861"}],"curies":[{"name":"wp","href":"https:\/\/api.w.org\/{rel}","templated":true}]}}