{"id":4868,"date":"2024-11-13T16:16:13","date_gmt":"2024-11-13T21:16:13","guid":{"rendered":"https:\/\/tresorcolombien.com\/producto\/tour-en-helicoptere-a-guatape\/"},"modified":"2025-01-13T13:10:34","modified_gmt":"2025-01-13T18:10:34","slug":"tour-en-helicoptere-a-guatape","status":"publish","type":"product","link":"https:\/\/tresorcolombien.com\/fr\/producto\/tour-en-helicoptere-a-guatape\/","title":{"rendered":"Tour en h\u00e9licopt\u00e8re \u00e0 Guatap\u00e9"},"content":{"rendered":"<p><span style=\"font-weight: 400;\">Profitez d\u2019une exp\u00e9rience inoubliable, en parcourant en h\u00e9licopt\u00e8re les zones les plus repr\u00e9sentatives d\u2019Antioquia, telles que Cerro Nutibara, la belle ville de Medell\u00edn, les municipalit\u00e9s de Bello, Copacabana et Girardota&nbsp;; pour enfin atteindre la ville color\u00e9e de Guatap\u00e9 en appr\u00e9ciant la majest\u00e9 de son barrage et l\u2019imposante pierre du pe\u00f1ol. Une fois l\u00e0-bas, nous atterrissons pour visiter la ville pittoresque de Guatap\u00e9 et d\u00e9guster un d\u00e9licieux d\u00e9jeuner typique. Temps de vol 48 minutes &#8211; Temps disponible pour explorer le village, avant de red\u00e9coller 1h30<br \/>\n <\/span><br \/>\nNombre minimum de personnes pour le d\u00e9collage : 5 personnes<br \/>\nRemarque : Sous r\u00e9serve et disponible dans des conditions spatiales et m\u00e9t\u00e9orologiques propices au vol<\/p>\n","protected":false},"excerpt":{"rendered":"<p><strong>INCLUS: <\/strong><br \/>\n<span style=\"font-weight: 400;\">Vol de 48 minutes Medell\u00edn &gt; Guatape<br \/>\n<\/span><span style=\"font-weight: 400;\">Visite de la ville de Guatap\u00e9 (1h30 d\u2019attente).<br \/>\n<\/span><span style=\"font-weight: 400;\">Transport H\u00f4tel&gt;point de d\u00e9part&gt;H\u00f4tel (non priv\u00e9).<br \/>\n<\/span><span style=\"font-weight: 400;\">Pilote d\u2019accueil hispanophone.<br \/>\n<\/span><span style=\"font-weight: 400;\">L\u2019activit\u00e9 peut \u00eatre faite \u00e0 partir de 5 personnes.<\/span><br \/>\n<strong>NON INCLUS:<\/strong><br \/>\n<span style=\"font-weight: 400;\">D\u00e9penses non sp\u00e9cifi\u00e9es dans le programme.<br \/>\n<\/span><span style=\"font-weight: 400;\">Pourboires pour le guide\/chauffeur.<br \/>\n<\/span><span style=\"font-weight: 400;\">D\u00e9jeuner.<\/span><\/p>\n<p><strong>Remarque&nbsp;: Sous r\u00e9serve de disponibilit\u00e9. Capacit\u00e9 maximale pour 5 personnes <\/strong><\/p>\n","protected":false},"featured_media":3061,"template":"","meta":{"_acf_changed":false,"site-sidebar-layout":"default","site-content-layout":"","ast-site-content-layout":"default","site-content-style":"default","site-sidebar-style":"default","ast-global-header-display":"","ast-banner-title-visibility":"","ast-main-header-display":"","ast-hfb-above-header-display":"","ast-hfb-below-header-display":"","ast-hfb-mobile-header-display":"","site-post-title":"","ast-breadcrumbs-content":"","ast-featured-img":"","footer-sml-layout":"","ast-disable-related-posts":"","theme-transparent-header-meta":"default","adv-header-id-meta":"","stick-header-meta":"","header-above-stick-meta":"","header-main-stick-meta":"","header-below-stick-meta":"","astra-migrate-meta-layouts":"default","ast-page-background-enabled":"default","ast-page-background-meta":{"desktop":{"background-color":"var(--ast-global-color-4)","background-image":"","background-repeat":"repeat","background-position":"center center","background-size":"auto","background-attachment":"scroll","background-type":"","background-media":"","overlay-type":"","overlay-color":"","overlay-opacity":"","overlay-gradient":""},"tablet":{"background-color":"","background-image":"","background-repeat":"repeat","background-position":"center center","background-size":"auto","background-attachment":"scroll","background-type":"","background-media":"","overlay-type":"","overlay-color":"","overlay-opacity":"","overlay-gradient":""},"mobile":{"background-color":"","background-image":"","background-repeat":"repeat","background-position":"center center","background-size":"auto","background-attachment":"scroll","background-type":"","background-media":"","overlay-type":"","overlay-color":"","overlay-opacity":"","overlay-gradient":""}},"ast-content-background-meta":{"desktop":{"background-color":"var(--ast-global-color-5)","background-image":"","background-repeat":"repeat","background-position":"center center","background-size":"auto","background-attachment":"scroll","background-type":"","background-media":"","overlay-type":"","overlay-color":"","overlay-opacity":"","overlay-gradient":""},"tablet":{"background-color":"var(--ast-global-color-5)","background-image":"","background-repeat":"repeat","background-position":"center center","background-size":"auto","background-attachment":"scroll","background-type":"","background-media":"","overlay-type":"","overlay-color":"","overlay-opacity":"","overlay-gradient":""},"mobile":{"background-color":"var(--ast-global-color-5)","background-image":"","background-repeat":"repeat","background-position":"center center","background-size":"auto","background-attachment":"scroll","background-type":"","background-media":"","overlay-type":"","overlay-color":"","overlay-opacity":"","overlay-gradient":""}},"_joinchat":[]},"product_brand":[],"product_cat":[305,309],"product_tag":[],"class_list":{"0":"post-4868","1":"product","2":"type-product","3":"status-publish","4":"has-post-thumbnail","6":"product_cat-medellin-fr","7":"product_cat-visite-aerienne-de-guatape","8":"desktop-align-left","9":"tablet-align-left","10":"mobile-align-left","12":"first","13":"instock","14":"shipping-taxable","15":"product-type-simple"},"acf":[],"_links":{"self":[{"href":"https:\/\/tresorcolombien.com\/fr\/wp-json\/wp\/v2\/product\/4868","targetHints":{"allow":["GET"]}}],"collection":[{"href":"https:\/\/tresorcolombien.com\/fr\/wp-json\/wp\/v2\/product"}],"about":[{"href":"https:\/\/tresorcolombien.com\/fr\/wp-json\/wp\/v2\/types\/product"}],"version-history":[{"count":1,"href":"https:\/\/tresorcolombien.com\/fr\/wp-json\/wp\/v2\/product\/4868\/revisions"}],"predecessor-version":[{"id":5360,"href":"https:\/\/tresorcolombien.com\/fr\/wp-json\/wp\/v2\/product\/4868\/revisions\/5360"}],"wp:featuredmedia":[{"embeddable":true,"href":"https:\/\/tresorcolombien.com\/fr\/wp-json\/wp\/v2\/media\/3061"}],"wp:attachment":[{"href":"https:\/\/tresorcolombien.com\/fr\/wp-json\/wp\/v2\/media?parent=4868"}],"wp:term":[{"taxonomy":"product_brand","embeddable":true,"href":"https:\/\/tresorcolombien.com\/fr\/wp-json\/wp\/v2\/product_brand?post=4868"},{"taxonomy":"product_cat","embeddable":true,"href":"https:\/\/tresorcolombien.com\/fr\/wp-json\/wp\/v2\/product_cat?post=4868"},{"taxonomy":"product_tag","embeddable":true,"href":"https:\/\/tresorcolombien.com\/fr\/wp-json\/wp\/v2\/product_tag?post=4868"}],"curies":[{"name":"wp","href":"https:\/\/api.w.org\/{rel}","templated":true}]}}