{"id":4874,"date":"2024-11-13T16:16:31","date_gmt":"2024-11-13T21:16:31","guid":{"rendered":"https:\/\/tresorcolombien.com\/producto\/visite-de-guatape-et-piedra-penol\/"},"modified":"2025-01-13T13:06:03","modified_gmt":"2025-01-13T18:06:03","slug":"visite-de-guatape-et-piedra-penol","status":"publish","type":"product","link":"https:\/\/tresorcolombien.com\/fr\/producto\/visite-de-guatape-et-piedra-penol\/","title":{"rendered":"Visite de Guatap\u00e9 et Piedra Pe\u00f1ol"},"content":{"rendered":"<p><span style=\"font-weight: 400;\">Prise en charge \u00e0 l\u2019h\u00f4tel via Medell\u00edn &gt; Guatap\u00e9 (2 heures de route)<\/span><\/p>\n<p><span style=\"font-weight: 400;\">Visite de la pierre du pe\u00f1ol. L\u2019une des destinations les plus spectaculaires de Medell\u00edn, elle poss\u00e8de 740 marches qui m\u00e8nent au sommet de ce monolithe de pierre, de plus de 200 m\u00e8tres de haut, du sommet, vous pouvez voir une belle vue panoramique qui vous permet de voir les belles constructions sur les \u00eelots du barrage hydro\u00e9lectrique.<br \/>\n<\/span><span style=\"font-weight: 400;\">D\u00e9jeuner inclus<br \/>\nNavigation \u00e0 travers le barrage dans lequel vous admirerez l\u2019\u00e9norme pierre du pe\u00f1ol, la vieille ville avant l\u2019inondation et les ruines de la maison de vacances de Pablo Escobar.<br \/>\n<\/span><span style=\"font-weight: 400;\">L\u2019apr\u00e8s-midi sera consacr\u00e9 \u00e0 la visite guid\u00e9e de la ville color\u00e9e et magique de Guatap\u00e9. Ses maisons color\u00e9es et ses frises color\u00e9es en relief sur les murs des maisons nous font d\u00e9couvrir les coutumes et l\u00e9gendes de la r\u00e9gion. <\/span><\/p>\n","protected":false},"excerpt":{"rendered":"<p><strong>INCLUS:<\/strong><br \/>\n<span style=\"font-weight: 400;\">Guide d\u2019accueil hispanophone.<br \/>\n<\/span><span style=\"font-weight: 400;\">Transport en compagnie de l\u2019h\u00f4te (non priv\u00e9).<br \/>\n<\/span><span style=\"font-weight: 400;\">D\u00e9jeuner inclus<br \/>\n<\/span><span style=\"font-weight: 400;\">Tour navigable du barrage. Limite d\u2019embarquement jusqu\u2019\u00e0 13h00<br \/>\n<\/span><span style=\"font-weight: 400;\">Entr\u00e9e et mont\u00e9e au point de vue de Piedra del Pe\u00f1ol.<br \/>\n<\/span><span style=\"font-weight: 400;\">Assurance voyage.<\/span><br \/>\n<strong>NON INCLUS: <\/strong><br \/>\n<span style=\"font-weight: 400;\">D\u00e9penses non sp\u00e9cifi\u00e9es dans le programme.<br \/>\n<\/span><span style=\"font-weight: 400;\">Pourboires pour le guide\/chauffeur.<\/span><br \/>\n<strong>Pour les groupes de 5 personnes ou plus Demandez votre code de r\u00e9duction !<\/strong><\/p>\n","protected":false},"featured_media":3076,"template":"","meta":{"_acf_changed":false,"site-sidebar-layout":"default","site-content-layout":"","ast-site-content-layout":"default","site-content-style":"default","site-sidebar-style":"default","ast-global-header-display":"","ast-banner-title-visibility":"","ast-main-header-display":"","ast-hfb-above-header-display":"","ast-hfb-below-header-display":"","ast-hfb-mobile-header-display":"","site-post-title":"","ast-breadcrumbs-content":"","ast-featured-img":"","footer-sml-layout":"","ast-disable-related-posts":"","theme-transparent-header-meta":"default","adv-header-id-meta":"","stick-header-meta":"","header-above-stick-meta":"","header-main-stick-meta":"","header-below-stick-meta":"","astra-migrate-meta-layouts":"default","ast-page-background-enabled":"default","ast-page-background-meta":{"desktop":{"background-color":"var(--ast-global-color-4)","background-image":"","background-repeat":"repeat","background-position":"center center","background-size":"auto","background-attachment":"scroll","background-type":"","background-media":"","overlay-type":"","overlay-color":"","overlay-opacity":"","overlay-gradient":""},"tablet":{"background-color":"","background-image":"","background-repeat":"repeat","background-position":"center center","background-size":"auto","background-attachment":"scroll","background-type":"","background-media":"","overlay-type":"","overlay-color":"","overlay-opacity":"","overlay-gradient":""},"mobile":{"background-color":"","background-image":"","background-repeat":"repeat","background-position":"center center","background-size":"auto","background-attachment":"scroll","background-type":"","background-media":"","overlay-type":"","overlay-color":"","overlay-opacity":"","overlay-gradient":""}},"ast-content-background-meta":{"desktop":{"background-color":"var(--ast-global-color-5)","background-image":"","background-repeat":"repeat","background-position":"center center","background-size":"auto","background-attachment":"scroll","background-type":"","background-media":"","overlay-type":"","overlay-color":"","overlay-opacity":"","overlay-gradient":""},"tablet":{"background-color":"var(--ast-global-color-5)","background-image":"","background-repeat":"repeat","background-position":"center center","background-size":"auto","background-attachment":"scroll","background-type":"","background-media":"","overlay-type":"","overlay-color":"","overlay-opacity":"","overlay-gradient":""},"mobile":{"background-color":"var(--ast-global-color-5)","background-image":"","background-repeat":"repeat","background-position":"center center","background-size":"auto","background-attachment":"scroll","background-type":"","background-media":"","overlay-type":"","overlay-color":"","overlay-opacity":"","overlay-gradient":""}},"_joinchat":[]},"product_brand":[],"product_cat":[305,310],"product_tag":[],"class_list":{"0":"post-4874","1":"product","2":"type-product","3":"status-publish","4":"has-post-thumbnail","6":"product_cat-medellin-fr","7":"product_cat-tour-guatape-fr","8":"desktop-align-left","9":"tablet-align-left","10":"mobile-align-left","12":"first","13":"instock","14":"shipping-taxable","15":"product-type-simple"},"acf":[],"_links":{"self":[{"href":"https:\/\/tresorcolombien.com\/fr\/wp-json\/wp\/v2\/product\/4874","targetHints":{"allow":["GET"]}}],"collection":[{"href":"https:\/\/tresorcolombien.com\/fr\/wp-json\/wp\/v2\/product"}],"about":[{"href":"https:\/\/tresorcolombien.com\/fr\/wp-json\/wp\/v2\/types\/product"}],"version-history":[{"count":1,"href":"https:\/\/tresorcolombien.com\/fr\/wp-json\/wp\/v2\/product\/4874\/revisions"}],"predecessor-version":[{"id":5359,"href":"https:\/\/tresorcolombien.com\/fr\/wp-json\/wp\/v2\/product\/4874\/revisions\/5359"}],"wp:featuredmedia":[{"embeddable":true,"href":"https:\/\/tresorcolombien.com\/fr\/wp-json\/wp\/v2\/media\/3076"}],"wp:attachment":[{"href":"https:\/\/tresorcolombien.com\/fr\/wp-json\/wp\/v2\/media?parent=4874"}],"wp:term":[{"taxonomy":"product_brand","embeddable":true,"href":"https:\/\/tresorcolombien.com\/fr\/wp-json\/wp\/v2\/product_brand?post=4874"},{"taxonomy":"product_cat","embeddable":true,"href":"https:\/\/tresorcolombien.com\/fr\/wp-json\/wp\/v2\/product_cat?post=4874"},{"taxonomy":"product_tag","embeddable":true,"href":"https:\/\/tresorcolombien.com\/fr\/wp-json\/wp\/v2\/product_tag?post=4874"}],"curies":[{"name":"wp","href":"https:\/\/api.w.org\/{rel}","templated":true}]}}