{"id":4884,"date":"2024-11-13T16:17:27","date_gmt":"2024-11-13T21:17:27","guid":{"rendered":"https:\/\/tresorcolombien.com\/producto\/survolez-antioquia-en-montgolfiere\/"},"modified":"2025-01-13T12:56:38","modified_gmt":"2025-01-13T17:56:38","slug":"survolez-antioquia-en-montgolfiere","status":"publish","type":"product","link":"https:\/\/tresorcolombien.com\/fr\/producto\/survolez-antioquia-en-montgolfiere\/","title":{"rendered":"Survolez Antioquia en montgolfi\u00e8re"},"content":{"rendered":"<p><span style=\"font-weight: 400;\">Survolez Antioquia en ballon. \u00c0 seulement 1 heure et demie de Medell\u00edn, vous pourrez vivre une exp\u00e9rience inoubliable avec votre famille et vos amis, un tour en montgolfi\u00e8re \u00e0 plus de mille pieds d\u2019altitude \u00e0 travers les paysages, les rivi\u00e8res, les vall\u00e9es et les montagnes d\u2019Antioquia.   <\/span><\/p>\n<p><span style=\"font-weight: 400;\">Vous d\u00e9couvrirez un tr\u00e9sor cach\u00e9 d\u2019en haut, qui vous permettra d\u2019appr\u00e9cier le magnifique paysage naturel.<\/span><\/p>\n<p><strong>Veuillez noter :<\/strong><\/p>\n<ul>\n<li><span style=\"font-weight: 400;\">L\u2019activit\u00e9 peut \u00eatre r\u00e9alis\u00e9e avec un minimum de 4 personnes.<\/span><\/li>\n<li><span style=\"font-weight: 400;\">Le vol a lieu entre 05h30 et maximum 8h00.<\/span><\/li>\n<li><span style=\"font-weight: 400;\">Le quota maximum par vol est de quatre (04) passagers, \u00e0 condition qu\u2019ils ne d\u00e9passent pas le poids maximum (250 kilogrammes).<\/span><\/li>\n<\/ul>\n","protected":false},"excerpt":{"rendered":"<p><strong>INCLUS:<\/strong><br \/>\n<span style=\"font-weight: 400;\">Vol en montgolfi\u00e8re &#8211; 15 minutes.<\/span><span style=\"font-weight: 400;\"><br \/>\n<\/span><span style=\"font-weight: 400;\">Disponibilit\u00e9 du transport priv\u00e9 6 heures.<br \/>\n<\/span><span style=\"font-weight: 400;\">Assurance voyage.<\/p>\n<p><strong>NON INCLUS:<\/strong><br \/>\n<span style=\"font-weight: 400;\">D\u00e9penses non sp\u00e9cifi\u00e9es dans le programme.<br \/>\n<span style=\"font-weight: 400;\">D\u00e9jeuner<br \/>\n<\/span><span style=\"font-weight: 400;\">Pourboires<br \/>\n<strong>Pour les groupes de 5 personnes ou plus Demandez votre code de r\u00e9duction !<\/strong><\/p>\n","protected":false},"featured_media":3133,"template":"","meta":{"_acf_changed":false,"site-sidebar-layout":"default","site-content-layout":"","ast-site-content-layout":"default","site-content-style":"default","site-sidebar-style":"default","ast-global-header-display":"","ast-banner-title-visibility":"","ast-main-header-display":"","ast-hfb-above-header-display":"","ast-hfb-below-header-display":"","ast-hfb-mobile-header-display":"","site-post-title":"","ast-breadcrumbs-content":"","ast-featured-img":"","footer-sml-layout":"","ast-disable-related-posts":"","theme-transparent-header-meta":"default","adv-header-id-meta":"","stick-header-meta":"","header-above-stick-meta":"","header-main-stick-meta":"","header-below-stick-meta":"","astra-migrate-meta-layouts":"default","ast-page-background-enabled":"default","ast-page-background-meta":{"desktop":{"background-color":"var(--ast-global-color-4)","background-image":"","background-repeat":"repeat","background-position":"center center","background-size":"auto","background-attachment":"scroll","background-type":"","background-media":"","overlay-type":"","overlay-color":"","overlay-opacity":"","overlay-gradient":""},"tablet":{"background-color":"","background-image":"","background-repeat":"repeat","background-position":"center center","background-size":"auto","background-attachment":"scroll","background-type":"","background-media":"","overlay-type":"","overlay-color":"","overlay-opacity":"","overlay-gradient":""},"mobile":{"background-color":"","background-image":"","background-repeat":"repeat","background-position":"center center","background-size":"auto","background-attachment":"scroll","background-type":"","background-media":"","overlay-type":"","overlay-color":"","overlay-opacity":"","overlay-gradient":""}},"ast-content-background-meta":{"desktop":{"background-color":"var(--ast-global-color-5)","background-image":"","background-repeat":"repeat","background-position":"center center","background-size":"auto","background-attachment":"scroll","background-type":"","background-media":"","overlay-type":"","overlay-color":"","overlay-opacity":"","overlay-gradient":""},"tablet":{"background-color":"var(--ast-global-color-5)","background-image":"","background-repeat":"repeat","background-position":"center center","background-size":"auto","background-attachment":"scroll","background-type":"","background-media":"","overlay-type":"","overlay-color":"","overlay-opacity":"","overlay-gradient":""},"mobile":{"background-color":"var(--ast-global-color-5)","background-image":"","background-repeat":"repeat","background-position":"center center","background-size":"auto","background-attachment":"scroll","background-type":"","background-media":"","overlay-type":"","overlay-color":"","overlay-opacity":"","overlay-gradient":""}},"_joinchat":[]},"product_brand":[],"product_cat":[305,314],"product_tag":[],"class_list":{"0":"post-4884","1":"product","2":"type-product","3":"status-publish","4":"has-post-thumbnail","6":"product_cat-medellin-fr","7":"product_cat-survol-dantioquia","8":"desktop-align-left","9":"tablet-align-left","10":"mobile-align-left","12":"first","13":"instock","14":"shipping-taxable","15":"product-type-simple"},"acf":[],"_links":{"self":[{"href":"https:\/\/tresorcolombien.com\/fr\/wp-json\/wp\/v2\/product\/4884","targetHints":{"allow":["GET"]}}],"collection":[{"href":"https:\/\/tresorcolombien.com\/fr\/wp-json\/wp\/v2\/product"}],"about":[{"href":"https:\/\/tresorcolombien.com\/fr\/wp-json\/wp\/v2\/types\/product"}],"version-history":[{"count":1,"href":"https:\/\/tresorcolombien.com\/fr\/wp-json\/wp\/v2\/product\/4884\/revisions"}],"predecessor-version":[{"id":5355,"href":"https:\/\/tresorcolombien.com\/fr\/wp-json\/wp\/v2\/product\/4884\/revisions\/5355"}],"wp:featuredmedia":[{"embeddable":true,"href":"https:\/\/tresorcolombien.com\/fr\/wp-json\/wp\/v2\/media\/3133"}],"wp:attachment":[{"href":"https:\/\/tresorcolombien.com\/fr\/wp-json\/wp\/v2\/media?parent=4884"}],"wp:term":[{"taxonomy":"product_brand","embeddable":true,"href":"https:\/\/tresorcolombien.com\/fr\/wp-json\/wp\/v2\/product_brand?post=4884"},{"taxonomy":"product_cat","embeddable":true,"href":"https:\/\/tresorcolombien.com\/fr\/wp-json\/wp\/v2\/product_cat?post=4884"},{"taxonomy":"product_tag","embeddable":true,"href":"https:\/\/tresorcolombien.com\/fr\/wp-json\/wp\/v2\/product_tag?post=4884"}],"curies":[{"name":"wp","href":"https:\/\/api.w.org\/{rel}","templated":true}]}}