{"id":4887,"date":"2024-11-13T16:11:53","date_gmt":"2024-11-13T21:11:53","guid":{"rendered":"https:\/\/tresorcolombien.com\/producto\/expedition-des-7-couleurs-plan-5-jours-4-nuits\/"},"modified":"2025-01-13T17:16:48","modified_gmt":"2025-01-13T22:16:48","slug":"expedition-des-7-couleurs-plan-5-jours-4-nuits","status":"publish","type":"product","link":"https:\/\/tresorcolombien.com\/fr\/producto\/expedition-des-7-couleurs-plan-5-jours-4-nuits\/","title":{"rendered":"Exp\u00e9dition des 7 couleurs <br>Dur\u00e9e 5 jours-4 nuits<\/br>"},"content":{"rendered":"<p>Exp\u00e9dition des 7 couleurs. Cette aventure dans la for\u00eat tropicale colombienne nous emm\u00e8nera dans la c\u00e9l\u00e8bre rivi\u00e8re des 7 couleurs, la plus belle rivi\u00e8re de Colombie, remplie de la plante \u00e9blouissante \u00ab\u00a0Macarena clavijera\u00a0\u00bb, une plante aquatique end\u00e9mique qui, au contact des rayons du soleil, \u00ab\u00a0peint\u00a0\u00bb Ca\u00f1o Cristales de magnifiques couleurs. L&rsquo;excursion elle-m\u00eame est d\u00e9j\u00e0 impressionnante, car sur votre chemin le long de la rivi\u00e8re Guayabero, vous verrez des animaux exotiques, tels que des tortues, des oiseaux, des singes et peut-\u00eatre m\u00eame une babille. La Macarena est peupl\u00e9e de gens chaleureux et accueillants, qui ont longtemps \u00e9t\u00e9 isol\u00e9s en raison du conflit arm\u00e9. Aujourd&rsquo;hui, ils sont tous organis\u00e9s en associations qui s&rsquo;engagent \u00e0 fournir le meilleur service et \u00e0 travailler en tant que communaut\u00e9 afin de rendre votre exp\u00e9rience inoubliable lors de cette exp\u00e9dition de 7 couleurs. Pendant le voyage, vous visiterez des lieux incroyables et vivrez des exp\u00e9riences uniques : Visite de Ca\u00f1o Cristales (randonn\u00e9e et nature \u00e0 la d\u00e9couverte de la c\u00e9l\u00e8bre rivi\u00e8re des couleurs). Observation des singes. Visite de Ca\u00f1o Cristalitos (lieu magique et naturel, incontournable de la r\u00e9gion). S\u00e9r\u00e9nade sur la rivi\u00e8re (musique traditionnelle de la r\u00e9gion). Cit\u00e9 de la pierre (promenade dans un monde de pierre tout simplement fantastique). Atelier de cacao. Randonn\u00e9e \u00e0 cheval jusqu&rsquo;\u00e0 Ca\u00f1o Piedras.<strong> Notes pour l&rsquo;exp\u00e9dition 7 couleurs :<\/strong> Si la condition physique ne permet pas de faire de longues marches ou de l&rsquo;\u00e9quitation, elle peut \u00eatre remplac\u00e9e par un jour suppl\u00e9mentaire \u00e0 Ca\u00f1o Cristales ** Si le vol de retour est avec &lsquo;Satena&rsquo; un mercredi ou un vendredi, le dernier jour est un jour de repos avant le vol.           <\/p>\n","protected":false},"excerpt":{"rendered":"<p><strong>INCLUS: <\/strong>-Repas complets -Hydratation (limonade et eau) -Transferts fluviaux et terrestres -H\u00e9bergement en boutique \u00e9colodge -Contribution communautaire &#8211; Guide local -Assurance assistance  <strong>NON INCLUS:<\/strong>Le tarif n\u2019inclut pas les vols aller-retour, cependant nous avons beaucoup de vols \u00e0 un tarif r\u00e9duit pour nos clients -Petit-d\u00e9jeuner le premier jour -Guide bilingue -Changements d\u2019itin\u00e9raire pendant le voyage -D\u00e9penses non mentionn\u00e9es dans la visite et boissons alcoolis\u00e9es -Taxes : (\u00c0 payer directement \u00e0 l\u2019arriv\u00e9e) -Au tourisme de la mairie : Colombiens : 30 300 Cop \/ Etrangers : 45 450 Cop -Taxe d\u2019a\u00e9roport : 6000 Cop -Frais d\u2019entr\u00e9e au parc national : 50 200 Cop \/ 101 300 Cop Note : \u00c0 PARTIR DE 4 PERSONNES. Les frais d\u2019entr\u00e9e et les taxes peuvent varier tout au long de l\u2019ann\u00e9e. Ceux-ci sont pay\u00e9s directement \u00e0 l\u2019arriv\u00e9e.  <\/p>\n","protected":false},"featured_media":2872,"template":"","meta":{"_acf_changed":false,"site-sidebar-layout":"default","site-content-layout":"","ast-site-content-layout":"default","site-content-style":"default","site-sidebar-style":"default","ast-global-header-display":"","ast-banner-title-visibility":"","ast-main-header-display":"","ast-hfb-above-header-display":"","ast-hfb-below-header-display":"","ast-hfb-mobile-header-display":"","site-post-title":"","ast-breadcrumbs-content":"","ast-featured-img":"","footer-sml-layout":"","ast-disable-related-posts":"","theme-transparent-header-meta":"default","adv-header-id-meta":"","stick-header-meta":"","header-above-stick-meta":"","header-main-stick-meta":"","header-below-stick-meta":"","astra-migrate-meta-layouts":"default","ast-page-background-enabled":"default","ast-page-background-meta":{"desktop":{"background-color":"var(--ast-global-color-4)","background-image":"","background-repeat":"repeat","background-position":"center center","background-size":"auto","background-attachment":"scroll","background-type":"","background-media":"","overlay-type":"","overlay-color":"","overlay-opacity":"","overlay-gradient":""},"tablet":{"background-color":"","background-image":"","background-repeat":"repeat","background-position":"center center","background-size":"auto","background-attachment":"scroll","background-type":"","background-media":"","overlay-type":"","overlay-color":"","overlay-opacity":"","overlay-gradient":""},"mobile":{"background-color":"","background-image":"","background-repeat":"repeat","background-position":"center center","background-size":"auto","background-attachment":"scroll","background-type":"","background-media":"","overlay-type":"","overlay-color":"","overlay-opacity":"","overlay-gradient":""}},"ast-content-background-meta":{"desktop":{"background-color":"var(--ast-global-color-5)","background-image":"","background-repeat":"repeat","background-position":"center center","background-size":"auto","background-attachment":"scroll","background-type":"","background-media":"","overlay-type":"","overlay-color":"","overlay-opacity":"","overlay-gradient":""},"tablet":{"background-color":"var(--ast-global-color-5)","background-image":"","background-repeat":"repeat","background-position":"center center","background-size":"auto","background-attachment":"scroll","background-type":"","background-media":"","overlay-type":"","overlay-color":"","overlay-opacity":"","overlay-gradient":""},"mobile":{"background-color":"var(--ast-global-color-5)","background-image":"","background-repeat":"repeat","background-position":"center center","background-size":"auto","background-attachment":"scroll","background-type":"","background-media":"","overlay-type":"","overlay-color":"","overlay-opacity":"","overlay-gradient":""}},"_joinchat":[]},"product_brand":[],"product_cat":[289,293,290],"product_tag":[433,442],"class_list":{"0":"post-4887","1":"product","2":"type-product","3":"status-publish","4":"has-post-thumbnail","6":"product_cat-destinations-exotiques","7":"product_cat-expedition-des-7-couleurs","8":"product_cat-sorties-fixes","9":"product_tag-faune","10":"product_tag-nature-fr","11":"desktop-align-left","12":"tablet-align-left","13":"mobile-align-left","15":"first","16":"instock","17":"shipping-taxable","18":"purchasable","19":"product-type-simple"},"acf":[],"_links":{"self":[{"href":"https:\/\/tresorcolombien.com\/fr\/wp-json\/wp\/v2\/product\/4887","targetHints":{"allow":["GET"]}}],"collection":[{"href":"https:\/\/tresorcolombien.com\/fr\/wp-json\/wp\/v2\/product"}],"about":[{"href":"https:\/\/tresorcolombien.com\/fr\/wp-json\/wp\/v2\/types\/product"}],"version-history":[{"count":1,"href":"https:\/\/tresorcolombien.com\/fr\/wp-json\/wp\/v2\/product\/4887\/revisions"}],"predecessor-version":[{"id":5376,"href":"https:\/\/tresorcolombien.com\/fr\/wp-json\/wp\/v2\/product\/4887\/revisions\/5376"}],"wp:featuredmedia":[{"embeddable":true,"href":"https:\/\/tresorcolombien.com\/fr\/wp-json\/wp\/v2\/media\/2872"}],"wp:attachment":[{"href":"https:\/\/tresorcolombien.com\/fr\/wp-json\/wp\/v2\/media?parent=4887"}],"wp:term":[{"taxonomy":"product_brand","embeddable":true,"href":"https:\/\/tresorcolombien.com\/fr\/wp-json\/wp\/v2\/product_brand?post=4887"},{"taxonomy":"product_cat","embeddable":true,"href":"https:\/\/tresorcolombien.com\/fr\/wp-json\/wp\/v2\/product_cat?post=4887"},{"taxonomy":"product_tag","embeddable":true,"href":"https:\/\/tresorcolombien.com\/fr\/wp-json\/wp\/v2\/product_tag?post=4887"}],"curies":[{"name":"wp","href":"https:\/\/api.w.org\/{rel}","templated":true}]}}