{"id":4893,"date":"2024-11-13T16:08:46","date_gmt":"2024-11-13T21:08:46","guid":{"rendered":"https:\/\/tresorcolombien.com\/producto\/journee-de-tournage-a-bogota\/"},"modified":"2025-01-14T07:45:12","modified_gmt":"2025-01-14T12:45:12","slug":"journee-de-tournage-a-bogota","status":"publish","type":"product","link":"https:\/\/tresorcolombien.com\/fr\/producto\/journee-de-tournage-a-bogota\/","title":{"rendered":"Journ\u00e9e de tir \u00e0 Bogota"},"content":{"rendered":"<p>Journ\u00e9e d\u2019entra\u00eenement &#8211; Tir sportif. Cette exp\u00e9rience vous permet de vous immerger dans le monde de la manipulation responsable des armes \u00e0 faible l\u00e9talit\u00e9 pour l\u2019entra\u00eenement au tir sportif. Avec l\u2019aide d\u2019instructeurs certifi\u00e9s et avec les normes de s\u00e9curit\u00e9 les plus \u00e9lev\u00e9es, vous aurez un sc\u00e9nario id\u00e9al pour non seulement \u00e9chapper \u00e0 la vie quotidienne, mais aussi profiter des espaces verts et ext\u00e9rieurs offerts par les municipalit\u00e9s environnantes pour vous former et compl\u00e9ter vos connaissances et vos comp\u00e9tences dans le maniement des armes. <\/p>\n<p style=\"text-align: justify;\"><strong>Conditions:<\/strong> Extrait de casier judiciaire.<\/p>\n","protected":false},"excerpt":{"rendered":"<p><strong>INCLUS:<\/strong><br \/>\nInstructeur de tir.<br \/>\nEntr\u00e9e de la zone industrielle.<br \/>\nBoisson et hydratation.<br \/>\nBo\u00eete \u00e0 munitions X 25 &#8211; 9mm. (Uniquement pour une utilisation pendant l\u2019entra\u00eenement)<br \/>\nProtection auditive et visuelle.<br \/>\nAssurance assistance.<br \/>\nTransport porte-\u00e0-porte.<br \/>\nH\u00f4te\/Guide<br \/>\n<strong>NON INCLUS :<\/strong><br \/>\nD\u00e9penses non sp\u00e9cifi\u00e9es dans le programme.<br \/>\nD\u00e9jeuner.<br \/>\nPourboires.<\/p>\n","protected":false},"featured_media":2656,"template":"","meta":{"_acf_changed":false,"site-sidebar-layout":"default","site-content-layout":"","ast-site-content-layout":"default","site-content-style":"default","site-sidebar-style":"default","ast-global-header-display":"","ast-banner-title-visibility":"","ast-main-header-display":"","ast-hfb-above-header-display":"","ast-hfb-below-header-display":"","ast-hfb-mobile-header-display":"","site-post-title":"","ast-breadcrumbs-content":"","ast-featured-img":"","footer-sml-layout":"","ast-disable-related-posts":"","theme-transparent-header-meta":"","adv-header-id-meta":"","stick-header-meta":"","header-above-stick-meta":"","header-main-stick-meta":"","header-below-stick-meta":"","astra-migrate-meta-layouts":"default","ast-page-background-enabled":"default","ast-page-background-meta":{"desktop":{"background-color":"var(--ast-global-color-4)","background-image":"","background-repeat":"repeat","background-position":"center center","background-size":"auto","background-attachment":"scroll","background-type":"","background-media":"","overlay-type":"","overlay-color":"","overlay-opacity":"","overlay-gradient":""},"tablet":{"background-color":"","background-image":"","background-repeat":"repeat","background-position":"center center","background-size":"auto","background-attachment":"scroll","background-type":"","background-media":"","overlay-type":"","overlay-color":"","overlay-opacity":"","overlay-gradient":""},"mobile":{"background-color":"","background-image":"","background-repeat":"repeat","background-position":"center center","background-size":"auto","background-attachment":"scroll","background-type":"","background-media":"","overlay-type":"","overlay-color":"","overlay-opacity":"","overlay-gradient":""}},"ast-content-background-meta":{"desktop":{"background-color":"var(--ast-global-color-5)","background-image":"","background-repeat":"repeat","background-position":"center center","background-size":"auto","background-attachment":"scroll","background-type":"","background-media":"","overlay-type":"","overlay-color":"","overlay-opacity":"","overlay-gradient":""},"tablet":{"background-color":"var(--ast-global-color-5)","background-image":"","background-repeat":"repeat","background-position":"center center","background-size":"auto","background-attachment":"scroll","background-type":"","background-media":"","overlay-type":"","overlay-color":"","overlay-opacity":"","overlay-gradient":""},"mobile":{"background-color":"var(--ast-global-color-5)","background-image":"","background-repeat":"repeat","background-position":"center center","background-size":"auto","background-attachment":"scroll","background-type":"","background-media":"","overlay-type":"","overlay-color":"","overlay-opacity":"","overlay-gradient":""}},"_joinchat":[]},"product_brand":[],"product_cat":[258,277],"product_tag":[421],"class_list":{"0":"post-4893","1":"product","2":"type-product","3":"status-publish","4":"has-post-thumbnail","6":"product_cat-bogota-et-ses-environs","7":"product_cat-journee-de-formation","8":"product_tag-aventure","9":"desktop-align-left","10":"tablet-align-left","11":"mobile-align-left","13":"first","14":"instock","15":"shipping-taxable","16":"product-type-simple"},"acf":[],"_links":{"self":[{"href":"https:\/\/tresorcolombien.com\/fr\/wp-json\/wp\/v2\/product\/4893","targetHints":{"allow":["GET"]}}],"collection":[{"href":"https:\/\/tresorcolombien.com\/fr\/wp-json\/wp\/v2\/product"}],"about":[{"href":"https:\/\/tresorcolombien.com\/fr\/wp-json\/wp\/v2\/types\/product"}],"version-history":[{"count":1,"href":"https:\/\/tresorcolombien.com\/fr\/wp-json\/wp\/v2\/product\/4893\/revisions"}],"predecessor-version":[{"id":5406,"href":"https:\/\/tresorcolombien.com\/fr\/wp-json\/wp\/v2\/product\/4893\/revisions\/5406"}],"wp:featuredmedia":[{"embeddable":true,"href":"https:\/\/tresorcolombien.com\/fr\/wp-json\/wp\/v2\/media\/2656"}],"wp:attachment":[{"href":"https:\/\/tresorcolombien.com\/fr\/wp-json\/wp\/v2\/media?parent=4893"}],"wp:term":[{"taxonomy":"product_brand","embeddable":true,"href":"https:\/\/tresorcolombien.com\/fr\/wp-json\/wp\/v2\/product_brand?post=4893"},{"taxonomy":"product_cat","embeddable":true,"href":"https:\/\/tresorcolombien.com\/fr\/wp-json\/wp\/v2\/product_cat?post=4893"},{"taxonomy":"product_tag","embeddable":true,"href":"https:\/\/tresorcolombien.com\/fr\/wp-json\/wp\/v2\/product_tag?post=4893"}],"curies":[{"name":"wp","href":"https:\/\/api.w.org\/{rel}","templated":true}]}}