{"id":4896,"date":"2024-11-13T16:09:19","date_gmt":"2024-11-13T21:09:19","guid":{"rendered":"https:\/\/tresorcolombien.com\/producto\/voyage-coffee-adventure-15-jours-13-nuits-1870-km\/"},"modified":"2025-01-14T07:38:12","modified_gmt":"2025-01-14T12:38:12","slug":"voyage-coffee-adventure-15-jours-13-nuits-1870-km","status":"publish","type":"product","link":"https:\/\/tresorcolombien.com\/fr\/producto\/voyage-coffee-adventure-15-jours-13-nuits-1870-km\/","title":{"rendered":"CIRCUIT: AVENTURE 100% CAF\u00c9 15 Jours \/ 13 nuits (1870 Km)"},"content":{"rendered":"<p style=\"text-align: justify;\">Une exp\u00e9rience qui vous fera voyager de la capitale du pays \u00e0 la r\u00e9gion du caf\u00e9 et ses paysages merveilleux, ses plantations de caf\u00e9 ferm\u00e9es o\u00f9 nous aurons l\u2019occasion de d\u00e9guster.<br \/>\nVous traverserez les deux fleuves les plus importants de Colombie, El Cauca et Magdalena, ainsi que la Cordill\u00e8re des Andes o\u00f9 vous d\u00e9couvrirez les villes coloniales class\u00e9es au patrimoine national.<br \/>\nVisite garantie des villages de classe du patrimoine colonial. comme Honda, Santa Fe de Antioquia et Ambalema, et de petites villes traditionnelles comme Jardin, Jerico, Filandia, Salento et Marseille.<br \/>\nUne visite incontournable de la vall\u00e9e de Cocora et de ses immenses palmiers de cire, pour finir par la d\u00e9couverte du \u00ab&nbsp;Nevado del Ruiz&nbsp;\u00bb et la d\u00e9gustation de la c\u00e9l\u00e8bre Bandeja Paisa. <\/p>\n<p><img decoding=\"async\" src=\"https:\/\/tienda.tresorcolombien.com\/wp-content\/uploads\/2021\/12\/acafetera-tabla.jpg\"><\/p>\n","protected":false},"excerpt":{"rendered":"<p>1\/2 Pension<\/p>\n","protected":false},"featured_media":2680,"template":"","meta":{"_acf_changed":false,"site-sidebar-layout":"default","site-content-layout":"","ast-site-content-layout":"default","site-content-style":"default","site-sidebar-style":"default","ast-global-header-display":"","ast-banner-title-visibility":"","ast-main-header-display":"","ast-hfb-above-header-display":"","ast-hfb-below-header-display":"","ast-hfb-mobile-header-display":"","site-post-title":"","ast-breadcrumbs-content":"","ast-featured-img":"","footer-sml-layout":"","theme-transparent-header-meta":"default","adv-header-id-meta":"","stick-header-meta":"","header-above-stick-meta":"","header-main-stick-meta":"","header-below-stick-meta":"","astra-migrate-meta-layouts":"default","ast-page-background-enabled":"default","ast-page-background-meta":{"desktop":{"background-color":"var(--ast-global-color-4)","background-image":"","background-repeat":"repeat","background-position":"center center","background-size":"auto","background-attachment":"scroll","background-type":"","background-media":"","overlay-type":"","overlay-color":"","overlay-opacity":"","overlay-gradient":""},"tablet":{"background-color":"","background-image":"","background-repeat":"repeat","background-position":"center center","background-size":"auto","background-attachment":"scroll","background-type":"","background-media":"","overlay-type":"","overlay-color":"","overlay-opacity":"","overlay-gradient":""},"mobile":{"background-color":"","background-image":"","background-repeat":"repeat","background-position":"center center","background-size":"auto","background-attachment":"scroll","background-type":"","background-media":"","overlay-type":"","overlay-color":"","overlay-opacity":"","overlay-gradient":""}},"ast-content-background-meta":{"desktop":{"background-color":"var(--ast-global-color-5)","background-image":"","background-repeat":"repeat","background-position":"center center","background-size":"auto","background-attachment":"scroll","background-type":"","background-media":"","overlay-type":"","overlay-color":"","overlay-opacity":"","overlay-gradient":""},"tablet":{"background-color":"var(--ast-global-color-5)","background-image":"","background-repeat":"repeat","background-position":"center center","background-size":"auto","background-attachment":"scroll","background-type":"","background-media":"","overlay-type":"","overlay-color":"","overlay-opacity":"","overlay-gradient":""},"mobile":{"background-color":"var(--ast-global-color-5)","background-image":"","background-repeat":"repeat","background-position":"center center","background-size":"auto","background-attachment":"scroll","background-type":"","background-media":"","overlay-type":"","overlay-color":"","overlay-opacity":"","overlay-gradient":""}},"_joinchat":[]},"product_brand":[],"product_cat":[280],"product_tag":[439],"class_list":{"0":"post-4896","1":"product","2":"type-product","3":"status-publish","4":"has-post-thumbnail","6":"product_cat-voyages-a-moto","7":"product_tag-motocycles","8":"desktop-align-left","9":"tablet-align-left","10":"mobile-align-left","12":"first","13":"instock","14":"shipping-taxable","15":"product-type-simple"},"acf":[],"_links":{"self":[{"href":"https:\/\/tresorcolombien.com\/fr\/wp-json\/wp\/v2\/product\/4896","targetHints":{"allow":["GET"]}}],"collection":[{"href":"https:\/\/tresorcolombien.com\/fr\/wp-json\/wp\/v2\/product"}],"about":[{"href":"https:\/\/tresorcolombien.com\/fr\/wp-json\/wp\/v2\/types\/product"}],"version-history":[{"count":1,"href":"https:\/\/tresorcolombien.com\/fr\/wp-json\/wp\/v2\/product\/4896\/revisions"}],"predecessor-version":[{"id":5404,"href":"https:\/\/tresorcolombien.com\/fr\/wp-json\/wp\/v2\/product\/4896\/revisions\/5404"}],"wp:featuredmedia":[{"embeddable":true,"href":"https:\/\/tresorcolombien.com\/fr\/wp-json\/wp\/v2\/media\/2680"}],"wp:attachment":[{"href":"https:\/\/tresorcolombien.com\/fr\/wp-json\/wp\/v2\/media?parent=4896"}],"wp:term":[{"taxonomy":"product_brand","embeddable":true,"href":"https:\/\/tresorcolombien.com\/fr\/wp-json\/wp\/v2\/product_brand?post=4896"},{"taxonomy":"product_cat","embeddable":true,"href":"https:\/\/tresorcolombien.com\/fr\/wp-json\/wp\/v2\/product_cat?post=4896"},{"taxonomy":"product_tag","embeddable":true,"href":"https:\/\/tresorcolombien.com\/fr\/wp-json\/wp\/v2\/product_tag?post=4896"}],"curies":[{"name":"wp","href":"https:\/\/api.w.org\/{rel}","templated":true}]}}