{"id":4899,"date":"2024-11-13T16:09:04","date_gmt":"2024-11-13T21:09:04","guid":{"rendered":"https:\/\/tresorcolombien.com\/producto\/trek-de-la-cite-perdue\/"},"modified":"2025-01-14T07:40:50","modified_gmt":"2025-01-14T12:40:50","slug":"trek-de-la-cite-perdue","status":"publish","type":"product","link":"https:\/\/tresorcolombien.com\/fr\/producto\/trek-de-la-cite-perdue\/","title":{"rendered":"Trek de la Cit\u00e9 Perdue"},"content":{"rendered":"<p><span style=\"font-weight: 400;\">Trek cit\u00e9 perdu. Au cours de cette aventure, vous pourrez d\u00e9couvrir des lieux magiques et ancestraux, vous aurez une immersion totale dans la culture Wiwa et Kogui. Vous apprendrez \u00e0 conna\u00eetre leur dialecte, leur culture et leurs traditions et partagerez des moments uniques et inoubliables avec les communaut\u00e9s autochtones.  <\/span><\/p>\n<p><span style=\"font-weight: 400;\">Cet endroit incroyable fait partie du parc national de la Sierra Nevada de Santa Marta et du parc national de Tayrona. Il a \u00e9t\u00e9 d\u00e9clar\u00e9 r\u00e9serve de biosph\u00e8re et site du patrimoine mondial depuis 1979 par l\u2019UNESCO ; C\u2019est un lieu majestueux, en raison de la particularit\u00e9 de ses paysages, de ses \u00e9cosyst\u00e8mes, de sa biodiversit\u00e9 et de son architecture, construits il y a des centaines d\u2019ann\u00e9es. <\/span><\/p>\n","protected":false},"excerpt":{"rendered":"<p><b>INCLUS:<br \/>\n<\/b><br \/>\n<span style=\"font-weight: 400;\">Transport en 4&#215;4 (Santa Marta &#8211; Mamey &#8211; Santa. Marta).<br \/>\n<\/span><span style=\"font-weight: 400;\">Repas complets pendant la visite.<br \/>\n<\/span><span style=\"font-weight: 400;\">H\u00e9bergement dans des camps <\/span><span style=\"font-weight: 400;\">(hamacs ou lits avec auvent).<br \/>\n<\/span><span style=\"font-weight: 400;\">  Entr\u00e9e au parc arch\u00e9ologique de Teyuna.<br \/>\n<\/span><span style=\"font-weight: 400;\">(ICANH) <\/span><span style=\"font-weight: 400;\"> Contributions aux <\/span><span style=\"font-weight: 400;\">communaut\u00e9s paysannes et autochtones.<br \/>\n<\/span><span style=\"font-weight: 400;\">Guide local pendant les visites.<br \/>\n<\/span><span style=\"font-weight: 400;\">Assurance voyage.<\/span><br \/>\n<strong>NON INCLUS:<br \/>\n<\/strong><br \/>\n<span style=\"font-weight: 400;\">Des mules de b\u00e2t pendant le trek.<br \/>\n<\/span><span style=\"font-weight: 400;\">Visite du Mamo.<br \/>\n<\/span><span style=\"font-weight: 400;\">Bi\u00e8res et boissons.<br \/>\n<\/span><span style=\"font-weight: 400;\">Shopping et\/ou visites d\u2019autres <\/span><span style=\"font-weight: 400;\">attractions touristiques.<br \/>\n<\/span><span style=\"font-weight: 400;\">Artisanat et pourboires.<\/span><\/p>\n","protected":false},"featured_media":2665,"template":"","meta":{"_acf_changed":false,"site-sidebar-layout":"default","site-content-layout":"","ast-site-content-layout":"default","site-content-style":"default","site-sidebar-style":"default","ast-global-header-display":"","ast-banner-title-visibility":"","ast-main-header-display":"","ast-hfb-above-header-display":"","ast-hfb-below-header-display":"","ast-hfb-mobile-header-display":"","site-post-title":"","ast-breadcrumbs-content":"","ast-featured-img":"","footer-sml-layout":"","ast-disable-related-posts":"","theme-transparent-header-meta":"default","adv-header-id-meta":"","stick-header-meta":"","header-above-stick-meta":"","header-main-stick-meta":"","header-below-stick-meta":"","astra-migrate-meta-layouts":"default","ast-page-background-enabled":"default","ast-page-background-meta":{"desktop":{"background-color":"var(--ast-global-color-4)","background-image":"","background-repeat":"repeat","background-position":"center center","background-size":"auto","background-attachment":"scroll","background-type":"","background-media":"","overlay-type":"","overlay-color":"","overlay-opacity":"","overlay-gradient":""},"tablet":{"background-color":"","background-image":"","background-repeat":"repeat","background-position":"center center","background-size":"auto","background-attachment":"scroll","background-type":"","background-media":"","overlay-type":"","overlay-color":"","overlay-opacity":"","overlay-gradient":""},"mobile":{"background-color":"","background-image":"","background-repeat":"repeat","background-position":"center center","background-size":"auto","background-attachment":"scroll","background-type":"","background-media":"","overlay-type":"","overlay-color":"","overlay-opacity":"","overlay-gradient":""}},"ast-content-background-meta":{"desktop":{"background-color":"var(--ast-global-color-5)","background-image":"","background-repeat":"repeat","background-position":"center center","background-size":"auto","background-attachment":"scroll","background-type":"","background-media":"","overlay-type":"","overlay-color":"","overlay-opacity":"","overlay-gradient":""},"tablet":{"background-color":"var(--ast-global-color-5)","background-image":"","background-repeat":"repeat","background-position":"center center","background-size":"auto","background-attachment":"scroll","background-type":"","background-media":"","overlay-type":"","overlay-color":"","overlay-opacity":"","overlay-gradient":""},"mobile":{"background-color":"var(--ast-global-color-5)","background-image":"","background-repeat":"repeat","background-position":"center center","background-size":"auto","background-attachment":"scroll","background-type":"","background-media":"","overlay-type":"","overlay-color":"","overlay-opacity":"","overlay-gradient":""}},"_joinchat":[]},"product_brand":[],"product_cat":[278,279],"product_tag":[421,448],"class_list":{"0":"post-4899","1":"product","2":"type-product","3":"status-publish","4":"has-post-thumbnail","6":"product_cat-santa-marta-et-ses-environs","7":"product_cat-trek-de-la-cite-perdue","8":"product_tag-aventure","9":"product_tag-treks-fr","10":"desktop-align-left","11":"tablet-align-left","12":"mobile-align-left","14":"first","15":"instock","16":"shipping-taxable","17":"purchasable","18":"product-type-simple"},"acf":[],"_links":{"self":[{"href":"https:\/\/tresorcolombien.com\/fr\/wp-json\/wp\/v2\/product\/4899","targetHints":{"allow":["GET"]}}],"collection":[{"href":"https:\/\/tresorcolombien.com\/fr\/wp-json\/wp\/v2\/product"}],"about":[{"href":"https:\/\/tresorcolombien.com\/fr\/wp-json\/wp\/v2\/types\/product"}],"version-history":[{"count":1,"href":"https:\/\/tresorcolombien.com\/fr\/wp-json\/wp\/v2\/product\/4899\/revisions"}],"predecessor-version":[{"id":5405,"href":"https:\/\/tresorcolombien.com\/fr\/wp-json\/wp\/v2\/product\/4899\/revisions\/5405"}],"wp:featuredmedia":[{"embeddable":true,"href":"https:\/\/tresorcolombien.com\/fr\/wp-json\/wp\/v2\/media\/2665"}],"wp:attachment":[{"href":"https:\/\/tresorcolombien.com\/fr\/wp-json\/wp\/v2\/media?parent=4899"}],"wp:term":[{"taxonomy":"product_brand","embeddable":true,"href":"https:\/\/tresorcolombien.com\/fr\/wp-json\/wp\/v2\/product_brand?post=4899"},{"taxonomy":"product_cat","embeddable":true,"href":"https:\/\/tresorcolombien.com\/fr\/wp-json\/wp\/v2\/product_cat?post=4899"},{"taxonomy":"product_tag","embeddable":true,"href":"https:\/\/tresorcolombien.com\/fr\/wp-json\/wp\/v2\/product_tag?post=4899"}],"curies":[{"name":"wp","href":"https:\/\/api.w.org\/{rel}","templated":true}]}}